
{"id":6854,"date":"2023-04-13T11:44:57","date_gmt":"2023-04-13T09:44:57","guid":{"rendered":"https:\/\/visitslavoniabaranja.com\/?page_id=6854"},"modified":"2023-04-13T11:53:41","modified_gmt":"2023-04-13T09:53:41","slug":"impresum","status":"publish","type":"page","link":"https:\/\/visitslavoniabaranja.com\/hu\/impresum\/","title":{"rendered":"Impressum"},"content":{"rendered":"\n<h6 class=\"wp-block-heading\">Kontakt<\/h6>\n\n\n\n<p>\u017dupanijska 4, 31000 Osijek<br>Tel: tel:+385 (0) 31 214 852<br><a href=\"http:\/\/www.visitslavoniabaranja.com\/\" target=\"_blank\" rel=\"noreferrer noopener\">www.visitslavoniabaranja.com<\/a><\/p>\n\n\n\n<h6 class=\"wp-block-heading u-mt--sml--8\">Za izdava\u010da:<\/h6>\n\n\n\n<p>Turisti\u010dka zajednica Osje\u010dko-baranjske \u017eupanije<br>Ivana Juri\u0107, direktorica<\/p>\n\n\n\n<h6 class=\"wp-block-heading u-mt--sml--8\">Urednici:<\/h6>\n\n\n\n<p>Mislav Mati\u0161i\u0107<br>Mislav Pavo\u0161evi\u0107<\/p>\n\n\n\n<h6 class=\"wp-block-heading u-mt--sml--8\">Izvori:<\/h6>\n\n\n\n<p>Turisti\u010dka zajednica\u00a0Osje\u010dko-baranjske \u017eupanije<\/p>\n","protected":false},"excerpt":{"rendered":"<p>Kontakt \u017dupanijska 4, 31000 OsijekTel: tel:+385 (0) 31 214 852www.visitslavoniabaranja.com Za izdava\u010da: Turisti\u010dka zajednica Osje\u010dko-baranjske \u017eupanijeIvana Juri\u0107, direktorica Urednici: Mislav Mati\u0161i\u0107Mislav Pavo\u0161evi\u0107 Izvori: Turisti\u010dka zajednica\u00a0Osje\u010dko-baranjske \u017eupanije<\/p>\n","protected":false},"author":1,"featured_media":0,"parent":0,"menu_order":0,"comment_status":"closed","ping_status":"closed","template":"page-additional.php","meta":{"footnotes":""},"class_list":["post-6854","page","type-page","status-publish","hentry"],"acf":[],"yoast_head":"<!-- This site is optimized with the Yoast SEO plugin v25.0 - https:\/\/yoast.com\/wordpress\/plugins\/seo\/ -->\n<title>Impressum - Eszek-baranya megye turisztikai kozossege<\/title>\n<meta name=\"robots\" content=\"index, follow, max-snippet:-1, max-image-preview:large, max-video-preview:-1\" \/>\n<link rel=\"canonical\" href=\"https:\/\/visitslavoniabaranja.com\/impresum\/\" \/>\n<meta property=\"og:locale\" content=\"hu_HU\" \/>\n<meta property=\"og:type\" content=\"article\" \/>\n<meta property=\"og:title\" content=\"Impressum - Eszek-baranya megye turisztikai kozossege\" \/>\n<meta property=\"og:description\" content=\"Kontakt \u017dupanijska 4, 31000 OsijekTel: tel:+385 (0) 31 214 852www.visitslavoniabaranja.com Za izdava\u010da: Turisti\u010dka zajednica Osje\u010dko-baranjske \u017eupanijeIvana Juri\u0107, direktorica Urednici: Mislav Mati\u0161i\u0107Mislav Pavo\u0161evi\u0107 Izvori: Turisti\u010dka zajednica\u00a0Osje\u010dko-baranjske \u017eupanije\" \/>\n<meta property=\"og:url\" content=\"https:\/\/visitslavoniabaranja.com\/impresum\/\" \/>\n<meta property=\"og:site_name\" content=\"Eszek-baranya megye turisztikai kozossege\" \/>\n<meta property=\"article:modified_time\" content=\"2023-04-13T09:53:41+00:00\" \/>\n<meta name=\"twitter:card\" content=\"summary_large_image\" \/>\n<script type=\"application\/ld+json\" class=\"yoast-schema-graph\">{\"@context\":\"https:\/\/schema.org\",\"@graph\":[{\"@type\":\"WebPage\",\"@id\":\"https:\/\/visitslavoniabaranja.com\/impresum\/\",\"url\":\"https:\/\/visitslavoniabaranja.com\/impresum\/\",\"name\":\"Impressum - Eszek-baranya megye turisztikai kozossege\",\"isPartOf\":{\"@id\":\"https:\/\/visitslavoniabaranja.com\/#website\"},\"datePublished\":\"2023-04-13T09:44:57+00:00\",\"dateModified\":\"2023-04-13T09:53:41+00:00\",\"breadcrumb\":{\"@id\":\"https:\/\/visitslavoniabaranja.com\/impresum\/#breadcrumb\"},\"inLanguage\":\"hu\",\"potentialAction\":[{\"@type\":\"ReadAction\",\"target\":[\"https:\/\/visitslavoniabaranja.com\/impresum\/\"]}]},{\"@type\":\"BreadcrumbList\",\"@id\":\"https:\/\/visitslavoniabaranja.com\/impresum\/#breadcrumb\",\"itemListElement\":[{\"@type\":\"ListItem\",\"position\":1,\"name\":\"Po\u010detna stranica\",\"item\":\"https:\/\/visitslavoniabaranja.com\/hu\/\"},{\"@type\":\"ListItem\",\"position\":2,\"name\":\"Impressum\"}]},{\"@type\":\"WebSite\",\"@id\":\"https:\/\/visitslavoniabaranja.com\/#website\",\"url\":\"https:\/\/visitslavoniabaranja.com\/\",\"name\":\"Eszek-baranya megye turisztikai kozossege\",\"description\":\"\",\"potentialAction\":[{\"@type\":\"SearchAction\",\"target\":{\"@type\":\"EntryPoint\",\"urlTemplate\":\"https:\/\/visitslavoniabaranja.com\/?s={search_term_string}\"},\"query-input\":{\"@type\":\"PropertyValueSpecification\",\"valueRequired\":true,\"valueName\":\"search_term_string\"}}],\"inLanguage\":\"hu\"}]}<\/script>\n<!-- \/ Yoast SEO plugin. -->","yoast_head_json":{"title":"Impressum - Eszek-baranya megye turisztikai kozossege","robots":{"index":"index","follow":"follow","max-snippet":"max-snippet:-1","max-image-preview":"max-image-preview:large","max-video-preview":"max-video-preview:-1"},"canonical":"https:\/\/visitslavoniabaranja.com\/impresum\/","og_locale":"hu_HU","og_type":"article","og_title":"Impressum - Eszek-baranya megye turisztikai kozossege","og_description":"Kontakt \u017dupanijska 4, 31000 OsijekTel: tel:+385 (0) 31 214 852www.visitslavoniabaranja.com Za izdava\u010da: Turisti\u010dka zajednica Osje\u010dko-baranjske \u017eupanijeIvana Juri\u0107, direktorica Urednici: Mislav Mati\u0161i\u0107Mislav Pavo\u0161evi\u0107 Izvori: Turisti\u010dka zajednica\u00a0Osje\u010dko-baranjske \u017eupanije","og_url":"https:\/\/visitslavoniabaranja.com\/impresum\/","og_site_name":"Eszek-baranya megye turisztikai kozossege","article_modified_time":"2023-04-13T09:53:41+00:00","twitter_card":"summary_large_image","schema":{"@context":"https:\/\/schema.org","@graph":[{"@type":"WebPage","@id":"https:\/\/visitslavoniabaranja.com\/impresum\/","url":"https:\/\/visitslavoniabaranja.com\/impresum\/","name":"Impressum - Eszek-baranya megye turisztikai kozossege","isPartOf":{"@id":"https:\/\/visitslavoniabaranja.com\/#website"},"datePublished":"2023-04-13T09:44:57+00:00","dateModified":"2023-04-13T09:53:41+00:00","breadcrumb":{"@id":"https:\/\/visitslavoniabaranja.com\/impresum\/#breadcrumb"},"inLanguage":"hu","potentialAction":[{"@type":"ReadAction","target":["https:\/\/visitslavoniabaranja.com\/impresum\/"]}]},{"@type":"BreadcrumbList","@id":"https:\/\/visitslavoniabaranja.com\/impresum\/#breadcrumb","itemListElement":[{"@type":"ListItem","position":1,"name":"Po\u010detna stranica","item":"https:\/\/visitslavoniabaranja.com\/hu\/"},{"@type":"ListItem","position":2,"name":"Impressum"}]},{"@type":"WebSite","@id":"https:\/\/visitslavoniabaranja.com\/#website","url":"https:\/\/visitslavoniabaranja.com\/","name":"Eszek-baranya megye turisztikai kozossege","description":"","potentialAction":[{"@type":"SearchAction","target":{"@type":"EntryPoint","urlTemplate":"https:\/\/visitslavoniabaranja.com\/?s={search_term_string}"},"query-input":{"@type":"PropertyValueSpecification","valueRequired":true,"valueName":"search_term_string"}}],"inLanguage":"hu"}]}},"_links":{"self":[{"href":"https:\/\/visitslavoniabaranja.com\/hu\/wp-json\/wp\/v2\/pages\/6854","targetHints":{"allow":["GET"]}}],"collection":[{"href":"https:\/\/visitslavoniabaranja.com\/hu\/wp-json\/wp\/v2\/pages"}],"about":[{"href":"https:\/\/visitslavoniabaranja.com\/hu\/wp-json\/wp\/v2\/types\/page"}],"author":[{"embeddable":true,"href":"https:\/\/visitslavoniabaranja.com\/hu\/wp-json\/wp\/v2\/users\/1"}],"replies":[{"embeddable":true,"href":"https:\/\/visitslavoniabaranja.com\/hu\/wp-json\/wp\/v2\/comments?post=6854"}],"version-history":[{"count":10,"href":"https:\/\/visitslavoniabaranja.com\/hu\/wp-json\/wp\/v2\/pages\/6854\/revisions"}],"predecessor-version":[{"id":6869,"href":"https:\/\/visitslavoniabaranja.com\/hu\/wp-json\/wp\/v2\/pages\/6854\/revisions\/6869"}],"wp:attachment":[{"href":"https:\/\/visitslavoniabaranja.com\/hu\/wp-json\/wp\/v2\/media?parent=6854"}],"curies":[{"name":"wp","href":"https:\/\/api.w.org\/{rel}","templated":true}]}}