
{"id":621,"date":"2022-05-04T18:52:10","date_gmt":"2022-05-04T16:52:10","guid":{"rendered":"https:\/\/visitslavoniabaranja.com\/okusi-destinaciju\/"},"modified":"2025-03-19T13:25:44","modified_gmt":"2025-03-19T12:25:44","slug":"okusi-destinaciju","status":"publish","type":"page","link":"https:\/\/visitslavoniabaranja.com\/hu\/okusi-destinaciju\/","title":{"rendered":"\u00cdzl\u00e9si c\u00e9l"},"content":{"rendered":"","protected":false},"excerpt":{"rendered":"<p>A c\u00e9l\u00e1llom\u00e1s \u00edzei azokban az emberekben \u00e9lnek, akik f\u0151znek, elk\u00e9sz\u00edtenek, el\u0151\u00e1ll\u00edtanak \u00e9s az \u00edzek\u00e9rt \u00e9lnek. A hagyom\u00e1nyos \u00e9ttermekt\u0151l kezdve, a korszer\u0171 konyh\u00e1kon, a kiv\u00e1l\u00f3 min\u0151s\u00e9g\u0171 borokon \u00e9s az eredeti helyi term\u00e9keken kereszt\u00fcl, az \u00edzek mindenki sz\u00edv\u00e9hez megtal\u00e1lj\u00e1k az utat.<\/p>\n","protected":false},"author":2,"featured_media":0,"parent":0,"menu_order":0,"comment_status":"closed","ping_status":"closed","template":"page-posts-categories.php","meta":{"footnotes":""},"class_list":["post-621","page","type-page","status-publish","hentry"],"acf":[],"yoast_head":"<!-- This site is optimized with the Yoast SEO plugin v25.0 - https:\/\/yoast.com\/wordpress\/plugins\/seo\/ -->\n<title>\u00cdzl\u00e9si c\u00e9l - Eszek-baranya megye turisztikai kozossege<\/title>\n<meta name=\"robots\" content=\"index, follow, max-snippet:-1, max-image-preview:large, max-video-preview:-1\" \/>\n<link rel=\"canonical\" href=\"https:\/\/visitslavoniabaranja.com\/hu\/okusi-destinaciju\/\" \/>\n<meta property=\"og:locale\" content=\"hu_HU\" \/>\n<meta property=\"og:type\" content=\"article\" \/>\n<meta property=\"og:title\" content=\"\u00cdzl\u00e9si c\u00e9l - Eszek-baranya megye turisztikai kozossege\" \/>\n<meta property=\"og:description\" content=\"A c\u00e9l\u00e1llom\u00e1s \u00edzei azokban az emberekben \u00e9lnek, akik f\u0151znek, elk\u00e9sz\u00edtenek, el\u0151\u00e1ll\u00edtanak \u00e9s az \u00edzek\u00e9rt \u00e9lnek. A hagyom\u00e1nyos \u00e9ttermekt\u0151l kezdve, a korszer\u0171 konyh\u00e1kon, a kiv\u00e1l\u00f3 min\u0151s\u00e9g\u0171 borokon \u00e9s az eredeti helyi term\u00e9keken kereszt\u00fcl, az \u00edzek mindenki sz\u00edv\u00e9hez megtal\u00e1lj\u00e1k az utat.\" \/>\n<meta property=\"og:url\" content=\"https:\/\/visitslavoniabaranja.com\/hu\/okusi-destinaciju\/\" \/>\n<meta property=\"og:site_name\" content=\"Eszek-baranya megye turisztikai kozossege\" \/>\n<meta property=\"article:modified_time\" content=\"2025-03-19T12:25:44+00:00\" \/>\n<meta name=\"twitter:card\" content=\"summary_large_image\" \/>\n<script type=\"application\/ld+json\" class=\"yoast-schema-graph\">{\"@context\":\"https:\/\/schema.org\",\"@graph\":[{\"@type\":\"WebPage\",\"@id\":\"https:\/\/visitslavoniabaranja.com\/hu\/okusi-destinaciju\/\",\"url\":\"https:\/\/visitslavoniabaranja.com\/hu\/okusi-destinaciju\/\",\"name\":\"\u00cdzl\u00e9si c\u00e9l - Eszek-baranya megye turisztikai kozossege\",\"isPartOf\":{\"@id\":\"https:\/\/visitslavoniabaranja.com\/#website\"},\"datePublished\":\"2022-05-04T16:52:10+00:00\",\"dateModified\":\"2025-03-19T12:25:44+00:00\",\"breadcrumb\":{\"@id\":\"https:\/\/visitslavoniabaranja.com\/hu\/okusi-destinaciju\/#breadcrumb\"},\"inLanguage\":\"hu\",\"potentialAction\":[{\"@type\":\"ReadAction\",\"target\":[\"https:\/\/visitslavoniabaranja.com\/hu\/okusi-destinaciju\/\"]}]},{\"@type\":\"BreadcrumbList\",\"@id\":\"https:\/\/visitslavoniabaranja.com\/hu\/okusi-destinaciju\/#breadcrumb\",\"itemListElement\":[{\"@type\":\"ListItem\",\"position\":1,\"name\":\"Po\u010detna stranica\",\"item\":\"https:\/\/visitslavoniabaranja.com\/hu\/\"},{\"@type\":\"ListItem\",\"position\":2,\"name\":\"\u00cdzl\u00e9si c\u00e9l\"}]},{\"@type\":\"WebSite\",\"@id\":\"https:\/\/visitslavoniabaranja.com\/#website\",\"url\":\"https:\/\/visitslavoniabaranja.com\/\",\"name\":\"Eszek-baranya megye turisztikai kozossege\",\"description\":\"\",\"potentialAction\":[{\"@type\":\"SearchAction\",\"target\":{\"@type\":\"EntryPoint\",\"urlTemplate\":\"https:\/\/visitslavoniabaranja.com\/?s={search_term_string}\"},\"query-input\":{\"@type\":\"PropertyValueSpecification\",\"valueRequired\":true,\"valueName\":\"search_term_string\"}}],\"inLanguage\":\"hu\"}]}<\/script>\n<!-- \/ Yoast SEO plugin. -->","yoast_head_json":{"title":"\u00cdzl\u00e9si c\u00e9l - Eszek-baranya megye turisztikai kozossege","robots":{"index":"index","follow":"follow","max-snippet":"max-snippet:-1","max-image-preview":"max-image-preview:large","max-video-preview":"max-video-preview:-1"},"canonical":"https:\/\/visitslavoniabaranja.com\/hu\/okusi-destinaciju\/","og_locale":"hu_HU","og_type":"article","og_title":"\u00cdzl\u00e9si c\u00e9l - Eszek-baranya megye turisztikai kozossege","og_description":"A c\u00e9l\u00e1llom\u00e1s \u00edzei azokban az emberekben \u00e9lnek, akik f\u0151znek, elk\u00e9sz\u00edtenek, el\u0151\u00e1ll\u00edtanak \u00e9s az \u00edzek\u00e9rt \u00e9lnek. A hagyom\u00e1nyos \u00e9ttermekt\u0151l kezdve, a korszer\u0171 konyh\u00e1kon, a kiv\u00e1l\u00f3 min\u0151s\u00e9g\u0171 borokon \u00e9s az eredeti helyi term\u00e9keken kereszt\u00fcl, az \u00edzek mindenki sz\u00edv\u00e9hez megtal\u00e1lj\u00e1k az utat.","og_url":"https:\/\/visitslavoniabaranja.com\/hu\/okusi-destinaciju\/","og_site_name":"Eszek-baranya megye turisztikai kozossege","article_modified_time":"2025-03-19T12:25:44+00:00","twitter_card":"summary_large_image","schema":{"@context":"https:\/\/schema.org","@graph":[{"@type":"WebPage","@id":"https:\/\/visitslavoniabaranja.com\/hu\/okusi-destinaciju\/","url":"https:\/\/visitslavoniabaranja.com\/hu\/okusi-destinaciju\/","name":"\u00cdzl\u00e9si c\u00e9l - Eszek-baranya megye turisztikai kozossege","isPartOf":{"@id":"https:\/\/visitslavoniabaranja.com\/#website"},"datePublished":"2022-05-04T16:52:10+00:00","dateModified":"2025-03-19T12:25:44+00:00","breadcrumb":{"@id":"https:\/\/visitslavoniabaranja.com\/hu\/okusi-destinaciju\/#breadcrumb"},"inLanguage":"hu","potentialAction":[{"@type":"ReadAction","target":["https:\/\/visitslavoniabaranja.com\/hu\/okusi-destinaciju\/"]}]},{"@type":"BreadcrumbList","@id":"https:\/\/visitslavoniabaranja.com\/hu\/okusi-destinaciju\/#breadcrumb","itemListElement":[{"@type":"ListItem","position":1,"name":"Po\u010detna stranica","item":"https:\/\/visitslavoniabaranja.com\/hu\/"},{"@type":"ListItem","position":2,"name":"\u00cdzl\u00e9si c\u00e9l"}]},{"@type":"WebSite","@id":"https:\/\/visitslavoniabaranja.com\/#website","url":"https:\/\/visitslavoniabaranja.com\/","name":"Eszek-baranya megye turisztikai kozossege","description":"","potentialAction":[{"@type":"SearchAction","target":{"@type":"EntryPoint","urlTemplate":"https:\/\/visitslavoniabaranja.com\/?s={search_term_string}"},"query-input":{"@type":"PropertyValueSpecification","valueRequired":true,"valueName":"search_term_string"}}],"inLanguage":"hu"}]}},"_links":{"self":[{"href":"https:\/\/visitslavoniabaranja.com\/hu\/wp-json\/wp\/v2\/pages\/621","targetHints":{"allow":["GET"]}}],"collection":[{"href":"https:\/\/visitslavoniabaranja.com\/hu\/wp-json\/wp\/v2\/pages"}],"about":[{"href":"https:\/\/visitslavoniabaranja.com\/hu\/wp-json\/wp\/v2\/types\/page"}],"author":[{"embeddable":true,"href":"https:\/\/visitslavoniabaranja.com\/hu\/wp-json\/wp\/v2\/users\/2"}],"replies":[{"embeddable":true,"href":"https:\/\/visitslavoniabaranja.com\/hu\/wp-json\/wp\/v2\/comments?post=621"}],"version-history":[{"count":5,"href":"https:\/\/visitslavoniabaranja.com\/hu\/wp-json\/wp\/v2\/pages\/621\/revisions"}],"predecessor-version":[{"id":13735,"href":"https:\/\/visitslavoniabaranja.com\/hu\/wp-json\/wp\/v2\/pages\/621\/revisions\/13735"}],"wp:attachment":[{"href":"https:\/\/visitslavoniabaranja.com\/hu\/wp-json\/wp\/v2\/media?parent=621"}],"curies":[{"name":"wp","href":"https:\/\/api.w.org\/{rel}","templated":true}]}}