
{"id":614,"date":"2022-03-21T14:27:36","date_gmt":"2022-03-21T13:27:36","guid":{"rendered":"https:\/\/visitslavoniabaranja.com\/dogadaji\/"},"modified":"2024-10-23T13:24:25","modified_gmt":"2024-10-23T11:24:25","slug":"dogadaji","status":"publish","type":"page","link":"https:\/\/visitslavoniabaranja.com\/hu\/dogadaji\/","title":{"rendered":"Esem\u00e9nyek"},"content":{"rendered":"<div class=\"event_listings\" data-location=\"\" data-keywords=\"\" data-show_filters=\"true\" data-show_pagination=\"false\" data-per_page=\"9\" data-orderby=\"meta_value\" data-order=\"ASC\" data-datetimes=\"\" data-categories=\"\" data-event_types=\"\" data-ticket_prices=\"\" data-event_online=\"\" >\n\n\n\n\n\n\n\n\n<div class=\"c-wrapper c-wrapper--event\">\n\n\n\n\t<div class=\"c-hero--secondary\">\n\n\t\t<h2 class=\"widgettitle\">Upcoming Events<\/h2>\n\n\t\t\t<div class=\"event_listings_class\" id=\"event-manager-owl-carousel-slider-widget\">\n\n\t\t\t\t\n\t\t\t\t\t<!-- Events Display Widget-->\n\nconsole.log('Session counter: 1') <div class=\"row u-mb--sml--1 u-mb--lrg--24 js-events-row\">\n\n            <div class=\"col col-sml-12 col-lrg-6\">\n\n                <div class=\"c-section--wrp c-section--wrp--events\">\n\n                    <div class=\"c-wrapper c-wrapper--events\">\n\n                        <div class=\"c-article--secondary--featured\">\n\n\n\n                            &lt;!-- \n\n                                The <img> tag must remain open\n\n                            --&gt;\n\n                            <a href=\"https:\/\/visitslavoniabaranja.com\/hu\/event\/sajam-antikviteta-u-osijeku\/\">\n\n                                \n                                    &lt;img class=&quot;c-article--secondary--featured__img&quot; src=&quot;<img loading=\"lazy\" decoding=\"async\" width=\"2048\" height=\"1536\" src=\"https:\/\/visitslavoniabaranja.com\/wp-content\/uploads\/2026\/01\/Sajam-antikviteta-u-Osijeku.jpg\" class=\"attachment-post-thumbnail size-post-thumbnail wp-post-image\" alt=\"\" \/>\n                               \n                            <\/a>\n\n                            \n\n                        <section class=\" c-article--secondary--featured__section\">\n\n                                <div>\n\n                                    <div class=\"u-mb--sml--2 u-mb--lrg--4\">\n\n                                        <span class=\"c-article__post__info\">02 m\u00e1jus<\/span>\n\n                                        <span class=\"c-article__post__info\">Park kralja Dr\u017eislava<\/span>\n\n                                    <\/div>\n\n                                    <a href=\"https:\/\/visitslavoniabaranja.com\/hu\/event\/sajam-antikviteta-u-osijeku\/\">\n\n                                        <h4 class=\"featured-title\">R\u00e9gis\u00e9gpiac Esz\u00e9ken<\/h4>\n\n                                    <\/a>\n\n\n\n                                <\/div>\n\n                                <a href=\"https:\/\/visitslavoniabaranja.com\/hu\/event\/sajam-antikviteta-u-osijeku\/\" class=\"c-btn c-btn--icon\">\n\n                                    <span class=\"u-icon u-icon--xlrg u-icon--arrow--big\"><\/span>\n\n                                <\/a>\n\n                        <\/div>\n\n                    <\/div>\n\n                <\/div>\n\n            <\/div>\n\n\n\n            \n\t\t\t\t\n\t\t\t<\/div>\n\n\t\t\n\t<\/div>\n\n\n\n\t\n\n\n<\/div>\n\n\n\n<form role=\"search\" class=\"c-form--special event_filters\" id=\"event_filters\" method=\"GET\" action=\"https:\/\/visitslavoniabaranja.com\">\n\n\t<!-- \/echo substr(get_locale(), 0, 2);\/events -->\n\n\t\n\t<div class=\"c-form--special__container\">\n\n\t\t\n\t\t<div class=\"c-form--special__item\">\n\n\t\t\t<label class=\"c-input--label\" for=\"search_keywords\">\n\n\t\t\tEsem\u00e9nyek keres\u00e9se\n\t\t<\/label>\n\n\t\t\t<input class=\"c-input--med c-input--special\" placeholder=\"Keres\u00e9s az esem\u00e9ny neve alapj\u00e1n\" name=\"search_keywords\" id=\"search_keywords\"><\/input>\n\n\t\t<\/div>\n\n\n\n\t\t<div class=\"c-form--special__item\">\n\n\t\t\t\n\n\n\t\t\t<div class=\"wpem-col\">\n\n\t\t\t\t<div class=\"wpem-form-group\">\n\n\t\t\t\t\t<label for=\"search_datetimes\" class=\"c-input--label\">\n\n\t\t\t\t\tKeres\u00e9s d\u00e1tum szerint\n\t\t\t\t\t<\/label>\n\n\t\t\t\t\t<input type=\"text\" name=\"search_datetimes[]\" id=\"search_datetimes\" value='' class=\"c-input--med c-input--special date_range_picker\">\n\n\t\t\t\t<\/div>\n\n\t\t\t<\/div>\n\n\t\t<\/div>\n\n\t\t\t<div class=\"c-form--special__item\">\n\t\t<label for=\"location\" class=\"c-input--label\" for=\"search_location\">\n\t\t\tSearch by location HU\t\t<\/label>\n\n\t\t<select class=\"c-input c-input--med c-input--select c-input--select--special drop-down event-manager-filter\"\n\t\t\tname=\"location\">\n\t\t\t<option class=\"selected\" hidden value=\"0\">\n\t\t\t\tSearch by location HU\t\t\t<\/option>\n\t\t\t<!-- <div class=\"options\">\n\t\t\t\t<option class=\"value\" value=\"osijek_i_okolica\">Osijek i okolica<\/option>\n\t\t\t\t<option class=\"value\" value=\"baranja\">Baranja<\/option>\n\t\t\t\t<option class=\"value\" value=\"dakovstina\">\u0110akov\u0161tina<\/option>\n\t\t\t\t<option class=\"value\" value=\"erdut\">Erdut<\/option>\n\t\t\t\t<option class=\"value\" value=\"nasicki_kraj\">Na\u0161i\u010dki kraj<\/option>\n\t\t\t\t<option class=\"value\" value=\"valpovo\">Valpovo<\/option>\n\t\t\t\t<option class=\"value\" value=\"belisce\">Beli\u0161\u0107e<\/option>\n\t\t\t\t<option class=\"value\" value=\"donji_miholjac\">Donji Miholjac<\/option>\n\t\t\t\t<option class=\"value\" value=\"bizovac\">Bizovac<\/option>\n\t\t\t<\/div> -->\n\n\t\t\t<div class=\"options\">\n\t\t\t\t<!-- novo -->\n\t\t\t\t<option class=\"value\" value=\"osijek_i_podunavlje\">Osijek i Podunavlje<\/option>\n\t\t\t\t<option class=\"value\" value=\"baranja\">Baranja<\/option>\n\t\t\t\t<!-- novo -->\n\t\t\t\t<option class=\"value\" value=\"slavonska_podravina\">Slavonska Podravina<\/option>\n\t\t\t\t<option class=\"value\" value=\"dakovstina\">\u0110akov\u0161tina<\/option>\n\t\t\t\t<option class=\"value\" value=\"nasicki_kraj\">Na\u0161i\u010dki kraj<\/option>\n\t\t\t<\/div>\n\t\t<\/select>\n\t<\/div>\n\t\n\n\n\t<\/div>\n\n\t<section class=\"c-events__header\">\n\n\t\t<h5>Bej\u00f6v\u0151 esem\u00e9nyek<\/h5>\n\n\t\t\n\t<div class=\"c-events__header__menu search_location\">\n\t\t<select id=\"locationfilter\" class=\"event-manager-filter\" name=\"locationfilter\" style=\"display: none;\">\n\t\t\t<option class=\"js-option\" name=\"0\" value=\"0\">S<\/option>\n\t\t\t<option class=\"js-option\" name=\"slavonija_i_baranja\" value=\"1\">SB<\/option>\n\t\t\t<option class=\"js-option\" name=\"madarska_baranya\" value=\"2\">MB<\/option>\n\t\t<\/select>\n\n\t\t<a class=\"js-item c-btn c-btn--menu js-active\" name=\"0\" value=\"0\">\n\t\t\t\u00d6sszes\t\t<\/a>\n\t\t<a class=\"js-item c-btn c-btn--menu\" name=\"slavonija_i_baranja\" value=\"1\">\n\t\t\tSzlav\u00f3nia \u00e9s Baranya\t\t<\/a>\n\t\t<a class=\"js-item c-btn c-btn--menu\" name=\"madarska_baranya\" value=\"2\">\n\t\t\tMagyarorsz\u00e1g Baranya\t\t<\/a>\n\t<\/div>\n\n\t\t<div class=\"search_event_types\">\n\t\t<!-- Select field -->\n\t\t<select id=\"filterTypes\"\n\t\t\tclass=\"js-festivalType c-input--select c-input--select--secondary drop-down event-manager-filter\"\n\t\t\tname=\"filterTypes\">\n\t\t\t<option value=\"0\">\n\t\t\t\tAll categories HU\t\t\t<\/option>\n\n\t\t\t<script>console.log('169')<\/script><option value=\"169\">Becs\u00fcletes<\/option><script>console.log('164')<\/script><option value=\"164\">Etel \u00e9s ital<\/option><script>console.log('162')<\/script><option value=\"162\">Fesztiv\u00e1l<\/option><script>console.log('168')<\/script><option value=\"168\">Hagyom\u00e1ny<\/option><script>console.log('482')<\/script><option value=\"482\">Kazali\u0161te<\/option><script>console.log('165')<\/script><option value=\"165\">Ki\u00e1ll\u00edt\u00e1s<\/option><script>console.log('474')<\/script><option value=\"474\">Outdoors<\/option><script>console.log('167')<\/script><option value=\"167\">Pihen\u00e9s<\/option><script>console.log('166')<\/script><option value=\"166\">T\u00e1rlatvezet\u00e9s<\/option><script>console.log('163')<\/script><option value=\"163\">Zene<\/option>\t\t<\/select>\n\t<\/div>\n\t<div class=\"showing_applied_filters\"><\/div>\n\t<\/section>\n\n\n\n<\/form>\n\n\n<!-- Event listing view -->\n\n\n\n\n<!-- <div class=\"c-wrapper c-wrapper--incoming\"> -->\n\n<section class=\"c-events\">\n\n    <!-- Title and categories -->\n\n    \n\n\n    <div class=\"row c-container c-container--base\">\n\n\n\n    \n    <\/section>\n\n    <\/div>\n\n\n\n\n<img decoding=\"async\" class=\"c-events__logos--cro\" src=\"https:\/\/visitslavoniabaranja.com\/wp-content\/themes\/tzobztheme\/assets\/public\/images\/hu-cro-cb.svg\">\n\n<img decoding=\"async\" class=\"c-events__logos--interreg\" src=\"https:\/\/visitslavoniabaranja.com\/wp-content\/themes\/tzobztheme\/assets\/public\/images\/interreg.svg\">\n\n\n\n<!-- <\/div> --><div id=\"load_more_events_loader\"><a class=\"load_more_events\" id=\"load_more_events\" href=\"#\"><strong>Tov\u00e1bbi esem\u00e9nyek<\/strong><\/a><\/div><\/div>\n\n\n\n<p><\/p>\n","protected":false},"excerpt":{"rendered":"<p>CONTENTS<\/p>\n","protected":false},"author":1,"featured_media":0,"parent":0,"menu_order":0,"comment_status":"closed","ping_status":"open","template":"","meta":{"footnotes":""},"class_list":["post-614","page","type-page","status-publish","hentry"],"acf":[],"yoast_head":"<!-- This site is optimized with the Yoast SEO plugin v25.0 - https:\/\/yoast.com\/wordpress\/plugins\/seo\/ -->\n<title>Esem\u00e9nyek - Eszek-baranya megye turisztikai kozossege<\/title>\n<meta name=\"robots\" content=\"index, follow, max-snippet:-1, max-image-preview:large, max-video-preview:-1\" \/>\n<link rel=\"canonical\" href=\"https:\/\/visitslavoniabaranja.com\/hu\/dogadaji\/\" \/>\n<meta property=\"og:locale\" content=\"hu_HU\" \/>\n<meta property=\"og:type\" content=\"article\" \/>\n<meta property=\"og:title\" content=\"Esem\u00e9nyek - Eszek-baranya megye turisztikai kozossege\" \/>\n<meta property=\"og:description\" content=\"CONTENTS\" \/>\n<meta property=\"og:url\" content=\"https:\/\/visitslavoniabaranja.com\/hu\/dogadaji\/\" \/>\n<meta property=\"og:site_name\" content=\"Eszek-baranya megye turisztikai kozossege\" \/>\n<meta property=\"article:modified_time\" content=\"2024-10-23T11:24:25+00:00\" \/>\n<meta name=\"twitter:card\" content=\"summary_large_image\" \/>\n<meta name=\"twitter:label1\" content=\"Becs\u00fclt olvas\u00e1si id\u0151\" \/>\n\t<meta name=\"twitter:data1\" content=\"1 perc\" \/>\n<script type=\"application\/ld+json\" class=\"yoast-schema-graph\">{\"@context\":\"https:\/\/schema.org\",\"@graph\":[{\"@type\":\"WebPage\",\"@id\":\"https:\/\/visitslavoniabaranja.com\/hu\/dogadaji\/\",\"url\":\"https:\/\/visitslavoniabaranja.com\/hu\/dogadaji\/\",\"name\":\"Esem\u00e9nyek - Eszek-baranya megye turisztikai kozossege\",\"isPartOf\":{\"@id\":\"https:\/\/visitslavoniabaranja.com\/#website\"},\"datePublished\":\"2022-03-21T13:27:36+00:00\",\"dateModified\":\"2024-10-23T11:24:25+00:00\",\"breadcrumb\":{\"@id\":\"https:\/\/visitslavoniabaranja.com\/hu\/dogadaji\/#breadcrumb\"},\"inLanguage\":\"hu\",\"potentialAction\":[{\"@type\":\"ReadAction\",\"target\":[\"https:\/\/visitslavoniabaranja.com\/hu\/dogadaji\/\"]}]},{\"@type\":\"BreadcrumbList\",\"@id\":\"https:\/\/visitslavoniabaranja.com\/hu\/dogadaji\/#breadcrumb\",\"itemListElement\":[{\"@type\":\"ListItem\",\"position\":1,\"name\":\"Po\u010detna stranica\",\"item\":\"https:\/\/visitslavoniabaranja.com\/hu\/\"},{\"@type\":\"ListItem\",\"position\":2,\"name\":\"Esem\u00e9nyek\"}]},{\"@type\":\"WebSite\",\"@id\":\"https:\/\/visitslavoniabaranja.com\/#website\",\"url\":\"https:\/\/visitslavoniabaranja.com\/\",\"name\":\"Eszek-baranya megye turisztikai kozossege\",\"description\":\"\",\"potentialAction\":[{\"@type\":\"SearchAction\",\"target\":{\"@type\":\"EntryPoint\",\"urlTemplate\":\"https:\/\/visitslavoniabaranja.com\/?s={search_term_string}\"},\"query-input\":{\"@type\":\"PropertyValueSpecification\",\"valueRequired\":true,\"valueName\":\"search_term_string\"}}],\"inLanguage\":\"hu\"}]}<\/script>\n<!-- \/ Yoast SEO plugin. -->","yoast_head_json":{"title":"Esem\u00e9nyek - Eszek-baranya megye turisztikai kozossege","robots":{"index":"index","follow":"follow","max-snippet":"max-snippet:-1","max-image-preview":"max-image-preview:large","max-video-preview":"max-video-preview:-1"},"canonical":"https:\/\/visitslavoniabaranja.com\/hu\/dogadaji\/","og_locale":"hu_HU","og_type":"article","og_title":"Esem\u00e9nyek - Eszek-baranya megye turisztikai kozossege","og_description":"CONTENTS","og_url":"https:\/\/visitslavoniabaranja.com\/hu\/dogadaji\/","og_site_name":"Eszek-baranya megye turisztikai kozossege","article_modified_time":"2024-10-23T11:24:25+00:00","twitter_card":"summary_large_image","twitter_misc":{"Becs\u00fclt olvas\u00e1si id\u0151":"1 perc"},"schema":{"@context":"https:\/\/schema.org","@graph":[{"@type":"WebPage","@id":"https:\/\/visitslavoniabaranja.com\/hu\/dogadaji\/","url":"https:\/\/visitslavoniabaranja.com\/hu\/dogadaji\/","name":"Esem\u00e9nyek - Eszek-baranya megye turisztikai kozossege","isPartOf":{"@id":"https:\/\/visitslavoniabaranja.com\/#website"},"datePublished":"2022-03-21T13:27:36+00:00","dateModified":"2024-10-23T11:24:25+00:00","breadcrumb":{"@id":"https:\/\/visitslavoniabaranja.com\/hu\/dogadaji\/#breadcrumb"},"inLanguage":"hu","potentialAction":[{"@type":"ReadAction","target":["https:\/\/visitslavoniabaranja.com\/hu\/dogadaji\/"]}]},{"@type":"BreadcrumbList","@id":"https:\/\/visitslavoniabaranja.com\/hu\/dogadaji\/#breadcrumb","itemListElement":[{"@type":"ListItem","position":1,"name":"Po\u010detna stranica","item":"https:\/\/visitslavoniabaranja.com\/hu\/"},{"@type":"ListItem","position":2,"name":"Esem\u00e9nyek"}]},{"@type":"WebSite","@id":"https:\/\/visitslavoniabaranja.com\/#website","url":"https:\/\/visitslavoniabaranja.com\/","name":"Eszek-baranya megye turisztikai kozossege","description":"","potentialAction":[{"@type":"SearchAction","target":{"@type":"EntryPoint","urlTemplate":"https:\/\/visitslavoniabaranja.com\/?s={search_term_string}"},"query-input":{"@type":"PropertyValueSpecification","valueRequired":true,"valueName":"search_term_string"}}],"inLanguage":"hu"}]}},"_links":{"self":[{"href":"https:\/\/visitslavoniabaranja.com\/hu\/wp-json\/wp\/v2\/pages\/614","targetHints":{"allow":["GET"]}}],"collection":[{"href":"https:\/\/visitslavoniabaranja.com\/hu\/wp-json\/wp\/v2\/pages"}],"about":[{"href":"https:\/\/visitslavoniabaranja.com\/hu\/wp-json\/wp\/v2\/types\/page"}],"author":[{"embeddable":true,"href":"https:\/\/visitslavoniabaranja.com\/hu\/wp-json\/wp\/v2\/users\/1"}],"replies":[{"embeddable":true,"href":"https:\/\/visitslavoniabaranja.com\/hu\/wp-json\/wp\/v2\/comments?post=614"}],"version-history":[{"count":3,"href":"https:\/\/visitslavoniabaranja.com\/hu\/wp-json\/wp\/v2\/pages\/614\/revisions"}],"predecessor-version":[{"id":11815,"href":"https:\/\/visitslavoniabaranja.com\/hu\/wp-json\/wp\/v2\/pages\/614\/revisions\/11815"}],"wp:attachment":[{"href":"https:\/\/visitslavoniabaranja.com\/hu\/wp-json\/wp\/v2\/media?parent=614"}],"curies":[{"name":"wp","href":"https:\/\/api.w.org\/{rel}","templated":true}]}}