
{"id":4996,"date":"2022-12-12T14:36:59","date_gmt":"2022-12-12T13:36:59","guid":{"rendered":"https:\/\/visitslavoniabaranja.com\/?page_id=4996"},"modified":"2026-03-06T14:02:10","modified_gmt":"2026-03-06T13:02:10","slug":"turisticke-brosure","status":"publish","type":"page","link":"https:\/\/visitslavoniabaranja.com\/hu\/turisticke-brosure\/","title":{"rendered":"Turisti\u010dke bro\u0161ure"},"content":{"rendered":"\n<p class=\"has-medium-font-size\">Prelistajte na\u0161e bro\u0161ure, neka vas inspiriraju za posjet Slavoniji i Baranji te Hrvatskom Podunavlju.<\/p>\n\n\n\n<p class=\"has-medium-font-size\">Krenite na hrvatski istok &#8211; Head on East!<\/p>\n\n\n\n<p class=\"has-medium-font-size\"><a href=\"https:\/\/visitslavoniabaranja.com\/wp-content\/uploads\/2022\/12\/TZOBZ_BrosuraHR_WEB.pdf\" target=\"_blank\" rel=\"noreferrer noopener\">HeadOnEast &#8211; Hrvatski<\/a><\/p>\n\n\n\n<p class=\"has-medium-font-size\"><a href=\"https:\/\/visitslavoniabaranja.com\/wp-content\/uploads\/2022\/12\/TZOBZ_BrosuraENG_WEB.pdf\" target=\"_blank\" rel=\"noreferrer noopener\">HeadOnEast &#8211; English<\/a><\/p>\n\n\n\n<p class=\"has-medium-font-size\"><a href=\"https:\/\/visitslavoniabaranja.com\/wp-content\/uploads\/2022\/12\/TZOBZ_BrosuraGER_WEB.pdf\" target=\"_blank\" rel=\"noreferrer noopener\">HeadOnEast &#8211; Deutsch<\/a><\/p>\n\n\n\n<p class=\"has-medium-font-size\"><a href=\"https:\/\/visitslavoniabaranja.com\/wp-content\/uploads\/2022\/12\/TZOBZ_BrosuraHU_WEB.pdf\" target=\"_blank\" rel=\"noreferrer noopener\">HeadOnEast &#8211; Magyar<\/a><\/p>\n\n\n\n<p class=\"has-medium-font-size\"><a href=\"https:\/\/visitslavoniabaranja.com\/wp-content\/uploads\/2023\/08\/Land-of-Wine-brochure-HR.pdf\" target=\"_blank\" rel=\"noreferrer noopener\">Zemlja vina \/ Land of wine &#8211; Hrvatski<\/a><\/p>\n\n\n\n<p class=\"has-medium-font-size\"><a href=\"https:\/\/visitslavoniabaranja.com\/wp-content\/uploads\/2023\/08\/Land-of-Wine-brochure-EN.pdf\" target=\"_blank\" rel=\"noreferrer noopener\">Zemlja vina \/ Land of wine &#8211; English<\/a><\/p>\n\n\n\n<p class=\"has-medium-font-size\"><a href=\"https:\/\/visitslavoniabaranja.com\/wp-content\/uploads\/2023\/08\/Land-of-Wine-brochure-HU.pdf\" target=\"_blank\" rel=\"noreferrer noopener\">Zemlja vina \/ Land of wine &#8211; Magyar<\/a><\/p>\n\n\n\n<p class=\"has-medium-font-size\"><a href=\"https:\/\/visitslavoniabaranja.com\/wp-content\/uploads\/2023\/08\/TZOBZ-Brosura_Cruise-River-Cruise-Convention-FINAL.pdf\" target=\"_blank\" rel=\"noreferrer noopener\">River cruising in Croatia \/ Krstarenje hrvatskim rijekama &#8211; English<\/a><\/p>\n\n\n\n<p class=\"has-medium-font-size\"><a href=\"https:\/\/www.htz.hr\/sites\/default\/files\/2024-10\/BROSURA%20SLAVONIJA_hr_ONLINE.pdf\" target=\"_blank\" rel=\"noreferrer noopener\">Slavonija (HTZ) &#8211; Hrvatski<\/a><\/p>\n\n\n\n<p class=\"has-medium-font-size\"><a href=\"https:\/\/www.htz.hr\/sites\/default\/files\/2024-12\/HTZ_2025_brosura%20slavonija_EN.pdf\" target=\"_blank\" rel=\"noreferrer noopener\">Slavonia (HTZ) &#8211; English<\/a><\/p>\n\n\n\n<p class=\"has-medium-font-size\"><a href=\"https:\/\/www.htz.hr\/sites\/default\/files\/2024-12\/HTZ_2024_Slavonija_DE.pdf\" target=\"_blank\" rel=\"noreferrer noopener\">Slawonien (HTZ) &#8211; Deutsch<\/a><\/p>\n\n\n\n<p class=\"has-medium-font-size\"><a href=\"https:\/\/www.htz.hr\/sites\/default\/files\/2024-12\/BROSURA%20SLAVONIJA%202025%20HU.pdf\" target=\"_blank\" rel=\"noreferrer noopener\">Szlav\u00f3nia (HTZ) &#8211; Magyar<\/a><\/p>\n\n\n\n<p class=\"has-medium-font-size\"><a href=\"https:\/\/www.htz.hr\/sites\/default\/files\/2024-12\/BROSURA%20SLAVONIJA%202025%20IT.pdf\" target=\"_blank\" rel=\"noreferrer noopener\">Slavonia (HTZ) &#8211; Italiano<\/a><\/p>\n\n\n\n<p class=\"has-medium-font-size\"><a href=\"https:\/\/www.htz.hr\/sites\/default\/files\/2024-12\/HTZ%202024%20SLAVONIJA%20SI.pdf\" target=\"_blank\" rel=\"noreferrer noopener\">Slavonija (HTZ) &#8211; Sloven\u0161\u010dina<\/a><\/p>\n","protected":false},"excerpt":{"rendered":"<p>Prelistajte na\u0161e bro\u0161ure, neka vas inspiriraju za posjet Slavoniji i Baranji te Hrvatskom Podunavlju. Krenite na hrvatski istok &#8211; Head on East! HeadOnEast &#8211; Hrvatski HeadOnEast &#8211; English HeadOnEast &#8211; Deutsch HeadOnEast &#8211; Magyar Zemlja vina \/ Land of wine &#8211; Hrvatski Zemlja vina \/ Land of wine &#8211; English Zemlja vina \/ Land of [&hellip;]<\/p>\n","protected":false},"author":1,"featured_media":0,"parent":0,"menu_order":0,"comment_status":"closed","ping_status":"closed","template":"page-additional.php","meta":{"footnotes":""},"class_list":["post-4996","page","type-page","status-publish","hentry"],"acf":[],"yoast_head":"<!-- This site is optimized with the Yoast SEO plugin v25.0 - https:\/\/yoast.com\/wordpress\/plugins\/seo\/ -->\n<title>Turisti\u010dke bro\u0161ure - Eszek-baranya megye turisztikai kozossege<\/title>\n<meta name=\"robots\" content=\"index, follow, max-snippet:-1, max-image-preview:large, max-video-preview:-1\" \/>\n<link rel=\"canonical\" href=\"https:\/\/visitslavoniabaranja.com\/turisticke-brosure\/\" \/>\n<meta property=\"og:locale\" content=\"hu_HU\" \/>\n<meta property=\"og:type\" content=\"article\" \/>\n<meta property=\"og:title\" content=\"Turisti\u010dke bro\u0161ure - Eszek-baranya megye turisztikai kozossege\" \/>\n<meta property=\"og:description\" content=\"Prelistajte na\u0161e bro\u0161ure, neka vas inspiriraju za posjet Slavoniji i Baranji te Hrvatskom Podunavlju. Krenite na hrvatski istok &#8211; Head on East! HeadOnEast &#8211; Hrvatski HeadOnEast &#8211; English HeadOnEast &#8211; Deutsch HeadOnEast &#8211; Magyar Zemlja vina \/ Land of wine &#8211; Hrvatski Zemlja vina \/ Land of wine &#8211; English Zemlja vina \/ Land of [&hellip;]\" \/>\n<meta property=\"og:url\" content=\"https:\/\/visitslavoniabaranja.com\/turisticke-brosure\/\" \/>\n<meta property=\"og:site_name\" content=\"Eszek-baranya megye turisztikai kozossege\" \/>\n<meta property=\"article:modified_time\" content=\"2026-03-06T13:02:10+00:00\" \/>\n<meta name=\"twitter:card\" content=\"summary_large_image\" \/>\n<meta name=\"twitter:label1\" content=\"Becs\u00fclt olvas\u00e1si id\u0151\" \/>\n\t<meta name=\"twitter:data1\" content=\"1 perc\" \/>\n<script type=\"application\/ld+json\" class=\"yoast-schema-graph\">{\"@context\":\"https:\/\/schema.org\",\"@graph\":[{\"@type\":\"WebPage\",\"@id\":\"https:\/\/visitslavoniabaranja.com\/turisticke-brosure\/\",\"url\":\"https:\/\/visitslavoniabaranja.com\/turisticke-brosure\/\",\"name\":\"Turisti\u010dke bro\u0161ure - Eszek-baranya megye turisztikai kozossege\",\"isPartOf\":{\"@id\":\"https:\/\/visitslavoniabaranja.com\/#website\"},\"datePublished\":\"2022-12-12T13:36:59+00:00\",\"dateModified\":\"2026-03-06T13:02:10+00:00\",\"breadcrumb\":{\"@id\":\"https:\/\/visitslavoniabaranja.com\/turisticke-brosure\/#breadcrumb\"},\"inLanguage\":\"hu\",\"potentialAction\":[{\"@type\":\"ReadAction\",\"target\":[\"https:\/\/visitslavoniabaranja.com\/turisticke-brosure\/\"]}]},{\"@type\":\"BreadcrumbList\",\"@id\":\"https:\/\/visitslavoniabaranja.com\/turisticke-brosure\/#breadcrumb\",\"itemListElement\":[{\"@type\":\"ListItem\",\"position\":1,\"name\":\"Po\u010detna stranica\",\"item\":\"https:\/\/visitslavoniabaranja.com\/hu\/\"},{\"@type\":\"ListItem\",\"position\":2,\"name\":\"Turisti\u010dke bro\u0161ure\"}]},{\"@type\":\"WebSite\",\"@id\":\"https:\/\/visitslavoniabaranja.com\/#website\",\"url\":\"https:\/\/visitslavoniabaranja.com\/\",\"name\":\"Eszek-baranya megye turisztikai kozossege\",\"description\":\"\",\"potentialAction\":[{\"@type\":\"SearchAction\",\"target\":{\"@type\":\"EntryPoint\",\"urlTemplate\":\"https:\/\/visitslavoniabaranja.com\/?s={search_term_string}\"},\"query-input\":{\"@type\":\"PropertyValueSpecification\",\"valueRequired\":true,\"valueName\":\"search_term_string\"}}],\"inLanguage\":\"hu\"}]}<\/script>\n<!-- \/ Yoast SEO plugin. -->","yoast_head_json":{"title":"Turisti\u010dke bro\u0161ure - Eszek-baranya megye turisztikai kozossege","robots":{"index":"index","follow":"follow","max-snippet":"max-snippet:-1","max-image-preview":"max-image-preview:large","max-video-preview":"max-video-preview:-1"},"canonical":"https:\/\/visitslavoniabaranja.com\/turisticke-brosure\/","og_locale":"hu_HU","og_type":"article","og_title":"Turisti\u010dke bro\u0161ure - Eszek-baranya megye turisztikai kozossege","og_description":"Prelistajte na\u0161e bro\u0161ure, neka vas inspiriraju za posjet Slavoniji i Baranji te Hrvatskom Podunavlju. Krenite na hrvatski istok &#8211; Head on East! HeadOnEast &#8211; Hrvatski HeadOnEast &#8211; English HeadOnEast &#8211; Deutsch HeadOnEast &#8211; Magyar Zemlja vina \/ Land of wine &#8211; Hrvatski Zemlja vina \/ Land of wine &#8211; English Zemlja vina \/ Land of [&hellip;]","og_url":"https:\/\/visitslavoniabaranja.com\/turisticke-brosure\/","og_site_name":"Eszek-baranya megye turisztikai kozossege","article_modified_time":"2026-03-06T13:02:10+00:00","twitter_card":"summary_large_image","twitter_misc":{"Becs\u00fclt olvas\u00e1si id\u0151":"1 perc"},"schema":{"@context":"https:\/\/schema.org","@graph":[{"@type":"WebPage","@id":"https:\/\/visitslavoniabaranja.com\/turisticke-brosure\/","url":"https:\/\/visitslavoniabaranja.com\/turisticke-brosure\/","name":"Turisti\u010dke bro\u0161ure - Eszek-baranya megye turisztikai kozossege","isPartOf":{"@id":"https:\/\/visitslavoniabaranja.com\/#website"},"datePublished":"2022-12-12T13:36:59+00:00","dateModified":"2026-03-06T13:02:10+00:00","breadcrumb":{"@id":"https:\/\/visitslavoniabaranja.com\/turisticke-brosure\/#breadcrumb"},"inLanguage":"hu","potentialAction":[{"@type":"ReadAction","target":["https:\/\/visitslavoniabaranja.com\/turisticke-brosure\/"]}]},{"@type":"BreadcrumbList","@id":"https:\/\/visitslavoniabaranja.com\/turisticke-brosure\/#breadcrumb","itemListElement":[{"@type":"ListItem","position":1,"name":"Po\u010detna stranica","item":"https:\/\/visitslavoniabaranja.com\/hu\/"},{"@type":"ListItem","position":2,"name":"Turisti\u010dke bro\u0161ure"}]},{"@type":"WebSite","@id":"https:\/\/visitslavoniabaranja.com\/#website","url":"https:\/\/visitslavoniabaranja.com\/","name":"Eszek-baranya megye turisztikai kozossege","description":"","potentialAction":[{"@type":"SearchAction","target":{"@type":"EntryPoint","urlTemplate":"https:\/\/visitslavoniabaranja.com\/?s={search_term_string}"},"query-input":{"@type":"PropertyValueSpecification","valueRequired":true,"valueName":"search_term_string"}}],"inLanguage":"hu"}]}},"_links":{"self":[{"href":"https:\/\/visitslavoniabaranja.com\/hu\/wp-json\/wp\/v2\/pages\/4996","targetHints":{"allow":["GET"]}}],"collection":[{"href":"https:\/\/visitslavoniabaranja.com\/hu\/wp-json\/wp\/v2\/pages"}],"about":[{"href":"https:\/\/visitslavoniabaranja.com\/hu\/wp-json\/wp\/v2\/types\/page"}],"author":[{"embeddable":true,"href":"https:\/\/visitslavoniabaranja.com\/hu\/wp-json\/wp\/v2\/users\/1"}],"replies":[{"embeddable":true,"href":"https:\/\/visitslavoniabaranja.com\/hu\/wp-json\/wp\/v2\/comments?post=4996"}],"version-history":[{"count":18,"href":"https:\/\/visitslavoniabaranja.com\/hu\/wp-json\/wp\/v2\/pages\/4996\/revisions"}],"predecessor-version":[{"id":18577,"href":"https:\/\/visitslavoniabaranja.com\/hu\/wp-json\/wp\/v2\/pages\/4996\/revisions\/18577"}],"wp:attachment":[{"href":"https:\/\/visitslavoniabaranja.com\/hu\/wp-json\/wp\/v2\/media?parent=4996"}],"curies":[{"name":"wp","href":"https:\/\/api.w.org\/{rel}","templated":true}]}}