
{"id":2718,"date":"2022-06-17T14:27:00","date_gmt":"2022-06-17T12:27:00","guid":{"rendered":"https:\/\/visitslavoniabaranja.com\/?p=2718"},"modified":"2024-10-08T15:39:07","modified_gmt":"2024-10-08T13:39:07","slug":"ponuda-aktivnosti-i-programa-za-digitalne-nomade","status":"publish","type":"page","link":"https:\/\/visitslavoniabaranja.com\/hu\/planiraj-putovanje\/ponuda-aktivnosti-i-programa-za-digitalne-nomade\/","title":{"rendered":"Ponuda aktivnosti i programa za digitalne nomade"},"content":{"rendered":"\n<p><strong>Slavonija i Baranja \u2013&nbsp;<\/strong><strong>u\u017eivancija na dohvat ruke<\/strong><\/p>\n\n\n\n<p>Razmi\u0161lja\u0161 o pustolovini na dohvat ruke, o neo\u010dekivanom putovanju koje po\u010dinje iza ugla, o iskustvu za kakvim mnogi tragaju tisu\u0107ama kilometara? Dopusti da te upoznamo s rje\u0161enjem svih putoholi\u010darskih nedoumica! Kameru ne\u0107ete gasiti. Ovdje se nalaze neke od posljednjih netaknutih mo\u010dvara Europe, nepregledna \u017eitna polja, bogati vinogradi te stoljetne hrastove \u0161ume.<\/p>\n\n\n\n<p>Slavonci i Baranjci goste daruju najvrjednijim darovima \u2013 iskrenim osmijehom i rukama \u0161iroko otvorenim u znak tople dobrodo\u0161lice. Dobrota i velikodu\u0161nost utkani su u svaki susret, a do\u017eivljaji zapo\u010dinju punom trpezom, preporukama za slobodno vrijeme i op\u0107enito savjetima o tome kako putovati regijom poput pravog hedonista. Doma\u0107ini ovdje postaju i ostaju prijatelji.<\/p>\n\n\n\n<figure class=\"wp-block-image size-large\"><img loading=\"lazy\" decoding=\"async\" width=\"1024\" height=\"399\" src=\"https:\/\/visitslavoniabaranja.com\/wp-content\/uploads\/2022\/07\/image-2-1024x399.png\" alt=\"\" class=\"wp-image-2719\" srcset=\"https:\/\/visitslavoniabaranja.com\/wp-content\/uploads\/2022\/07\/image-2-1024x399.png 1024w, https:\/\/visitslavoniabaranja.com\/wp-content\/uploads\/2022\/07\/image-2-440x171.png 440w, https:\/\/visitslavoniabaranja.com\/wp-content\/uploads\/2022\/07\/image-2-768x299.png 768w, https:\/\/visitslavoniabaranja.com\/wp-content\/uploads\/2022\/07\/image-2-1536x598.png 1536w, https:\/\/visitslavoniabaranja.com\/wp-content\/uploads\/2022\/07\/image-2.png 1920w\" sizes=\"auto, (max-width: 1024px) 100vw, 1024px\" \/><\/figure>\n\n\n\n<p><strong>Posjeti Osijek<\/strong>&nbsp;\u2013 hedonisti\u010dku metropolu istoka Hrvatske! Prostran izme\u0111u \u017eitnih polja i rijeke Drave, bogat dru\u0161tvenim i kulturnim sadr\u017eajima, prozra\u010dan i okru\u017een prirodnim ljepotama \u2013 grad po mjeri \u010dovjeka. Idealan je centar za digitalnog nomada koji nude co-working prostore, \u0161arolik smje\u0161taj i odli\u010dne komunikacijske mre\u017ee. Na udaljenosti od oko dva sata nalaze se i tri velike me\u0111unarodne zra\u010dne luke \u2013 u Zagrebu, Beogradu i Budimpe\u0161ti.<\/p>\n\n\n\n<p>Turisti\u010dka zajednica Osje\u010dko-baranjske \u017eupanije je na Va\u0161em raspolaganju za sve dodatne informacije o co-working prostorima te sve ostale informacije na temu boravka u destinaciji putem emaila:&nbsp;<a href=\"mailto:info@tzosbarzup.hr\">info@tzosbarzup.hr<\/a>.<\/p>\n\n\n\n<p>Na\u0161i lokalni poslovni partneri \u0107e Vam tako\u0111er rado pru\u017eiti razli\u010dite turisti\u010dke usluge:<\/p>\n\n\n\n<p><strong>GOLDEN SLAVONIA TRAVEL<\/strong><br>Stjepana Radi\u0107a 44<br>31000 Osijek<br>goldenslavonia@gmail.com<br>+385 98 474 373<br>~Where the Danube kisses the sky~<\/p>\n\n\n\n<p><strong>MAKSI TOURS<\/strong><br>Franjeva\u010dka 12, Osijek<br>info@maksimilian.hr<br>Tel: + 385 91 252 3834<br><a href=\"http:\/\/www.whattovisit.in\/\"><strong>www.whattovisit.in<\/strong><\/a><br><strong>www.maksimilian.hr<\/strong><\/p>\n\n\n\n<h5 class=\"wp-block-heading\">Za\u0161to Slavonija i Baranja?<\/h5>\n\n\n\n<p>Jedna digitalna nomadkinja koja je odabrala Osijek ka\u017ee da bi \u201cvoljela ostati u Osijeku jer je miran gradi\u0107 u kojem sam prona\u0161la mir i sigurnost.\u2026.\u201dgrad ima infrastrukturu pogodnu za bicikliste, lako je kretati se po gradu i ima odli\u010dan javni prijevoz. Nema velikih gu\u017evi, ali je grad \u017eiv, s obiljem kulture i ljepote, prirodom, zdravom hranom, teretanama, niskom cijenom \u017eivljenja i dobrom \u201cvibrom\u201d. WiFi je ovdje, ka\u017ee, vjerojatno najbolji koji je koristila, uklju\u010duju\u0107i SAD i Nizozemsku.\u201d<\/p>\n\n\n\n<p>U tekstu ni\u017ee mo\u017eete prona\u0107i vi\u0161e o lokalnom iskustvu koje mo\u017eete do\u017eivljeti u ovom dijelu Hrvatske koje nude Golden Slavonia Travel i Maksi Tours.<\/p>\n","protected":false},"excerpt":{"rendered":"<p>Slavonija i Baranja \u2013&nbsp;u\u017eivancija na dohvat ruke Razmi\u0161lja\u0161 o pustolovini na dohvat ruke, o neo\u010dekivanom putovanju koje po\u010dinje iza ugla, o iskustvu za kakvim mnogi tragaju tisu\u0107ama kilometara? Dopusti da te upoznamo s rje\u0161enjem svih putoholi\u010darskih nedoumica! Kameru ne\u0107ete gasiti. Ovdje se nalaze neke od posljednjih netaknutih mo\u010dvara Europe, nepregledna \u017eitna polja, bogati vinogradi te [&hellip;]<\/p>\n","protected":false},"author":3,"featured_media":2465,"parent":1210,"menu_order":0,"comment_status":"open","ping_status":"open","template":"page-trip-nomads-offer.php","meta":{"footnotes":""},"class_list":["post-2718","page","type-page","status-publish","has-post-thumbnail","hentry"],"acf":[],"yoast_head":"<!-- This site is optimized with the Yoast SEO plugin v25.0 - https:\/\/yoast.com\/wordpress\/plugins\/seo\/ -->\n<title>Ponuda aktivnosti i programa za digitalne nomade - Eszek-baranya megye turisztikai kozossege<\/title>\n<meta name=\"robots\" content=\"index, follow, max-snippet:-1, max-image-preview:large, max-video-preview:-1\" \/>\n<link rel=\"canonical\" href=\"https:\/\/visitslavoniabaranja.com\/planiraj-putovanje\/ponuda-aktivnosti-i-programa-za-digitalne-nomade\/\" \/>\n<meta property=\"og:locale\" content=\"hu_HU\" \/>\n<meta property=\"og:type\" content=\"article\" \/>\n<meta property=\"og:title\" content=\"Ponuda aktivnosti i programa za digitalne nomade - Eszek-baranya megye turisztikai kozossege\" \/>\n<meta property=\"og:description\" content=\"Slavonija i Baranja \u2013&nbsp;u\u017eivancija na dohvat ruke Razmi\u0161lja\u0161 o pustolovini na dohvat ruke, o neo\u010dekivanom putovanju koje po\u010dinje iza ugla, o iskustvu za kakvim mnogi tragaju tisu\u0107ama kilometara? Dopusti da te upoznamo s rje\u0161enjem svih putoholi\u010darskih nedoumica! Kameru ne\u0107ete gasiti. Ovdje se nalaze neke od posljednjih netaknutih mo\u010dvara Europe, nepregledna \u017eitna polja, bogati vinogradi te [&hellip;]\" \/>\n<meta property=\"og:url\" content=\"https:\/\/visitslavoniabaranja.com\/planiraj-putovanje\/ponuda-aktivnosti-i-programa-za-digitalne-nomade\/\" \/>\n<meta property=\"og:site_name\" content=\"Eszek-baranya megye turisztikai kozossege\" \/>\n<meta property=\"article:modified_time\" content=\"2024-10-08T13:39:07+00:00\" \/>\n<meta property=\"og:image\" content=\"https:\/\/visitslavoniabaranja.com\/wp-content\/uploads\/2022\/07\/Bez-naslova-150-\u00d7-150-piks.-Objava-na-Facebooku-1048-\u00d7-250-piks.-1048-\u00d7-500-piks.-1000-\u00d7-500-piks.-3-1.png\" \/>\n\t<meta property=\"og:image:width\" content=\"1000\" \/>\n\t<meta property=\"og:image:height\" content=\"500\" \/>\n\t<meta property=\"og:image:type\" content=\"image\/png\" \/>\n<meta name=\"twitter:card\" content=\"summary_large_image\" \/>\n<meta name=\"twitter:label1\" content=\"Becs\u00fclt olvas\u00e1si id\u0151\" \/>\n\t<meta name=\"twitter:data1\" content=\"2 perc\" \/>\n<script type=\"application\/ld+json\" class=\"yoast-schema-graph\">{\"@context\":\"https:\/\/schema.org\",\"@graph\":[{\"@type\":\"WebPage\",\"@id\":\"https:\/\/visitslavoniabaranja.com\/planiraj-putovanje\/ponuda-aktivnosti-i-programa-za-digitalne-nomade\/\",\"url\":\"https:\/\/visitslavoniabaranja.com\/planiraj-putovanje\/ponuda-aktivnosti-i-programa-za-digitalne-nomade\/\",\"name\":\"Ponuda aktivnosti i programa za digitalne nomade - Eszek-baranya megye turisztikai kozossege\",\"isPartOf\":{\"@id\":\"https:\/\/visitslavoniabaranja.com\/#website\"},\"primaryImageOfPage\":{\"@id\":\"https:\/\/visitslavoniabaranja.com\/planiraj-putovanje\/ponuda-aktivnosti-i-programa-za-digitalne-nomade\/#primaryimage\"},\"image\":{\"@id\":\"https:\/\/visitslavoniabaranja.com\/planiraj-putovanje\/ponuda-aktivnosti-i-programa-za-digitalne-nomade\/#primaryimage\"},\"thumbnailUrl\":\"https:\/\/visitslavoniabaranja.com\/wp-content\/uploads\/2022\/07\/Bez-naslova-150-\u00d7-150-piks.-Objava-na-Facebooku-1048-\u00d7-250-piks.-1048-\u00d7-500-piks.-1000-\u00d7-500-piks.-3-1.png\",\"datePublished\":\"2022-06-17T12:27:00+00:00\",\"dateModified\":\"2024-10-08T13:39:07+00:00\",\"breadcrumb\":{\"@id\":\"https:\/\/visitslavoniabaranja.com\/planiraj-putovanje\/ponuda-aktivnosti-i-programa-za-digitalne-nomade\/#breadcrumb\"},\"inLanguage\":\"hu\",\"potentialAction\":[{\"@type\":\"ReadAction\",\"target\":[\"https:\/\/visitslavoniabaranja.com\/planiraj-putovanje\/ponuda-aktivnosti-i-programa-za-digitalne-nomade\/\"]}]},{\"@type\":\"ImageObject\",\"inLanguage\":\"hu\",\"@id\":\"https:\/\/visitslavoniabaranja.com\/planiraj-putovanje\/ponuda-aktivnosti-i-programa-za-digitalne-nomade\/#primaryimage\",\"url\":\"https:\/\/visitslavoniabaranja.com\/wp-content\/uploads\/2022\/07\/Bez-naslova-150-\u00d7-150-piks.-Objava-na-Facebooku-1048-\u00d7-250-piks.-1048-\u00d7-500-piks.-1000-\u00d7-500-piks.-3-1.png\",\"contentUrl\":\"https:\/\/visitslavoniabaranja.com\/wp-content\/uploads\/2022\/07\/Bez-naslova-150-\u00d7-150-piks.-Objava-na-Facebooku-1048-\u00d7-250-piks.-1048-\u00d7-500-piks.-1000-\u00d7-500-piks.-3-1.png\",\"width\":1000,\"height\":500},{\"@type\":\"BreadcrumbList\",\"@id\":\"https:\/\/visitslavoniabaranja.com\/planiraj-putovanje\/ponuda-aktivnosti-i-programa-za-digitalne-nomade\/#breadcrumb\",\"itemListElement\":[{\"@type\":\"ListItem\",\"position\":1,\"name\":\"Po\u010detna stranica\",\"item\":\"https:\/\/visitslavoniabaranja.com\/hu\/\"},{\"@type\":\"ListItem\",\"position\":2,\"name\":\"Planiraj putovanje\",\"item\":\"https:\/\/visitslavoniabaranja.com\/planiraj-putovanje\/\"},{\"@type\":\"ListItem\",\"position\":3,\"name\":\"Ponuda aktivnosti i programa za digitalne nomade\"}]},{\"@type\":\"WebSite\",\"@id\":\"https:\/\/visitslavoniabaranja.com\/#website\",\"url\":\"https:\/\/visitslavoniabaranja.com\/\",\"name\":\"Eszek-baranya megye turisztikai kozossege\",\"description\":\"\",\"potentialAction\":[{\"@type\":\"SearchAction\",\"target\":{\"@type\":\"EntryPoint\",\"urlTemplate\":\"https:\/\/visitslavoniabaranja.com\/?s={search_term_string}\"},\"query-input\":{\"@type\":\"PropertyValueSpecification\",\"valueRequired\":true,\"valueName\":\"search_term_string\"}}],\"inLanguage\":\"hu\"}]}<\/script>\n<!-- \/ Yoast SEO plugin. -->","yoast_head_json":{"title":"Ponuda aktivnosti i programa za digitalne nomade - Eszek-baranya megye turisztikai kozossege","robots":{"index":"index","follow":"follow","max-snippet":"max-snippet:-1","max-image-preview":"max-image-preview:large","max-video-preview":"max-video-preview:-1"},"canonical":"https:\/\/visitslavoniabaranja.com\/planiraj-putovanje\/ponuda-aktivnosti-i-programa-za-digitalne-nomade\/","og_locale":"hu_HU","og_type":"article","og_title":"Ponuda aktivnosti i programa za digitalne nomade - Eszek-baranya megye turisztikai kozossege","og_description":"Slavonija i Baranja \u2013&nbsp;u\u017eivancija na dohvat ruke Razmi\u0161lja\u0161 o pustolovini na dohvat ruke, o neo\u010dekivanom putovanju koje po\u010dinje iza ugla, o iskustvu za kakvim mnogi tragaju tisu\u0107ama kilometara? Dopusti da te upoznamo s rje\u0161enjem svih putoholi\u010darskih nedoumica! Kameru ne\u0107ete gasiti. Ovdje se nalaze neke od posljednjih netaknutih mo\u010dvara Europe, nepregledna \u017eitna polja, bogati vinogradi te [&hellip;]","og_url":"https:\/\/visitslavoniabaranja.com\/planiraj-putovanje\/ponuda-aktivnosti-i-programa-za-digitalne-nomade\/","og_site_name":"Eszek-baranya megye turisztikai kozossege","article_modified_time":"2024-10-08T13:39:07+00:00","og_image":[{"width":1000,"height":500,"url":"https:\/\/visitslavoniabaranja.com\/wp-content\/uploads\/2022\/07\/Bez-naslova-150-\u00d7-150-piks.-Objava-na-Facebooku-1048-\u00d7-250-piks.-1048-\u00d7-500-piks.-1000-\u00d7-500-piks.-3-1.png","type":"image\/png"}],"twitter_card":"summary_large_image","twitter_misc":{"Becs\u00fclt olvas\u00e1si id\u0151":"2 perc"},"schema":{"@context":"https:\/\/schema.org","@graph":[{"@type":"WebPage","@id":"https:\/\/visitslavoniabaranja.com\/planiraj-putovanje\/ponuda-aktivnosti-i-programa-za-digitalne-nomade\/","url":"https:\/\/visitslavoniabaranja.com\/planiraj-putovanje\/ponuda-aktivnosti-i-programa-za-digitalne-nomade\/","name":"Ponuda aktivnosti i programa za digitalne nomade - Eszek-baranya megye turisztikai kozossege","isPartOf":{"@id":"https:\/\/visitslavoniabaranja.com\/#website"},"primaryImageOfPage":{"@id":"https:\/\/visitslavoniabaranja.com\/planiraj-putovanje\/ponuda-aktivnosti-i-programa-za-digitalne-nomade\/#primaryimage"},"image":{"@id":"https:\/\/visitslavoniabaranja.com\/planiraj-putovanje\/ponuda-aktivnosti-i-programa-za-digitalne-nomade\/#primaryimage"},"thumbnailUrl":"https:\/\/visitslavoniabaranja.com\/wp-content\/uploads\/2022\/07\/Bez-naslova-150-\u00d7-150-piks.-Objava-na-Facebooku-1048-\u00d7-250-piks.-1048-\u00d7-500-piks.-1000-\u00d7-500-piks.-3-1.png","datePublished":"2022-06-17T12:27:00+00:00","dateModified":"2024-10-08T13:39:07+00:00","breadcrumb":{"@id":"https:\/\/visitslavoniabaranja.com\/planiraj-putovanje\/ponuda-aktivnosti-i-programa-za-digitalne-nomade\/#breadcrumb"},"inLanguage":"hu","potentialAction":[{"@type":"ReadAction","target":["https:\/\/visitslavoniabaranja.com\/planiraj-putovanje\/ponuda-aktivnosti-i-programa-za-digitalne-nomade\/"]}]},{"@type":"ImageObject","inLanguage":"hu","@id":"https:\/\/visitslavoniabaranja.com\/planiraj-putovanje\/ponuda-aktivnosti-i-programa-za-digitalne-nomade\/#primaryimage","url":"https:\/\/visitslavoniabaranja.com\/wp-content\/uploads\/2022\/07\/Bez-naslova-150-\u00d7-150-piks.-Objava-na-Facebooku-1048-\u00d7-250-piks.-1048-\u00d7-500-piks.-1000-\u00d7-500-piks.-3-1.png","contentUrl":"https:\/\/visitslavoniabaranja.com\/wp-content\/uploads\/2022\/07\/Bez-naslova-150-\u00d7-150-piks.-Objava-na-Facebooku-1048-\u00d7-250-piks.-1048-\u00d7-500-piks.-1000-\u00d7-500-piks.-3-1.png","width":1000,"height":500},{"@type":"BreadcrumbList","@id":"https:\/\/visitslavoniabaranja.com\/planiraj-putovanje\/ponuda-aktivnosti-i-programa-za-digitalne-nomade\/#breadcrumb","itemListElement":[{"@type":"ListItem","position":1,"name":"Po\u010detna stranica","item":"https:\/\/visitslavoniabaranja.com\/hu\/"},{"@type":"ListItem","position":2,"name":"Planiraj putovanje","item":"https:\/\/visitslavoniabaranja.com\/planiraj-putovanje\/"},{"@type":"ListItem","position":3,"name":"Ponuda aktivnosti i programa za digitalne nomade"}]},{"@type":"WebSite","@id":"https:\/\/visitslavoniabaranja.com\/#website","url":"https:\/\/visitslavoniabaranja.com\/","name":"Eszek-baranya megye turisztikai kozossege","description":"","potentialAction":[{"@type":"SearchAction","target":{"@type":"EntryPoint","urlTemplate":"https:\/\/visitslavoniabaranja.com\/?s={search_term_string}"},"query-input":{"@type":"PropertyValueSpecification","valueRequired":true,"valueName":"search_term_string"}}],"inLanguage":"hu"}]}},"_links":{"self":[{"href":"https:\/\/visitslavoniabaranja.com\/hu\/wp-json\/wp\/v2\/pages\/2718","targetHints":{"allow":["GET"]}}],"collection":[{"href":"https:\/\/visitslavoniabaranja.com\/hu\/wp-json\/wp\/v2\/pages"}],"about":[{"href":"https:\/\/visitslavoniabaranja.com\/hu\/wp-json\/wp\/v2\/types\/page"}],"author":[{"embeddable":true,"href":"https:\/\/visitslavoniabaranja.com\/hu\/wp-json\/wp\/v2\/users\/3"}],"replies":[{"embeddable":true,"href":"https:\/\/visitslavoniabaranja.com\/hu\/wp-json\/wp\/v2\/comments?post=2718"}],"version-history":[{"count":1,"href":"https:\/\/visitslavoniabaranja.com\/hu\/wp-json\/wp\/v2\/pages\/2718\/revisions"}],"predecessor-version":[{"id":2722,"href":"https:\/\/visitslavoniabaranja.com\/hu\/wp-json\/wp\/v2\/pages\/2718\/revisions\/2722"}],"up":[{"embeddable":true,"href":"https:\/\/visitslavoniabaranja.com\/hu\/wp-json\/wp\/v2\/pages\/1210"}],"wp:featuredmedia":[{"embeddable":true,"href":"https:\/\/visitslavoniabaranja.com\/hu\/wp-json\/wp\/v2\/media\/2465"}],"wp:attachment":[{"href":"https:\/\/visitslavoniabaranja.com\/hu\/wp-json\/wp\/v2\/media?parent=2718"}],"curies":[{"name":"wp","href":"https:\/\/api.w.org\/{rel}","templated":true}]}}