
{"id":249,"date":"2022-03-29T17:05:55","date_gmt":"2022-03-29T15:05:55","guid":{"rendered":"https:\/\/visitslavoniabaranja.com\/home\/"},"modified":"2022-04-08T08:59:29","modified_gmt":"2022-04-08T06:59:29","slug":"home","status":"publish","type":"page","link":"https:\/\/visitslavoniabaranja.com\/hu\/","title":{"rendered":"Home"},"content":{"rendered":"\n\n\n<p><\/p>\n","protected":false},"excerpt":{"rendered":"","protected":false},"author":1,"featured_media":1903,"parent":0,"menu_order":0,"comment_status":"closed","ping_status":"closed","template":"index.php","meta":{"footnotes":""},"class_list":["post-249","page","type-page","status-publish","has-post-thumbnail","hentry"],"acf":[],"yoast_head":"<!-- This site is optimized with the Yoast SEO plugin v25.0 - https:\/\/yoast.com\/wordpress\/plugins\/seo\/ -->\n<title>Home - Eszek-baranya megye turisztikai kozossege<\/title>\n<meta name=\"robots\" content=\"index, follow, max-snippet:-1, max-image-preview:large, max-video-preview:-1\" \/>\n<link rel=\"canonical\" href=\"https:\/\/visitslavoniabaranja.com\/hu\/\" \/>\n<meta property=\"og:locale\" content=\"hu_HU\" \/>\n<meta property=\"og:type\" content=\"article\" \/>\n<meta property=\"og:title\" content=\"Home - Eszek-baranya megye turisztikai kozossege\" \/>\n<meta property=\"og:url\" content=\"https:\/\/visitslavoniabaranja.com\/hu\/\" \/>\n<meta property=\"og:site_name\" content=\"Eszek-baranya megye turisztikai kozossege\" \/>\n<meta property=\"article:modified_time\" content=\"2022-04-08T06:59:29+00:00\" \/>\n<meta property=\"og:image\" content=\"https:\/\/visitslavoniabaranja.com\/wp-content\/uploads\/2022\/06\/Bez-naslova-150-\u00d7-150-piks.-Objava-na-Facebooku-1048-\u00d7-250-piks.-1048-\u00d7-500-piks.-1000-\u00d7-500-piks.-1.png\" \/>\n\t<meta property=\"og:image:width\" content=\"1000\" \/>\n\t<meta property=\"og:image:height\" content=\"500\" \/>\n\t<meta property=\"og:image:type\" content=\"image\/png\" \/>\n<meta name=\"twitter:card\" content=\"summary_large_image\" \/>\n<script type=\"application\/ld+json\" class=\"yoast-schema-graph\">{\"@context\":\"https:\/\/schema.org\",\"@graph\":[{\"@type\":\"WebPage\",\"@id\":\"https:\/\/visitslavoniabaranja.com\/hu\/\",\"url\":\"https:\/\/visitslavoniabaranja.com\/hu\/\",\"name\":\"Home - Eszek-baranya megye turisztikai kozossege\",\"isPartOf\":{\"@id\":\"https:\/\/visitslavoniabaranja.com\/#website\"},\"primaryImageOfPage\":{\"@id\":\"https:\/\/visitslavoniabaranja.com\/hu\/#primaryimage\"},\"image\":{\"@id\":\"https:\/\/visitslavoniabaranja.com\/hu\/#primaryimage\"},\"thumbnailUrl\":\"https:\/\/visitslavoniabaranja.com\/wp-content\/uploads\/2022\/06\/Bez-naslova-150-\u00d7-150-piks.-Objava-na-Facebooku-1048-\u00d7-250-piks.-1048-\u00d7-500-piks.-1000-\u00d7-500-piks.-1.png\",\"datePublished\":\"2022-03-29T15:05:55+00:00\",\"dateModified\":\"2022-04-08T06:59:29+00:00\",\"breadcrumb\":{\"@id\":\"https:\/\/visitslavoniabaranja.com\/hu\/#breadcrumb\"},\"inLanguage\":\"hu\",\"potentialAction\":[{\"@type\":\"ReadAction\",\"target\":[\"https:\/\/visitslavoniabaranja.com\/hu\/\"]}]},{\"@type\":\"ImageObject\",\"inLanguage\":\"hu\",\"@id\":\"https:\/\/visitslavoniabaranja.com\/hu\/#primaryimage\",\"url\":\"https:\/\/visitslavoniabaranja.com\/wp-content\/uploads\/2022\/06\/Bez-naslova-150-\u00d7-150-piks.-Objava-na-Facebooku-1048-\u00d7-250-piks.-1048-\u00d7-500-piks.-1000-\u00d7-500-piks.-1.png\",\"contentUrl\":\"https:\/\/visitslavoniabaranja.com\/wp-content\/uploads\/2022\/06\/Bez-naslova-150-\u00d7-150-piks.-Objava-na-Facebooku-1048-\u00d7-250-piks.-1048-\u00d7-500-piks.-1000-\u00d7-500-piks.-1.png\",\"width\":1000,\"height\":500},{\"@type\":\"BreadcrumbList\",\"@id\":\"https:\/\/visitslavoniabaranja.com\/hu\/#breadcrumb\",\"itemListElement\":[{\"@type\":\"ListItem\",\"position\":1,\"name\":\"Po\u010detna stranica\",\"item\":\"https:\/\/visitslavoniabaranja.com\/hu\/\"},{\"@type\":\"ListItem\",\"position\":2,\"name\":\"Home\"}]},{\"@type\":\"WebSite\",\"@id\":\"https:\/\/visitslavoniabaranja.com\/#website\",\"url\":\"https:\/\/visitslavoniabaranja.com\/\",\"name\":\"Eszek-baranya megye turisztikai kozossege\",\"description\":\"\",\"potentialAction\":[{\"@type\":\"SearchAction\",\"target\":{\"@type\":\"EntryPoint\",\"urlTemplate\":\"https:\/\/visitslavoniabaranja.com\/?s={search_term_string}\"},\"query-input\":{\"@type\":\"PropertyValueSpecification\",\"valueRequired\":true,\"valueName\":\"search_term_string\"}}],\"inLanguage\":\"hu\"}]}<\/script>\n<!-- \/ Yoast SEO plugin. -->","yoast_head_json":{"title":"Home - Eszek-baranya megye turisztikai kozossege","robots":{"index":"index","follow":"follow","max-snippet":"max-snippet:-1","max-image-preview":"max-image-preview:large","max-video-preview":"max-video-preview:-1"},"canonical":"https:\/\/visitslavoniabaranja.com\/hu\/","og_locale":"hu_HU","og_type":"article","og_title":"Home - Eszek-baranya megye turisztikai kozossege","og_url":"https:\/\/visitslavoniabaranja.com\/hu\/","og_site_name":"Eszek-baranya megye turisztikai kozossege","article_modified_time":"2022-04-08T06:59:29+00:00","og_image":[{"width":1000,"height":500,"url":"https:\/\/visitslavoniabaranja.com\/wp-content\/uploads\/2022\/06\/Bez-naslova-150-\u00d7-150-piks.-Objava-na-Facebooku-1048-\u00d7-250-piks.-1048-\u00d7-500-piks.-1000-\u00d7-500-piks.-1.png","type":"image\/png"}],"twitter_card":"summary_large_image","schema":{"@context":"https:\/\/schema.org","@graph":[{"@type":"WebPage","@id":"https:\/\/visitslavoniabaranja.com\/hu\/","url":"https:\/\/visitslavoniabaranja.com\/hu\/","name":"Home - Eszek-baranya megye turisztikai kozossege","isPartOf":{"@id":"https:\/\/visitslavoniabaranja.com\/#website"},"primaryImageOfPage":{"@id":"https:\/\/visitslavoniabaranja.com\/hu\/#primaryimage"},"image":{"@id":"https:\/\/visitslavoniabaranja.com\/hu\/#primaryimage"},"thumbnailUrl":"https:\/\/visitslavoniabaranja.com\/wp-content\/uploads\/2022\/06\/Bez-naslova-150-\u00d7-150-piks.-Objava-na-Facebooku-1048-\u00d7-250-piks.-1048-\u00d7-500-piks.-1000-\u00d7-500-piks.-1.png","datePublished":"2022-03-29T15:05:55+00:00","dateModified":"2022-04-08T06:59:29+00:00","breadcrumb":{"@id":"https:\/\/visitslavoniabaranja.com\/hu\/#breadcrumb"},"inLanguage":"hu","potentialAction":[{"@type":"ReadAction","target":["https:\/\/visitslavoniabaranja.com\/hu\/"]}]},{"@type":"ImageObject","inLanguage":"hu","@id":"https:\/\/visitslavoniabaranja.com\/hu\/#primaryimage","url":"https:\/\/visitslavoniabaranja.com\/wp-content\/uploads\/2022\/06\/Bez-naslova-150-\u00d7-150-piks.-Objava-na-Facebooku-1048-\u00d7-250-piks.-1048-\u00d7-500-piks.-1000-\u00d7-500-piks.-1.png","contentUrl":"https:\/\/visitslavoniabaranja.com\/wp-content\/uploads\/2022\/06\/Bez-naslova-150-\u00d7-150-piks.-Objava-na-Facebooku-1048-\u00d7-250-piks.-1048-\u00d7-500-piks.-1000-\u00d7-500-piks.-1.png","width":1000,"height":500},{"@type":"BreadcrumbList","@id":"https:\/\/visitslavoniabaranja.com\/hu\/#breadcrumb","itemListElement":[{"@type":"ListItem","position":1,"name":"Po\u010detna stranica","item":"https:\/\/visitslavoniabaranja.com\/hu\/"},{"@type":"ListItem","position":2,"name":"Home"}]},{"@type":"WebSite","@id":"https:\/\/visitslavoniabaranja.com\/#website","url":"https:\/\/visitslavoniabaranja.com\/","name":"Eszek-baranya megye turisztikai kozossege","description":"","potentialAction":[{"@type":"SearchAction","target":{"@type":"EntryPoint","urlTemplate":"https:\/\/visitslavoniabaranja.com\/?s={search_term_string}"},"query-input":{"@type":"PropertyValueSpecification","valueRequired":true,"valueName":"search_term_string"}}],"inLanguage":"hu"}]}},"_links":{"self":[{"href":"https:\/\/visitslavoniabaranja.com\/hu\/wp-json\/wp\/v2\/pages\/249","targetHints":{"allow":["GET"]}}],"collection":[{"href":"https:\/\/visitslavoniabaranja.com\/hu\/wp-json\/wp\/v2\/pages"}],"about":[{"href":"https:\/\/visitslavoniabaranja.com\/hu\/wp-json\/wp\/v2\/types\/page"}],"author":[{"embeddable":true,"href":"https:\/\/visitslavoniabaranja.com\/hu\/wp-json\/wp\/v2\/users\/1"}],"replies":[{"embeddable":true,"href":"https:\/\/visitslavoniabaranja.com\/hu\/wp-json\/wp\/v2\/comments?post=249"}],"version-history":[{"count":3,"href":"https:\/\/visitslavoniabaranja.com\/hu\/wp-json\/wp\/v2\/pages\/249\/revisions"}],"predecessor-version":[{"id":260,"href":"https:\/\/visitslavoniabaranja.com\/hu\/wp-json\/wp\/v2\/pages\/249\/revisions\/260"}],"wp:featuredmedia":[{"embeddable":true,"href":"https:\/\/visitslavoniabaranja.com\/hu\/wp-json\/wp\/v2\/media\/1903"}],"wp:attachment":[{"href":"https:\/\/visitslavoniabaranja.com\/hu\/wp-json\/wp\/v2\/media?parent=249"}],"curies":[{"name":"wp","href":"https:\/\/api.w.org\/{rel}","templated":true}]}}