
{"id":1891,"date":"2022-06-21T14:41:02","date_gmt":"2022-06-21T12:41:02","guid":{"rendered":"https:\/\/visitslavoniabaranja.com\/?page_id=1891"},"modified":"2022-06-21T14:41:03","modified_gmt":"2022-06-21T12:41:03","slug":"autori-fotografija","status":"publish","type":"page","link":"https:\/\/visitslavoniabaranja.com\/hu\/autori-fotografija\/","title":{"rendered":"Autori objavljenih fotografija"},"content":{"rendered":"\n<p>Sa\u0161a Pjani\u0107<br>Marko Bani\u0107<br>Denis Despot<br>Zvonimir Jankovi\u0107<br>Mario Romuli\u0107 &amp; Dra\u017een Stoj\u010di\u0107<br>Nenad Mili\u0107<br>Nina \u0110ur\u0111evi\u0107<br>Efekt Media<br>Filip Beusan<br>Goran Mirkovi\u0107<br>Igor \u0160eler<br>Irena Slova\u010dek<br>Maja Mu\u0161ki\u0107<br>FotoArt<br>Design studio D \u2013 Darko Puhari\u0107<br>Vjeran Vidakovi\u0107<br>Dra\u017een Lazi\u0107<br>Samir Kurtagi\u0107<br>Matija Turkalj<br>Matija \u0160\u0107ulac<br>Zaim Saljiji<br>Arhiva HTZ<br>Arhiva OB\u017d<br>Arhiva TZ OB\u017d<br>Arhiva TZ Baranje<br>Arhiva TZ \u0110akova<br>Arhiva PP Papuk<br>Arhiva Zeleni Osijek<br>Arhiva Udruga Kara\u0161icka Republika<br>Kre\u0161imir \u010candrli\u0107<br>Dubravko Franjin<br>Andrej Car<br>Mirna Mari\u0107<\/p>\n","protected":false},"excerpt":{"rendered":"<p>Sa\u0161a Pjani\u0107Marko Bani\u0107Denis DespotZvonimir Jankovi\u0107Mario Romuli\u0107 &amp; Dra\u017een Stoj\u010di\u0107Nenad Mili\u0107Nina \u0110ur\u0111evi\u0107Efekt MediaFilip BeusanGoran Mirkovi\u0107Igor \u0160elerIrena Slova\u010dekMaja Mu\u0161ki\u0107FotoArtDesign studio D \u2013 Darko Puhari\u0107Vjeran Vidakovi\u0107Dra\u017een Lazi\u0107Samir Kurtagi\u0107Matija TurkaljMatija \u0160\u0107ulacZaim SaljijiArhiva HTZArhiva OB\u017dArhiva TZ OB\u017dArhiva TZ BaranjeArhiva TZ \u0110akovaArhiva PP PapukArhiva Zeleni OsijekArhiva Udruga Kara\u0161icka RepublikaKre\u0161imir \u010candrli\u0107Dubravko FranjinAndrej CarMirna Mari\u0107<\/p>\n","protected":false},"author":1,"featured_media":0,"parent":0,"menu_order":0,"comment_status":"closed","ping_status":"closed","template":"page-additional.php","meta":{"footnotes":""},"class_list":["post-1891","page","type-page","status-publish","hentry"],"acf":[],"yoast_head":"<!-- This site is optimized with the Yoast SEO plugin v25.0 - https:\/\/yoast.com\/wordpress\/plugins\/seo\/ -->\n<title>Autori objavljenih fotografija - Eszek-baranya megye turisztikai kozossege<\/title>\n<meta name=\"robots\" content=\"index, follow, max-snippet:-1, max-image-preview:large, max-video-preview:-1\" \/>\n<link rel=\"canonical\" href=\"https:\/\/visitslavoniabaranja.com\/en\/autori-fotografija\/\" \/>\n<meta property=\"og:locale\" content=\"hu_HU\" \/>\n<meta property=\"og:type\" content=\"article\" \/>\n<meta property=\"og:title\" content=\"Autori objavljenih fotografija - Eszek-baranya megye turisztikai kozossege\" \/>\n<meta property=\"og:description\" content=\"Sa\u0161a Pjani\u0107Marko Bani\u0107Denis DespotZvonimir Jankovi\u0107Mario Romuli\u0107 &amp; Dra\u017een Stoj\u010di\u0107Nenad Mili\u0107Nina \u0110ur\u0111evi\u0107Efekt MediaFilip BeusanGoran Mirkovi\u0107Igor \u0160elerIrena Slova\u010dekMaja Mu\u0161ki\u0107FotoArtDesign studio D \u2013 Darko Puhari\u0107Vjeran Vidakovi\u0107Dra\u017een Lazi\u0107Samir Kurtagi\u0107Matija TurkaljMatija \u0160\u0107ulacZaim SaljijiArhiva HTZArhiva OB\u017dArhiva TZ OB\u017dArhiva TZ BaranjeArhiva TZ \u0110akovaArhiva PP PapukArhiva Zeleni OsijekArhiva Udruga Kara\u0161icka RepublikaKre\u0161imir \u010candrli\u0107Dubravko FranjinAndrej CarMirna Mari\u0107\" \/>\n<meta property=\"og:url\" content=\"https:\/\/visitslavoniabaranja.com\/en\/autori-fotografija\/\" \/>\n<meta property=\"og:site_name\" content=\"Eszek-baranya megye turisztikai kozossege\" \/>\n<meta property=\"article:modified_time\" content=\"2022-06-21T12:41:03+00:00\" \/>\n<meta name=\"twitter:card\" content=\"summary_large_image\" \/>\n<script type=\"application\/ld+json\" class=\"yoast-schema-graph\">{\"@context\":\"https:\/\/schema.org\",\"@graph\":[{\"@type\":\"WebPage\",\"@id\":\"https:\/\/visitslavoniabaranja.com\/en\/autori-fotografija\/\",\"url\":\"https:\/\/visitslavoniabaranja.com\/en\/autori-fotografija\/\",\"name\":\"Autori objavljenih fotografija - Eszek-baranya megye turisztikai kozossege\",\"isPartOf\":{\"@id\":\"https:\/\/visitslavoniabaranja.com\/#website\"},\"datePublished\":\"2022-06-21T12:41:02+00:00\",\"dateModified\":\"2022-06-21T12:41:03+00:00\",\"breadcrumb\":{\"@id\":\"https:\/\/visitslavoniabaranja.com\/en\/autori-fotografija\/#breadcrumb\"},\"inLanguage\":\"hu\",\"potentialAction\":[{\"@type\":\"ReadAction\",\"target\":[\"https:\/\/visitslavoniabaranja.com\/en\/autori-fotografija\/\"]}]},{\"@type\":\"BreadcrumbList\",\"@id\":\"https:\/\/visitslavoniabaranja.com\/en\/autori-fotografija\/#breadcrumb\",\"itemListElement\":[{\"@type\":\"ListItem\",\"position\":1,\"name\":\"Po\u010detna stranica\",\"item\":\"https:\/\/visitslavoniabaranja.com\/hu\/\"},{\"@type\":\"ListItem\",\"position\":2,\"name\":\"Autori objavljenih fotografija\"}]},{\"@type\":\"WebSite\",\"@id\":\"https:\/\/visitslavoniabaranja.com\/#website\",\"url\":\"https:\/\/visitslavoniabaranja.com\/\",\"name\":\"Eszek-baranya megye turisztikai kozossege\",\"description\":\"\",\"potentialAction\":[{\"@type\":\"SearchAction\",\"target\":{\"@type\":\"EntryPoint\",\"urlTemplate\":\"https:\/\/visitslavoniabaranja.com\/?s={search_term_string}\"},\"query-input\":{\"@type\":\"PropertyValueSpecification\",\"valueRequired\":true,\"valueName\":\"search_term_string\"}}],\"inLanguage\":\"hu\"}]}<\/script>\n<!-- \/ Yoast SEO plugin. -->","yoast_head_json":{"title":"Autori objavljenih fotografija - Eszek-baranya megye turisztikai kozossege","robots":{"index":"index","follow":"follow","max-snippet":"max-snippet:-1","max-image-preview":"max-image-preview:large","max-video-preview":"max-video-preview:-1"},"canonical":"https:\/\/visitslavoniabaranja.com\/en\/autori-fotografija\/","og_locale":"hu_HU","og_type":"article","og_title":"Autori objavljenih fotografija - Eszek-baranya megye turisztikai kozossege","og_description":"Sa\u0161a Pjani\u0107Marko Bani\u0107Denis DespotZvonimir Jankovi\u0107Mario Romuli\u0107 &amp; Dra\u017een Stoj\u010di\u0107Nenad Mili\u0107Nina \u0110ur\u0111evi\u0107Efekt MediaFilip BeusanGoran Mirkovi\u0107Igor \u0160elerIrena Slova\u010dekMaja Mu\u0161ki\u0107FotoArtDesign studio D \u2013 Darko Puhari\u0107Vjeran Vidakovi\u0107Dra\u017een Lazi\u0107Samir Kurtagi\u0107Matija TurkaljMatija \u0160\u0107ulacZaim SaljijiArhiva HTZArhiva OB\u017dArhiva TZ OB\u017dArhiva TZ BaranjeArhiva TZ \u0110akovaArhiva PP PapukArhiva Zeleni OsijekArhiva Udruga Kara\u0161icka RepublikaKre\u0161imir \u010candrli\u0107Dubravko FranjinAndrej CarMirna Mari\u0107","og_url":"https:\/\/visitslavoniabaranja.com\/en\/autori-fotografija\/","og_site_name":"Eszek-baranya megye turisztikai kozossege","article_modified_time":"2022-06-21T12:41:03+00:00","twitter_card":"summary_large_image","schema":{"@context":"https:\/\/schema.org","@graph":[{"@type":"WebPage","@id":"https:\/\/visitslavoniabaranja.com\/en\/autori-fotografija\/","url":"https:\/\/visitslavoniabaranja.com\/en\/autori-fotografija\/","name":"Autori objavljenih fotografija - Eszek-baranya megye turisztikai kozossege","isPartOf":{"@id":"https:\/\/visitslavoniabaranja.com\/#website"},"datePublished":"2022-06-21T12:41:02+00:00","dateModified":"2022-06-21T12:41:03+00:00","breadcrumb":{"@id":"https:\/\/visitslavoniabaranja.com\/en\/autori-fotografija\/#breadcrumb"},"inLanguage":"hu","potentialAction":[{"@type":"ReadAction","target":["https:\/\/visitslavoniabaranja.com\/en\/autori-fotografija\/"]}]},{"@type":"BreadcrumbList","@id":"https:\/\/visitslavoniabaranja.com\/en\/autori-fotografija\/#breadcrumb","itemListElement":[{"@type":"ListItem","position":1,"name":"Po\u010detna stranica","item":"https:\/\/visitslavoniabaranja.com\/hu\/"},{"@type":"ListItem","position":2,"name":"Autori objavljenih fotografija"}]},{"@type":"WebSite","@id":"https:\/\/visitslavoniabaranja.com\/#website","url":"https:\/\/visitslavoniabaranja.com\/","name":"Eszek-baranya megye turisztikai kozossege","description":"","potentialAction":[{"@type":"SearchAction","target":{"@type":"EntryPoint","urlTemplate":"https:\/\/visitslavoniabaranja.com\/?s={search_term_string}"},"query-input":{"@type":"PropertyValueSpecification","valueRequired":true,"valueName":"search_term_string"}}],"inLanguage":"hu"}]}},"_links":{"self":[{"href":"https:\/\/visitslavoniabaranja.com\/hu\/wp-json\/wp\/v2\/pages\/1891","targetHints":{"allow":["GET"]}}],"collection":[{"href":"https:\/\/visitslavoniabaranja.com\/hu\/wp-json\/wp\/v2\/pages"}],"about":[{"href":"https:\/\/visitslavoniabaranja.com\/hu\/wp-json\/wp\/v2\/types\/page"}],"author":[{"embeddable":true,"href":"https:\/\/visitslavoniabaranja.com\/hu\/wp-json\/wp\/v2\/users\/1"}],"replies":[{"embeddable":true,"href":"https:\/\/visitslavoniabaranja.com\/hu\/wp-json\/wp\/v2\/comments?post=1891"}],"version-history":[{"count":1,"href":"https:\/\/visitslavoniabaranja.com\/hu\/wp-json\/wp\/v2\/pages\/1891\/revisions"}],"predecessor-version":[{"id":1892,"href":"https:\/\/visitslavoniabaranja.com\/hu\/wp-json\/wp\/v2\/pages\/1891\/revisions\/1892"}],"wp:attachment":[{"href":"https:\/\/visitslavoniabaranja.com\/hu\/wp-json\/wp\/v2\/media?parent=1891"}],"curies":[{"name":"wp","href":"https:\/\/api.w.org\/{rel}","templated":true}]}}