
{"id":1889,"date":"2022-06-21T14:40:23","date_gmt":"2022-06-21T12:40:23","guid":{"rendered":"https:\/\/visitslavoniabaranja.com\/?page_id=1889"},"modified":"2022-06-21T14:40:24","modified_gmt":"2022-06-21T12:40:24","slug":"izjava-o-kolacicima","status":"publish","type":"page","link":"https:\/\/visitslavoniabaranja.com\/hu\/izjava-o-kolacicima\/","title":{"rendered":"Izjava o kola\u010di\u0107ima"},"content":{"rendered":"\n<p>Kako bismo vam pru\u017eili najbolje iskustvo na\u0161e stranice, te kako bi stranica radila ispravno, ova stranica na va\u0161e ra\u010dunalo sprema malu koli\u010dinu informacija (cookies \u2013 kola\u010di\u0107i). Kori\u0161tenjem internetskih stranica: www.visitslavoniabaranja.com, www.visitslavonijabaranja.com, www.headoneast.eu, www.headoneastcroatia.com, www.tzosbarzup.hr pristajete na uporabu kola\u010di\u0107a. Blokiranjem kola\u010di\u0107a i dalje mo\u017eete pregledavati stranicu, no neke njezine funkcionalnosti Vam ne\u0107e biti dostupne.<\/p>\n\n\n\n<p><strong>\u0160to je kola\u010di\u0107?<\/strong><\/p>\n\n\n\n<p>Kola\u010di\u0107 je informacija spremljena na Va\u0161e ra\u010dunalo od strane web stranice koju posjetite. Kola\u010di\u0107i omogu\u0107uju stranici da prika\u017ee informacije prilago\u0111ene Va\u0161im potrebama. Oni obi\u010dno spremaju Va\u0161e postavke i postavke za web stranicu, kao \u0161to su preferirani jezik, e-mail adresa ili lozinka. Kasnije, kada opet otvorite istu web stranicu internet preglednik \u0161alje natrag kola\u010di\u0107e koji pripadaju toj stranici.<\/p>\n\n\n\n<p>Isto tako nama omogu\u0107uju da mjerimo posje\u0107enost i izvore prometa na na\u0161im web stranicama, te sukladno tome mo\u017eemo pobolj\u0161ati performanse na na\u0161im stranicama.<\/p>\n\n\n\n<p>Sve informacije koje kola\u010di\u0107i prikupljaju se akumuliraju i anonimne su, a omogu\u0107uju nam pra\u0107enje u\u010dinkovitosti stranice i ne dijele se s bilo kojim drugim subjektima.<\/p>\n\n\n\n<p>Sve ove informacije mogu biti spremljene jedino ako Vi to omogu\u0107ite \u2013 web stranice ne mogu dobiti pristup informacijama koji im Vi niste dali i ne mogu pristupiti drugim datotekama na Va\u0161em ra\u010dunalu.<\/p>\n\n\n\n<p><strong>Onemogu\u0107avanje kola\u010di\u0107a<\/strong><\/p>\n\n\n\n<p>Isklju\u010divanjem kola\u010di\u0107a odlu\u010dujete da li ho\u0107ete dopustiti pohranjivanje kola\u010di\u0107a na va\u0161em ra\u010dunalu. Postavke kola\u010di\u0107a mogu se kontrolirati i konfigurirati u va\u0161em web pregledniku. Ako onemogu\u0107ite kola\u010di\u0107e, ne\u0107ete mo\u0107i koristiti neke od funkcionalnosti na na\u0161im web stranicama.<\/p>\n\n\n\n<p><strong>Isklju\u010divanje (opting out)<\/strong><br>Prema zadanim postavkama pretra\u017eivanja mre\u017ene stranice posjetitelja prati Google Analytics kako bi se izradili anonimni statisti\u010dki podaci koji se koriste za unapre\u0111enje korisni\u010dkog iskustva.<\/p>\n\n\n\n<p>Nemoj me pratiti preferencije<br>Nemoj me pratiti funkcija je koja posjetiteljima omogu\u0107uje isklju\u010divanje opcije da ih mre\u017ene stranice prate u bilo koju svrhu, uklju\u010duju\u0107i upotrebu servisa za analitiku, ogla\u0161ava\u010dkih mre\u017ea i dru\u0161tvenih platformi. Opcije Nemoj me pratiti dostupne su u nizu preglednika uklju\u010duju\u0107i:<br><a href=\"https:\/\/support.mozilla.org\/hr\/kb\/kako-ukljuciti-opciju-ne-pratiti\" target=\"_blank\" rel=\"noreferrer noopener\">Firefox<\/a><br><a href=\"https:\/\/support.microsoft.com\/en-us\/products\/internet-explorer#ie=ie-11\" target=\"_blank\" rel=\"noreferrer noopener\">Internet Explorer<\/a><br><a href=\"https:\/\/support.google.com\/chrome\/answer\/114836?hl=en&amp;ref_topic=3421433\" target=\"_blank\" rel=\"noreferrer noopener\">Chrome<\/a><br><a href=\"https:\/\/help.apple.com\/safari\/mac\/9.0\/#\/sfri40732\" target=\"_blank\" rel=\"noreferrer noopener\">Safari<\/a><br><a href=\"http:\/\/help.opera.com\/Windows\/12.10\/en\/notrack.html\" target=\"_blank\" rel=\"noreferrer noopener\">Opera<\/a><\/p>\n\n\n\n<p>ako u svojem pregledniku omogu\u0107ite opciju Nemoj me pratiti, Google Analytics po\u0161tovat \u0107e va\u0161 izbor;<br>ako ste omogu\u0107ili opciju Nemoj me pratiti, ne\u0107e vas se pratiti. To predstavlja dodatak isklju\u010divanja prikupljanja i analize podataka za izradu statisti\u010dkih podataka za na\u0161u mre\u017enu stranicu;<br>ako niste omogu\u0107ili opciju Nemoj me pratiti, ali odlu\u010dite isklju\u010diti se, kola\u010di\u0107 piwik_ignore bit \u0107e pohranjen u va\u0161em pregledniku. Niti jednog posjetitelja s kola\u010di\u0107em piwik_ignore Google Analytics ne\u0107e pratiti;<br>ako ste na svojem pregledniku onemogu\u0107ili sve kola\u010di\u0107e, i dalje \u0107emo prikupljati neke op\u0107enite podatke o va\u0161em pretra\u017eivanju (npr. broj posjetitelja na na\u0161oj stranici), ali oni \u0107e biti manje precizni i va\u0161i posjeti ne\u0107e biti pra\u0107eni (ne upotrebljavaju se Piwik kola\u010di\u0107i).<\/p>\n\n\n\n<p><strong>Vi\u0161e o kola\u010di\u0107ima mo\u017eete na\u0107i ovdje:<\/strong><\/p>\n\n\n\n<p>Cookies \u2013&nbsp;<a href=\"https:\/\/ico.org.uk\/for-organisations\/guide-to-pecr\/cookies-and-similar-technologies\">http:\/\/www.ico.org.uk\/for_organisations\/privacy_and_electronic_communica\u2026<\/a><\/p>\n\n\n\n<p><a href=\"https:\/\/visitslavoniabaranja.com\/uvjeti-koristenja\/\">UVJETI KORI\u0160TENJA INTERNETSKIH STRANICA<\/a><\/p>\n","protected":false},"excerpt":{"rendered":"<p>Kako bismo vam pru\u017eili najbolje iskustvo na\u0161e stranice, te kako bi stranica radila ispravno, ova stranica na va\u0161e ra\u010dunalo sprema malu koli\u010dinu informacija (cookies \u2013 kola\u010di\u0107i). Kori\u0161tenjem internetskih stranica: www.visitslavoniabaranja.com, www.visitslavonijabaranja.com, www.headoneast.eu, www.headoneastcroatia.com, www.tzosbarzup.hr pristajete na uporabu kola\u010di\u0107a. Blokiranjem kola\u010di\u0107a i dalje mo\u017eete pregledavati stranicu, no neke njezine funkcionalnosti Vam ne\u0107e biti dostupne. \u0160to je [&hellip;]<\/p>\n","protected":false},"author":1,"featured_media":0,"parent":0,"menu_order":0,"comment_status":"closed","ping_status":"closed","template":"page-additional.php","meta":{"footnotes":""},"class_list":["post-1889","page","type-page","status-publish","hentry"],"acf":[],"yoast_head":"<!-- This site is optimized with the Yoast SEO plugin v25.0 - https:\/\/yoast.com\/wordpress\/plugins\/seo\/ -->\n<title>Izjava o kola\u010di\u0107ima - Eszek-baranya megye turisztikai kozossege<\/title>\n<meta name=\"robots\" content=\"index, follow, max-snippet:-1, max-image-preview:large, max-video-preview:-1\" \/>\n<link rel=\"canonical\" href=\"https:\/\/visitslavoniabaranja.com\/izjava-o-kolacicima\/\" \/>\n<meta property=\"og:locale\" content=\"hu_HU\" \/>\n<meta property=\"og:type\" content=\"article\" \/>\n<meta property=\"og:title\" content=\"Izjava o kola\u010di\u0107ima - Eszek-baranya megye turisztikai kozossege\" \/>\n<meta property=\"og:description\" content=\"Kako bismo vam pru\u017eili najbolje iskustvo na\u0161e stranice, te kako bi stranica radila ispravno, ova stranica na va\u0161e ra\u010dunalo sprema malu koli\u010dinu informacija (cookies \u2013 kola\u010di\u0107i). Kori\u0161tenjem internetskih stranica: www.visitslavoniabaranja.com, www.visitslavonijabaranja.com, www.headoneast.eu, www.headoneastcroatia.com, www.tzosbarzup.hr pristajete na uporabu kola\u010di\u0107a. Blokiranjem kola\u010di\u0107a i dalje mo\u017eete pregledavati stranicu, no neke njezine funkcionalnosti Vam ne\u0107e biti dostupne. \u0160to je [&hellip;]\" \/>\n<meta property=\"og:url\" content=\"https:\/\/visitslavoniabaranja.com\/izjava-o-kolacicima\/\" \/>\n<meta property=\"og:site_name\" content=\"Eszek-baranya megye turisztikai kozossege\" \/>\n<meta property=\"article:modified_time\" content=\"2022-06-21T12:40:24+00:00\" \/>\n<meta name=\"twitter:card\" content=\"summary_large_image\" \/>\n<meta name=\"twitter:label1\" content=\"Becs\u00fclt olvas\u00e1si id\u0151\" \/>\n\t<meta name=\"twitter:data1\" content=\"3 perc\" \/>\n<script type=\"application\/ld+json\" class=\"yoast-schema-graph\">{\"@context\":\"https:\/\/schema.org\",\"@graph\":[{\"@type\":\"WebPage\",\"@id\":\"https:\/\/visitslavoniabaranja.com\/izjava-o-kolacicima\/\",\"url\":\"https:\/\/visitslavoniabaranja.com\/izjava-o-kolacicima\/\",\"name\":\"Izjava o kola\u010di\u0107ima - Eszek-baranya megye turisztikai kozossege\",\"isPartOf\":{\"@id\":\"https:\/\/visitslavoniabaranja.com\/#website\"},\"datePublished\":\"2022-06-21T12:40:23+00:00\",\"dateModified\":\"2022-06-21T12:40:24+00:00\",\"breadcrumb\":{\"@id\":\"https:\/\/visitslavoniabaranja.com\/izjava-o-kolacicima\/#breadcrumb\"},\"inLanguage\":\"hu\",\"potentialAction\":[{\"@type\":\"ReadAction\",\"target\":[\"https:\/\/visitslavoniabaranja.com\/izjava-o-kolacicima\/\"]}]},{\"@type\":\"BreadcrumbList\",\"@id\":\"https:\/\/visitslavoniabaranja.com\/izjava-o-kolacicima\/#breadcrumb\",\"itemListElement\":[{\"@type\":\"ListItem\",\"position\":1,\"name\":\"Po\u010detna stranica\",\"item\":\"https:\/\/visitslavoniabaranja.com\/hu\/\"},{\"@type\":\"ListItem\",\"position\":2,\"name\":\"Izjava o kola\u010di\u0107ima\"}]},{\"@type\":\"WebSite\",\"@id\":\"https:\/\/visitslavoniabaranja.com\/#website\",\"url\":\"https:\/\/visitslavoniabaranja.com\/\",\"name\":\"Eszek-baranya megye turisztikai kozossege\",\"description\":\"\",\"potentialAction\":[{\"@type\":\"SearchAction\",\"target\":{\"@type\":\"EntryPoint\",\"urlTemplate\":\"https:\/\/visitslavoniabaranja.com\/?s={search_term_string}\"},\"query-input\":{\"@type\":\"PropertyValueSpecification\",\"valueRequired\":true,\"valueName\":\"search_term_string\"}}],\"inLanguage\":\"hu\"}]}<\/script>\n<!-- \/ Yoast SEO plugin. -->","yoast_head_json":{"title":"Izjava o kola\u010di\u0107ima - Eszek-baranya megye turisztikai kozossege","robots":{"index":"index","follow":"follow","max-snippet":"max-snippet:-1","max-image-preview":"max-image-preview:large","max-video-preview":"max-video-preview:-1"},"canonical":"https:\/\/visitslavoniabaranja.com\/izjava-o-kolacicima\/","og_locale":"hu_HU","og_type":"article","og_title":"Izjava o kola\u010di\u0107ima - Eszek-baranya megye turisztikai kozossege","og_description":"Kako bismo vam pru\u017eili najbolje iskustvo na\u0161e stranice, te kako bi stranica radila ispravno, ova stranica na va\u0161e ra\u010dunalo sprema malu koli\u010dinu informacija (cookies \u2013 kola\u010di\u0107i). Kori\u0161tenjem internetskih stranica: www.visitslavoniabaranja.com, www.visitslavonijabaranja.com, www.headoneast.eu, www.headoneastcroatia.com, www.tzosbarzup.hr pristajete na uporabu kola\u010di\u0107a. Blokiranjem kola\u010di\u0107a i dalje mo\u017eete pregledavati stranicu, no neke njezine funkcionalnosti Vam ne\u0107e biti dostupne. \u0160to je [&hellip;]","og_url":"https:\/\/visitslavoniabaranja.com\/izjava-o-kolacicima\/","og_site_name":"Eszek-baranya megye turisztikai kozossege","article_modified_time":"2022-06-21T12:40:24+00:00","twitter_card":"summary_large_image","twitter_misc":{"Becs\u00fclt olvas\u00e1si id\u0151":"3 perc"},"schema":{"@context":"https:\/\/schema.org","@graph":[{"@type":"WebPage","@id":"https:\/\/visitslavoniabaranja.com\/izjava-o-kolacicima\/","url":"https:\/\/visitslavoniabaranja.com\/izjava-o-kolacicima\/","name":"Izjava o kola\u010di\u0107ima - Eszek-baranya megye turisztikai kozossege","isPartOf":{"@id":"https:\/\/visitslavoniabaranja.com\/#website"},"datePublished":"2022-06-21T12:40:23+00:00","dateModified":"2022-06-21T12:40:24+00:00","breadcrumb":{"@id":"https:\/\/visitslavoniabaranja.com\/izjava-o-kolacicima\/#breadcrumb"},"inLanguage":"hu","potentialAction":[{"@type":"ReadAction","target":["https:\/\/visitslavoniabaranja.com\/izjava-o-kolacicima\/"]}]},{"@type":"BreadcrumbList","@id":"https:\/\/visitslavoniabaranja.com\/izjava-o-kolacicima\/#breadcrumb","itemListElement":[{"@type":"ListItem","position":1,"name":"Po\u010detna stranica","item":"https:\/\/visitslavoniabaranja.com\/hu\/"},{"@type":"ListItem","position":2,"name":"Izjava o kola\u010di\u0107ima"}]},{"@type":"WebSite","@id":"https:\/\/visitslavoniabaranja.com\/#website","url":"https:\/\/visitslavoniabaranja.com\/","name":"Eszek-baranya megye turisztikai kozossege","description":"","potentialAction":[{"@type":"SearchAction","target":{"@type":"EntryPoint","urlTemplate":"https:\/\/visitslavoniabaranja.com\/?s={search_term_string}"},"query-input":{"@type":"PropertyValueSpecification","valueRequired":true,"valueName":"search_term_string"}}],"inLanguage":"hu"}]}},"_links":{"self":[{"href":"https:\/\/visitslavoniabaranja.com\/hu\/wp-json\/wp\/v2\/pages\/1889","targetHints":{"allow":["GET"]}}],"collection":[{"href":"https:\/\/visitslavoniabaranja.com\/hu\/wp-json\/wp\/v2\/pages"}],"about":[{"href":"https:\/\/visitslavoniabaranja.com\/hu\/wp-json\/wp\/v2\/types\/page"}],"author":[{"embeddable":true,"href":"https:\/\/visitslavoniabaranja.com\/hu\/wp-json\/wp\/v2\/users\/1"}],"replies":[{"embeddable":true,"href":"https:\/\/visitslavoniabaranja.com\/hu\/wp-json\/wp\/v2\/comments?post=1889"}],"version-history":[{"count":1,"href":"https:\/\/visitslavoniabaranja.com\/hu\/wp-json\/wp\/v2\/pages\/1889\/revisions"}],"predecessor-version":[{"id":1890,"href":"https:\/\/visitslavoniabaranja.com\/hu\/wp-json\/wp\/v2\/pages\/1889\/revisions\/1890"}],"wp:attachment":[{"href":"https:\/\/visitslavoniabaranja.com\/hu\/wp-json\/wp\/v2\/media?parent=1889"}],"curies":[{"name":"wp","href":"https:\/\/api.w.org\/{rel}","templated":true}]}}