
{"id":1798,"date":"2022-06-17T15:20:21","date_gmt":"2022-06-17T13:20:21","guid":{"rendered":"https:\/\/visitslavoniabaranja.com\/?page_id=1798"},"modified":"2022-06-17T15:25:13","modified_gmt":"2022-06-17T13:25:13","slug":"dakovo","status":"publish","type":"page","link":"https:\/\/visitslavoniabaranja.com\/hu\/planiraj-putovanje\/smjestaj\/dakovo\/","title":{"rendered":"\u0110akovo"},"content":{"rendered":"\n<h2 class=\"wp-block-heading\">Garden Holiday Home<\/h2>\n\n\n\n<p><strong>Adresa:<\/strong><br>Kralja Zvonimira 6<br>31418 Drenje<\/p>\n\n\n\n<p><strong>Kontakt:<\/strong><br>+385 98 904 9817<br>josip.stevic123@gmail.com<br>www.facebook.com\/Garden-Holiday-Home-544973392547459\/?ref=py_c<\/p>\n\n\n\n<h2 class=\"wp-block-heading\">Pansion Budimir<\/h2>\n\n\n\n<p><strong>Adresa:<\/strong><br>Nikole Tesle 90 A<br>31400 \u0110akovo<\/p>\n\n\n\n<p><strong>Kontakt:<\/strong><br>+385 31 497 860<br>+385 95 578 8399<br>info@pansion-budimir.hr<br>www.pansion-budimir.hr<\/p>\n\n\n\n<h2 class=\"wp-block-heading\">Hotel \u0110akovo<\/h2>\n\n\n\n<p><strong>Adresa:<\/strong><br>Josipa Bana Jela\u010di\u0107a 18<br>31400 \u0110akovo<\/p>\n\n\n\n<p><strong>Kontakt:<\/strong><br>+385 31 840 570<br>info@hotel-djakovo.hr<br>www.hotel-djakovo.hr<\/p>\n\n\n\n<h2 class=\"wp-block-heading\">Pansion Laguna<\/h2>\n\n\n\n<p><strong>Adresa:<\/strong><br>Stjepana Radi\u0107a 17<br>31400 \u0110akovo<\/p>\n\n\n\n<p><strong>Kontakt:<\/strong><br>+385 31 821 634<br>info@laguna-ugostiteljstvo.hr<br>www.laguna-ugostiteljstvo.hr<\/p>\n\n\n\n<h2 class=\"wp-block-heading\">Privatni smje\u0161taj Konjarik, apartmani i sobe<\/h2>\n\n\n\n<p><strong>Adresa:<\/strong><br>Ante Star\u010devi\u0107a 43<br>31400 \u0110akovo<\/p>\n\n\n\n<p><strong>Kontakt:<\/strong><br>+385 98 931 3605<br>apartmanidjakovo@gmail.com<br>www.apartman-djakovo.com<\/p>\n\n\n\n<h2 class=\"wp-block-heading\">Apartman Lovri\u0107<\/h2>\n\n\n\n<p><strong>Adresa:<\/strong><br>Otona Ivekovi\u0107a 14<br>31400 \u0110akovo<\/p>\n\n\n\n<p><strong>Kontakt:<\/strong><br>+385 99 518 0642<br>apartman.lovric.djakovo@gmail.com<br>www.apartman-lovric-djakovo.hr<\/p>\n\n\n\n<h2 class=\"wp-block-heading\">Apartman \u201dPeri\u0107\u201d<\/h2>\n\n\n\n<p><strong>Adresa:<\/strong><br>Biskupa Antuna Mandi\u0107a 32<br>31400 \u0110akovo<\/p>\n\n\n\n<p><strong>Kontakt:<\/strong><br>+385 91 786 5457<br>ljubicamladen@gmail.com<br>www.booking.com\/hotel\/hr\/apartman-peric.hr.html<\/p>\n\n\n\n<h2 class=\"wp-block-heading\">Preno\u0107i\u0161te \u201cCroatia-turist\u201d<\/h2>\n\n\n\n<p><strong>Adresa:<\/strong><br>Petra Preradovi\u0107a 25<br>31400 \u0110akovo<\/p>\n\n\n\n<p><strong>Kontakt:<\/strong><br>+385 31 813 391<br>croatia-turist@os.t-com.hr<br>www.croatiaturist.hr<\/p>\n\n\n\n<h2 class=\"wp-block-heading\">Ku\u0107a za odmor \u201dZlatni vez\u201d<\/h2>\n\n\n\n<p><strong>Adresa:<\/strong><br>Ilirska 4<br>31400 \u0110akovo<\/p>\n\n\n\n<p><strong>Kontakt:<\/strong><br>+385 98 518 375<br>frankmilos8@gmail.com<br>www.tzdjakovo.eu\/index.php\/hr\/znamenitosti\/muzeji\/item\/54-kuca-za-odmor-zlatni-vez?rid=202<\/p>\n\n\n\n<h2 class=\"wp-block-heading\">Sobe 2i<\/h2>\n\n\n\n<p><strong>Adresa:<\/strong><br>Cepeli\u0107ev prolaz 3<br>31400 \u0110akovo<\/p>\n\n\n\n<p><strong>Kontakt:<\/strong><br>+385 91 524 5868<br>ivana.francem@gmail.com<br>www.sobe2i.com<\/p>\n\n\n\n<h2 class=\"wp-block-heading\">Sobe Stross<\/h2>\n\n\n\n<p><strong>Adresa:<\/strong><br>Nikole Tesle 74<br>31400 \u0110akovo<\/p>\n\n\n\n<p><strong>Kontakt:<\/strong><br>+385 98 197 1677<br>tcapalija@gmail.com<br>www.tzdjakovo.eu\/index.php\/hr\/znamenitosti\/muzeji\/item\/58-sobe-stross?rid=171<\/p>\n\n\n\n<h2 class=\"wp-block-heading\">Apartment Zve\u010daj<\/h2>\n\n\n\n<p><strong>Adresa:<\/strong><br>Ul. Zve\u010daj II 20<br>31400 \u0110akovo<\/p>\n\n\n\n<p><strong>Kontakt:<\/strong><br>+385 92 166 6440<br>miranmihaljevic86@gmail.com<br>www.booking.com\/hotel\/hr\/ulica-zvecaj-ii.hr.html<\/p>\n\n\n\n<h2 class=\"wp-block-heading\">Apartman \u201cTake a Break\u201d<\/h2>\n\n\n\n<p><strong>Adresa:<\/strong><br>Ul. bana Josipa Jela\u010di\u0107a 59<br>31400 \u0110akovo<\/p>\n\n\n\n<p><strong>Kontakt:<\/strong><br>+385 91 137 8292<br>28mata@gmail.com<br>www.booking.com\/hotel\/hr\/apartman-quot-taka-a-break-quot-dakovo-croatia.hr.html<\/p>\n\n\n\n<h2 class=\"wp-block-heading\">Apartman JOKA<\/h2>\n\n\n\n<p><strong>Adresa:<\/strong><br>Ul. bana Josipa Jela\u010di\u0107a 59<br>31400 \u0110akovo<\/p>\n\n\n\n<p><strong>Kontakt:<\/strong><br>+385 98 362 872<br>matijalovric80@gmail.com<br>www.facebook.com\/apartmanjoka1<\/p>\n\n\n\n<h2 class=\"wp-block-heading\">Sobe Gerstner<\/h2>\n\n\n\n<p><strong>Adresa:<\/strong><br>Ante Star\u010devi\u0107a 36<br>31400 \u0110akovo<\/p>\n\n\n\n<p><strong>Kontakt:<\/strong><br>+385 31 812 981<br>www.tzdjakovo.eu\/index.php\/hr\/znamenitosti\/muzeji\/item\/63-sobe-gerstner<\/p>\n\n\n\n<h2 class=\"wp-block-heading\">Apartman Slavonia \u0110akovo<\/h2>\n\n\n\n<p><strong>Adresa:<\/strong><br>Ul. Ivice Ra\u010dana 49<br>31400 \u0110akovo<\/p>\n\n\n\n<p><strong>Kontakt:<\/strong><br>+385 98 932 1254<br>suza.grafoart@gmail.com<br>www.booking.com\/hotel\/hr\/apartment-slavonia-dakovo.hr.html<\/p>\n\n\n\n<h2 class=\"wp-block-heading\">Studio apartman Centar<\/h2>\n\n\n\n<p><strong>Adresa:<\/strong><br>Ante Star\u010devi\u0107a 36<br>31400 \u0110akovo<\/p>\n\n\n\n<p><strong>Kontakt:<\/strong><br>+385 31 812 981<br>www.tzdjakovo.eu\/index.php\/hr\/znamenitosti\/muzeji\/item\/63-sobe-gerstner<\/p>\n\n\n\n<h2 class=\"wp-block-heading\">Apartman Slavonia \u0110akovo<\/h2>\n\n\n\n<p><strong>Adresa:<\/strong><br>Ljudevita Gaja 2<br>31400 \u0110akovo<\/p>\n\n\n\n<p><strong>Kontakt:<\/strong><br>+385 91 560 5914<br>apartmanfor5@gmail.com<br>www.booking.com\/hotel\/hr\/studio-apartman-centar.hr.html<\/p>\n\n\n\n<h2 class=\"wp-block-heading\">Studio apartman Centar<\/h2>\n\n\n\n<p><strong>Adresa:<\/strong><br>Ante Star\u010devi\u0107a 36<br>31400 \u0110akovo<\/p>\n\n\n\n<p><strong>Kontakt:<\/strong><br>+385 31 812 981<br>www.tzdjakovo.eu\/index.php\/hr\/znamenitosti\/muzeji\/item\/63-sobe-gerstner<\/p>\n\n\n\n<h2 class=\"wp-block-heading\">APARTMAN \u201dFOR 5\u2033<\/h2>\n\n\n\n<p><strong>Adresa:<\/strong><br>Augusta Cesarca 3<br>31400 \u0110akovo<\/p>\n\n\n\n<p><strong>Kontakt:<\/strong><br>+385 99 213 0855<br>apartmanfor5@gmail.com<br>www.booking.com\/hotel\/hr\/for5.hr.html<\/p>\n\n\n\n<h2 class=\"wp-block-heading\">APARTMAN \u201cL&amp;D\u201d<\/h2>\n\n\n\n<p><strong>Adresa:<\/strong><br>Ul. Andrije Hebranga 20<br>31400 \u0110akovo<\/p>\n\n\n\n<p><strong>Kontakt:<\/strong><br>+385 99 859 6633<br>www.facebook.com\/pages\/category\/Local-Business\/Apartman-LD-%C4%90akovo-346148662637366\/<\/p>\n\n\n\n<h2 class=\"wp-block-heading\">Apartman M5<\/h2>\n\n\n\n<p><strong>Adresa:<\/strong><br>Splitska 21<br>31400 \u0110akovo<\/p>\n\n\n\n<p><strong>Kontakt:<\/strong><br>+385 95 530 0030<br>m5.m5apartman@gmail.com<br>www.booking.com\/hotel\/hr\/apartman-m5.hr.html<\/p>\n\n\n\n<h2 class=\"wp-block-heading\">Apartman SLAVONIA 2<\/h2>\n\n\n\n<p><strong>Adresa:<\/strong><br>Ante Star\u010devi\u0107a 83<br>31400 \u0110akovo<\/p>\n\n\n\n<p><strong>Kontakt:<\/strong><br>+385 98 932 1254<br>suza.grafoart@gmail.com<br>www.booking.com\/hotel\/hr\/apartman-slavonia-2.hr.html<\/p>\n\n\n\n<h2 class=\"wp-block-heading\">LUENS<\/h2>\n\n\n\n<p><strong>Adresa:<\/strong><br>Ante Star\u010devi\u0107a 83<br>31400 \u0110akovo<\/p>\n\n\n\n<p><strong>Kontakt:<\/strong><br>+385 99 535 5842<br>smarijanovic1981@gmail.com<br>www.booking.com\/hotel\/hr\/luens.hr.html<\/p>\n\n\n\n<h2 class=\"wp-block-heading\">Studio Apartment Mila<\/h2>\n\n\n\n<p><strong>Adresa:<\/strong><br>Kneza Trpimira 16<br>31400 \u0110akovo<\/p>\n\n\n\n<p><strong>Kontakt:<\/strong><br>+385 91 786 4583<br>marijapetricevic9@gmail.com<br>www.booking.com\/hotel\/hr\/studio-apartman-mila.hr.html<\/p>\n\n\n\n<h2 class=\"wp-block-heading\">Apartman \u201cHD\u201d<\/h2>\n\n\n\n<p><strong>Adresa:<\/strong><br>Zve\u010daj II 13<br>31400 \u0110akovo<\/p>\n\n\n\n<p><strong>Kontakt:<\/strong><br>+385 95 859 8539<br>gamsblazenka@gmail.com<br>www.booking.com\/hotel\/hr\/apartman-hd.hr.html<\/p>\n\n\n\n<h2 class=\"wp-block-heading\">Apartman LENA<\/h2>\n\n\n\n<p><strong>Adresa:<\/strong><br>Ulica bana Josipa Jela\u010di\u0107a 52<br>31400 \u0110akovo<\/p>\n\n\n\n<p><strong>Kontakt:<\/strong><br>+385 98 170 1765<br>mkaselj@gmail.com<br>www.facebook.com\/Apartmanlenadjakovo<\/p>\n\n\n\n<h2 class=\"wp-block-heading\">Apartman \u201cClarissa\u201d<\/h2>\n\n\n\n<p><strong>Adresa:<\/strong><br>Stjepana Radi\u0107a 23<br>31400 \u0110akovo<\/p>\n\n\n\n<p><strong>Kontakt:<\/strong><br>+385 92 146 5980<br>zeljka.hrga@thm.hr<br>www.booking.com\/reviews\/hr\/hotel\/kuca-47-apartman-klarisa-dakovo.hr.html<\/p>\n\n\n\n<h2 class=\"wp-block-heading\">Apartman Kaya<\/h2>\n\n\n\n<p><strong>Adresa:<\/strong><br>Li\u010dka 5<br>31400 \u0110akovo<\/p>\n\n\n\n<p><strong>Kontakt:<\/strong><br>+385 98 252 055<br>trikotaza.irena@gmail.com<br>www.booking.com\/hotel\/hr\/apartman-kaya.hr.html<\/p>\n\n\n\n<h2 class=\"wp-block-heading\">Apartman Srce Slavonije<\/h2>\n\n\n\n<p><strong>Adresa:<\/strong><br>Stjepana Radi\u0107a 9\/IV<br>31400 \u0110akovo<\/p>\n\n\n\n<p><strong>Kontakt:<\/strong><br>+385 91 600 2541<br>angebrandtiva@gmail.com<br>www.tzdjakovo.eu\/index.php\/hr\/znamenitosti\/muzeji\/item\/78-apartman-srce-slavonije?rid=171<\/p>\n\n\n\n<h2 class=\"wp-block-heading\">Apartman \u201cStrossmayer\u201d<\/h2>\n\n\n\n<p><strong>Adresa:<\/strong><br>Ante Star\u010devi\u0107a 43<br>31400 \u0110akovo<\/p>\n\n\n\n<p><strong>Kontakt:<\/strong><br>+385 98 931 3605<br>apartmanidjakovo@gmail.com<br>www.tzdjakovo.eu\/index.php\/hr\/znamenitosti\/muzeji\/item\/80-apartman-strossmayer?rid=171<\/p>\n\n\n\n<h2 class=\"wp-block-heading\">Panorama<\/h2>\n\n\n\n<p><strong>Adresa:<\/strong><br>Bana Josipa Jela\u010di\u0107a 59<br>31400 \u0110akovo<\/p>\n\n\n\n<p><strong>Kontakt:<\/strong><br>+385 99 327 3117<br>sandragaliot73@gmail.com<br>www.booking.com\/hotel\/hr\/panorama-dakovo.hr.html<\/p>\n\n\n\n<h2 class=\"wp-block-heading\">Marin apartman<\/h2>\n\n\n\n<p><strong>Adresa:<\/strong><br>\u0110ure Basari\u010deka 15<br>31400 \u0110akovo<\/p>\n\n\n\n<p><strong>Kontakt:<\/strong><br>+385 91 660 0095<br>marijanov.ivan@gmail.com<br>www.booking.com\/hotel\/hr\/marin-apartman.hr.html<\/p>\n\n\n\n<h2 class=\"wp-block-heading\">Studio apartman \u201c\u0110akovo IN\u201d<\/h2>\n\n\n\n<p><strong>Adresa:<\/strong><br>Kralja Tomislava 8<br>31400 \u0110akovo<\/p>\n\n\n\n<p><strong>Kontakt:<\/strong><br>+385 95 506 1833<br>djakovoin@gmail.com<br>www.booking.com\/hotel\/hr\/dakovo-in.hr.html<\/p>\n\n\n\n<h2 class=\"wp-block-heading\">Studio Apartman B&amp;B<\/h2>\n\n\n\n<p><strong>Adresa:<\/strong><br>Bana Emerika Deren\u010dina 3<br>31400 \u0110akovo<\/p>\n\n\n\n<p><strong>Kontakt:<\/strong><br>+385 99 832 9650<br>ivanaivance1@gmail.com<br>www.tzdjakovo.eu\/index.php\/hr\/znamenitosti\/muzeji\/item\/86-studio-apartman-b-b?rid=171<\/p>\n\n\n\n<h2 class=\"wp-block-heading\">Studio apartman \u201cID\u201d<\/h2>\n\n\n\n<p><strong>Adresa:<\/strong><br>Kralja Tomislava 10<br>31400 \u0110akovo<\/p>\n\n\n\n<p><strong>Kontakt:<\/strong><br>+385 98 678 508<br>apartmaniddj@gmail.com<br>www.booking.com\/hotel\/hr\/studio-apartman-id.hr.html<\/p>\n\n\n\n<h2 class=\"wp-block-heading\">Sobe \u201cKu\u0107ar\u201d<\/h2>\n\n\n\n<p><strong>Adresa:<\/strong><br>Stjepana Radi\u0107a 80<br>31417 Pi\u0161korevci<\/p>\n\n\n\n<p><strong>Kontakt:<\/strong><br>+385 98 360 760<br>vadric@revicon.hr<br>www.tzdjakovo.eu\/index.php\/hr\/znamenitosti\/muzeji\/item\/92-sobe-kucar?rid=171<\/p>\n\n\n\n<h2 class=\"wp-block-heading\">Stross park<\/h2>\n\n\n\n<p><strong>Adresa:<\/strong><br>Petra Preradovi\u0107a 6<br>31400 \u0110akovo<\/p>\n\n\n\n<p><strong>Kontakt:<\/strong><br>+385 91 904 2976<br>strosss.park@gmail.com<br>www.booking.com\/hotel\/hr\/stross-park.sr.html<\/p>\n\n\n\n<h2 class=\"wp-block-heading\">LOVA\u010cKA KU\u0106A<\/h2>\n\n\n\n<p><strong>Adresa:<\/strong><br>Stjepana Radi\u0107a 104<br>31418 \u0110akova\u010dki Ku\u0107anci<\/p>\n\n\n\n<p><strong>Kontakt:<\/strong><br>+385 98 923 3844<br>drazen.marasek@agrofructus.hr<\/p>\n\n\n\n<h2 class=\"wp-block-heading\">Apartman \u201cKaya 2\u201d<\/h2>\n\n\n\n<p><strong>Adresa:<\/strong><br>Li\u010dka 5a<br>31400 \u0110akovo<\/p>\n\n\n\n<p><strong>Kontakt:<\/strong><br>+385 98 252 055<br>trikotaza.irena@gmail.com<br>www.tzdjakovo.eu\/index.php\/hr\/znamenitosti\/muzeji\/item\/88-apartman-kaya-2?rid=171<\/p>\n\n\n\n<h2 class=\"wp-block-heading\">LUGARNICA ADAMOVICH<\/h2>\n\n\n\n<p><strong>Adresa:<\/strong><br>Slavka Bani\u0107a 5<br>31513 Gornja Moti\u010dina<\/p>\n\n\n\n<h2 class=\"wp-block-heading\">APARTMAN BARI\u010cEVI\u0106<\/h2>\n\n\n\n<p><strong>Adresa:<\/strong><br>I. L. Ribara 31<br>31542 Beni\u010danci<\/p>\n\n\n\n<p><strong>Kontakt:<\/strong><br>+385 91 881 8820<br>minimarketbe@gmail.com<\/p>\n\n\n\n<h2 class=\"wp-block-heading\">Country House Stoljetna Vila<\/h2>\n\n\n\n<p><strong>Adresa:<\/strong><br>Nikole \u0160ubi\u0107a Zrinskog 5<br>31513 Seona<\/p>\n\n\n\n<p><strong>Kontakt:<\/strong><br>+385 91 204 0401<br>stoljetnavila@gmail.com<br>hr-hr.facebook.com\/stoljetnavila<\/p>\n","protected":false},"excerpt":{"rendered":"<p>Garden Holiday Home Adresa:Kralja Zvonimira 631418 Drenje Kontakt:+385 98 904 9817josip.stevic123@gmail.comwww.facebook.com\/Garden-Holiday-Home-544973392547459\/?ref=py_c Pansion Budimir Adresa:Nikole Tesle 90 A31400 \u0110akovo Kontakt:+385 31 497 860+385 95 578 8399info@pansion-budimir.hrwww.pansion-budimir.hr Hotel \u0110akovo Adresa:Josipa Bana Jela\u010di\u0107a 1831400 \u0110akovo Kontakt:+385 31 840 570info@hotel-djakovo.hrwww.hotel-djakovo.hr Pansion Laguna Adresa:Stjepana Radi\u0107a 1731400 \u0110akovo Kontakt:+385 31 821 634info@laguna-ugostiteljstvo.hrwww.laguna-ugostiteljstvo.hr Privatni smje\u0161taj Konjarik, apartmani i sobe Adresa:Ante Star\u010devi\u0107a 4331400 [&hellip;]<\/p>\n","protected":false},"author":1,"featured_media":1803,"parent":1780,"menu_order":0,"comment_status":"closed","ping_status":"closed","template":"page-trip-hotels.php","meta":{"footnotes":""},"class_list":["post-1798","page","type-page","status-publish","has-post-thumbnail","hentry"],"acf":[],"yoast_head":"<!-- This site is optimized with the Yoast SEO plugin v25.0 - https:\/\/yoast.com\/wordpress\/plugins\/seo\/ -->\n<title>\u0110akovo - Eszek-baranya megye turisztikai kozossege<\/title>\n<meta name=\"robots\" content=\"index, follow, max-snippet:-1, max-image-preview:large, max-video-preview:-1\" \/>\n<link rel=\"canonical\" href=\"https:\/\/visitslavoniabaranja.com\/planiraj-putovanje\/smjestaj\/dakovo\/\" \/>\n<meta property=\"og:locale\" content=\"hu_HU\" \/>\n<meta property=\"og:type\" content=\"article\" \/>\n<meta property=\"og:title\" content=\"\u0110akovo - Eszek-baranya megye turisztikai kozossege\" \/>\n<meta property=\"og:description\" content=\"Garden Holiday Home Adresa:Kralja Zvonimira 631418 Drenje Kontakt:+385 98 904 9817josip.stevic123@gmail.comwww.facebook.com\/Garden-Holiday-Home-544973392547459\/?ref=py_c Pansion Budimir Adresa:Nikole Tesle 90 A31400 \u0110akovo Kontakt:+385 31 497 860+385 95 578 8399info@pansion-budimir.hrwww.pansion-budimir.hr Hotel \u0110akovo Adresa:Josipa Bana Jela\u010di\u0107a 1831400 \u0110akovo Kontakt:+385 31 840 570info@hotel-djakovo.hrwww.hotel-djakovo.hr Pansion Laguna Adresa:Stjepana Radi\u0107a 1731400 \u0110akovo Kontakt:+385 31 821 634info@laguna-ugostiteljstvo.hrwww.laguna-ugostiteljstvo.hr Privatni smje\u0161taj Konjarik, apartmani i sobe Adresa:Ante Star\u010devi\u0107a 4331400 [&hellip;]\" \/>\n<meta property=\"og:url\" content=\"https:\/\/visitslavoniabaranja.com\/planiraj-putovanje\/smjestaj\/dakovo\/\" \/>\n<meta property=\"og:site_name\" content=\"Eszek-baranya megye turisztikai kozossege\" \/>\n<meta property=\"article:modified_time\" content=\"2022-06-17T13:25:13+00:00\" \/>\n<meta property=\"og:image\" content=\"https:\/\/visitslavoniabaranja.com\/wp-content\/uploads\/2022\/06\/Grad-Dakovo-Denis-Despot-600x400-1.jpg\" \/>\n\t<meta property=\"og:image:width\" content=\"600\" \/>\n\t<meta property=\"og:image:height\" content=\"400\" \/>\n\t<meta property=\"og:image:type\" content=\"image\/jpeg\" \/>\n<meta name=\"twitter:card\" content=\"summary_large_image\" \/>\n<meta name=\"twitter:label1\" content=\"Becs\u00fclt olvas\u00e1si id\u0151\" \/>\n\t<meta name=\"twitter:data1\" content=\"4 perc\" \/>\n<script type=\"application\/ld+json\" class=\"yoast-schema-graph\">{\"@context\":\"https:\/\/schema.org\",\"@graph\":[{\"@type\":\"WebPage\",\"@id\":\"https:\/\/visitslavoniabaranja.com\/planiraj-putovanje\/smjestaj\/dakovo\/\",\"url\":\"https:\/\/visitslavoniabaranja.com\/planiraj-putovanje\/smjestaj\/dakovo\/\",\"name\":\"\u0110akovo - Eszek-baranya megye turisztikai kozossege\",\"isPartOf\":{\"@id\":\"https:\/\/visitslavoniabaranja.com\/#website\"},\"primaryImageOfPage\":{\"@id\":\"https:\/\/visitslavoniabaranja.com\/planiraj-putovanje\/smjestaj\/dakovo\/#primaryimage\"},\"image\":{\"@id\":\"https:\/\/visitslavoniabaranja.com\/planiraj-putovanje\/smjestaj\/dakovo\/#primaryimage\"},\"thumbnailUrl\":\"https:\/\/visitslavoniabaranja.com\/wp-content\/uploads\/2022\/06\/Grad-Dakovo-Denis-Despot-600x400-1.jpg\",\"datePublished\":\"2022-06-17T13:20:21+00:00\",\"dateModified\":\"2022-06-17T13:25:13+00:00\",\"breadcrumb\":{\"@id\":\"https:\/\/visitslavoniabaranja.com\/planiraj-putovanje\/smjestaj\/dakovo\/#breadcrumb\"},\"inLanguage\":\"hu\",\"potentialAction\":[{\"@type\":\"ReadAction\",\"target\":[\"https:\/\/visitslavoniabaranja.com\/planiraj-putovanje\/smjestaj\/dakovo\/\"]}]},{\"@type\":\"ImageObject\",\"inLanguage\":\"hu\",\"@id\":\"https:\/\/visitslavoniabaranja.com\/planiraj-putovanje\/smjestaj\/dakovo\/#primaryimage\",\"url\":\"https:\/\/visitslavoniabaranja.com\/wp-content\/uploads\/2022\/06\/Grad-Dakovo-Denis-Despot-600x400-1.jpg\",\"contentUrl\":\"https:\/\/visitslavoniabaranja.com\/wp-content\/uploads\/2022\/06\/Grad-Dakovo-Denis-Despot-600x400-1.jpg\",\"width\":600,\"height\":400},{\"@type\":\"BreadcrumbList\",\"@id\":\"https:\/\/visitslavoniabaranja.com\/planiraj-putovanje\/smjestaj\/dakovo\/#breadcrumb\",\"itemListElement\":[{\"@type\":\"ListItem\",\"position\":1,\"name\":\"Po\u010detna stranica\",\"item\":\"https:\/\/visitslavoniabaranja.com\/hu\/\"},{\"@type\":\"ListItem\",\"position\":2,\"name\":\"Planiraj putovanje\",\"item\":\"https:\/\/visitslavoniabaranja.com\/planiraj-putovanje\/\"},{\"@type\":\"ListItem\",\"position\":3,\"name\":\"Smje\u0161taj\",\"item\":\"https:\/\/visitslavoniabaranja.com\/planiraj-putovanje\/smjestaj\/\"},{\"@type\":\"ListItem\",\"position\":4,\"name\":\"\u0110akovo\"}]},{\"@type\":\"WebSite\",\"@id\":\"https:\/\/visitslavoniabaranja.com\/#website\",\"url\":\"https:\/\/visitslavoniabaranja.com\/\",\"name\":\"Eszek-baranya megye turisztikai kozossege\",\"description\":\"\",\"potentialAction\":[{\"@type\":\"SearchAction\",\"target\":{\"@type\":\"EntryPoint\",\"urlTemplate\":\"https:\/\/visitslavoniabaranja.com\/?s={search_term_string}\"},\"query-input\":{\"@type\":\"PropertyValueSpecification\",\"valueRequired\":true,\"valueName\":\"search_term_string\"}}],\"inLanguage\":\"hu\"}]}<\/script>\n<!-- \/ Yoast SEO plugin. -->","yoast_head_json":{"title":"\u0110akovo - Eszek-baranya megye turisztikai kozossege","robots":{"index":"index","follow":"follow","max-snippet":"max-snippet:-1","max-image-preview":"max-image-preview:large","max-video-preview":"max-video-preview:-1"},"canonical":"https:\/\/visitslavoniabaranja.com\/planiraj-putovanje\/smjestaj\/dakovo\/","og_locale":"hu_HU","og_type":"article","og_title":"\u0110akovo - Eszek-baranya megye turisztikai kozossege","og_description":"Garden Holiday Home Adresa:Kralja Zvonimira 631418 Drenje Kontakt:+385 98 904 9817josip.stevic123@gmail.comwww.facebook.com\/Garden-Holiday-Home-544973392547459\/?ref=py_c Pansion Budimir Adresa:Nikole Tesle 90 A31400 \u0110akovo Kontakt:+385 31 497 860+385 95 578 8399info@pansion-budimir.hrwww.pansion-budimir.hr Hotel \u0110akovo Adresa:Josipa Bana Jela\u010di\u0107a 1831400 \u0110akovo Kontakt:+385 31 840 570info@hotel-djakovo.hrwww.hotel-djakovo.hr Pansion Laguna Adresa:Stjepana Radi\u0107a 1731400 \u0110akovo Kontakt:+385 31 821 634info@laguna-ugostiteljstvo.hrwww.laguna-ugostiteljstvo.hr Privatni smje\u0161taj Konjarik, apartmani i sobe Adresa:Ante Star\u010devi\u0107a 4331400 [&hellip;]","og_url":"https:\/\/visitslavoniabaranja.com\/planiraj-putovanje\/smjestaj\/dakovo\/","og_site_name":"Eszek-baranya megye turisztikai kozossege","article_modified_time":"2022-06-17T13:25:13+00:00","og_image":[{"width":600,"height":400,"url":"https:\/\/visitslavoniabaranja.com\/wp-content\/uploads\/2022\/06\/Grad-Dakovo-Denis-Despot-600x400-1.jpg","type":"image\/jpeg"}],"twitter_card":"summary_large_image","twitter_misc":{"Becs\u00fclt olvas\u00e1si id\u0151":"4 perc"},"schema":{"@context":"https:\/\/schema.org","@graph":[{"@type":"WebPage","@id":"https:\/\/visitslavoniabaranja.com\/planiraj-putovanje\/smjestaj\/dakovo\/","url":"https:\/\/visitslavoniabaranja.com\/planiraj-putovanje\/smjestaj\/dakovo\/","name":"\u0110akovo - Eszek-baranya megye turisztikai kozossege","isPartOf":{"@id":"https:\/\/visitslavoniabaranja.com\/#website"},"primaryImageOfPage":{"@id":"https:\/\/visitslavoniabaranja.com\/planiraj-putovanje\/smjestaj\/dakovo\/#primaryimage"},"image":{"@id":"https:\/\/visitslavoniabaranja.com\/planiraj-putovanje\/smjestaj\/dakovo\/#primaryimage"},"thumbnailUrl":"https:\/\/visitslavoniabaranja.com\/wp-content\/uploads\/2022\/06\/Grad-Dakovo-Denis-Despot-600x400-1.jpg","datePublished":"2022-06-17T13:20:21+00:00","dateModified":"2022-06-17T13:25:13+00:00","breadcrumb":{"@id":"https:\/\/visitslavoniabaranja.com\/planiraj-putovanje\/smjestaj\/dakovo\/#breadcrumb"},"inLanguage":"hu","potentialAction":[{"@type":"ReadAction","target":["https:\/\/visitslavoniabaranja.com\/planiraj-putovanje\/smjestaj\/dakovo\/"]}]},{"@type":"ImageObject","inLanguage":"hu","@id":"https:\/\/visitslavoniabaranja.com\/planiraj-putovanje\/smjestaj\/dakovo\/#primaryimage","url":"https:\/\/visitslavoniabaranja.com\/wp-content\/uploads\/2022\/06\/Grad-Dakovo-Denis-Despot-600x400-1.jpg","contentUrl":"https:\/\/visitslavoniabaranja.com\/wp-content\/uploads\/2022\/06\/Grad-Dakovo-Denis-Despot-600x400-1.jpg","width":600,"height":400},{"@type":"BreadcrumbList","@id":"https:\/\/visitslavoniabaranja.com\/planiraj-putovanje\/smjestaj\/dakovo\/#breadcrumb","itemListElement":[{"@type":"ListItem","position":1,"name":"Po\u010detna stranica","item":"https:\/\/visitslavoniabaranja.com\/hu\/"},{"@type":"ListItem","position":2,"name":"Planiraj putovanje","item":"https:\/\/visitslavoniabaranja.com\/planiraj-putovanje\/"},{"@type":"ListItem","position":3,"name":"Smje\u0161taj","item":"https:\/\/visitslavoniabaranja.com\/planiraj-putovanje\/smjestaj\/"},{"@type":"ListItem","position":4,"name":"\u0110akovo"}]},{"@type":"WebSite","@id":"https:\/\/visitslavoniabaranja.com\/#website","url":"https:\/\/visitslavoniabaranja.com\/","name":"Eszek-baranya megye turisztikai kozossege","description":"","potentialAction":[{"@type":"SearchAction","target":{"@type":"EntryPoint","urlTemplate":"https:\/\/visitslavoniabaranja.com\/?s={search_term_string}"},"query-input":{"@type":"PropertyValueSpecification","valueRequired":true,"valueName":"search_term_string"}}],"inLanguage":"hu"}]}},"_links":{"self":[{"href":"https:\/\/visitslavoniabaranja.com\/hu\/wp-json\/wp\/v2\/pages\/1798","targetHints":{"allow":["GET"]}}],"collection":[{"href":"https:\/\/visitslavoniabaranja.com\/hu\/wp-json\/wp\/v2\/pages"}],"about":[{"href":"https:\/\/visitslavoniabaranja.com\/hu\/wp-json\/wp\/v2\/types\/page"}],"author":[{"embeddable":true,"href":"https:\/\/visitslavoniabaranja.com\/hu\/wp-json\/wp\/v2\/users\/1"}],"replies":[{"embeddable":true,"href":"https:\/\/visitslavoniabaranja.com\/hu\/wp-json\/wp\/v2\/comments?post=1798"}],"version-history":[{"count":2,"href":"https:\/\/visitslavoniabaranja.com\/hu\/wp-json\/wp\/v2\/pages\/1798\/revisions"}],"predecessor-version":[{"id":1826,"href":"https:\/\/visitslavoniabaranja.com\/hu\/wp-json\/wp\/v2\/pages\/1798\/revisions\/1826"}],"up":[{"embeddable":true,"href":"https:\/\/visitslavoniabaranja.com\/hu\/wp-json\/wp\/v2\/pages\/1780"}],"wp:featuredmedia":[{"embeddable":true,"href":"https:\/\/visitslavoniabaranja.com\/hu\/wp-json\/wp\/v2\/media\/1803"}],"wp:attachment":[{"href":"https:\/\/visitslavoniabaranja.com\/hu\/wp-json\/wp\/v2\/media?parent=1798"}],"curies":[{"name":"wp","href":"https:\/\/api.w.org\/{rel}","templated":true}]}}