
{"id":1776,"date":"2022-06-17T14:26:01","date_gmt":"2022-06-17T12:26:01","guid":{"rendered":"https:\/\/visitslavoniabaranja.com\/?page_id=1776"},"modified":"2024-07-11T11:01:20","modified_gmt":"2024-07-11T09:01:20","slug":"korisne-informacije","status":"publish","type":"page","link":"https:\/\/visitslavoniabaranja.com\/hu\/planiraj-putovanje\/korisne-informacije\/","title":{"rendered":"Korisne informacije"},"content":{"rendered":"\n<h2 class=\"wp-block-heading\"><strong>Op\u0107e informacije o turisti\u010dkoj ponudi Republike Hrvatske<\/strong><\/h2>\n\n\n\n<p>Op\u0107e informacije o turisti\u010dkoj ponudi Republike Hrvatske doznajte na slu\u017ebenom turisti\u010dkom portalu Hrvatske turisti\u010dke zajednice:&nbsp;<a href=\"http:\/\/www.croatia.hr\/\">www.croatia.hr<\/a><\/p>\n\n\n\n<h2 class=\"wp-block-heading\">Op\u0107e informacije o Osje\u010dko-baranjskoj \u017eupaniji<\/h2>\n\n\n\n<p>Op\u0107e informacije o Osje\u010dko-baranjskoj \u017eupaniji, o gospodarstvu i stanovni\u0161tvu doznajte na slu\u017ebenoj web stranici \u017eupanije:&nbsp;<a href=\"http:\/\/www.obz.hr\/\">www.obz.hr<\/a><\/p>\n\n\n\n<h2 class=\"wp-block-heading\"><strong>Polo\u017eaj Osje\u010dko-baranjske \u017eupanije<\/strong><\/h2>\n\n\n\n<p>Osje\u010dko-baranjska \u017eupanija smjestila se na istoku Hrvatske uz dr\u017eavnu granicu s Ma\u0111arskom i Srbijom, u povijesnim regijama Slavoniji i Baranji, uz tok i u\u0161\u0107e velikih rijeka Drave i Dunava i njihove plodne nizine koje se prema zapadu uzdi\u017eu u \u0161umovito slavonsko gorje. Ukoliko na karti Europe pogledom prona\u0111ete rijeku Dunav odnosno njegovu sredinu, prona\u0161li ste i nas \u2013 va\u0161u sljede\u0107u turisti\u010dku destinaciju!<\/p>\n\n\n\n<h2 class=\"wp-block-heading\"><strong>Udaljenosti do Osje\u010dko-baranjske \u017eupanije<\/strong><\/h2>\n\n\n\n<p>Osijek, sredi\u0161te na\u0161e \u017eupanije, nalazi se nedaleko poznatih europskih glavnih gradova s uslugom me\u0111unarodne zra\u010dne luke:<\/p>\n\n\n\n<p>Zagreb \u2013 277 km<br>Budimpe\u0161ta&nbsp; \u2013 258 km<br>Be\u010d \u2013 440 km<br>Ljubljana \u2013 420 km<br>Beograd \u2013 177 km<br>Sarajevo \u2013 258 km<\/p>\n\n\n\n<p>Osijek se nalazi i unutar 500 km od poznatih regionalnih turisti\u010dkih odredi\u0161ta:<\/p>\n\n\n\n<p>Split \u2013 417 km<br>Pe\u010duh \u2013 85 km<br>Graz \u2013 381 km<br>Maribor \u2013 315 km<br>Novi Sad \u2013 107 km<br>Tuzla \u2013 144 km<\/p>\n\n\n\n<h2 class=\"wp-block-heading\"><strong>Vremenska zona<\/strong><\/h2>\n\n\n\n<p>Cijela Hrvatska nalazi se u Srednjoeuropskoj vremenskoj zoni (UTC+1). U primjeni je kori\u0161tenje zimskog i ljetnog ra\u010dunanja vremena kao i u ostatku Europske unije.<\/p>\n\n\n\n<h2 class=\"wp-block-heading\"><strong>Klima<\/strong><\/h2>\n\n\n\n<p>Iako je Hrvatska relativno mala zemlja, u njoj se mogu prona\u0107i razli\u010dite klimatske zone. Uobi\u010dajena je podjela na sjeverozapadni i isto\u010dni nizinski kopneni dio s umjereno-kontinentalnom klimom, sredi\u0161nji brdsko-planinski dio s planinskom klimom te obalni morski dio s mediteranskom klimom. To zna\u010di da \u0107ete prilikom posjeta Osje\u010dko-baranjskoj \u017eupaniji mo\u0107i do\u017eivjeti sva \u010detiri godi\u0161nja doba, hladne zime sa snijegom i zimskim dnevnim temperaturama oko ili ispod nule, koje \u0107e no\u0107u \u010desto pasti i u \u201edebeli minus\u201c, topla i ki\u0161ovita prolje\u0107a, vru\u0107a i sparna ljeta s temperaturama koje \u0107e nerijetko danima prelaziti 30 Celzijevih stupnjeva te ugodne jesenske mjesece s izmjenom suhih i ki\u0161nih razdoblja. Ipak, sveprisutna promjena svjetske klime i ovdje se osjeti pa su zime sve toplije, a ljeta sve su\u0161nija.<\/p>\n\n\n\n<h2 class=\"wp-block-heading\"><strong>Putni dokumenti<\/strong><\/h2>\n\n\n\n<p>Za posjet Hrvatskoj viza vam ne\u0107e stvarati glavobolje. U ve\u0107ini slu\u010dajeva bit \u0107e vam potrebna samo va\u017ee\u0107a putovnica. A ako ste dr\u017eavljanin EU-a, bit \u0107e vam dovoljna osobna iskaznica. Hrvatski carinski propisi gotovo su u potpunosti uskla\u0111eni sa standardima EU-a. Za dodatne informacije obratite se diplomatskim misijama i konzularnim uredima u inozemstvu ili posjetite web stranicu Ministarstva vanjskih i europskih poslova: <a href=\"http:\/\/www.mvep.hr\">www.mvep.hr<\/a>.<\/p>\n\n\n\n<h2 class=\"wp-block-heading\"><strong>Organizacija pru\u017eanja zdravstvene za\u0161tite turistima<\/strong><\/h2>\n\n\n\n<p>Osje\u010dko-baranjska \u017eupanija, UO za zdravstvo: <a href=\"https:\/\/www.obz.hr\/index.php\/novosti-zdravstvo\" target=\"_blank\" rel=\"noreferrer noopener\">https:\/\/www.obz.hr\/index.php\/novosti-zdravstvo<\/a><\/p>\n\n\n\n<p>Dom zdravlja Osje\u010dko-baranjske \u017eupanije: <a href=\"https:\/\/www.dzobz.hr\" target=\"_blank\" rel=\"noreferrer noopener\">https:\/\/www.dzobz.hr<\/a><\/p>\n\n\n\n<p>Zavod za hitnu medicinu Osje\u010dko-baranjske \u017eupanije: <a href=\"https:\/\/zzhm-obz.hr\" target=\"_blank\" rel=\"noreferrer noopener\">https:\/\/zzhm-obz.hr<\/a><\/p>\n\n\n\n<p>Klini\u010dki bolni\u010dki centar Osijek: <a href=\"https:\/\/www.kbco.hr\" target=\"_blank\" rel=\"noreferrer noopener\">https:\/\/www.kbco.hr<\/a><\/p>\n\n\n\n<p>Op\u0107a \u017eupanijska bolnica Na\u0161ice: <a href=\"https:\/\/www.obnasice.hr\" target=\"_blank\" rel=\"noreferrer noopener\">https:\/\/www.obnasice.hr<\/a><\/p>\n\n\n\n<p>Ministarstvo zdravstva RH: <a href=\"https:\/\/croatia.hr\/hr-hr\/zdravlje-i-sigurnost\/hitne-sluzbe\" target=\"_blank\" rel=\"noreferrer noopener\">https:\/\/croatia.hr\/hr-hr\/zdravlje-i-sigurnost\/hitne-sluzbe<\/a><\/p>\n\n\n\n<p>Hrvatska turisti\u010dka zajednica: <a href=\"https:\/\/zdravlje.gov.hr\/zdravstveni-turizam-5532\/organizacija-zdravstvene-zastite-turista-po-zupanijama-2024\/6460\" target=\"_blank\" rel=\"noreferrer noopener\">https:\/\/zdravlje.gov.hr\/zdravstveni-turizam-5532\/organizacija-zdravstvene-zastite-turista-po-zupanijama-2024\/6460<\/a><\/p>\n\n\n\n<h2 class=\"wp-block-heading\"><strong>Covid19 (Coronavirus<\/strong>)<\/h2>\n\n\n\n<p>Tijekom trajanja posebnih uvjeta putovanja uslijed epidemije bolesti Covid19 (Coronavirus), va\u0161e putovanje u Hrvatsku najavite na web stranici www.entercroatia.mup.hr, radi lak\u0161eg i br\u017eeg prelaska dr\u017eavne granice. Dodatne informacije o situaciji uslijed epidemije, potra\u017eite na web stranici&nbsp;<a rel=\"noreferrer noopener\" href=\"https:\/\/visitslavoniabaranja.com\/covid-info\/\" target=\"_blank\">visitslavoniabaranja.com\/covid-info<\/a><\/p>\n\n\n\n<h2 class=\"wp-block-heading\"><strong>Putovanje s ku\u0107nim ljubimcima<\/strong><\/h2>\n\n\n\n<p>Va\u0161i su ku\u0107ni ljubimci dobrodo\u0161li u Hrvatskoj! Ako svoje \u010detverono\u017ene prijatelje \u017eelite iz inozemstva povesti na odmor u Osje\u010dko-baranjsku \u017eupaniju, jedini uvjet jest zadovoljavanje jednostavnog pregleda prije ulaska u zemlju. Na pregledu \u0107e se provjeriti ima li va\u0161 ku\u0107ni ljubimac mikro\u010dip, je li cijepljen protiv bjesno\u0107e i ima li putovnicu ili veterinarsku potvrdu. Za dodatne informacije posjetite web stranicu Ministarstva poljoprivrede \u2013 Uprave Veterinarstva <a href=\"http:\/\/www.veterinarstvo.hr\" data-type=\"URL\" data-id=\"www.veterinarstvo.hr\">www.veterinarstvo.hr<\/a>.<\/p>\n\n\n\n<h2 class=\"wp-block-heading\"><strong>Valuta i na\u010dini pla\u0107anja<\/strong><\/h2>\n\n\n\n<p>Hrvatska je 2023. godine uvela Euro (EUR), zajedni\u010dku valutu Europske unije, a do tada se koristila hrvatska povijesna valuta Kuna (HRK). Novac se mo\u017ee razmijeniti u banci, mjenja\u010dnici, po\u0161tanskom uredu te u pojedinim putni\u010dkim agencijama i hotelima.<\/p>\n\n\n\n<p>U ve\u0107ini slu\u010dajeva prilikom mijenjanja novca u mjenja\u010dnicama nema naplate provizije. Na gotovo svim prodajnim mjestima i na bankomatima mogu\u0107e je koristiti se kreditnim karticama kao \u0161to su Visa, MasterCard, American Express, Diners i druge.<\/p>\n\n\n\n<h2 class=\"wp-block-heading\"><strong>Jezik i kultura<\/strong><\/h2>\n\n\n\n<p>Slu\u017ebeni jezik u Hrvatskoj je hrvatski jezik, koji je ujedno jedan od slu\u017ebenih jezika Europske unije. No, dijelom zahvaljuju\u0107i \u0161kolskom sustavu, a dijelom zbog duge turisti\u010dke tradicije, u ve\u0107ini slu\u010dajeva u trgovini i ugostiteljstvu kao i javnim slu\u017ebama, pa \u010dak i u komunikaciji s obi\u010dnim gra\u0111anima u Hrvatskoj \u0107ete se lako sna\u0107i koriste\u0107i se engleskim jezikom. U Osje\u010dko-baranjskoj \u017eupaniji od koristi vam \u010desto mo\u017ee biti i njema\u010dki jezik, a u mnogim mjestima u Baranji \u010dak i ma\u0111arski jezik.<\/p>\n\n\n\n<p>Prilikom posjeta ovome dijelu Hrvatske, kultura, obi\u010daji, arhitektura te posebice gastronomija mogli bi vas podsjetiti na bliske dijelove srednje Europe, prvenstveno zbog \u010dinjenice da je Hrvatska velik dio svoje povijesti bila dijelom Autro-ugarskog carstva. U Slavoniji i Baranji i danas \u017eive pripadnici raznih nacionalnih manjina, od kojih su najve\u0107e ona srpska i ma\u0111arska.<\/p>\n\n\n\n<p>Ve\u0107ina stanovnika Hrvatske je katoli\u010dke vjere, a od pripadnika ostalih religijskih skupina najvi\u0161e je vjernika pravoslavne i protestantske, odnosno kalvinske vjeroispovjesti.<\/p>\n\n\n\n<h2 class=\"wp-block-heading\"><strong>Napon struje<\/strong><\/h2>\n\n\n\n<p>Kao i u susjednim zemljama, uti\u010dnice u ku\u0107ama i javnim prostorima (EU plug) u Hrvatskoj imaju elektri\u010dni napon od 230 V, frekvencije 50 Hz.<\/p>\n\n\n\n<h2 class=\"wp-block-heading\"><strong>Voda za pi\u0107e<\/strong><\/h2>\n\n\n\n<p>Ukoliko ste u pokretu primjerice za vrijeme turisti\u010dkog razgleda grada, pitku gaziranu ili negaziranu prirodnu mineralnu vodu u bo\u010dici mo\u017eete kupiti u trgovini, no u Hrvatskoj \u0107ete biti u potpunosti sigurni i kada vodu u \u010da\u0161u ulijete izravno iz slavine.<\/p>\n\n\n\n<h2 class=\"wp-block-heading\"><strong>Hitne i de\u017eurne slu\u017ebe<\/strong><\/h2>\n\n\n\n<p>Turisti\u010dki posjet uobi\u010dajeno prolazi bez briga, a to je dijelom i zahvaljuju\u0107i pripremljenosti na nepredvi\u0111ene situacije. Neke od njih su i potrebe za hitnom medicinskom uslugom te vam \u201eza svaki slu\u010daj\u201c u nastavku donosimo popis de\u017eurnih ljekarni, de\u017eurnih lije\u010dnika, hitnog bolni\u010dkog prijema i drugih hitnih slu\u017ebi.<\/p>\n\n\n\n<p>Telefonski brojevi hitnih slu\u017ebi u Republici Hrvatskoj:<br>112 \u2013 Dr\u017eavna uprava za za\u0161titu i spa\u0161avanje (jedinstveni europski broj za sve hitne slu\u017ebe)<br>192 \u2013 Policija<br>193 \u2013 Vatrogasci<br>194 \u2013 Hitna medicinska pomo\u0107<br>195 \u2013 Nacionalna sredi\u0161njica za uskla\u0111ivanje traganja i spa\u0161avanja na moru<br>1987 \u2013 Pomo\u0107 na cesti \u2013 HAK, Hrvatski autoklub<br>00385 (0)91 721 0082 \u2013 HGSS, Hrvatska gorska slu\u017eba spa\u0161avanja \u2013 stanica Osijek<\/p>\n\n\n\n<h2 class=\"wp-block-heading\"><strong>Napojnice pri pla\u0107anju<\/strong><\/h2>\n\n\n\n<p>Korisno je znati da ukoliko turisti\u010dku uslugu pla\u0107ate karticom, ugostitelj naj\u010de\u0161\u0107e ne\u0107e biti u mogu\u0107nosti obra\u010dunati napojnicu koju ste mu odlu\u010dili dati odnosno ra\u010dun \u0107e iznositi to\u010dno onoliko koliko je navedeno primjerice u jelovniku odnosno cjeniku. Uobi\u010dajeno tom prilikom napojnicu ipak ostaviti u papirnatom novcu.<\/p>\n\n\n\n<p>Iako napojnice u Hrvatskoj nisu uklju\u010dene u cijenu, one su uvijek dobrodo\u0161le, a gost ih mo\u017ee ostaviti na nekoliko na\u010dina. Primjerice ukoliko ste popili kavu te vas je ona ko\u0161tala 1,85 EUR, uobi\u010dajeno je ra\u010dun zaokru\u017eiti na 2 EUR, dok se prilikom pla\u0107anja ra\u010duna u restoranu naj\u010de\u0161\u0107e obra\u010duna napojnica od 10 %. Ukoliko se pak \u017eelite zahvaliti samome osoblju, primjerice na recepciji hotela ili ste posebno zahvalni turisti\u010dkom vodi\u010du, uobi\u010dajeno je ostaviti jedinstvenu napojnicu od 2 do 5 Eura.<\/p>\n\n\n\n<h2 class=\"wp-block-heading\"><strong>Telefonski i mobilni operateri<\/strong><\/h2>\n\n\n\n<p>Me\u0111unarodni pozivni broj za Hrvatsku je +385 (00 385), a pred broj u fiksnoj telefonskoj mre\u017ei u Osje\u010dko-baranjskoj \u017eupaniji je 031.<\/p>\n\n\n\n<p>Glavni operateri fiksnih telefonskih i internetskih usluga u Hrvatskoj su:<br>\u2022 HT-Hrvatski telekom, www.t.ht.hr; www.hrvatskitelekom.hr<br>\u2022 OT-Optima telekom, www.optima.hr<br>\u2022 Iskon Internet, www.iskon.hr<br>\u2022 A1 Hrvatska, www.a1.hr<br>\u2022 CARNet \u2013 Hrvatska akademska i istra\u017eiva\u010dka mre\u017ea, www.carnet.hr<\/p>\n\n\n\n<p>Operateri mobilnih telefonskih usluga su:<br>\u2022 T-Mobile, www.hrvatskitelekom.hr<br>\u2022 Tele2, www.tele2.hr<br>\u2022 A1, www.a1.hr<\/p>\n\n\n\n<h2 class=\"wp-block-heading\"><strong>Dr\u017eavni neradni praznici i blagdani<\/strong><\/h2>\n\n\n\n<p>1. sije\u010dnja \u2013 Nova godina<br>6. sije\u010dnja \u2013 Bogojavljenje (Sveta tri kralja)<\/p>\n\n\n\n<p>Uskrs i Uskrsni ponedjeljak<\/p>\n\n\n\n<p>1. svibnja \u2013 Me\u0111unarodni praznik rada (Prvi maj)<br>30. svibnja \u2013 Dan dr\u017eavnosti<\/p>\n\n\n\n<p>Tijelovo<\/p>\n\n\n\n<p>22. lipnja \u2013 Dan antifa\u0161isti\u010dke borbe<\/p>\n\n\n\n<p>5. kolovoza \u2013 Dan pobjede i domovinske zahvalnosti i Dan hrvatskih branitelja<br>15. kolovoza \u2013 Velika Gospa<\/p>\n\n\n\n<p>1. studenog \u2013 Svi sveti<br>18. studenog \u2013 Dan sje\u0107anja na \u017ertve Domovinskog rata<\/p>\n\n\n\n<p>25. prosinca \u2013 Bo\u017ei\u0107<br>26. prosinca \u2013 Sv. Stjepan<\/p>\n\n\n\n<h2 class=\"wp-block-heading\"><strong>Parkirali\u0161ta za turisti\u010dke autobuse<\/strong><\/h2>\n\n\n\n<p>Za vrijeme turisti\u010dkog razgleda grada ili u potrebi za duljim parkiranjem izvan kruga smje\u0161tajnog objekta, turisti\u010dke autobuse u Osje\u010dko-baranjskoj \u017eupaniji mo\u017eete ostaviti na sljede\u0107im lokacijama:<\/p>\n\n\n\n<p>Osijek, stari grad Tvr\u0111a<br>Adresa: kri\u017eanje Ulica kralja Trpimira i Ulica cara Hadrijana<br>Lokacija: ispred tvrtke Gradski prijevoz putnika, isto\u010dni ulaz u Tvr\u0111u<\/p>\n\n\n\n<p>\u0110akovo, centar<br>Adresa: Splitska ulica 21, \u0110akovo<br>Lokacija: uz Vatrogasni dom, nedaleko autobusnog kolodvora i tr\u017enice<\/p>\n\n\n\n<p>Na\u0161ice, centar<br>Adresa: Trg dr. Franje Tu\u0111mana<br>Lokacija: ispred \u017eupne crkve Sv. Antuna Padovanskog<\/p>\n","protected":false},"excerpt":{"rendered":"<p>Op\u0107e informacije o turisti\u010dkoj ponudi Republike Hrvatske Op\u0107e informacije o turisti\u010dkoj ponudi Republike Hrvatske doznajte na slu\u017ebenom turisti\u010dkom portalu Hrvatske turisti\u010dke zajednice:&nbsp;www.croatia.hr Op\u0107e informacije o Osje\u010dko-baranjskoj \u017eupaniji Op\u0107e informacije o Osje\u010dko-baranjskoj \u017eupaniji, o gospodarstvu i stanovni\u0161tvu doznajte na slu\u017ebenoj web stranici \u017eupanije:&nbsp;www.obz.hr Polo\u017eaj Osje\u010dko-baranjske \u017eupanije Osje\u010dko-baranjska \u017eupanija smjestila se na istoku Hrvatske uz dr\u017eavnu granicu [&hellip;]<\/p>\n","protected":false},"author":1,"featured_media":0,"parent":1210,"menu_order":0,"comment_status":"closed","ping_status":"closed","template":"page-trip-info.php","meta":{"footnotes":""},"class_list":["post-1776","page","type-page","status-publish","hentry"],"acf":[],"yoast_head":"<!-- This site is optimized with the Yoast SEO plugin v25.0 - https:\/\/yoast.com\/wordpress\/plugins\/seo\/ -->\n<title>Korisne informacije - Eszek-baranya megye turisztikai kozossege<\/title>\n<meta name=\"robots\" content=\"index, follow, max-snippet:-1, max-image-preview:large, max-video-preview:-1\" \/>\n<link rel=\"canonical\" href=\"https:\/\/visitslavoniabaranja.com\/planiraj-putovanje\/korisne-informacije\/\" \/>\n<meta property=\"og:locale\" content=\"hu_HU\" \/>\n<meta property=\"og:type\" content=\"article\" \/>\n<meta property=\"og:title\" content=\"Korisne informacije - Eszek-baranya megye turisztikai kozossege\" \/>\n<meta property=\"og:description\" content=\"Op\u0107e informacije o turisti\u010dkoj ponudi Republike Hrvatske Op\u0107e informacije o turisti\u010dkoj ponudi Republike Hrvatske doznajte na slu\u017ebenom turisti\u010dkom portalu Hrvatske turisti\u010dke zajednice:&nbsp;www.croatia.hr Op\u0107e informacije o Osje\u010dko-baranjskoj \u017eupaniji Op\u0107e informacije o Osje\u010dko-baranjskoj \u017eupaniji, o gospodarstvu i stanovni\u0161tvu doznajte na slu\u017ebenoj web stranici \u017eupanije:&nbsp;www.obz.hr Polo\u017eaj Osje\u010dko-baranjske \u017eupanije Osje\u010dko-baranjska \u017eupanija smjestila se na istoku Hrvatske uz dr\u017eavnu granicu [&hellip;]\" \/>\n<meta property=\"og:url\" content=\"https:\/\/visitslavoniabaranja.com\/planiraj-putovanje\/korisne-informacije\/\" \/>\n<meta property=\"og:site_name\" content=\"Eszek-baranya megye turisztikai kozossege\" \/>\n<meta property=\"article:modified_time\" content=\"2024-07-11T09:01:20+00:00\" \/>\n<meta name=\"twitter:card\" content=\"summary_large_image\" \/>\n<meta name=\"twitter:label1\" content=\"Becs\u00fclt olvas\u00e1si id\u0151\" \/>\n\t<meta name=\"twitter:data1\" content=\"7 perc\" \/>\n<script type=\"application\/ld+json\" class=\"yoast-schema-graph\">{\"@context\":\"https:\/\/schema.org\",\"@graph\":[{\"@type\":\"WebPage\",\"@id\":\"https:\/\/visitslavoniabaranja.com\/planiraj-putovanje\/korisne-informacije\/\",\"url\":\"https:\/\/visitslavoniabaranja.com\/planiraj-putovanje\/korisne-informacije\/\",\"name\":\"Korisne informacije - Eszek-baranya megye turisztikai kozossege\",\"isPartOf\":{\"@id\":\"https:\/\/visitslavoniabaranja.com\/#website\"},\"datePublished\":\"2022-06-17T12:26:01+00:00\",\"dateModified\":\"2024-07-11T09:01:20+00:00\",\"breadcrumb\":{\"@id\":\"https:\/\/visitslavoniabaranja.com\/planiraj-putovanje\/korisne-informacije\/#breadcrumb\"},\"inLanguage\":\"hu\",\"potentialAction\":[{\"@type\":\"ReadAction\",\"target\":[\"https:\/\/visitslavoniabaranja.com\/planiraj-putovanje\/korisne-informacije\/\"]}]},{\"@type\":\"BreadcrumbList\",\"@id\":\"https:\/\/visitslavoniabaranja.com\/planiraj-putovanje\/korisne-informacije\/#breadcrumb\",\"itemListElement\":[{\"@type\":\"ListItem\",\"position\":1,\"name\":\"Po\u010detna stranica\",\"item\":\"https:\/\/visitslavoniabaranja.com\/hu\/\"},{\"@type\":\"ListItem\",\"position\":2,\"name\":\"Planiraj putovanje\",\"item\":\"https:\/\/visitslavoniabaranja.com\/planiraj-putovanje\/\"},{\"@type\":\"ListItem\",\"position\":3,\"name\":\"Korisne informacije\"}]},{\"@type\":\"WebSite\",\"@id\":\"https:\/\/visitslavoniabaranja.com\/#website\",\"url\":\"https:\/\/visitslavoniabaranja.com\/\",\"name\":\"Eszek-baranya megye turisztikai kozossege\",\"description\":\"\",\"potentialAction\":[{\"@type\":\"SearchAction\",\"target\":{\"@type\":\"EntryPoint\",\"urlTemplate\":\"https:\/\/visitslavoniabaranja.com\/?s={search_term_string}\"},\"query-input\":{\"@type\":\"PropertyValueSpecification\",\"valueRequired\":true,\"valueName\":\"search_term_string\"}}],\"inLanguage\":\"hu\"}]}<\/script>\n<!-- \/ Yoast SEO plugin. -->","yoast_head_json":{"title":"Korisne informacije - Eszek-baranya megye turisztikai kozossege","robots":{"index":"index","follow":"follow","max-snippet":"max-snippet:-1","max-image-preview":"max-image-preview:large","max-video-preview":"max-video-preview:-1"},"canonical":"https:\/\/visitslavoniabaranja.com\/planiraj-putovanje\/korisne-informacije\/","og_locale":"hu_HU","og_type":"article","og_title":"Korisne informacije - Eszek-baranya megye turisztikai kozossege","og_description":"Op\u0107e informacije o turisti\u010dkoj ponudi Republike Hrvatske Op\u0107e informacije o turisti\u010dkoj ponudi Republike Hrvatske doznajte na slu\u017ebenom turisti\u010dkom portalu Hrvatske turisti\u010dke zajednice:&nbsp;www.croatia.hr Op\u0107e informacije o Osje\u010dko-baranjskoj \u017eupaniji Op\u0107e informacije o Osje\u010dko-baranjskoj \u017eupaniji, o gospodarstvu i stanovni\u0161tvu doznajte na slu\u017ebenoj web stranici \u017eupanije:&nbsp;www.obz.hr Polo\u017eaj Osje\u010dko-baranjske \u017eupanije Osje\u010dko-baranjska \u017eupanija smjestila se na istoku Hrvatske uz dr\u017eavnu granicu [&hellip;]","og_url":"https:\/\/visitslavoniabaranja.com\/planiraj-putovanje\/korisne-informacije\/","og_site_name":"Eszek-baranya megye turisztikai kozossege","article_modified_time":"2024-07-11T09:01:20+00:00","twitter_card":"summary_large_image","twitter_misc":{"Becs\u00fclt olvas\u00e1si id\u0151":"7 perc"},"schema":{"@context":"https:\/\/schema.org","@graph":[{"@type":"WebPage","@id":"https:\/\/visitslavoniabaranja.com\/planiraj-putovanje\/korisne-informacije\/","url":"https:\/\/visitslavoniabaranja.com\/planiraj-putovanje\/korisne-informacije\/","name":"Korisne informacije - Eszek-baranya megye turisztikai kozossege","isPartOf":{"@id":"https:\/\/visitslavoniabaranja.com\/#website"},"datePublished":"2022-06-17T12:26:01+00:00","dateModified":"2024-07-11T09:01:20+00:00","breadcrumb":{"@id":"https:\/\/visitslavoniabaranja.com\/planiraj-putovanje\/korisne-informacije\/#breadcrumb"},"inLanguage":"hu","potentialAction":[{"@type":"ReadAction","target":["https:\/\/visitslavoniabaranja.com\/planiraj-putovanje\/korisne-informacije\/"]}]},{"@type":"BreadcrumbList","@id":"https:\/\/visitslavoniabaranja.com\/planiraj-putovanje\/korisne-informacije\/#breadcrumb","itemListElement":[{"@type":"ListItem","position":1,"name":"Po\u010detna stranica","item":"https:\/\/visitslavoniabaranja.com\/hu\/"},{"@type":"ListItem","position":2,"name":"Planiraj putovanje","item":"https:\/\/visitslavoniabaranja.com\/planiraj-putovanje\/"},{"@type":"ListItem","position":3,"name":"Korisne informacije"}]},{"@type":"WebSite","@id":"https:\/\/visitslavoniabaranja.com\/#website","url":"https:\/\/visitslavoniabaranja.com\/","name":"Eszek-baranya megye turisztikai kozossege","description":"","potentialAction":[{"@type":"SearchAction","target":{"@type":"EntryPoint","urlTemplate":"https:\/\/visitslavoniabaranja.com\/?s={search_term_string}"},"query-input":{"@type":"PropertyValueSpecification","valueRequired":true,"valueName":"search_term_string"}}],"inLanguage":"hu"}]}},"_links":{"self":[{"href":"https:\/\/visitslavoniabaranja.com\/hu\/wp-json\/wp\/v2\/pages\/1776","targetHints":{"allow":["GET"]}}],"collection":[{"href":"https:\/\/visitslavoniabaranja.com\/hu\/wp-json\/wp\/v2\/pages"}],"about":[{"href":"https:\/\/visitslavoniabaranja.com\/hu\/wp-json\/wp\/v2\/types\/page"}],"author":[{"embeddable":true,"href":"https:\/\/visitslavoniabaranja.com\/hu\/wp-json\/wp\/v2\/users\/1"}],"replies":[{"embeddable":true,"href":"https:\/\/visitslavoniabaranja.com\/hu\/wp-json\/wp\/v2\/comments?post=1776"}],"version-history":[{"count":5,"href":"https:\/\/visitslavoniabaranja.com\/hu\/wp-json\/wp\/v2\/pages\/1776\/revisions"}],"predecessor-version":[{"id":10854,"href":"https:\/\/visitslavoniabaranja.com\/hu\/wp-json\/wp\/v2\/pages\/1776\/revisions\/10854"}],"up":[{"embeddable":true,"href":"https:\/\/visitslavoniabaranja.com\/hu\/wp-json\/wp\/v2\/pages\/1210"}],"wp:attachment":[{"href":"https:\/\/visitslavoniabaranja.com\/hu\/wp-json\/wp\/v2\/media?parent=1776"}],"curies":[{"name":"wp","href":"https:\/\/api.w.org\/{rel}","templated":true}]}}