
{"id":1410,"date":"2022-05-31T11:33:55","date_gmt":"2022-05-31T09:33:55","guid":{"rendered":"https:\/\/visitslavoniabaranja.com\/?page_id=1410"},"modified":"2022-05-31T11:33:56","modified_gmt":"2022-05-31T09:33:56","slug":"zemlja-vina","status":"publish","type":"page","link":"https:\/\/visitslavoniabaranja.com\/hu\/zemlja-vina\/","title":{"rendered":"Zemlja vina"},"content":{"rendered":"<link rel='stylesheet' id='asl-plugin-css' href='https:\/\/visitslavoniabaranja.com\/wp-content\/plugins\/agile-store-locator\/public\/css\/asl.css?version=4.7.9' type='text\/css' media='all' \/>\n<style type=\"text\/css\">\n  .asl-p-cont .asl-print-btn,.asl-cont .asl-print-btn {display: none !important;}#asl-storelocator.asl-p-cont .Status_filter .onoffswitch-inner::before {\n    content: \"OPEN\" !important\n  }\n\n  #asl-storelocator.asl-p-cont .Status_filter .onoffswitch-inner::after {\n    content: \"ALL\" !important\n  }\n\n  #asl-storelocator.container.storelocator-main.asl-p-cont .asl-loc-sec .asl-panel {\n    order: 0;\n  }\n<\/style>\n\n\n<div id=\"asl-storelocator\" class=\"storelocator-main asl-p-cont asl-template-0 content asl-layout-0 asl-bg-3  asl-text-1\">\n  \n  \n  \n  <div class=\"row\">\n    <div class=\"col col-sml-12 col-xlrg-3 c-panel__wrapper\" style=\"z-index: 0;\">\n      <div class=\"c-panel asl-panel my-panel\">\n                  <!-- <div class=\"col-sml-12\">\n              <div class=\"\">\n                \n                  <div class=\" asl-advance-filters hide\">\n                    \n                      <div class=\" sl-category-filter drop_box_filter\">\n                        <div class=\"asl-filter-cntrl\">\n                          <label class=\"asl-cntrl-lbl\"><\/label>\n                          <div class=\"categories_filter\" id=\"categories_filter\">\n                          <\/div>\n                        <\/div>\n                    <\/div>\n              <\/div>\n            <\/div>\n          <\/div> -->\n\n          \n\n          <style>\n            .categories_filter,\n            #categories_filter {\n              display: none !important;\n            }\n\n            .multiselect-container {\n              padding-top: 0;\n              z-index: 1000 !important;\n            }\n\n            .adropdown-menu {\n              float: none !important;\n              position: relative !important;\n              min-width: 100% !important;\n              display: block !important;\n              background-color: transparent !important;\n              border: 0 !important;\n              border-radius: 0 !important;\n              box-shadow: none !important;\n              z-index: 1000 !important;\n            }\n\n            .adropdown-menu label {\n              \/* text-indent: -90000px; *\/\n            }\n          <\/style>\n\n          <script>\n            jQuery(document).ready(function($) {\n              var path_array = window.location.pathname.split('\/');\n\n              var mapToggleList = $(\".adropdown-menu\");\n\n              setTimeout(() => {\n                $(\".adropdown-menu\").appendTo($(\".c-map__filter\"));\n                var translations_en = [\"Gourmet\", \"Buy Local\", \"Beverages\"];\n                var translations_hu = [\"Gourmet\", \"V\u00e1s\u00e1rolni helyi\", \"Italok\"];\n                var translations_de = [\"Gourmet\", \"Kaufen Sie lokal\", \"Getr\u00e4nk\"];\n\n                $(\".adropdown-menu li\").each(function(index, item) {\n                  $(this).find(\"a\").css(\"display\", \"none\");\n                  \/\/ $(this).prepend('');\n                  var toggleText = $(this).find(\"label\").text();\n                  var inputValue = $(this).find(\"input\").val();\n\n\n                  if (window.location.href.indexOf(\"en\") != -1) {\n                    $.each(translations_en, function(ind, item) {\n                      if (ind == index)\n                        toggleText = item;\n                    })\n                  }\n\n                  if (window.location.href.indexOf(\"hu\") != -1) {\n                    $.each(translations_hu, function(ind, item) {\n                      if (ind == index)\n                        toggleText = item;\n                    })\n                  }\n\n                  if (window.location.href.indexOf(\"de\") != -1) {\n                    $.each(translations_de, function(ind, item) {\n                      if (ind == index)\n                        toggleText = item;\n                    })\n                  }\n\n\n                  $(this).prepend('<div class=\"c-slider\"><div class=\"c-slider__title\"><img decoding=\"async\" src=\"https:\/\/visitslavoniabaranja.com\/wp-content\/themes\/tzobztheme\/assets\/src\/postcss-svg\/map-filter-icons\/' + inputValue + '.svg\"\/>' + toggleText + '<\/div><label class=\"c-slider__switch\"><input type=\"checkbox\" value=\"' + inputValue + '\"><span class=\"c-slider__slider round\"><\/span><\/label><\/div>');\n                });\n\n                $(\".adropdown-menu li\").each(function(ind) {\n                  console.log(\".adropdown menu li: \" + ind);\n                });\n\n                $(\".adropdown-menu li span\").each(function(ind) {\n                  console.log(\".adropdown menu li SPAN: \" + ind);\n                });\n\n                $(\".adropdown-menu li span\").each(function(index) {\n                  $(this).on(\"click\", function() {\n                    $(\".adropdown-menu li\").each(function(ind) {\n                      if (index == ind) {\n                        console.log(\"Index: \" + index + \"Ind: \" + ind + \"\\n\");\n                        $(this).toggleClass(\"active\");\n                        $(this).find(\"a label input\").click();\n                      }\n                    });\n\n                  });\n                });\n              }, 2000)\n\n            });\n          <\/script>\n\n          <section class=\"c-map__filter\">\n            <p class=\"c-sliders__title\">Sz\u0171r\u00e9s vlami alapj\u00e1n<\/p>\n          <\/section>\n          <div class=\"categories_filter\" id=\"categories_filter\"><\/div>\n        \n        <div class=\"Num_of_store c-panel__header\">\n          <span><span id=\"count-result\" class=\"my-result\"><\/span><\/span>\n          <a class=\"asl-print-btn\"><span>PRINT<\/span><span class=\"asl-print\"><\/span><\/a>\n        <\/div>\n        <!-- <a class=\"c-btn--anchor c-btn--anchor--primary js-all-destinations\">Pogledaj sve destinacije<\/a> -->\n\n        <div class=\"c-panel__container\">\n          <!--  Panel Listing -->\n          \n          <div id=\"asl-list\" class=\"storelocator-panel c-panel__listing\">\n\n            <div class=\"asl-overlay\" id=\"map-loading\">\n              <div class=\"white\"><\/div>\n              <div class=\"loading\"><img decoding=\"async\" style=\"margin-right: 10px;\" class=\"loader\" src=\"https:\/\/visitslavoniabaranja.com\/wp-content\/plugins\/agile-store-locator\/public\/Logo\/loading.gif\">Loading...<\/div>\n            <\/div>\n            <div class=\"panel-cont\">\n              <div class=\"panel-inner\">\n                <!-- <div class=\"col-md-12 asl-p-0\">\n                  <ul id=\"p-statelist\" role=\"tablist\" aria-multiselectable=\"true\">\n                  <\/ul>\n                <\/div> -->\n              <\/div>\n            <\/div>\n            <div class=\"directions-cont hide\">\n              <div class=\"agile-modal-header\">\n                <button type=\"button\" class=\"close\"><span aria-hidden=\"true\">&times;<\/span><\/button>\n                <h4>Directions<\/h4>\n              <\/div>\n              <div class=\"rendered-directions\" id=\"asl-rendered-dir\"><\/div>\n            <\/div>\n          <\/div>\n        <\/div>\n      <\/div>\n    <\/div>\n\n    <div class=\"col col-sml-12 col-xlrg-9 asl-map\">\n      <div class=\"store-locator\">\n        <div id=\"asl-map-canv\"><\/div>\n        <!-- agile-modal -->\n        <div id=\"agile-modal-direction\" class=\"agile-modal fade\">\n          <div class=\"agile-modal-backdrop-in\"><\/div>\n          <div class=\"agile-modal-dialog dialog in\">\n            <div class=\"agile-modal-content\">\n              <div class=\"agile-modal-header\">\n                <button type=\"button\" class=\"close-directions close\" data-dismiss=\"agile-modal\" aria-label=\"Close\"><span aria-hidden=\"true\">&times;<\/span><\/button>\n                <h3>Kako do\u0107i do nas?<\/h3>\n              <\/div>\n              <div class=\"form-group\">\n                <label for=\"frm-lbl\">Polazi\u0161te:<\/label>\n                <input id=\"frm-lbl\" class=\"frm-place c-input c-input--outline c-input--outline--sml\" placeholder=\"Unesite polaznu lokaciju\"><\/input>\n              <\/div>\n              <div class=\"form-group\">\n                <label for=\"frm-lbl\">Odredi\u0161te:<\/label>\n                <input readonly=\"true\" id=\"to-lbl\" class=\"directions-to c-input c-input--outline c-input--outline--sml\" placeholder=\"Odredi\u0161na lokacija\"><\/input>\n              <\/div>\n              <div class=\"form-group\" style=\"display: none !important;\">\n                <span for=\"frm-lbl\">Prikaz udaljenosti u: <\/span>\n                <label class=\"checkbox-inline\">\n                  <input type=\"radio\" class=\"c-input c-input--radio\" name=\"dist-type\" id=\"rbtn-km\" value=\"0\"> KM                <\/label>\n                <label class=\"checkbox-inline\">\n                  <input type=\"radio\" class=\"c-input c-input--radio\" name=\"dist-type\" checked id=\"rbtn-mile\" value=\"1\"> Mile                <\/label>\n              <\/div>\n              <div class=\"form-group\">\n                <button type=\"submit\" class=\"btn-submit\">Prika\u017ei upute<\/button>\n              <\/div>\n            <\/div>\n          <\/div>\n        <\/div>\n\n\n        <!-- agile-modal end -->\n      <\/div>\n    <\/div>\n\n  <\/div>\n<\/div>\n<!-- This plugin is developed by \"Agile Store Locator by WordPress\" https:\/\/agilestorelocator.com -->\n","protected":false},"excerpt":{"rendered":"","protected":false},"author":1,"featured_media":0,"parent":0,"menu_order":0,"comment_status":"closed","ping_status":"closed","template":"page-maps-test.php","meta":{"footnotes":""},"class_list":["post-1410","page","type-page","status-publish","hentry"],"acf":[],"yoast_head":"<!-- This site is optimized with the Yoast SEO plugin v25.0 - https:\/\/yoast.com\/wordpress\/plugins\/seo\/ -->\n<title>Zemlja vina - Eszek-baranya megye turisztikai kozossege<\/title>\n<meta name=\"robots\" content=\"index, follow, max-snippet:-1, max-image-preview:large, max-video-preview:-1\" \/>\n<link rel=\"canonical\" href=\"https:\/\/visitslavoniabaranja.com\/hu\/zemlja-vina\/\" \/>\n<meta property=\"og:locale\" content=\"hu_HU\" \/>\n<meta property=\"og:type\" content=\"article\" \/>\n<meta property=\"og:title\" content=\"Zemlja vina - Eszek-baranya megye turisztikai kozossege\" \/>\n<meta property=\"og:url\" content=\"https:\/\/visitslavoniabaranja.com\/hu\/zemlja-vina\/\" \/>\n<meta property=\"og:site_name\" content=\"Eszek-baranya megye turisztikai kozossege\" \/>\n<meta property=\"article:modified_time\" content=\"2022-05-31T09:33:56+00:00\" \/>\n<meta name=\"twitter:card\" content=\"summary_large_image\" \/>\n<script type=\"application\/ld+json\" class=\"yoast-schema-graph\">{\"@context\":\"https:\/\/schema.org\",\"@graph\":[{\"@type\":\"WebPage\",\"@id\":\"https:\/\/visitslavoniabaranja.com\/hu\/zemlja-vina\/\",\"url\":\"https:\/\/visitslavoniabaranja.com\/hu\/zemlja-vina\/\",\"name\":\"Zemlja vina - Eszek-baranya megye turisztikai kozossege\",\"isPartOf\":{\"@id\":\"https:\/\/visitslavoniabaranja.com\/#website\"},\"datePublished\":\"2022-05-31T09:33:55+00:00\",\"dateModified\":\"2022-05-31T09:33:56+00:00\",\"breadcrumb\":{\"@id\":\"https:\/\/visitslavoniabaranja.com\/hu\/zemlja-vina\/#breadcrumb\"},\"inLanguage\":\"hu\",\"potentialAction\":[{\"@type\":\"ReadAction\",\"target\":[\"https:\/\/visitslavoniabaranja.com\/hu\/zemlja-vina\/\"]}]},{\"@type\":\"BreadcrumbList\",\"@id\":\"https:\/\/visitslavoniabaranja.com\/hu\/zemlja-vina\/#breadcrumb\",\"itemListElement\":[{\"@type\":\"ListItem\",\"position\":1,\"name\":\"Po\u010detna stranica\",\"item\":\"https:\/\/visitslavoniabaranja.com\/hu\/\"},{\"@type\":\"ListItem\",\"position\":2,\"name\":\"Zemlja vina\"}]},{\"@type\":\"WebSite\",\"@id\":\"https:\/\/visitslavoniabaranja.com\/#website\",\"url\":\"https:\/\/visitslavoniabaranja.com\/\",\"name\":\"Eszek-baranya megye turisztikai kozossege\",\"description\":\"\",\"potentialAction\":[{\"@type\":\"SearchAction\",\"target\":{\"@type\":\"EntryPoint\",\"urlTemplate\":\"https:\/\/visitslavoniabaranja.com\/?s={search_term_string}\"},\"query-input\":{\"@type\":\"PropertyValueSpecification\",\"valueRequired\":true,\"valueName\":\"search_term_string\"}}],\"inLanguage\":\"hu\"}]}<\/script>\n<!-- \/ Yoast SEO plugin. -->","yoast_head_json":{"title":"Zemlja vina - Eszek-baranya megye turisztikai kozossege","robots":{"index":"index","follow":"follow","max-snippet":"max-snippet:-1","max-image-preview":"max-image-preview:large","max-video-preview":"max-video-preview:-1"},"canonical":"https:\/\/visitslavoniabaranja.com\/hu\/zemlja-vina\/","og_locale":"hu_HU","og_type":"article","og_title":"Zemlja vina - Eszek-baranya megye turisztikai kozossege","og_url":"https:\/\/visitslavoniabaranja.com\/hu\/zemlja-vina\/","og_site_name":"Eszek-baranya megye turisztikai kozossege","article_modified_time":"2022-05-31T09:33:56+00:00","twitter_card":"summary_large_image","schema":{"@context":"https:\/\/schema.org","@graph":[{"@type":"WebPage","@id":"https:\/\/visitslavoniabaranja.com\/hu\/zemlja-vina\/","url":"https:\/\/visitslavoniabaranja.com\/hu\/zemlja-vina\/","name":"Zemlja vina - Eszek-baranya megye turisztikai kozossege","isPartOf":{"@id":"https:\/\/visitslavoniabaranja.com\/#website"},"datePublished":"2022-05-31T09:33:55+00:00","dateModified":"2022-05-31T09:33:56+00:00","breadcrumb":{"@id":"https:\/\/visitslavoniabaranja.com\/hu\/zemlja-vina\/#breadcrumb"},"inLanguage":"hu","potentialAction":[{"@type":"ReadAction","target":["https:\/\/visitslavoniabaranja.com\/hu\/zemlja-vina\/"]}]},{"@type":"BreadcrumbList","@id":"https:\/\/visitslavoniabaranja.com\/hu\/zemlja-vina\/#breadcrumb","itemListElement":[{"@type":"ListItem","position":1,"name":"Po\u010detna stranica","item":"https:\/\/visitslavoniabaranja.com\/hu\/"},{"@type":"ListItem","position":2,"name":"Zemlja vina"}]},{"@type":"WebSite","@id":"https:\/\/visitslavoniabaranja.com\/#website","url":"https:\/\/visitslavoniabaranja.com\/","name":"Eszek-baranya megye turisztikai kozossege","description":"","potentialAction":[{"@type":"SearchAction","target":{"@type":"EntryPoint","urlTemplate":"https:\/\/visitslavoniabaranja.com\/?s={search_term_string}"},"query-input":{"@type":"PropertyValueSpecification","valueRequired":true,"valueName":"search_term_string"}}],"inLanguage":"hu"}]}},"_links":{"self":[{"href":"https:\/\/visitslavoniabaranja.com\/hu\/wp-json\/wp\/v2\/pages\/1410","targetHints":{"allow":["GET"]}}],"collection":[{"href":"https:\/\/visitslavoniabaranja.com\/hu\/wp-json\/wp\/v2\/pages"}],"about":[{"href":"https:\/\/visitslavoniabaranja.com\/hu\/wp-json\/wp\/v2\/types\/page"}],"author":[{"embeddable":true,"href":"https:\/\/visitslavoniabaranja.com\/hu\/wp-json\/wp\/v2\/users\/1"}],"replies":[{"embeddable":true,"href":"https:\/\/visitslavoniabaranja.com\/hu\/wp-json\/wp\/v2\/comments?post=1410"}],"version-history":[{"count":1,"href":"https:\/\/visitslavoniabaranja.com\/hu\/wp-json\/wp\/v2\/pages\/1410\/revisions"}],"predecessor-version":[{"id":1411,"href":"https:\/\/visitslavoniabaranja.com\/hu\/wp-json\/wp\/v2\/pages\/1410\/revisions\/1411"}],"wp:attachment":[{"href":"https:\/\/visitslavoniabaranja.com\/hu\/wp-json\/wp\/v2\/media?parent=1410"}],"curies":[{"name":"wp","href":"https:\/\/api.w.org\/{rel}","templated":true}]}}