
{"id":10773,"date":"2024-06-27T11:31:16","date_gmt":"2024-06-27T09:31:16","guid":{"rendered":"https:\/\/visitslavoniabaranja.com\/via-slavonija-es-baranya-magazin\/"},"modified":"2025-11-27T10:47:17","modified_gmt":"2025-11-27T09:47:17","slug":"via-slavonija-es-baranya-magazin","status":"publish","type":"page","link":"https:\/\/visitslavoniabaranja.com\/hu\/via-slavonija-es-baranya-magazin\/","title":{"rendered":"&#8222;Via Szlav\u00f3nia \u00e9s Baranya&#8221; magazin"},"content":{"rendered":"\n<p>Lapozd \u00e1t magazinunkat, hadd inspir\u00e1ljon, hogy Esz\u00e9k-Baranya megy\u00e9be, Kelet-Szlav\u00f3ni\u00e1ba \u00e9s Barany\u00e1ba l\u00e1togass el.<\/p>\n\n\n\n<figure class=\"wp-block-image size-large\"><a href=\"https:\/\/visitslavoniabaranja.com\/wp-content\/uploads\/2025\/11\/Via-Slavonia-Baranja-November-2025.pdf\" target=\"_blank\" rel=\" noreferrer noopener\"><img loading=\"lazy\" decoding=\"async\" width=\"763\" height=\"1024\" src=\"https:\/\/visitslavoniabaranja.com\/wp-content\/uploads\/2025\/11\/Via-Slavonija-i-Baranja-br-4-studeni-2025-naslovnica-EN-763x1024.jpg\" alt=\"\" class=\"wp-image-17116\" srcset=\"https:\/\/visitslavoniabaranja.com\/wp-content\/uploads\/2025\/11\/Via-Slavonija-i-Baranja-br-4-studeni-2025-naslovnica-EN-763x1024.jpg 763w, https:\/\/visitslavoniabaranja.com\/wp-content\/uploads\/2025\/11\/Via-Slavonija-i-Baranja-br-4-studeni-2025-naslovnica-EN-328x440.jpg 328w, https:\/\/visitslavoniabaranja.com\/wp-content\/uploads\/2025\/11\/Via-Slavonija-i-Baranja-br-4-studeni-2025-naslovnica-EN-768x1031.jpg 768w, https:\/\/visitslavoniabaranja.com\/wp-content\/uploads\/2025\/11\/Via-Slavonija-i-Baranja-br-4-studeni-2025-naslovnica-EN-1145x1536.jpg 1145w, https:\/\/visitslavoniabaranja.com\/wp-content\/uploads\/2025\/11\/Via-Slavonija-i-Baranja-br-4-studeni-2025-naslovnica-EN.jpg 1211w\" sizes=\"auto, (max-width: 763px) 100vw, 763px\" \/><\/a><\/figure>\n\n\n\n<p>K\u00e9rd\u00e9s 4. <a href=\"https:\/\/visitslavoniabaranja.com\/wp-content\/uploads\/2025\/11\/Via-Slavonia-Baranja-November-2025.pdf\" target=\"_blank\" rel=\"noreferrer noopener\">Via Szlav\u00f3nia \u00e9s Baranya &#8211; november 2025<\/a><\/p>\n\n\n\n<p>K\u00e9rd\u00e9s 3. <a href=\"https:\/\/visitslavoniabaranja.com\/wp-content\/uploads\/2025\/05\/Via-Slavonia-Baranja-May-2025.pdf\" target=\"_blank\" rel=\"noreferrer noopener\">Via Szlav\u00f3nia \u00e9s Baranya &#8211; m\u00e1jus 2025<\/a><\/p>\n\n\n\n<p>K\u00e9rd\u00e9s 2. <a href=\"https:\/\/visitslavoniabaranja.com\/wp-content\/uploads\/2024\/12\/TZOBZ_Via02-EN_web.pdf\" target=\"_blank\" rel=\"noreferrer noopener\">Via Szlav\u00f3nia \u00e9s Baranya &#8211; december 2024<\/a><\/p>\n\n\n\n<p>K\u00e9rd\u00e9s 1. <a href=\"https:\/\/visitslavoniabaranja.com\/wp-content\/uploads\/2024\/06\/Via-Slavonia-Baranja-magazine-English-1-edition.pdf\" target=\"_blank\" rel=\"noreferrer noopener\">Via Szlav\u00f3nia \u00e9s Baranya &#8211; j\u00fanius 2024<\/a><\/p>\n","protected":false},"excerpt":{"rendered":"<p>Lapozd \u00e1t magazinunkat, hadd inspir\u00e1ljon, hogy Esz\u00e9k-Baranya megy\u00e9be, Kelet-Szlav\u00f3ni\u00e1ba \u00e9s Barany\u00e1ba l\u00e1togass el. K\u00e9rd\u00e9s 4. Via Szlav\u00f3nia \u00e9s Baranya &#8211; november 2025 K\u00e9rd\u00e9s 3. Via Szlav\u00f3nia \u00e9s Baranya &#8211; m\u00e1jus 2025 K\u00e9rd\u00e9s 2. Via Szlav\u00f3nia \u00e9s Baranya &#8211; december 2024 K\u00e9rd\u00e9s 1. Via Szlav\u00f3nia \u00e9s Baranya &#8211; j\u00fanius 2024<\/p>\n","protected":false},"author":1,"featured_media":17106,"parent":0,"menu_order":0,"comment_status":"closed","ping_status":"closed","template":"page-additional.php","meta":{"footnotes":""},"class_list":["post-10773","page","type-page","status-publish","has-post-thumbnail","hentry"],"acf":[],"yoast_head":"<!-- This site is optimized with the Yoast SEO plugin v25.0 - https:\/\/yoast.com\/wordpress\/plugins\/seo\/ -->\n<title>&quot;Via Szlav\u00f3nia \u00e9s Baranya&quot; magazin - Eszek-baranya megye turisztikai kozossege<\/title>\n<meta name=\"robots\" content=\"index, follow, max-snippet:-1, max-image-preview:large, max-video-preview:-1\" \/>\n<link rel=\"canonical\" href=\"https:\/\/visitslavoniabaranja.com\/hu\/via-slavonija-es-baranya-magazin\/\" \/>\n<meta property=\"og:locale\" content=\"hu_HU\" \/>\n<meta property=\"og:type\" content=\"article\" \/>\n<meta property=\"og:title\" content=\"&quot;Via Szlav\u00f3nia \u00e9s Baranya&quot; magazin - Eszek-baranya megye turisztikai kozossege\" \/>\n<meta property=\"og:description\" content=\"Lapozd \u00e1t magazinunkat, hadd inspir\u00e1ljon, hogy Esz\u00e9k-Baranya megy\u00e9be, Kelet-Szlav\u00f3ni\u00e1ba \u00e9s Barany\u00e1ba l\u00e1togass el. K\u00e9rd\u00e9s 4. Via Szlav\u00f3nia \u00e9s Baranya &#8211; november 2025 K\u00e9rd\u00e9s 3. Via Szlav\u00f3nia \u00e9s Baranya &#8211; m\u00e1jus 2025 K\u00e9rd\u00e9s 2. Via Szlav\u00f3nia \u00e9s Baranya &#8211; december 2024 K\u00e9rd\u00e9s 1. Via Szlav\u00f3nia \u00e9s Baranya &#8211; j\u00fanius 2024\" \/>\n<meta property=\"og:url\" content=\"https:\/\/visitslavoniabaranja.com\/hu\/via-slavonija-es-baranya-magazin\/\" \/>\n<meta property=\"og:site_name\" content=\"Eszek-baranya megye turisztikai kozossege\" \/>\n<meta property=\"article:modified_time\" content=\"2025-11-27T09:47:17+00:00\" \/>\n<meta property=\"og:image\" content=\"https:\/\/visitslavoniabaranja.com\/wp-content\/uploads\/2025\/11\/Via-Slavonija-i-Baranja-br-4-studeni-2025-naslovnica-HR.jpg\" \/>\n\t<meta property=\"og:image:width\" content=\"1211\" \/>\n\t<meta property=\"og:image:height\" content=\"1625\" \/>\n\t<meta property=\"og:image:type\" content=\"image\/jpeg\" \/>\n<meta name=\"twitter:card\" content=\"summary_large_image\" \/>\n<script type=\"application\/ld+json\" class=\"yoast-schema-graph\">{\"@context\":\"https:\/\/schema.org\",\"@graph\":[{\"@type\":\"WebPage\",\"@id\":\"https:\/\/visitslavoniabaranja.com\/hu\/via-slavonija-es-baranya-magazin\/\",\"url\":\"https:\/\/visitslavoniabaranja.com\/hu\/via-slavonija-es-baranya-magazin\/\",\"name\":\"\\\"Via Szlav\u00f3nia \u00e9s Baranya\\\" magazin - Eszek-baranya megye turisztikai kozossege\",\"isPartOf\":{\"@id\":\"https:\/\/visitslavoniabaranja.com\/#website\"},\"primaryImageOfPage\":{\"@id\":\"https:\/\/visitslavoniabaranja.com\/hu\/via-slavonija-es-baranya-magazin\/#primaryimage\"},\"image\":{\"@id\":\"https:\/\/visitslavoniabaranja.com\/hu\/via-slavonija-es-baranya-magazin\/#primaryimage\"},\"thumbnailUrl\":\"https:\/\/visitslavoniabaranja.com\/wp-content\/uploads\/2025\/11\/Via-Slavonija-i-Baranja-br-4-studeni-2025-naslovnica-HR.jpg\",\"datePublished\":\"2024-06-27T09:31:16+00:00\",\"dateModified\":\"2025-11-27T09:47:17+00:00\",\"breadcrumb\":{\"@id\":\"https:\/\/visitslavoniabaranja.com\/hu\/via-slavonija-es-baranya-magazin\/#breadcrumb\"},\"inLanguage\":\"hu\",\"potentialAction\":[{\"@type\":\"ReadAction\",\"target\":[\"https:\/\/visitslavoniabaranja.com\/hu\/via-slavonija-es-baranya-magazin\/\"]}]},{\"@type\":\"ImageObject\",\"inLanguage\":\"hu\",\"@id\":\"https:\/\/visitslavoniabaranja.com\/hu\/via-slavonija-es-baranya-magazin\/#primaryimage\",\"url\":\"https:\/\/visitslavoniabaranja.com\/wp-content\/uploads\/2025\/11\/Via-Slavonija-i-Baranja-br-4-studeni-2025-naslovnica-HR.jpg\",\"contentUrl\":\"https:\/\/visitslavoniabaranja.com\/wp-content\/uploads\/2025\/11\/Via-Slavonija-i-Baranja-br-4-studeni-2025-naslovnica-HR.jpg\",\"width\":1211,\"height\":1625},{\"@type\":\"BreadcrumbList\",\"@id\":\"https:\/\/visitslavoniabaranja.com\/hu\/via-slavonija-es-baranya-magazin\/#breadcrumb\",\"itemListElement\":[{\"@type\":\"ListItem\",\"position\":1,\"name\":\"Po\u010detna stranica\",\"item\":\"https:\/\/visitslavoniabaranja.com\/hu\/\"},{\"@type\":\"ListItem\",\"position\":2,\"name\":\"&#8220;Via Szlav\u00f3nia \u00e9s Baranya&#8221; magazin\"}]},{\"@type\":\"WebSite\",\"@id\":\"https:\/\/visitslavoniabaranja.com\/#website\",\"url\":\"https:\/\/visitslavoniabaranja.com\/\",\"name\":\"Eszek-baranya megye turisztikai kozossege\",\"description\":\"\",\"potentialAction\":[{\"@type\":\"SearchAction\",\"target\":{\"@type\":\"EntryPoint\",\"urlTemplate\":\"https:\/\/visitslavoniabaranja.com\/?s={search_term_string}\"},\"query-input\":{\"@type\":\"PropertyValueSpecification\",\"valueRequired\":true,\"valueName\":\"search_term_string\"}}],\"inLanguage\":\"hu\"}]}<\/script>\n<!-- \/ Yoast SEO plugin. -->","yoast_head_json":{"title":"\"Via Szlav\u00f3nia \u00e9s Baranya\" magazin - Eszek-baranya megye turisztikai kozossege","robots":{"index":"index","follow":"follow","max-snippet":"max-snippet:-1","max-image-preview":"max-image-preview:large","max-video-preview":"max-video-preview:-1"},"canonical":"https:\/\/visitslavoniabaranja.com\/hu\/via-slavonija-es-baranya-magazin\/","og_locale":"hu_HU","og_type":"article","og_title":"\"Via Szlav\u00f3nia \u00e9s Baranya\" magazin - Eszek-baranya megye turisztikai kozossege","og_description":"Lapozd \u00e1t magazinunkat, hadd inspir\u00e1ljon, hogy Esz\u00e9k-Baranya megy\u00e9be, Kelet-Szlav\u00f3ni\u00e1ba \u00e9s Barany\u00e1ba l\u00e1togass el. K\u00e9rd\u00e9s 4. Via Szlav\u00f3nia \u00e9s Baranya &#8211; november 2025 K\u00e9rd\u00e9s 3. Via Szlav\u00f3nia \u00e9s Baranya &#8211; m\u00e1jus 2025 K\u00e9rd\u00e9s 2. Via Szlav\u00f3nia \u00e9s Baranya &#8211; december 2024 K\u00e9rd\u00e9s 1. Via Szlav\u00f3nia \u00e9s Baranya &#8211; j\u00fanius 2024","og_url":"https:\/\/visitslavoniabaranja.com\/hu\/via-slavonija-es-baranya-magazin\/","og_site_name":"Eszek-baranya megye turisztikai kozossege","article_modified_time":"2025-11-27T09:47:17+00:00","og_image":[{"width":1211,"height":1625,"url":"https:\/\/visitslavoniabaranja.com\/wp-content\/uploads\/2025\/11\/Via-Slavonija-i-Baranja-br-4-studeni-2025-naslovnica-HR.jpg","type":"image\/jpeg"}],"twitter_card":"summary_large_image","schema":{"@context":"https:\/\/schema.org","@graph":[{"@type":"WebPage","@id":"https:\/\/visitslavoniabaranja.com\/hu\/via-slavonija-es-baranya-magazin\/","url":"https:\/\/visitslavoniabaranja.com\/hu\/via-slavonija-es-baranya-magazin\/","name":"\"Via Szlav\u00f3nia \u00e9s Baranya\" magazin - Eszek-baranya megye turisztikai kozossege","isPartOf":{"@id":"https:\/\/visitslavoniabaranja.com\/#website"},"primaryImageOfPage":{"@id":"https:\/\/visitslavoniabaranja.com\/hu\/via-slavonija-es-baranya-magazin\/#primaryimage"},"image":{"@id":"https:\/\/visitslavoniabaranja.com\/hu\/via-slavonija-es-baranya-magazin\/#primaryimage"},"thumbnailUrl":"https:\/\/visitslavoniabaranja.com\/wp-content\/uploads\/2025\/11\/Via-Slavonija-i-Baranja-br-4-studeni-2025-naslovnica-HR.jpg","datePublished":"2024-06-27T09:31:16+00:00","dateModified":"2025-11-27T09:47:17+00:00","breadcrumb":{"@id":"https:\/\/visitslavoniabaranja.com\/hu\/via-slavonija-es-baranya-magazin\/#breadcrumb"},"inLanguage":"hu","potentialAction":[{"@type":"ReadAction","target":["https:\/\/visitslavoniabaranja.com\/hu\/via-slavonija-es-baranya-magazin\/"]}]},{"@type":"ImageObject","inLanguage":"hu","@id":"https:\/\/visitslavoniabaranja.com\/hu\/via-slavonija-es-baranya-magazin\/#primaryimage","url":"https:\/\/visitslavoniabaranja.com\/wp-content\/uploads\/2025\/11\/Via-Slavonija-i-Baranja-br-4-studeni-2025-naslovnica-HR.jpg","contentUrl":"https:\/\/visitslavoniabaranja.com\/wp-content\/uploads\/2025\/11\/Via-Slavonija-i-Baranja-br-4-studeni-2025-naslovnica-HR.jpg","width":1211,"height":1625},{"@type":"BreadcrumbList","@id":"https:\/\/visitslavoniabaranja.com\/hu\/via-slavonija-es-baranya-magazin\/#breadcrumb","itemListElement":[{"@type":"ListItem","position":1,"name":"Po\u010detna stranica","item":"https:\/\/visitslavoniabaranja.com\/hu\/"},{"@type":"ListItem","position":2,"name":"&#8220;Via Szlav\u00f3nia \u00e9s Baranya&#8221; magazin"}]},{"@type":"WebSite","@id":"https:\/\/visitslavoniabaranja.com\/#website","url":"https:\/\/visitslavoniabaranja.com\/","name":"Eszek-baranya megye turisztikai kozossege","description":"","potentialAction":[{"@type":"SearchAction","target":{"@type":"EntryPoint","urlTemplate":"https:\/\/visitslavoniabaranja.com\/?s={search_term_string}"},"query-input":{"@type":"PropertyValueSpecification","valueRequired":true,"valueName":"search_term_string"}}],"inLanguage":"hu"}]}},"_links":{"self":[{"href":"https:\/\/visitslavoniabaranja.com\/hu\/wp-json\/wp\/v2\/pages\/10773","targetHints":{"allow":["GET"]}}],"collection":[{"href":"https:\/\/visitslavoniabaranja.com\/hu\/wp-json\/wp\/v2\/pages"}],"about":[{"href":"https:\/\/visitslavoniabaranja.com\/hu\/wp-json\/wp\/v2\/types\/page"}],"author":[{"embeddable":true,"href":"https:\/\/visitslavoniabaranja.com\/hu\/wp-json\/wp\/v2\/users\/1"}],"replies":[{"embeddable":true,"href":"https:\/\/visitslavoniabaranja.com\/hu\/wp-json\/wp\/v2\/comments?post=10773"}],"version-history":[{"count":12,"href":"https:\/\/visitslavoniabaranja.com\/hu\/wp-json\/wp\/v2\/pages\/10773\/revisions"}],"predecessor-version":[{"id":17121,"href":"https:\/\/visitslavoniabaranja.com\/hu\/wp-json\/wp\/v2\/pages\/10773\/revisions\/17121"}],"wp:featuredmedia":[{"embeddable":true,"href":"https:\/\/visitslavoniabaranja.com\/hu\/wp-json\/wp\/v2\/media\/17106"}],"wp:attachment":[{"href":"https:\/\/visitslavoniabaranja.com\/hu\/wp-json\/wp\/v2\/media?parent=10773"}],"curies":[{"name":"wp","href":"https:\/\/api.w.org\/{rel}","templated":true}]}}