
{"id":6086,"date":"2022-06-17T14:30:00","date_gmt":"2022-06-17T12:30:00","guid":{"rendered":"https:\/\/visitslavoniabaranja.com\/plan-the-trip\/tourist-offices-agencies\/"},"modified":"2023-01-11T10:57:59","modified_gmt":"2023-01-11T09:57:59","slug":"tourist-offices-agencies","status":"publish","type":"page","link":"https:\/\/visitslavoniabaranja.com\/en\/plan-the-trip\/tourist-offices-agencies\/","title":{"rendered":"Tourist offices &amp; agencies"},"content":{"rendered":"\n<h2 class=\"wp-block-heading\">Turisti\u010dki uredi<\/h2>\n\n<h2 class=\"wp-block-heading\"><strong>Turisti\u010dka zajednica Osje\u010dko-baranjske \u017eupanije<\/strong><\/h2>\n\n<p><strong>Adresa:<\/strong><br\/>\u017dupanijska 4<br\/>31000 Osijek<\/p>\n\n<p><strong>Kontakt:<\/strong><br\/>+385 (0)31 214 852<br\/><a href=\"mailto:info@tzosbarzup.hr\" target=\"_blank\" rel=\"noreferrer noopener\">info@tzosbarzup.hr<\/a><br\/><a href=\"https:\/\/visitslavoniabaranja.com\/en\/\" target=\"_blank\" rel=\"noreferrer noopener\">www.visitslavoniabaranja.com<\/a><\/p>\n\n<h2 class=\"wp-block-heading\"><strong>Turisti\u010dka zajednica grada Osijeka<\/strong><\/h2>\n\n<p><strong>Adresa:<\/strong><br\/>\u017dupanijska 2<br\/>31000 Osijek<\/p>\n\n<p><strong>Kontakt:<\/strong><br\/>+385 (0)31 203 755<br\/><a href=\"mailto:tzosijek@tzosijek.hr\" target=\"_blank\" rel=\"noreferrer noopener\">tzosijek@tzosijek.hr<\/a><br\/><a href=\"http:\/\/www.tzosijek.hr\" target=\"_blank\" rel=\"noreferrer noopener\">www.tzosijek.hr<\/a><\/p>\n\n<h2 class=\"wp-block-heading\"><strong>Turisti\u010dka zajednica grada \u0110akova<\/strong><\/h2>\n\n<p><strong>Adresa:<\/strong><br\/>Kralja Tomislava 3<br\/>31400 \u0110akovo<\/p>\n\n<p><strong>Kontakt:<\/strong><br\/>+385 (0)31 812 319, +385 (0)31 811 233<br\/><a href=\"mailto:tz-grada-djakova@os.t-com.hr\" target=\"_blank\" rel=\"noreferrer noopener\">tz-grada-djakova@os.t-com.hr<\/a><br\/><a href=\"https:\/\/visitdjakovo.com\/\" target=\"_blank\" rel=\"noreferrer noopener\">www.visitdjakovo.com<\/a><\/p>\n\n<h2 class=\"wp-block-heading\"><strong>Baranja Tourist Board<\/strong><\/h2>\n\n<p><strong>Adresa:<\/strong><br\/>Kralja Tomislava 70<br\/>31300 Beli Manastir<\/p>\n\n<p><strong>Kontakt:<\/strong><br\/>+385 (0)31 702 080<br\/><a href=\"mailto:info@tzbaranje.hr\" target=\"_blank\" rel=\"noreferrer noopener\">info@tzbaranje.hr<\/a> <br\/><a href=\"http:\/\/www.tzbaranje.hr\" target=\"_blank\" rel=\"noreferrer noopener\">www.tzbaranje.hr<\/a><\/p>\n\n<h2 class=\"wp-block-heading\"><strong>Turisti\u010dka zajednica Op\u0107ine Bilje \u2013 Kopa\u010dki rit<\/strong><\/h2>\n\n<p><strong>Adresa:<\/strong><br\/>Kralja Zvonimira 10<br\/>31327 Bilje<\/p>\n\n<p><strong>Kontakt:<\/strong><br\/>+385 (0)31 751 480<br\/><a href=\"mailto:info@tzo-bilje.hr\" target=\"_blank\" rel=\"noreferrer noopener\">info@tzo-bilje.hr<\/a><br\/><a href=\"https:\/\/tzo-bilje.hr\/\" target=\"_blank\" rel=\"noreferrer noopener\">www.tzo-bilje.hr<\/a><\/p>\n\n<h2 class=\"wp-block-heading\"><strong>Turisti\u010dka zajednica Op\u0107ine Dra\u017e<\/strong><\/h2>\n\n<p><strong>Adresa:<\/strong><br\/>Bra\u0107e Radi\u0107a 58<br\/>31305 Dra\u017e<\/p>\n\n<p><strong>Kontakt:<\/strong><br\/>+385 (0)31 736 518<br\/><a href=\"mailto:info@tz-draz.hr\" target=\"_blank\" rel=\"noreferrer noopener\">info@tz-draz.hr<\/a><br\/><a href=\"https:\/\/tz-draz.hr\/\" target=\"_blank\" rel=\"noreferrer noopener\">www.tz-draz.hr<\/a><\/p>\n\n<h2 class=\"wp-block-heading\"><strong>Turisti\u010dka zajednica grada Na\u0161ice<\/strong><\/h2>\n\n<p><strong>Adresa:<\/strong><br\/>Trg Dr. Franje Tu\u0111mana 7<br\/>31500 Na\u0161ice<\/p>\n\n<p><strong>Kontakt:<\/strong><br\/>+385 (0)31 614 951<br\/><a href=\"mailto:tz@nasice.hr\" target=\"_blank\" rel=\"noreferrer noopener\">tz@nasice.hr<\/a><br\/><a href=\"https:\/\/tznasice.hr\/\" target=\"_blank\" rel=\"noreferrer noopener\">www.tznasice.hr<\/a><\/p>\n\n<h2 class=\"wp-block-heading\"><strong>Turisti\u010dka zajednica grada Valpova<\/strong><\/h2>\n\n<p><strong>Adresa:<\/strong><br\/>Trg kralja Tomislava 2<br\/>31550 Valpovo<\/p>\n\n<p><strong>Kontakt:<\/strong><br\/>+385 (0)31 650 306<br\/><a href=\"mailto:tzgvalpovo@gmail.com\" target=\"_blank\" rel=\"noreferrer noopener\">tzgvalpovo@gmail.com<\/a><br\/><a href=\"https:\/\/tz.valpovo.hr\/\" target=\"_blank\" rel=\"noreferrer noopener\">www.tz.valpovo.hr<\/a><\/p>\n\n<h2 class=\"wp-block-heading\"><strong>Turisti\u010dka zajednica grada Beli\u0161\u0107a<\/strong><\/h2>\n\n<p><strong>Adresa:<\/strong><br\/>Vijenac S. H. Gutmanna 15B<br\/>31551 Beli\u0161\u0107e<\/p>\n\n<p><strong>Kontakt:<\/strong><br\/>+385 (0)31 533 330<br\/><a href=\"mailto:tzbelisce@tzbelisce.net\" target=\"_blank\" rel=\"noreferrer noopener\">tzbelisce@tzbelisce.net<\/a> <br\/><a href=\"https:\/\/www.tzbelisce.net\/\" target=\"_blank\" rel=\"noreferrer noopener\">www.tzbelisce.net<\/a><\/p>\n\n<h2 class=\"wp-block-heading\"><strong>Turisti\u010dka zajednica grada Donjeg Miholjca<\/strong><\/h2>\n\n<p><strong>Adresa:<\/strong><br\/>Trg Ante star\u010devi\u0107a 2<br\/>31540 Donji Miholjac<\/p>\n\n<p><strong>Kontakt:<\/strong><br\/>+385 (0)031 633 103<br\/><a href=\"mailto:melia.vidakovic.tzgdm@gmail.com\" target=\"_blank\" rel=\"noreferrer noopener\">melia.vidakovic.tzgdm@gmail.com<\/a> <br\/><a href=\"http:\/\/tz-donjimiholjac.hr\/\" target=\"_blank\" rel=\"noreferrer noopener\">www.tz-donjimiholjac.hr<\/a><\/p>\n\n<h2 class=\"wp-block-heading\"><strong>Turisti\u010dka zajednica Op\u0107ine Bizovac<\/strong><\/h2>\n\n<p><strong>Adresa:<\/strong><br\/>Kralja Tomislava 89<br\/>31222 Bizovac<\/p>\n\n<p><strong>Kontakt:<\/strong><br\/>+385 (0)31 675 301<br\/><a href=\"mailto:nacelnik@opcina-bizovac.hr\" target=\"_blank\" rel=\"noreferrer noopener\">nacelnik@opcina-bizovac.hr<\/a><br\/><a href=\"https:\/\/www.tzob.hr\/\" target=\"_blank\" rel=\"noreferrer noopener\">www.tzob.hr<\/a><\/p>\n\n<h2 class=\"wp-block-heading\"><strong>Turisti\u010dka zajednica Op\u0107ine Erdut<\/strong><\/h2>\n\n<p><strong>Adresa:<\/strong><br\/>Zlatna 2<br\/>31205 Aljma\u0161<\/p>\n\n<p><strong>Kontakt:<\/strong><br\/>+385 (0)31 595 001<br\/><a href=\"mailto:tz.opcine.erdut@gmail.com\" target=\"_blank\" rel=\"noreferrer noopener\">tz.opcine.erdut@gmail.com<\/a><br\/><a href=\"https:\/\/tz.opcina-erdut.hr\/\" target=\"_blank\" rel=\"noreferrer noopener\">www.tz.opcina-erdut.hr<\/a><\/p>\n\n<hr class=\"wp-block-separator has-alpha-channel-opacity is-style-wide\" \/>\n\n<h2 class=\"wp-block-heading\">Turisti\u010dke agencije<\/h2>\n\n<h2 class=\"wp-block-heading\"><strong>Arriva Travel<\/strong><\/h2>\n\n<p><strong>Adresa:<\/strong><br\/>Kapucinska ulica 19<br\/>31000 Osijek<\/p>\n\n<p><strong>Kontakt:<\/strong><br\/>+385 (0)31 214 388<br\/><a href=\"mailto:osijek@arriva.com.hr\">osijek@arriva.com.hr<\/a><br\/><a href=\"http:\/\/www.arrivatravel.hr\" target=\"_blank\" rel=\"noreferrer noopener\">www.arrivatravel.hr<\/a><\/p>\n\n<h2 class=\"wp-block-heading\"><strong>Cetratour<\/strong><\/h2>\n\n<p><strong>Adresa:<\/strong><br\/>Ulica Ivana Gunduli\u0107a 61a<br\/>31000 Osijek<\/p>\n\n<p><strong>Kontakt:<\/strong><br\/>+385 (0)31 372 920<br\/><a href=\"mailto:info@cetratour.hr\">info@cetratour.hr<\/a><br\/><a href=\"http:\/\/www.cetratour.hr\" target=\"_blank\" rel=\"noreferrer noopener\">www.cetratour.hr<\/a><\/p>\n\n<h2 class=\"wp-block-heading\"><strong>Ora Tours<\/strong><\/h2>\n\n<p><strong>Adresa:<\/strong><br\/>Ulica Hrvatske Republike 43<br\/>31000 Osijek<\/p>\n\n<p><strong>Kontakt:<\/strong><br\/>+385 (0)31 209 555<br\/><a href=\"mailto:info@oratours.hr\">info@oratours.hr<\/a><br\/><a href=\"http:\/\/www.oratours.hr\" target=\"_blank\" rel=\"noreferrer noopener\">www.oratours.hr<\/a><\/p>\n\n<h2 class=\"wp-block-heading\"><strong>Ortran<\/strong><\/h2>\n\n<p><strong>Adresa:<\/strong><br\/>Ulica Ivana Gunduli\u0107a 32<br\/>31000 Osijek<\/p>\n\n<p><strong>Kontakt:<\/strong><br\/>+385 (0)31 215 353<br\/><a href=\"mailto:ortran@vt.t-com.hr\">ortran@vt.t-com.hr<\/a><br\/><a href=\"http:\/\/www.ortran.hr\" target=\"_blank\" rel=\"noreferrer noopener\">www.ortran.hr<\/a><\/p>\n\n<h2 class=\"wp-block-heading\"><strong>Kuna Putovanja<\/strong><\/h2>\n\n<p><strong>Adresa:<\/strong><br\/>Trg Ante Star\u010devi\u0107a 10\/1<br\/>31000 Osijek<\/p>\n\n<p><strong>Kontakt:<\/strong><br\/>+385 (0)31 328 093<br\/><a href=\"mailto:info@kuna.hr\">info@kuna.hr<\/a><br\/><a href=\"https:\/\/kuna.hr\/\" target=\"_blank\" rel=\"noreferrer noopener\">www.kuna.hr<\/a><\/p>\n\n<h2 class=\"wp-block-heading\"><strong>OK Tours<\/strong><\/h2>\n\n<p><strong>Adresa:<\/strong><br\/>Trg Slobode 7<br\/>31000 Osijek<\/p>\n\n<p><strong>Kontakt:<\/strong><br\/>+385 (0)31 212 815<br\/><a href=\"mailto:ok.tours@os.t-com.hr\">ok.tours@os.t-com.hr<\/a><br\/><a href=\"http:\/\/www.ok-tours.hr\" target=\"_blank\" rel=\"noreferrer noopener\">www.ok-tours.hr<\/a><\/p>\n\n<h2 class=\"wp-block-heading\"><strong>Zlatna Greda<\/strong><\/h2>\n\n<p><strong>Adresa:<\/strong><br\/>Opatijska 26f<br\/>31000 Osijek<\/p>\n\n<p><strong>Kontakt:<\/strong><br\/>+385 (0)31 565 181<br\/><a href=\"mailto:info@zlatna-greda.org\">info@zlatna-greda.org<\/a><br\/><a href=\"http:\/\/www.zlatna-greda.org\" target=\"_blank\" rel=\"noreferrer noopener\">www.zlatna-greda.org<\/a><\/p>\n\n<h2 class=\"wp-block-heading\"><strong>Maksi tours \u2013 turisti\u010dka agencija<\/strong><\/h2>\n\n<p><strong>Adresa:<\/strong><br\/>Franjeva\u010dka 12<br\/>31000 Osijek<\/p>\n\n<p><strong>Kontakt:<\/strong><br\/>+385 (0)91 1728 222<br\/><a href=\"mailto:when@whattovisit.in\">when@whattovisit.in<\/a><br\/><a href=\"https:\/\/whattovisit.in\/hr_HR\/\" target=\"_blank\" rel=\"noreferrer noopener\">www.whattovisit.in<\/a><\/p>\n\n<h2 class=\"wp-block-heading\"><strong>Anima Travel Agency<\/strong><\/h2>\n\n<p><strong>Adresa:<\/strong><br\/>Ivana Gunduli\u0107a 32<br\/>31000 Osijek<\/p>\n\n<p><strong>Kontakt:<\/strong><br\/>+385 (0)31 550 549<br\/><a href=\"mailto:info@animatravel.eu\">info@animatravel.eu<\/a><br\/><a href=\"http:\/\/www.animatravel.eu\" target=\"_blank\" rel=\"noreferrer noopener\">www.animatravel.eu<\/a><\/p>\n\n<h2 class=\"wp-block-heading\"><strong>Kroko Trade<\/strong><\/h2>\n\n<p><strong>Adresa:<\/strong><br\/>Trg Lavoslava Ru\u017ei\u010dke 3<br\/>31000 Osijek<\/p>\n\n<p><strong>Kontakt:<\/strong><br\/>+385 (0)31 205 661<br\/><a href=\"mailto:krokos@net.hr\">krokos@net.hr<\/a><br\/><a href=\"https:\/\/www.facebook.com\/krokotrade\" target=\"_blank\" rel=\"noreferrer noopener\">www.facebook.com\/krokotrade<\/a><\/p>\n\n<h2 class=\"wp-block-heading\"><strong>Starline<\/strong><\/h2>\n\n<p><strong>Adresa:<\/strong><br\/>Hrvatske republike 19\/a<br\/>31000 Osijek<\/p>\n\n<p><strong>Kontakt:<\/strong><br\/>+385 (0)31 200 325<br\/><a href=\"mailto:info@starline-agencija.hr\">info@starline-agencija.hr<\/a><br\/><a href=\"http:\/\/www.starline-agencija.hr\" target=\"_blank\" rel=\"noreferrer noopener\">www.starline-agencija.hr<\/a><\/p>\n\n<h2 class=\"wp-block-heading\"><strong>Happy Travel<\/strong> <\/h2>\n\n<p><strong>Adresa:<\/strong><br\/>Ilirska 99<br\/>31000 Osijek<\/p>\n\n<p><strong>Kontakt:<\/strong><br\/>+385 (0)91 603 9083<br\/><a href=\"mailto:info@happytravel.hr\" target=\"_blank\" rel=\"noreferrer noopener\">info@happytravel.hr<\/a><br\/><a href=\"https:\/\/happytravel.hr\/\" target=\"_blank\" rel=\"noreferrer noopener\">www.happytravel.hr<\/a><\/p>\n\n<h2 class=\"wp-block-heading\"><strong>Orion Tours<\/strong><\/h2>\n\n<p><strong>Adresa:<\/strong><br\/>Pavi\u0107eva 39<br\/>31400 \u0110akovo<\/p>\n\n<p><strong>Kontakt:<\/strong><br\/>+385 (0)31 812 336<br\/><a href=\"mailto:info@orion-tours.hr\" target=\"_blank\" rel=\"noreferrer noopener\">info@orion-tours.hr<\/a><br\/><a href=\"http:\/\/orion-tours.hr\/\" target=\"_blank\" rel=\"noreferrer noopener\">www.orion-tours.hr<\/a><\/p>\n","protected":false},"excerpt":{"rendered":"<p>Turisti\u010dki uredi Turisti\u010dka zajednica Osje\u010dko-baranjske \u017eupanije Adresa:\u017dupanijska 431000 Osijek Kontakt:+385 (0)31 214 852info@tzosbarzup.hrwww.visitslavoniabaranja.com Turisti\u010dka zajednica grada Osijeka Adresa:\u017dupanijska 231000 Osijek Kontakt:+385 (0)31 203 755tzosijek@tzosijek.hrwww.tzosijek.hr Turisti\u010dka zajednica grada \u0110akova Adresa:Kralja Tomislava 331400 \u0110akovo Kontakt:+385 (0)31 812 319, +385 (0)31 811 233tz-grada-djakova@os.t-com.hrwww.visitdjakovo.com Baranja Tourist Board Adresa:Kralja Tomislava 7031300 Beli Manastir Kontakt:+385 (0)31 702 080info@tzbaranje.hr www.tzbaranje.hr Turisti\u010dka zajednica [&hellip;]<\/p>\n","protected":false},"author":1,"featured_media":0,"parent":1218,"menu_order":0,"comment_status":"closed","ping_status":"closed","template":"page-trip-agencies.php","meta":{"footnotes":""},"class_list":["post-6086","page","type-page","status-publish","hentry"],"acf":[],"yoast_head":"<!-- This site is optimized with the Yoast SEO plugin v25.0 - https:\/\/yoast.com\/wordpress\/plugins\/seo\/ -->\n<title>Tourist offices &amp; agencies - Turisti\u010dka zajednica Osje\u010dko-baranjske \u017eupanije<\/title>\n<meta name=\"robots\" content=\"index, follow, max-snippet:-1, max-image-preview:large, max-video-preview:-1\" \/>\n<link rel=\"canonical\" href=\"https:\/\/visitslavoniabaranja.com\/planiraj-putovanje\/turisticki-uredi-i-agencije\/\" \/>\n<meta property=\"og:locale\" content=\"en_US\" \/>\n<meta property=\"og:type\" content=\"article\" \/>\n<meta property=\"og:title\" content=\"Tourist offices &amp; agencies - Turisti\u010dka zajednica Osje\u010dko-baranjske \u017eupanije\" \/>\n<meta property=\"og:description\" content=\"Turisti\u010dki uredi Turisti\u010dka zajednica Osje\u010dko-baranjske \u017eupanije Adresa:\u017dupanijska 431000 Osijek Kontakt:+385 (0)31 214 852info@tzosbarzup.hrwww.visitslavoniabaranja.com Turisti\u010dka zajednica grada Osijeka Adresa:\u017dupanijska 231000 Osijek Kontakt:+385 (0)31 203 755tzosijek@tzosijek.hrwww.tzosijek.hr Turisti\u010dka zajednica grada \u0110akova Adresa:Kralja Tomislava 331400 \u0110akovo Kontakt:+385 (0)31 812 319, +385 (0)31 811 233tz-grada-djakova@os.t-com.hrwww.visitdjakovo.com Baranja Tourist Board Adresa:Kralja Tomislava 7031300 Beli Manastir Kontakt:+385 (0)31 702 080info@tzbaranje.hr www.tzbaranje.hr Turisti\u010dka zajednica [&hellip;]\" \/>\n<meta property=\"og:url\" content=\"https:\/\/visitslavoniabaranja.com\/planiraj-putovanje\/turisticki-uredi-i-agencije\/\" \/>\n<meta property=\"og:site_name\" content=\"Turisti\u010dka zajednica Osje\u010dko-baranjske \u017eupanije\" \/>\n<meta property=\"article:modified_time\" content=\"2023-01-11T09:57:59+00:00\" \/>\n<meta name=\"twitter:card\" content=\"summary_large_image\" \/>\n<meta name=\"twitter:label1\" content=\"Est. reading time\" \/>\n\t<meta name=\"twitter:data1\" content=\"2 minutes\" \/>\n<script type=\"application\/ld+json\" class=\"yoast-schema-graph\">{\"@context\":\"https:\/\/schema.org\",\"@graph\":[{\"@type\":\"WebPage\",\"@id\":\"https:\/\/visitslavoniabaranja.com\/planiraj-putovanje\/turisticki-uredi-i-agencije\/\",\"url\":\"https:\/\/visitslavoniabaranja.com\/planiraj-putovanje\/turisticki-uredi-i-agencije\/\",\"name\":\"Tourist offices &amp; agencies - Turisti\u010dka zajednica Osje\u010dko-baranjske \u017eupanije\",\"isPartOf\":{\"@id\":\"https:\/\/visitslavoniabaranja.com\/#website\"},\"datePublished\":\"2022-06-17T12:30:00+00:00\",\"dateModified\":\"2023-01-11T09:57:59+00:00\",\"breadcrumb\":{\"@id\":\"https:\/\/visitslavoniabaranja.com\/planiraj-putovanje\/turisticki-uredi-i-agencije\/#breadcrumb\"},\"inLanguage\":\"en-US\",\"potentialAction\":[{\"@type\":\"ReadAction\",\"target\":[\"https:\/\/visitslavoniabaranja.com\/planiraj-putovanje\/turisticki-uredi-i-agencije\/\"]}]},{\"@type\":\"BreadcrumbList\",\"@id\":\"https:\/\/visitslavoniabaranja.com\/planiraj-putovanje\/turisticki-uredi-i-agencije\/#breadcrumb\",\"itemListElement\":[{\"@type\":\"ListItem\",\"position\":1,\"name\":\"Po\u010detna stranica\",\"item\":\"https:\/\/visitslavoniabaranja.com\/en\/\"},{\"@type\":\"ListItem\",\"position\":2,\"name\":\"Plan the trip\",\"item\":\"https:\/\/visitslavoniabaranja.com\/en\/plan-the-trip\/\"},{\"@type\":\"ListItem\",\"position\":3,\"name\":\"Tourist offices &amp; agencies\"}]},{\"@type\":\"WebSite\",\"@id\":\"https:\/\/visitslavoniabaranja.com\/#website\",\"url\":\"https:\/\/visitslavoniabaranja.com\/\",\"name\":\"Turisti\u010dka zajednica Osje\u010dko-baranjske \u017eupanije\",\"description\":\"\",\"potentialAction\":[{\"@type\":\"SearchAction\",\"target\":{\"@type\":\"EntryPoint\",\"urlTemplate\":\"https:\/\/visitslavoniabaranja.com\/?s={search_term_string}\"},\"query-input\":{\"@type\":\"PropertyValueSpecification\",\"valueRequired\":true,\"valueName\":\"search_term_string\"}}],\"inLanguage\":\"en-US\"}]}<\/script>\n<!-- \/ Yoast SEO plugin. -->","yoast_head_json":{"title":"Tourist offices &amp; agencies - Turisti\u010dka zajednica Osje\u010dko-baranjske \u017eupanije","robots":{"index":"index","follow":"follow","max-snippet":"max-snippet:-1","max-image-preview":"max-image-preview:large","max-video-preview":"max-video-preview:-1"},"canonical":"https:\/\/visitslavoniabaranja.com\/planiraj-putovanje\/turisticki-uredi-i-agencije\/","og_locale":"en_US","og_type":"article","og_title":"Tourist offices &amp; agencies - Turisti\u010dka zajednica Osje\u010dko-baranjske \u017eupanije","og_description":"Turisti\u010dki uredi Turisti\u010dka zajednica Osje\u010dko-baranjske \u017eupanije Adresa:\u017dupanijska 431000 Osijek Kontakt:+385 (0)31 214 852info@tzosbarzup.hrwww.visitslavoniabaranja.com Turisti\u010dka zajednica grada Osijeka Adresa:\u017dupanijska 231000 Osijek Kontakt:+385 (0)31 203 755tzosijek@tzosijek.hrwww.tzosijek.hr Turisti\u010dka zajednica grada \u0110akova Adresa:Kralja Tomislava 331400 \u0110akovo Kontakt:+385 (0)31 812 319, +385 (0)31 811 233tz-grada-djakova@os.t-com.hrwww.visitdjakovo.com Baranja Tourist Board Adresa:Kralja Tomislava 7031300 Beli Manastir Kontakt:+385 (0)31 702 080info@tzbaranje.hr www.tzbaranje.hr Turisti\u010dka zajednica [&hellip;]","og_url":"https:\/\/visitslavoniabaranja.com\/planiraj-putovanje\/turisticki-uredi-i-agencije\/","og_site_name":"Turisti\u010dka zajednica Osje\u010dko-baranjske \u017eupanije","article_modified_time":"2023-01-11T09:57:59+00:00","twitter_card":"summary_large_image","twitter_misc":{"Est. reading time":"2 minutes"},"schema":{"@context":"https:\/\/schema.org","@graph":[{"@type":"WebPage","@id":"https:\/\/visitslavoniabaranja.com\/planiraj-putovanje\/turisticki-uredi-i-agencije\/","url":"https:\/\/visitslavoniabaranja.com\/planiraj-putovanje\/turisticki-uredi-i-agencije\/","name":"Tourist offices &amp; agencies - Turisti\u010dka zajednica Osje\u010dko-baranjske \u017eupanije","isPartOf":{"@id":"https:\/\/visitslavoniabaranja.com\/#website"},"datePublished":"2022-06-17T12:30:00+00:00","dateModified":"2023-01-11T09:57:59+00:00","breadcrumb":{"@id":"https:\/\/visitslavoniabaranja.com\/planiraj-putovanje\/turisticki-uredi-i-agencije\/#breadcrumb"},"inLanguage":"en-US","potentialAction":[{"@type":"ReadAction","target":["https:\/\/visitslavoniabaranja.com\/planiraj-putovanje\/turisticki-uredi-i-agencije\/"]}]},{"@type":"BreadcrumbList","@id":"https:\/\/visitslavoniabaranja.com\/planiraj-putovanje\/turisticki-uredi-i-agencije\/#breadcrumb","itemListElement":[{"@type":"ListItem","position":1,"name":"Po\u010detna stranica","item":"https:\/\/visitslavoniabaranja.com\/en\/"},{"@type":"ListItem","position":2,"name":"Plan the trip","item":"https:\/\/visitslavoniabaranja.com\/en\/plan-the-trip\/"},{"@type":"ListItem","position":3,"name":"Tourist offices &amp; agencies"}]},{"@type":"WebSite","@id":"https:\/\/visitslavoniabaranja.com\/#website","url":"https:\/\/visitslavoniabaranja.com\/","name":"Turisti\u010dka zajednica Osje\u010dko-baranjske \u017eupanije","description":"","potentialAction":[{"@type":"SearchAction","target":{"@type":"EntryPoint","urlTemplate":"https:\/\/visitslavoniabaranja.com\/?s={search_term_string}"},"query-input":{"@type":"PropertyValueSpecification","valueRequired":true,"valueName":"search_term_string"}}],"inLanguage":"en-US"}]}},"_links":{"self":[{"href":"https:\/\/visitslavoniabaranja.com\/en\/wp-json\/wp\/v2\/pages\/6086","targetHints":{"allow":["GET"]}}],"collection":[{"href":"https:\/\/visitslavoniabaranja.com\/en\/wp-json\/wp\/v2\/pages"}],"about":[{"href":"https:\/\/visitslavoniabaranja.com\/en\/wp-json\/wp\/v2\/types\/page"}],"author":[{"embeddable":true,"href":"https:\/\/visitslavoniabaranja.com\/en\/wp-json\/wp\/v2\/users\/1"}],"replies":[{"embeddable":true,"href":"https:\/\/visitslavoniabaranja.com\/en\/wp-json\/wp\/v2\/comments?post=6086"}],"version-history":[{"count":2,"href":"https:\/\/visitslavoniabaranja.com\/en\/wp-json\/wp\/v2\/pages\/6086\/revisions"}],"predecessor-version":[{"id":6088,"href":"https:\/\/visitslavoniabaranja.com\/en\/wp-json\/wp\/v2\/pages\/6086\/revisions\/6088"}],"up":[{"embeddable":true,"href":"https:\/\/visitslavoniabaranja.com\/en\/wp-json\/wp\/v2\/pages\/1218"}],"wp:attachment":[{"href":"https:\/\/visitslavoniabaranja.com\/en\/wp-json\/wp\/v2\/media?parent=6086"}],"curies":[{"name":"wp","href":"https:\/\/api.w.org\/{rel}","templated":true}]}}