
{"id":6074,"date":"2022-06-17T14:32:00","date_gmt":"2022-06-17T12:32:00","guid":{"rendered":"https:\/\/visitslavoniabaranja.com\/plan-the-trip\/kako-stici\/"},"modified":"2026-02-19T09:07:31","modified_gmt":"2026-02-19T08:07:31","slug":"kako-stici","status":"publish","type":"page","link":"https:\/\/visitslavoniabaranja.com\/en\/plan-the-trip\/kako-stici\/","title":{"rendered":"Arrival"},"content":{"rendered":"\n<h2 class=\"wp-block-heading\">Zrakoplovom<\/h2>\n\n<p><strong>Zra\u010dna luka Osijek<\/strong><\/p>\n\n<p>Me\u0111unarodna <a href=\"https:\/\/goo.gl\/maps\/StWwrxGQQHeiCWed6\">Zra\u010dna luka Osijek<\/a> nalazi se uz dr\u017eavnu cestu D2, Osijek \u2013 Vukovar, uz selo Klisa.<\/p>\n\n<p>Informacije o redu letenja: <a href=\"http:\/\/www.osijek-airport.hr\">www.osijek-airport.hr<\/a><\/p>\n\n<h2 class=\"wp-block-heading\">Autobusom<\/h2>\n\n<p>Do odredi\u0161ta u Osje\u010dko-baranjskoj \u017eupaniji te do destinacija u drugim dijelovima Slavonije i ostatka Hrvatske mo\u017eete do\u0107i autobusnim linijama prijevoznika <a href=\"http:\/\/www.arriva.com.hr\/\">Arriva<\/a>.<\/p>\n\n<p>Informacije o voznom redu: www.arriva.com.hr<\/p>\n\n<h2 class=\"wp-block-heading\">Vlakom<\/h2>\n\n<p>Linijski prijevoz putnika \u017eeljeznicom u Republici Hrvatskoj pru\u017ea tvrtka H\u017d \u2013 Putni\u010dki prijevoz d.o.o. (Hrvatske \u017eeljeznice).<\/p>\n\n<p>Izravnim vlakom bez presjedanja iz Osijeka mo\u017eete putovati do odredi\u0161ta u Osje\u010dko-baranjskoj, Vukovarsko-srijemskoj, Viroviti\u010dko-podravskoj, Koprivni\u010dko-kri\u017eeva\u010dkoj \u017eupaniji te do Grada Zagreba, a s kratkim vremenom presjedanja do odredi\u0161ta u Brodsko-posavskoj, Vara\u017edinskoj, Me\u0111imurskoj i Bjelovarsko-bilogorskoj \u017eupaniji te odredi\u0161tima na Jadranu.<\/p>\n\n<p>Me\u0111unarodno putovanje vlakom mogu\u0107e je prema Budimpe\u0161ti (Ma\u0111arska) s presjedanjima u Belom Manastiru (Hrvatska) i Pe\u010duhu (Ma\u0111arska), a prema Beogradu (Srbija) mo\u017ee se putovati s presjedanjem u Vinkovcima (Hrvatska).<\/p>\n\n<p>Informacije o voznom redu: <a href=\"http:\/\/www.hzpp.hr\/\">H\u017dPP \u2013 Hrvatske \u017eeljeznice, putni\u010dki prijevoz<\/a><\/p>\n\n<h2 class=\"wp-block-heading\">Putni\u010dkim brodom \u2013 cruiserom<\/h2>\n\n<p>Ukoliko ste putnik na turisti\u010dkom putni\u010dkom brodu \u2013 cruiseru, u Osijek \u0107ete Dunavom te Dravom sa sjevera doploviti iz Budimpe\u0161te i Moha\u010da, a s istoka iz smjera Crnog mora preko Beograda, Novog Sada, Iloka i Vukovara.<\/p>\n\n<p>Ovdje pogledajte kalendar uplovljavanja cruisera u Osijek: <a href=\"http:\/\/port-osijek.hr\/raspored_dolazaka\">Lu\u010dka uprava Osijek<\/a><\/p>\n\n<p>Za rezervaciju va\u0161eg putovanja iz Osijeka ili prema Osijeku, obratite se turisti\u010dkoj agenciji <a href=\"http:\/\/www.arrivatravel.hr\/\">Arriva Travel<\/a> iz Osijeka.<\/p>\n\n<h2 class=\"wp-block-heading\">Automobilom<\/h2>\n\n<p>Do Osje\u010dko-baranjske \u017eupanije najlak\u0161e je zaputiti se jednim od Europskih cestovnih koridora:<\/p>\n\n<p>Sa zapada i istoka autocestom A3 (Ljubljana, SLO \u2013 Zagreb \u2013 Slavonski Brod \u2013 Beograd, SRB) te zatim A5 (od autoceste A3 \u2013 \u0110akovo \u2013 Osijek) ili dr\u017eavnom cestom D2 (Graz, A \u2013 Maribor, SLO \u2013 Vara\u017edin \u2013 Koprivnica \u2013 Virovitica \u2013 Na\u0161ice \u2013 Osijek \u2013 Vukovar \u2013 Ilok \u2013 Novi Sad, SRB \u2013 Beograd, SRB).<\/p>\n\n<p>S juga i sjevera dr\u017eavnom cestom D7 ili autocestom A5 (Bosanski \u0160amac, BiH \u2013 Slavonski \u0160amac \u2013 \u0110akovo \u2013 Osijek \u2013 Beli Manastir \u2013 Pe\u010duh, HU \u2013 Budimpe\u0161ta, HU).<\/p>\n\n<p>Informacije o stanju na cestama: <a href=\"https:\/\/www.hak.hr\/\">HAK \u2013 Hrvatski auto-klub<\/a><\/p>\n\n<p>Informacije o cestarini: <a href=\"https:\/\/www.hac.hr\/hr\">HAC \u2013 Hrvatske autoceste<\/a><\/p>\n","protected":false},"excerpt":{"rendered":"<p>Zrakoplovom Zra\u010dna luka Osijek Me\u0111unarodna Zra\u010dna luka Osijek nalazi se uz dr\u017eavnu cestu D2, Osijek \u2013 Vukovar, uz selo Klisa. Informacije o redu letenja: www.osijek-airport.hr Autobusom Do odredi\u0161ta u Osje\u010dko-baranjskoj \u017eupaniji te do destinacija u drugim dijelovima Slavonije i ostatka Hrvatske mo\u017eete do\u0107i autobusnim linijama prijevoznika Arriva. Informacije o voznom redu: www.arriva.com.hr Vlakom Linijski prijevoz [&hellip;]<\/p>\n","protected":false},"author":1,"featured_media":0,"parent":1218,"menu_order":0,"comment_status":"closed","ping_status":"closed","template":"page-trip-arrival.php","meta":{"footnotes":""},"class_list":["post-6074","page","type-page","status-publish","hentry"],"acf":[],"yoast_head":"<!-- This site is optimized with the Yoast SEO plugin v25.0 - https:\/\/yoast.com\/wordpress\/plugins\/seo\/ -->\n<title>Arrival - Turisti\u010dka zajednica Osje\u010dko-baranjske \u017eupanije<\/title>\n<meta name=\"robots\" content=\"index, follow, max-snippet:-1, max-image-preview:large, max-video-preview:-1\" \/>\n<link rel=\"canonical\" href=\"https:\/\/visitslavoniabaranja.com\/en\/plan-the-trip\/kako-stici\/\" \/>\n<meta property=\"og:locale\" content=\"en_US\" \/>\n<meta property=\"og:type\" content=\"article\" \/>\n<meta property=\"og:title\" content=\"Arrival - Turisti\u010dka zajednica Osje\u010dko-baranjske \u017eupanije\" \/>\n<meta property=\"og:description\" content=\"Zrakoplovom Zra\u010dna luka Osijek Me\u0111unarodna Zra\u010dna luka Osijek nalazi se uz dr\u017eavnu cestu D2, Osijek \u2013 Vukovar, uz selo Klisa. Informacije o redu letenja: www.osijek-airport.hr Autobusom Do odredi\u0161ta u Osje\u010dko-baranjskoj \u017eupaniji te do destinacija u drugim dijelovima Slavonije i ostatka Hrvatske mo\u017eete do\u0107i autobusnim linijama prijevoznika Arriva. Informacije o voznom redu: www.arriva.com.hr Vlakom Linijski prijevoz [&hellip;]\" \/>\n<meta property=\"og:url\" content=\"https:\/\/visitslavoniabaranja.com\/en\/plan-the-trip\/kako-stici\/\" \/>\n<meta property=\"og:site_name\" content=\"Turisti\u010dka zajednica Osje\u010dko-baranjske \u017eupanije\" \/>\n<meta property=\"article:modified_time\" content=\"2026-02-19T08:07:31+00:00\" \/>\n<meta name=\"twitter:card\" content=\"summary_large_image\" \/>\n<meta name=\"twitter:label1\" content=\"Est. reading time\" \/>\n\t<meta name=\"twitter:data1\" content=\"2 minutes\" \/>\n<script type=\"application\/ld+json\" class=\"yoast-schema-graph\">{\"@context\":\"https:\/\/schema.org\",\"@graph\":[{\"@type\":\"WebPage\",\"@id\":\"https:\/\/visitslavoniabaranja.com\/en\/plan-the-trip\/kako-stici\/\",\"url\":\"https:\/\/visitslavoniabaranja.com\/en\/plan-the-trip\/kako-stici\/\",\"name\":\"Arrival - Turisti\u010dka zajednica Osje\u010dko-baranjske \u017eupanije\",\"isPartOf\":{\"@id\":\"https:\/\/visitslavoniabaranja.com\/#website\"},\"datePublished\":\"2022-06-17T12:32:00+00:00\",\"dateModified\":\"2026-02-19T08:07:31+00:00\",\"breadcrumb\":{\"@id\":\"https:\/\/visitslavoniabaranja.com\/en\/plan-the-trip\/kako-stici\/#breadcrumb\"},\"inLanguage\":\"en-US\",\"potentialAction\":[{\"@type\":\"ReadAction\",\"target\":[\"https:\/\/visitslavoniabaranja.com\/en\/plan-the-trip\/kako-stici\/\"]}]},{\"@type\":\"BreadcrumbList\",\"@id\":\"https:\/\/visitslavoniabaranja.com\/en\/plan-the-trip\/kako-stici\/#breadcrumb\",\"itemListElement\":[{\"@type\":\"ListItem\",\"position\":1,\"name\":\"Po\u010detna stranica\",\"item\":\"https:\/\/visitslavoniabaranja.com\/en\/\"},{\"@type\":\"ListItem\",\"position\":2,\"name\":\"Plan the trip\",\"item\":\"https:\/\/visitslavoniabaranja.com\/en\/plan-the-trip\/\"},{\"@type\":\"ListItem\",\"position\":3,\"name\":\"Arrival\"}]},{\"@type\":\"WebSite\",\"@id\":\"https:\/\/visitslavoniabaranja.com\/#website\",\"url\":\"https:\/\/visitslavoniabaranja.com\/\",\"name\":\"Turisti\u010dka zajednica Osje\u010dko-baranjske \u017eupanije\",\"description\":\"\",\"potentialAction\":[{\"@type\":\"SearchAction\",\"target\":{\"@type\":\"EntryPoint\",\"urlTemplate\":\"https:\/\/visitslavoniabaranja.com\/?s={search_term_string}\"},\"query-input\":{\"@type\":\"PropertyValueSpecification\",\"valueRequired\":true,\"valueName\":\"search_term_string\"}}],\"inLanguage\":\"en-US\"}]}<\/script>\n<!-- \/ Yoast SEO plugin. -->","yoast_head_json":{"title":"Arrival - Turisti\u010dka zajednica Osje\u010dko-baranjske \u017eupanije","robots":{"index":"index","follow":"follow","max-snippet":"max-snippet:-1","max-image-preview":"max-image-preview:large","max-video-preview":"max-video-preview:-1"},"canonical":"https:\/\/visitslavoniabaranja.com\/en\/plan-the-trip\/kako-stici\/","og_locale":"en_US","og_type":"article","og_title":"Arrival - Turisti\u010dka zajednica Osje\u010dko-baranjske \u017eupanije","og_description":"Zrakoplovom Zra\u010dna luka Osijek Me\u0111unarodna Zra\u010dna luka Osijek nalazi se uz dr\u017eavnu cestu D2, Osijek \u2013 Vukovar, uz selo Klisa. Informacije o redu letenja: www.osijek-airport.hr Autobusom Do odredi\u0161ta u Osje\u010dko-baranjskoj \u017eupaniji te do destinacija u drugim dijelovima Slavonije i ostatka Hrvatske mo\u017eete do\u0107i autobusnim linijama prijevoznika Arriva. Informacije o voznom redu: www.arriva.com.hr Vlakom Linijski prijevoz [&hellip;]","og_url":"https:\/\/visitslavoniabaranja.com\/en\/plan-the-trip\/kako-stici\/","og_site_name":"Turisti\u010dka zajednica Osje\u010dko-baranjske \u017eupanije","article_modified_time":"2026-02-19T08:07:31+00:00","twitter_card":"summary_large_image","twitter_misc":{"Est. reading time":"2 minutes"},"schema":{"@context":"https:\/\/schema.org","@graph":[{"@type":"WebPage","@id":"https:\/\/visitslavoniabaranja.com\/en\/plan-the-trip\/kako-stici\/","url":"https:\/\/visitslavoniabaranja.com\/en\/plan-the-trip\/kako-stici\/","name":"Arrival - Turisti\u010dka zajednica Osje\u010dko-baranjske \u017eupanije","isPartOf":{"@id":"https:\/\/visitslavoniabaranja.com\/#website"},"datePublished":"2022-06-17T12:32:00+00:00","dateModified":"2026-02-19T08:07:31+00:00","breadcrumb":{"@id":"https:\/\/visitslavoniabaranja.com\/en\/plan-the-trip\/kako-stici\/#breadcrumb"},"inLanguage":"en-US","potentialAction":[{"@type":"ReadAction","target":["https:\/\/visitslavoniabaranja.com\/en\/plan-the-trip\/kako-stici\/"]}]},{"@type":"BreadcrumbList","@id":"https:\/\/visitslavoniabaranja.com\/en\/plan-the-trip\/kako-stici\/#breadcrumb","itemListElement":[{"@type":"ListItem","position":1,"name":"Po\u010detna stranica","item":"https:\/\/visitslavoniabaranja.com\/en\/"},{"@type":"ListItem","position":2,"name":"Plan the trip","item":"https:\/\/visitslavoniabaranja.com\/en\/plan-the-trip\/"},{"@type":"ListItem","position":3,"name":"Arrival"}]},{"@type":"WebSite","@id":"https:\/\/visitslavoniabaranja.com\/#website","url":"https:\/\/visitslavoniabaranja.com\/","name":"Turisti\u010dka zajednica Osje\u010dko-baranjske \u017eupanije","description":"","potentialAction":[{"@type":"SearchAction","target":{"@type":"EntryPoint","urlTemplate":"https:\/\/visitslavoniabaranja.com\/?s={search_term_string}"},"query-input":{"@type":"PropertyValueSpecification","valueRequired":true,"valueName":"search_term_string"}}],"inLanguage":"en-US"}]}},"_links":{"self":[{"href":"https:\/\/visitslavoniabaranja.com\/en\/wp-json\/wp\/v2\/pages\/6074","targetHints":{"allow":["GET"]}}],"collection":[{"href":"https:\/\/visitslavoniabaranja.com\/en\/wp-json\/wp\/v2\/pages"}],"about":[{"href":"https:\/\/visitslavoniabaranja.com\/en\/wp-json\/wp\/v2\/types\/page"}],"author":[{"embeddable":true,"href":"https:\/\/visitslavoniabaranja.com\/en\/wp-json\/wp\/v2\/users\/1"}],"replies":[{"embeddable":true,"href":"https:\/\/visitslavoniabaranja.com\/en\/wp-json\/wp\/v2\/comments?post=6074"}],"version-history":[{"count":3,"href":"https:\/\/visitslavoniabaranja.com\/en\/wp-json\/wp\/v2\/pages\/6074\/revisions"}],"predecessor-version":[{"id":18328,"href":"https:\/\/visitslavoniabaranja.com\/en\/wp-json\/wp\/v2\/pages\/6074\/revisions\/18328"}],"up":[{"embeddable":true,"href":"https:\/\/visitslavoniabaranja.com\/en\/wp-json\/wp\/v2\/pages\/1218"}],"wp:attachment":[{"href":"https:\/\/visitslavoniabaranja.com\/en\/wp-json\/wp\/v2\/media?parent=6074"}],"curies":[{"name":"wp","href":"https:\/\/api.w.org\/{rel}","templated":true}]}}