
{"id":6072,"date":"2022-07-05T17:42:58","date_gmt":"2022-07-05T15:42:58","guid":{"rendered":"https:\/\/visitslavoniabaranja.com\/plan-the-trip\/digital-nomads\/"},"modified":"2023-05-23T17:39:00","modified_gmt":"2023-05-23T15:39:00","slug":"digital-nomads","status":"publish","type":"page","link":"https:\/\/visitslavoniabaranja.com\/en\/plan-the-trip\/digital-nomads\/","title":{"rendered":"Digital nomads"},"content":{"rendered":"\n<h2 class=\"wp-block-heading\">Slavonia and Baranja \u2013 a real treat within your reach<\/h2>\n\n<p>Are you thinking about an unexpected journey that starts right around the corner? Allow us to introduce you to the Croatia completely different than what you expect. <strong><em>HeadOnEast (of) Croatia<\/em><\/strong> and let yourself be pampered by the best hosts Croatia can offer!<\/p>\n\n<p><strong>Slavonia and Baranja<\/strong> is an undiscovered destination at the very east of the country that offer completely different experience of Croatia and a very authentic one. It is a multicultural Danube region bordering Hungary and Serbia, known for great hospitality reflected in warm and sincere welcome, well preserved rural architecture and ecosystem. Here you will also find the largest wine cellar and the largest vineyard, the biggest barrel in use\u2026but also top boutique wineries and unforgettable sights and aromas. Here wine and authentic cuisine lovers will find their heaven!<\/p>\n\n<p><strong>Visit Osijek<\/strong> \u2013 the center of Slavonia and Baranja! It is one of those towns that are for a reason considered to be suited to people, especially if you consider yourself a family type of person. There are truly numerous reasons that make this city special. Nor too big, nor too small, university center, rich with social and cultural events, airy and surrounded with natural beauties. An ideal spot for digital nomad \u2013 offering number of co-working hubs, diverse accommodation and great communication infrastructure. Bare in mind that Budapest, Zagreb and Belgrade airports are at 2-hour drive from here.<\/p>\n\n<p>Tourism Board of Osijek-Baranja County is at your disposal for any information on co-working premises and any other question on your stay in the area \u2013 <a href=\"mailto:info@tzosbarzup.hr\">info@tzosbarzup.hr<\/a>.<\/p>\n\n<p>Our local business partners are also at your service:<\/p>\n\n<p><strong>GOLDEN SLAVONIA TRAVEL<\/strong><br\/>Stjepana Radi\u0107a 44<br\/>31000 Osijek<br\/>goldenslavonia@gmail.com<br\/>+385 98 474 373<br\/>~Where the Danube kisses the sky~<\/p>\n\n<p><strong>MAKSI TOURS<\/strong><br\/>Franjeva\u010dka 12, Osijek<br\/>info@maksimilian.hr<br\/>Tel: + 385 91 252 3834<br\/><a href=\"http:\/\/www.whattovisit.in\/\"><strong>www.whattovisit.in<\/strong><\/a><br\/><strong>www.maksimilian.hr<\/strong><\/p>\n\n<h2 class=\"wp-block-heading\">Why Slavonia and Baranja?<\/h2>\n\n<p>One of the visiting digital nomads describes as a peaceful town offering serenity and security. Her experience says that \u201cthe city has infrastructure suitable for cyclists, is easy to go from one place to another and has an excellent public transport. There are no big crowds, but the city is alive, with an abundance of cultural programs and beautiful walking areas, nature, healthy food, gyms, low cost of living and a good \u201cvibe\u201d. Wi-Fi here is probably the best I used, including the US and the Netherlands.\u201d<\/p>\n\n<p>Here are some of the local experiences to be lived in this undiscovered part of Croatia offered by Golden Slavonia Travel and Maksi Tours.<\/p>\n\n<h2 class=\"wp-block-heading\">Ponuda aktivnosti i programa za digitalne nomade<\/h2>\n\n<p><strong>Slavonija i Baranja \u2013 <\/strong><strong>u\u017eivancija na dohvat ruke<\/strong><\/p>\n\n<p>Razmi\u0161lja\u0161 o pustolovini na dohvat ruke, o neo\u010dekivanom putovanju koje po\u010dinje iza ugla, o iskustvu za kakvim mnogi tragaju tisu\u0107ama kilometara? Allow us to introduce you to the solution to all travel-aholic doubts! You will not turn off the camera. Here are some of the last intact wetlands in Europe, vast wheat fields, rich vineyards and centuries-old oak forests.<\/p>\n\n<p>Slavonians and Baranci give their guests the most valuable gifts &#8211; a sincere smile and arms wide open as a sign of a warm welcome. Kindness and generosity are woven into every encounter, and experiences begin with a full meal, recommendations for free time and general advice on how to travel the region like a true hedonist. The hosts here become and remain friends.<\/p>\n\n<p><strong>Posjeti Osijek<\/strong> \u2013 hedonisti\u010dku metropolu istoka Hrvatske! Spacious between wheat fields and the Drava river, rich in social and cultural content, airy and surrounded by natural beauty &#8211; a city tailored to man. Idealan je centar za digitalnog nomada koji nude co-working prostore, \u0161arolik smje\u0161taj i odli\u010dne komunikacijske mre\u017ee. At a distance of about two hours, there are also three large international airports &#8211; in Zagreb, Belgrade and Budapest.<\/p>\n\n<p>Turisti\u010dka zajednica Osje\u010dko-baranjske \u017eupanije je na Va\u0161em raspolaganju za sve dodatne informacije o co-working prostorima te sve ostale informacije na temu boravka u destinaciji putem emaila: <a href=\"mailto:info@tzosbarzup.hr\">info@tzosbarzup.hr<\/a>.<\/p>\n\n<p>Na\u0161i lokalni poslovni partneri \u0107e Vam tako\u0111er rado pru\u017eiti razli\u010dite turisti\u010dke usluge:<\/p>\n\n<p><strong>GOLDEN SLAVONIA TRAVEL<\/strong><br\/>Stjepana Radi\u0107a 44<br\/>31000 Osijek<br\/>goldenslavonia@gmail.com<br\/>+385 98 474 373<br\/>~Where the Danube kisses the sky~<\/p>\n\n<p><strong>MAKSI TOURS<\/strong><br\/>Franjeva\u010dka 12, Osijek<br\/>info@maksimilian.hr<br\/>Tel: + 385 91 252 3834<br\/><a href=\"http:\/\/www.whattovisit.in\/\"><strong>www.whattovisit.in<\/strong><\/a><br\/><strong>www.maksimilian.hr<\/strong><\/p>\n\n<h2 class=\"wp-block-heading\">Za\u0161to Slavonija i Baranja?<\/h2>\n\n<p>Jedna digitalna nomadkinja koja je odabrala Osijek ka\u017ee da bi \u201cvoljela ostati u Osijeku jer je miran gradi\u0107 u kojem sam prona\u0161la mir i sigurnost.\u2026.\u201dgrad ima infrastrukturu pogodnu za bicikliste, lako je kretati se po gradu i ima odli\u010dan javni prijevoz. Nema velikih gu\u017evi, ali je grad \u017eiv, s obiljem kulture i ljepote, prirodom, zdravom hranom, teretanama, niskom cijenom \u017eivljenja i dobrom \u201cvibrom\u201d. WiFi je ovdje, ka\u017ee, vjerojatno najbolji koji je koristila, uklju\u010duju\u0107i SAD i Nizozemsku.\u201d<\/p>\n\n<p>U tekstu ni\u017ee mo\u017eete prona\u0107i vi\u0161e o lokalnom iskustvu koje mo\u017eete do\u017eivljeti u ovom dijelu Hrvatske koje nude Golden Slavonia Travel i Maksi Tours.<\/p>\n\n<p><\/p>\n","protected":false},"excerpt":{"rendered":"<p>Slavonia and Baranja \u2013 a real treat within your reach Are you thinking about an unexpected journey that starts right around the corner? Allow us to introduce you to the Croatia completely different than what you expect. HeadOnEast (of) Croatia and let yourself be pampered by the best hosts Croatia can offer! Slavonia and Baranja [&hellip;]<\/p>\n","protected":false},"author":1,"featured_media":0,"parent":1218,"menu_order":0,"comment_status":"closed","ping_status":"closed","template":"page-trip-nomads.php","meta":{"footnotes":""},"class_list":["post-6072","page","type-page","status-publish","hentry"],"acf":[],"yoast_head":"<!-- This site is optimized with the Yoast SEO plugin v25.0 - https:\/\/yoast.com\/wordpress\/plugins\/seo\/ -->\n<title>Digital nomads - Turisti\u010dka zajednica Osje\u010dko-baranjske \u017eupanije<\/title>\n<meta name=\"robots\" content=\"index, follow, max-snippet:-1, max-image-preview:large, max-video-preview:-1\" \/>\n<link rel=\"canonical\" href=\"https:\/\/visitslavoniabaranja.com\/planiraj-putovanje\/digitalni-nomadi\/\" \/>\n<meta property=\"og:locale\" content=\"en_US\" \/>\n<meta property=\"og:type\" content=\"article\" \/>\n<meta property=\"og:title\" content=\"Digital nomads - Turisti\u010dka zajednica Osje\u010dko-baranjske \u017eupanije\" \/>\n<meta property=\"og:description\" content=\"Slavonia and Baranja \u2013 a real treat within your reach Are you thinking about an unexpected journey that starts right around the corner? Allow us to introduce you to the Croatia completely different than what you expect. HeadOnEast (of) Croatia and let yourself be pampered by the best hosts Croatia can offer! Slavonia and Baranja [&hellip;]\" \/>\n<meta property=\"og:url\" content=\"https:\/\/visitslavoniabaranja.com\/planiraj-putovanje\/digitalni-nomadi\/\" \/>\n<meta property=\"og:site_name\" content=\"Turisti\u010dka zajednica Osje\u010dko-baranjske \u017eupanije\" \/>\n<meta property=\"article:modified_time\" content=\"2023-05-23T15:39:00+00:00\" \/>\n<meta name=\"twitter:card\" content=\"summary_large_image\" \/>\n<meta name=\"twitter:label1\" content=\"Est. reading time\" \/>\n\t<meta name=\"twitter:data1\" content=\"4 minutes\" \/>\n<script type=\"application\/ld+json\" class=\"yoast-schema-graph\">{\"@context\":\"https:\/\/schema.org\",\"@graph\":[{\"@type\":\"WebPage\",\"@id\":\"https:\/\/visitslavoniabaranja.com\/planiraj-putovanje\/digitalni-nomadi\/\",\"url\":\"https:\/\/visitslavoniabaranja.com\/planiraj-putovanje\/digitalni-nomadi\/\",\"name\":\"Digital nomads - Turisti\u010dka zajednica Osje\u010dko-baranjske \u017eupanije\",\"isPartOf\":{\"@id\":\"https:\/\/visitslavoniabaranja.com\/#website\"},\"datePublished\":\"2022-07-05T15:42:58+00:00\",\"dateModified\":\"2023-05-23T15:39:00+00:00\",\"breadcrumb\":{\"@id\":\"https:\/\/visitslavoniabaranja.com\/planiraj-putovanje\/digitalni-nomadi\/#breadcrumb\"},\"inLanguage\":\"en-US\",\"potentialAction\":[{\"@type\":\"ReadAction\",\"target\":[\"https:\/\/visitslavoniabaranja.com\/planiraj-putovanje\/digitalni-nomadi\/\"]}]},{\"@type\":\"BreadcrumbList\",\"@id\":\"https:\/\/visitslavoniabaranja.com\/planiraj-putovanje\/digitalni-nomadi\/#breadcrumb\",\"itemListElement\":[{\"@type\":\"ListItem\",\"position\":1,\"name\":\"Po\u010detna stranica\",\"item\":\"https:\/\/visitslavoniabaranja.com\/en\/\"},{\"@type\":\"ListItem\",\"position\":2,\"name\":\"Plan the trip\",\"item\":\"https:\/\/visitslavoniabaranja.com\/en\/plan-the-trip\/\"},{\"@type\":\"ListItem\",\"position\":3,\"name\":\"Digital nomads\"}]},{\"@type\":\"WebSite\",\"@id\":\"https:\/\/visitslavoniabaranja.com\/#website\",\"url\":\"https:\/\/visitslavoniabaranja.com\/\",\"name\":\"Turisti\u010dka zajednica Osje\u010dko-baranjske \u017eupanije\",\"description\":\"\",\"potentialAction\":[{\"@type\":\"SearchAction\",\"target\":{\"@type\":\"EntryPoint\",\"urlTemplate\":\"https:\/\/visitslavoniabaranja.com\/?s={search_term_string}\"},\"query-input\":{\"@type\":\"PropertyValueSpecification\",\"valueRequired\":true,\"valueName\":\"search_term_string\"}}],\"inLanguage\":\"en-US\"}]}<\/script>\n<!-- \/ Yoast SEO plugin. -->","yoast_head_json":{"title":"Digital nomads - Turisti\u010dka zajednica Osje\u010dko-baranjske \u017eupanije","robots":{"index":"index","follow":"follow","max-snippet":"max-snippet:-1","max-image-preview":"max-image-preview:large","max-video-preview":"max-video-preview:-1"},"canonical":"https:\/\/visitslavoniabaranja.com\/planiraj-putovanje\/digitalni-nomadi\/","og_locale":"en_US","og_type":"article","og_title":"Digital nomads - Turisti\u010dka zajednica Osje\u010dko-baranjske \u017eupanije","og_description":"Slavonia and Baranja \u2013 a real treat within your reach Are you thinking about an unexpected journey that starts right around the corner? Allow us to introduce you to the Croatia completely different than what you expect. HeadOnEast (of) Croatia and let yourself be pampered by the best hosts Croatia can offer! Slavonia and Baranja [&hellip;]","og_url":"https:\/\/visitslavoniabaranja.com\/planiraj-putovanje\/digitalni-nomadi\/","og_site_name":"Turisti\u010dka zajednica Osje\u010dko-baranjske \u017eupanije","article_modified_time":"2023-05-23T15:39:00+00:00","twitter_card":"summary_large_image","twitter_misc":{"Est. reading time":"4 minutes"},"schema":{"@context":"https:\/\/schema.org","@graph":[{"@type":"WebPage","@id":"https:\/\/visitslavoniabaranja.com\/planiraj-putovanje\/digitalni-nomadi\/","url":"https:\/\/visitslavoniabaranja.com\/planiraj-putovanje\/digitalni-nomadi\/","name":"Digital nomads - Turisti\u010dka zajednica Osje\u010dko-baranjske \u017eupanije","isPartOf":{"@id":"https:\/\/visitslavoniabaranja.com\/#website"},"datePublished":"2022-07-05T15:42:58+00:00","dateModified":"2023-05-23T15:39:00+00:00","breadcrumb":{"@id":"https:\/\/visitslavoniabaranja.com\/planiraj-putovanje\/digitalni-nomadi\/#breadcrumb"},"inLanguage":"en-US","potentialAction":[{"@type":"ReadAction","target":["https:\/\/visitslavoniabaranja.com\/planiraj-putovanje\/digitalni-nomadi\/"]}]},{"@type":"BreadcrumbList","@id":"https:\/\/visitslavoniabaranja.com\/planiraj-putovanje\/digitalni-nomadi\/#breadcrumb","itemListElement":[{"@type":"ListItem","position":1,"name":"Po\u010detna stranica","item":"https:\/\/visitslavoniabaranja.com\/en\/"},{"@type":"ListItem","position":2,"name":"Plan the trip","item":"https:\/\/visitslavoniabaranja.com\/en\/plan-the-trip\/"},{"@type":"ListItem","position":3,"name":"Digital nomads"}]},{"@type":"WebSite","@id":"https:\/\/visitslavoniabaranja.com\/#website","url":"https:\/\/visitslavoniabaranja.com\/","name":"Turisti\u010dka zajednica Osje\u010dko-baranjske \u017eupanije","description":"","potentialAction":[{"@type":"SearchAction","target":{"@type":"EntryPoint","urlTemplate":"https:\/\/visitslavoniabaranja.com\/?s={search_term_string}"},"query-input":{"@type":"PropertyValueSpecification","valueRequired":true,"valueName":"search_term_string"}}],"inLanguage":"en-US"}]}},"_links":{"self":[{"href":"https:\/\/visitslavoniabaranja.com\/en\/wp-json\/wp\/v2\/pages\/6072","targetHints":{"allow":["GET"]}}],"collection":[{"href":"https:\/\/visitslavoniabaranja.com\/en\/wp-json\/wp\/v2\/pages"}],"about":[{"href":"https:\/\/visitslavoniabaranja.com\/en\/wp-json\/wp\/v2\/types\/page"}],"author":[{"embeddable":true,"href":"https:\/\/visitslavoniabaranja.com\/en\/wp-json\/wp\/v2\/users\/1"}],"replies":[{"embeddable":true,"href":"https:\/\/visitslavoniabaranja.com\/en\/wp-json\/wp\/v2\/comments?post=6072"}],"version-history":[{"count":2,"href":"https:\/\/visitslavoniabaranja.com\/en\/wp-json\/wp\/v2\/pages\/6072\/revisions"}],"predecessor-version":[{"id":7389,"href":"https:\/\/visitslavoniabaranja.com\/en\/wp-json\/wp\/v2\/pages\/6072\/revisions\/7389"}],"up":[{"embeddable":true,"href":"https:\/\/visitslavoniabaranja.com\/en\/wp-json\/wp\/v2\/pages\/1218"}],"wp:attachment":[{"href":"https:\/\/visitslavoniabaranja.com\/en\/wp-json\/wp\/v2\/media?parent=6072"}],"curies":[{"name":"wp","href":"https:\/\/api.w.org\/{rel}","templated":true}]}}