
{"id":5944,"date":"2022-12-15T13:00:57","date_gmt":"2022-12-15T12:00:57","guid":{"rendered":"https:\/\/visitslavoniabaranja.com\/?page_id=5944"},"modified":"2025-02-11T09:57:29","modified_gmt":"2025-02-11T08:57:29","slug":"katalog-turisticke-ponude","status":"publish","type":"page","link":"https:\/\/visitslavoniabaranja.com\/en\/katalog-turisticke-ponude\/","title":{"rendered":"Katalog turisti\u010dke ponude"},"content":{"rendered":"\n<p><em>Katalog turisti\u010dke ponude Osje\u010dko-baranjske \u017eupanije<\/em> obuhva\u0107a najva\u017enije elemente ponude koji su potrebni za sastavljanje turisti\u010dkih programa, pru\u017eanje informacije te lak\u0161e snala\u017eenje po destinaciji i turisti\u010dkom \u201eprostoru\u201c Osje\u010dko-baranjske \u017eupanije. <\/p>\n\n\n\n<p>Namijenjen je turisti\u010dkim agencijama, turisti\u010dkim zajednicama, ponu\u0111a\u010dima smje\u0161taja, ugostiteljima i svim drugim dionicima sektora za pru\u017eanje \u0161to kvalitetnije i br\u017ee informacije posjetiteljima i budu\u0107im gostima. <\/p>\n\n\n\n<p>Ideja vodilja bila je stvoriti sveobuhvatni izvor podataka koji uklju\u010duje vrlo \u0161irok opseg informacija od smje\u0161taja, ugostiteljske ponude, dodanog sadr\u017eaja, atrakcija, manifestacija do informacija o parkingu za turisti\u010dke autobuse.<\/p>\n\n\n\n<p>Trenutno aktualnu verziju kataloga od 11. velja\u010de 2025. u PDF-u <strong><a href=\"https:\/\/visitslavoniabaranja.com\/wp-content\/uploads\/2025\/02\/KATALOG-TURISTICKE-PONUDE-TZ-OBZ-11-2-2025.pdf\" target=\"_blank\" rel=\"noreferrer noopener\">preuzmite klikom na ovaj link<\/a><\/strong>.<\/p>\n","protected":false},"excerpt":{"rendered":"<p>Katalog turisti\u010dke ponude Osje\u010dko-baranjske \u017eupanije obuhva\u0107a najva\u017enije elemente ponude koji su potrebni za sastavljanje turisti\u010dkih programa, pru\u017eanje informacije te lak\u0161e snala\u017eenje po destinaciji i turisti\u010dkom \u201eprostoru\u201c Osje\u010dko-baranjske \u017eupanije. Namijenjen je turisti\u010dkim agencijama, turisti\u010dkim zajednicama, ponu\u0111a\u010dima smje\u0161taja, ugostiteljima i svim drugim dionicima sektora za pru\u017eanje \u0161to kvalitetnije i br\u017ee informacije posjetiteljima i budu\u0107im gostima. Ideja vodilja [&hellip;]<\/p>\n","protected":false},"author":1,"featured_media":0,"parent":0,"menu_order":0,"comment_status":"closed","ping_status":"closed","template":"page-additional.php","meta":{"footnotes":""},"class_list":["post-5944","page","type-page","status-publish","hentry"],"acf":[],"yoast_head":"<!-- This site is optimized with the Yoast SEO plugin v25.0 - https:\/\/yoast.com\/wordpress\/plugins\/seo\/ -->\n<title>Katalog turisti\u010dke ponude - Turisti\u010dka zajednica Osje\u010dko-baranjske \u017eupanije<\/title>\n<meta name=\"robots\" content=\"index, follow, max-snippet:-1, max-image-preview:large, max-video-preview:-1\" \/>\n<link rel=\"canonical\" href=\"https:\/\/visitslavoniabaranja.com\/katalog-turisticke-ponude\/\" \/>\n<meta property=\"og:locale\" content=\"en_US\" \/>\n<meta property=\"og:type\" content=\"article\" \/>\n<meta property=\"og:title\" content=\"Katalog turisti\u010dke ponude - Turisti\u010dka zajednica Osje\u010dko-baranjske \u017eupanije\" \/>\n<meta property=\"og:description\" content=\"Katalog turisti\u010dke ponude Osje\u010dko-baranjske \u017eupanije obuhva\u0107a najva\u017enije elemente ponude koji su potrebni za sastavljanje turisti\u010dkih programa, pru\u017eanje informacije te lak\u0161e snala\u017eenje po destinaciji i turisti\u010dkom \u201eprostoru\u201c Osje\u010dko-baranjske \u017eupanije. Namijenjen je turisti\u010dkim agencijama, turisti\u010dkim zajednicama, ponu\u0111a\u010dima smje\u0161taja, ugostiteljima i svim drugim dionicima sektora za pru\u017eanje \u0161to kvalitetnije i br\u017ee informacije posjetiteljima i budu\u0107im gostima. Ideja vodilja [&hellip;]\" \/>\n<meta property=\"og:url\" content=\"https:\/\/visitslavoniabaranja.com\/katalog-turisticke-ponude\/\" \/>\n<meta property=\"og:site_name\" content=\"Turisti\u010dka zajednica Osje\u010dko-baranjske \u017eupanije\" \/>\n<meta property=\"article:modified_time\" content=\"2025-02-11T08:57:29+00:00\" \/>\n<meta name=\"twitter:card\" content=\"summary_large_image\" \/>\n<meta name=\"twitter:label1\" content=\"Est. reading time\" \/>\n\t<meta name=\"twitter:data1\" content=\"1 minute\" \/>\n<script type=\"application\/ld+json\" class=\"yoast-schema-graph\">{\"@context\":\"https:\/\/schema.org\",\"@graph\":[{\"@type\":\"WebPage\",\"@id\":\"https:\/\/visitslavoniabaranja.com\/katalog-turisticke-ponude\/\",\"url\":\"https:\/\/visitslavoniabaranja.com\/katalog-turisticke-ponude\/\",\"name\":\"Katalog turisti\u010dke ponude - Turisti\u010dka zajednica Osje\u010dko-baranjske \u017eupanije\",\"isPartOf\":{\"@id\":\"https:\/\/visitslavoniabaranja.com\/#website\"},\"datePublished\":\"2022-12-15T12:00:57+00:00\",\"dateModified\":\"2025-02-11T08:57:29+00:00\",\"breadcrumb\":{\"@id\":\"https:\/\/visitslavoniabaranja.com\/katalog-turisticke-ponude\/#breadcrumb\"},\"inLanguage\":\"en-US\",\"potentialAction\":[{\"@type\":\"ReadAction\",\"target\":[\"https:\/\/visitslavoniabaranja.com\/katalog-turisticke-ponude\/\"]}]},{\"@type\":\"BreadcrumbList\",\"@id\":\"https:\/\/visitslavoniabaranja.com\/katalog-turisticke-ponude\/#breadcrumb\",\"itemListElement\":[{\"@type\":\"ListItem\",\"position\":1,\"name\":\"Po\u010detna stranica\",\"item\":\"https:\/\/visitslavoniabaranja.com\/en\/\"},{\"@type\":\"ListItem\",\"position\":2,\"name\":\"Katalog turisti\u010dke ponude\"}]},{\"@type\":\"WebSite\",\"@id\":\"https:\/\/visitslavoniabaranja.com\/#website\",\"url\":\"https:\/\/visitslavoniabaranja.com\/\",\"name\":\"Turisti\u010dka zajednica Osje\u010dko-baranjske \u017eupanije\",\"description\":\"\",\"potentialAction\":[{\"@type\":\"SearchAction\",\"target\":{\"@type\":\"EntryPoint\",\"urlTemplate\":\"https:\/\/visitslavoniabaranja.com\/?s={search_term_string}\"},\"query-input\":{\"@type\":\"PropertyValueSpecification\",\"valueRequired\":true,\"valueName\":\"search_term_string\"}}],\"inLanguage\":\"en-US\"}]}<\/script>\n<!-- \/ Yoast SEO plugin. -->","yoast_head_json":{"title":"Katalog turisti\u010dke ponude - Turisti\u010dka zajednica Osje\u010dko-baranjske \u017eupanije","robots":{"index":"index","follow":"follow","max-snippet":"max-snippet:-1","max-image-preview":"max-image-preview:large","max-video-preview":"max-video-preview:-1"},"canonical":"https:\/\/visitslavoniabaranja.com\/katalog-turisticke-ponude\/","og_locale":"en_US","og_type":"article","og_title":"Katalog turisti\u010dke ponude - Turisti\u010dka zajednica Osje\u010dko-baranjske \u017eupanije","og_description":"Katalog turisti\u010dke ponude Osje\u010dko-baranjske \u017eupanije obuhva\u0107a najva\u017enije elemente ponude koji su potrebni za sastavljanje turisti\u010dkih programa, pru\u017eanje informacije te lak\u0161e snala\u017eenje po destinaciji i turisti\u010dkom \u201eprostoru\u201c Osje\u010dko-baranjske \u017eupanije. Namijenjen je turisti\u010dkim agencijama, turisti\u010dkim zajednicama, ponu\u0111a\u010dima smje\u0161taja, ugostiteljima i svim drugim dionicima sektora za pru\u017eanje \u0161to kvalitetnije i br\u017ee informacije posjetiteljima i budu\u0107im gostima. Ideja vodilja [&hellip;]","og_url":"https:\/\/visitslavoniabaranja.com\/katalog-turisticke-ponude\/","og_site_name":"Turisti\u010dka zajednica Osje\u010dko-baranjske \u017eupanije","article_modified_time":"2025-02-11T08:57:29+00:00","twitter_card":"summary_large_image","twitter_misc":{"Est. reading time":"1 minute"},"schema":{"@context":"https:\/\/schema.org","@graph":[{"@type":"WebPage","@id":"https:\/\/visitslavoniabaranja.com\/katalog-turisticke-ponude\/","url":"https:\/\/visitslavoniabaranja.com\/katalog-turisticke-ponude\/","name":"Katalog turisti\u010dke ponude - Turisti\u010dka zajednica Osje\u010dko-baranjske \u017eupanije","isPartOf":{"@id":"https:\/\/visitslavoniabaranja.com\/#website"},"datePublished":"2022-12-15T12:00:57+00:00","dateModified":"2025-02-11T08:57:29+00:00","breadcrumb":{"@id":"https:\/\/visitslavoniabaranja.com\/katalog-turisticke-ponude\/#breadcrumb"},"inLanguage":"en-US","potentialAction":[{"@type":"ReadAction","target":["https:\/\/visitslavoniabaranja.com\/katalog-turisticke-ponude\/"]}]},{"@type":"BreadcrumbList","@id":"https:\/\/visitslavoniabaranja.com\/katalog-turisticke-ponude\/#breadcrumb","itemListElement":[{"@type":"ListItem","position":1,"name":"Po\u010detna stranica","item":"https:\/\/visitslavoniabaranja.com\/en\/"},{"@type":"ListItem","position":2,"name":"Katalog turisti\u010dke ponude"}]},{"@type":"WebSite","@id":"https:\/\/visitslavoniabaranja.com\/#website","url":"https:\/\/visitslavoniabaranja.com\/","name":"Turisti\u010dka zajednica Osje\u010dko-baranjske \u017eupanije","description":"","potentialAction":[{"@type":"SearchAction","target":{"@type":"EntryPoint","urlTemplate":"https:\/\/visitslavoniabaranja.com\/?s={search_term_string}"},"query-input":{"@type":"PropertyValueSpecification","valueRequired":true,"valueName":"search_term_string"}}],"inLanguage":"en-US"}]}},"_links":{"self":[{"href":"https:\/\/visitslavoniabaranja.com\/en\/wp-json\/wp\/v2\/pages\/5944","targetHints":{"allow":["GET"]}}],"collection":[{"href":"https:\/\/visitslavoniabaranja.com\/en\/wp-json\/wp\/v2\/pages"}],"about":[{"href":"https:\/\/visitslavoniabaranja.com\/en\/wp-json\/wp\/v2\/types\/page"}],"author":[{"embeddable":true,"href":"https:\/\/visitslavoniabaranja.com\/en\/wp-json\/wp\/v2\/users\/1"}],"replies":[{"embeddable":true,"href":"https:\/\/visitslavoniabaranja.com\/en\/wp-json\/wp\/v2\/comments?post=5944"}],"version-history":[{"count":24,"href":"https:\/\/visitslavoniabaranja.com\/en\/wp-json\/wp\/v2\/pages\/5944\/revisions"}],"predecessor-version":[{"id":12986,"href":"https:\/\/visitslavoniabaranja.com\/en\/wp-json\/wp\/v2\/pages\/5944\/revisions\/12986"}],"wp:attachment":[{"href":"https:\/\/visitslavoniabaranja.com\/en\/wp-json\/wp\/v2\/media?parent=5944"}],"curies":[{"name":"wp","href":"https:\/\/api.w.org\/{rel}","templated":true}]}}