
{"id":530,"date":"2022-05-04T18:52:10","date_gmt":"2022-05-04T16:52:10","guid":{"rendered":"https:\/\/visitslavoniabaranja.com\/?page_id=530"},"modified":"2022-12-02T12:52:19","modified_gmt":"2022-12-02T11:52:19","slug":"taste-the-destination","status":"publish","type":"page","link":"https:\/\/visitslavoniabaranja.com\/en\/taste-the-destination\/","title":{"rendered":"Taste the destination"},"content":{"rendered":"","protected":false},"excerpt":{"rendered":"<p>The flavors of the destination are carried by the people who cook, prepare, produce and breathe for them. All the way from traditional restaurants, modern cuisine and exceptional wines, to genuine domestic products &#8211; Slavonia &#038; Baranja will find a special place in everyone&#8217;s hearts.<\/p>\n","protected":false},"author":2,"featured_media":0,"parent":0,"menu_order":0,"comment_status":"closed","ping_status":"closed","template":"page-posts-categories.php","meta":{"footnotes":""},"class_list":["post-530","page","type-page","status-publish","hentry"],"acf":[],"yoast_head":"<!-- This site is optimized with the Yoast SEO plugin v25.0 - https:\/\/yoast.com\/wordpress\/plugins\/seo\/ -->\n<title>Taste the destination - Turisti\u010dka zajednica Osje\u010dko-baranjske \u017eupanije<\/title>\n<meta name=\"robots\" content=\"index, follow, max-snippet:-1, max-image-preview:large, max-video-preview:-1\" \/>\n<link rel=\"canonical\" href=\"https:\/\/visitslavoniabaranja.com\/en\/taste-the-destination\/\" \/>\n<meta property=\"og:locale\" content=\"en_US\" \/>\n<meta property=\"og:type\" content=\"article\" \/>\n<meta property=\"og:title\" content=\"Taste the destination - Turisti\u010dka zajednica Osje\u010dko-baranjske \u017eupanije\" \/>\n<meta property=\"og:description\" content=\"The flavors of the destination are carried by the people who cook, prepare, produce and breathe for them. All the way from traditional restaurants, modern cuisine and exceptional wines, to genuine domestic products - Slavonia &amp; Baranja will find a special place in everyone&#039;s hearts.\" \/>\n<meta property=\"og:url\" content=\"https:\/\/visitslavoniabaranja.com\/en\/taste-the-destination\/\" \/>\n<meta property=\"og:site_name\" content=\"Turisti\u010dka zajednica Osje\u010dko-baranjske \u017eupanije\" \/>\n<meta property=\"article:modified_time\" content=\"2022-12-02T11:52:19+00:00\" \/>\n<meta name=\"twitter:card\" content=\"summary_large_image\" \/>\n<script type=\"application\/ld+json\" class=\"yoast-schema-graph\">{\"@context\":\"https:\/\/schema.org\",\"@graph\":[{\"@type\":\"WebPage\",\"@id\":\"https:\/\/visitslavoniabaranja.com\/en\/taste-the-destination\/\",\"url\":\"https:\/\/visitslavoniabaranja.com\/en\/taste-the-destination\/\",\"name\":\"Taste the destination - Turisti\u010dka zajednica Osje\u010dko-baranjske \u017eupanije\",\"isPartOf\":{\"@id\":\"https:\/\/visitslavoniabaranja.com\/#website\"},\"datePublished\":\"2022-05-04T16:52:10+00:00\",\"dateModified\":\"2022-12-02T11:52:19+00:00\",\"breadcrumb\":{\"@id\":\"https:\/\/visitslavoniabaranja.com\/en\/taste-the-destination\/#breadcrumb\"},\"inLanguage\":\"en-US\",\"potentialAction\":[{\"@type\":\"ReadAction\",\"target\":[\"https:\/\/visitslavoniabaranja.com\/en\/taste-the-destination\/\"]}]},{\"@type\":\"BreadcrumbList\",\"@id\":\"https:\/\/visitslavoniabaranja.com\/en\/taste-the-destination\/#breadcrumb\",\"itemListElement\":[{\"@type\":\"ListItem\",\"position\":1,\"name\":\"Po\u010detna stranica\",\"item\":\"https:\/\/visitslavoniabaranja.com\/en\/\"},{\"@type\":\"ListItem\",\"position\":2,\"name\":\"Taste the destination\"}]},{\"@type\":\"WebSite\",\"@id\":\"https:\/\/visitslavoniabaranja.com\/#website\",\"url\":\"https:\/\/visitslavoniabaranja.com\/\",\"name\":\"Turisti\u010dka zajednica Osje\u010dko-baranjske \u017eupanije\",\"description\":\"\",\"potentialAction\":[{\"@type\":\"SearchAction\",\"target\":{\"@type\":\"EntryPoint\",\"urlTemplate\":\"https:\/\/visitslavoniabaranja.com\/?s={search_term_string}\"},\"query-input\":{\"@type\":\"PropertyValueSpecification\",\"valueRequired\":true,\"valueName\":\"search_term_string\"}}],\"inLanguage\":\"en-US\"}]}<\/script>\n<!-- \/ Yoast SEO plugin. -->","yoast_head_json":{"title":"Taste the destination - Turisti\u010dka zajednica Osje\u010dko-baranjske \u017eupanije","robots":{"index":"index","follow":"follow","max-snippet":"max-snippet:-1","max-image-preview":"max-image-preview:large","max-video-preview":"max-video-preview:-1"},"canonical":"https:\/\/visitslavoniabaranja.com\/en\/taste-the-destination\/","og_locale":"en_US","og_type":"article","og_title":"Taste the destination - Turisti\u010dka zajednica Osje\u010dko-baranjske \u017eupanije","og_description":"The flavors of the destination are carried by the people who cook, prepare, produce and breathe for them. All the way from traditional restaurants, modern cuisine and exceptional wines, to genuine domestic products - Slavonia & Baranja will find a special place in everyone's hearts.","og_url":"https:\/\/visitslavoniabaranja.com\/en\/taste-the-destination\/","og_site_name":"Turisti\u010dka zajednica Osje\u010dko-baranjske \u017eupanije","article_modified_time":"2022-12-02T11:52:19+00:00","twitter_card":"summary_large_image","schema":{"@context":"https:\/\/schema.org","@graph":[{"@type":"WebPage","@id":"https:\/\/visitslavoniabaranja.com\/en\/taste-the-destination\/","url":"https:\/\/visitslavoniabaranja.com\/en\/taste-the-destination\/","name":"Taste the destination - Turisti\u010dka zajednica Osje\u010dko-baranjske \u017eupanije","isPartOf":{"@id":"https:\/\/visitslavoniabaranja.com\/#website"},"datePublished":"2022-05-04T16:52:10+00:00","dateModified":"2022-12-02T11:52:19+00:00","breadcrumb":{"@id":"https:\/\/visitslavoniabaranja.com\/en\/taste-the-destination\/#breadcrumb"},"inLanguage":"en-US","potentialAction":[{"@type":"ReadAction","target":["https:\/\/visitslavoniabaranja.com\/en\/taste-the-destination\/"]}]},{"@type":"BreadcrumbList","@id":"https:\/\/visitslavoniabaranja.com\/en\/taste-the-destination\/#breadcrumb","itemListElement":[{"@type":"ListItem","position":1,"name":"Po\u010detna stranica","item":"https:\/\/visitslavoniabaranja.com\/en\/"},{"@type":"ListItem","position":2,"name":"Taste the destination"}]},{"@type":"WebSite","@id":"https:\/\/visitslavoniabaranja.com\/#website","url":"https:\/\/visitslavoniabaranja.com\/","name":"Turisti\u010dka zajednica Osje\u010dko-baranjske \u017eupanije","description":"","potentialAction":[{"@type":"SearchAction","target":{"@type":"EntryPoint","urlTemplate":"https:\/\/visitslavoniabaranja.com\/?s={search_term_string}"},"query-input":{"@type":"PropertyValueSpecification","valueRequired":true,"valueName":"search_term_string"}}],"inLanguage":"en-US"}]}},"_links":{"self":[{"href":"https:\/\/visitslavoniabaranja.com\/en\/wp-json\/wp\/v2\/pages\/530","targetHints":{"allow":["GET"]}}],"collection":[{"href":"https:\/\/visitslavoniabaranja.com\/en\/wp-json\/wp\/v2\/pages"}],"about":[{"href":"https:\/\/visitslavoniabaranja.com\/en\/wp-json\/wp\/v2\/types\/page"}],"author":[{"embeddable":true,"href":"https:\/\/visitslavoniabaranja.com\/en\/wp-json\/wp\/v2\/users\/2"}],"replies":[{"embeddable":true,"href":"https:\/\/visitslavoniabaranja.com\/en\/wp-json\/wp\/v2\/comments?post=530"}],"version-history":[{"count":3,"href":"https:\/\/visitslavoniabaranja.com\/en\/wp-json\/wp\/v2\/pages\/530\/revisions"}],"predecessor-version":[{"id":4951,"href":"https:\/\/visitslavoniabaranja.com\/en\/wp-json\/wp\/v2\/pages\/530\/revisions\/4951"}],"wp:attachment":[{"href":"https:\/\/visitslavoniabaranja.com\/en\/wp-json\/wp\/v2\/media?parent=530"}],"curies":[{"name":"wp","href":"https:\/\/api.w.org\/{rel}","templated":true}]}}