
{"id":4059,"date":"2022-06-17T14:27:00","date_gmt":"2022-06-17T12:27:00","guid":{"rendered":"https:\/\/visitslavoniabaranja.com\/?p=4059"},"modified":"2024-01-23T10:58:53","modified_gmt":"2024-01-23T09:58:53","slug":"offer-of-activities-and-programs-for-digital-nomads","status":"publish","type":"page","link":"https:\/\/visitslavoniabaranja.com\/en\/plan-the-trip\/offer-of-activities-and-programs-for-digital-nomads\/","title":{"rendered":"Offer of activities and programs for digital nomads"},"content":{"rendered":"\n<p>Slavonia and Baranja &#8211; enjoyment at your fingertips<\/p>\n\n\n\n<p>Are you thinking about an adventure at your fingertips, about an unexpected journey that starts around the corner, about an experience that many search for thousands of kilometers? Allow us to introduce you to the solution to all travel-aholic doubts! You will not turn off the camera. Here are some of the last intact wetlands in Europe, vast wheat fields, rich vineyards and centuries-old oak forests.<\/p>\n\n\n\n<p>Local people give their guests the most valuable gifts &#8211; a sincere smile and arms wide open as a sign of a warm welcome. Kindness and generosity are woven into every encounter, and experiences begin with a full meal, recommendations for free time and general advice on how to travel the region like a true hedonist. The hosts here become and remain friends.<\/p>\n\n\n\n<figure class=\"wp-block-image size-large\"><img loading=\"lazy\" decoding=\"async\" width=\"1024\" height=\"399\" src=\"https:\/\/visitslavoniabaranja.com\/wp-content\/uploads\/2022\/07\/image-2-1024x399.png\" alt=\"\" class=\"wp-image-2720\" srcset=\"https:\/\/visitslavoniabaranja.com\/wp-content\/uploads\/2022\/07\/image-2-1024x399.png 1024w, https:\/\/visitslavoniabaranja.com\/wp-content\/uploads\/2022\/07\/image-2-440x171.png 440w, https:\/\/visitslavoniabaranja.com\/wp-content\/uploads\/2022\/07\/image-2-768x299.png 768w, https:\/\/visitslavoniabaranja.com\/wp-content\/uploads\/2022\/07\/image-2-1536x598.png 1536w, https:\/\/visitslavoniabaranja.com\/wp-content\/uploads\/2022\/07\/image-2.png 1920w\" sizes=\"auto, (max-width: 1024px) 100vw, 1024px\" \/><\/figure>\n\n\n\n<p>Visit Osijek \u2013 the hedonistic metropolis of eastern Croatia! Spacious between wheat fields and the Drava river, rich in social and cultural content, airy and surrounded by natural beauty &#8211; a city tailored to man. It is an ideal center for digital nomads, offering co-working spaces, colorful accommodation and excellent communication networks. At a distance of about two hours, there are also three large international airports &#8211; in Zagreb, Belgrade and Budapest.<\/p>\n\n\n\n<p>The Osijek-Baranja County Tourist Board is at your disposal for all additional information about co-working spaces and all other information on staying in the destination via email: info@tzosbarzup.hr.<\/p>\n\n\n\n<p>Our local business partners will also be happy to provide you with various tourist services:<\/p>\n\n\n\n<p><strong>GOLDEN SLAVONIA TRAVEL<\/strong><br>Stjepana Radi\u0107a 44<br>31000 Osijek<br>goldenslavonia@gmail.com<br>+385 98 474 373<br>~Where the Danube kisses the sky~<\/p>\n\n\n\n<p><strong>MAKSI TOURS<\/strong><br>Franjeva\u010dka 12, Osijek<br>info@maksimilian.hr<br>Tel: + 385 91 252 3834<br><a href=\"http:\/\/www.whattovisit.in\/\"><strong>www.whattovisit.in<\/strong><\/a><br><strong>www.maksimilian.hr<\/strong><\/p>\n\n\n\n<p>Why Slavonia and Baranja?<\/p>\n\n\n\n<p>One digital nomad who chose Osijek says that she &#8220;would like to stay in Osijek because it&#8217;s a quiet town where I found peace and security\u2026&#8221; the city has an infrastructure suitable for cyclists, it&#8217;s easy to move around the city and has excellent public transport. There are no big crowds, but the city is alive, with an abundance of culture and beauty, nature, healthy food, gyms, a low cost of living and a good &#8220;vibe&#8221;. The WiFi here, she says, is probably the best she&#8217;s used, including the US and the Netherlands.\u201d<\/p>\n\n\n\n<p><br>In the text below you can find more about the local experience that you can experience in this part of Croatia offered by Golden Slavonia Travel and Maksi Tours.<\/p>\n","protected":false},"excerpt":{"rendered":"<p>Slavonia and Baranja &#8211; enjoyment at your fingertips Are you thinking about an adventure at your fingertips, about an unexpected journey that starts around the corner, about an experience that many search for thousands of kilometers? Allow us to introduce you to the solution to all travel-aholic doubts! You will not turn off the camera. [&hellip;]<\/p>\n","protected":false},"author":3,"featured_media":2466,"parent":1218,"menu_order":0,"comment_status":"open","ping_status":"open","template":"page-trip-nomads-offer.php","meta":{"footnotes":""},"class_list":["post-4059","page","type-page","status-publish","has-post-thumbnail","hentry"],"acf":[],"yoast_head":"<!-- This site is optimized with the Yoast SEO plugin v25.0 - https:\/\/yoast.com\/wordpress\/plugins\/seo\/ -->\n<title>Offer of activities and programs for digital nomads - Turisti\u010dka zajednica Osje\u010dko-baranjske \u017eupanije<\/title>\n<meta name=\"robots\" content=\"index, follow, max-snippet:-1, max-image-preview:large, max-video-preview:-1\" \/>\n<link rel=\"canonical\" href=\"https:\/\/visitslavoniabaranja.com\/en\/plan-the-trip\/offer-of-activities-and-programs-for-digital-nomads\/\" \/>\n<meta property=\"og:locale\" content=\"en_US\" \/>\n<meta property=\"og:type\" content=\"article\" \/>\n<meta property=\"og:title\" content=\"Offer of activities and programs for digital nomads - Turisti\u010dka zajednica Osje\u010dko-baranjske \u017eupanije\" \/>\n<meta property=\"og:description\" content=\"Slavonia and Baranja &#8211; enjoyment at your fingertips Are you thinking about an adventure at your fingertips, about an unexpected journey that starts around the corner, about an experience that many search for thousands of kilometers? Allow us to introduce you to the solution to all travel-aholic doubts! You will not turn off the camera. [&hellip;]\" \/>\n<meta property=\"og:url\" content=\"https:\/\/visitslavoniabaranja.com\/en\/plan-the-trip\/offer-of-activities-and-programs-for-digital-nomads\/\" \/>\n<meta property=\"og:site_name\" content=\"Turisti\u010dka zajednica Osje\u010dko-baranjske \u017eupanije\" \/>\n<meta property=\"article:modified_time\" content=\"2024-01-23T09:58:53+00:00\" \/>\n<meta property=\"og:image\" content=\"https:\/\/visitslavoniabaranja.com\/wp-content\/uploads\/2022\/07\/Bez-naslova-150-\u00d7-150-piks.-Objava-na-Facebooku-1048-\u00d7-250-piks.-1048-\u00d7-500-piks.-1000-\u00d7-500-piks.-3-1.png\" \/>\n\t<meta property=\"og:image:width\" content=\"1000\" \/>\n\t<meta property=\"og:image:height\" content=\"500\" \/>\n\t<meta property=\"og:image:type\" content=\"image\/png\" \/>\n<meta name=\"twitter:card\" content=\"summary_large_image\" \/>\n<meta name=\"twitter:label1\" content=\"Est. reading time\" \/>\n\t<meta name=\"twitter:data1\" content=\"3 minutes\" \/>\n<script type=\"application\/ld+json\" class=\"yoast-schema-graph\">{\"@context\":\"https:\/\/schema.org\",\"@graph\":[{\"@type\":\"WebPage\",\"@id\":\"https:\/\/visitslavoniabaranja.com\/en\/plan-the-trip\/offer-of-activities-and-programs-for-digital-nomads\/\",\"url\":\"https:\/\/visitslavoniabaranja.com\/en\/plan-the-trip\/offer-of-activities-and-programs-for-digital-nomads\/\",\"name\":\"Offer of activities and programs for digital nomads - Turisti\u010dka zajednica Osje\u010dko-baranjske \u017eupanije\",\"isPartOf\":{\"@id\":\"https:\/\/visitslavoniabaranja.com\/#website\"},\"primaryImageOfPage\":{\"@id\":\"https:\/\/visitslavoniabaranja.com\/en\/plan-the-trip\/offer-of-activities-and-programs-for-digital-nomads\/#primaryimage\"},\"image\":{\"@id\":\"https:\/\/visitslavoniabaranja.com\/en\/plan-the-trip\/offer-of-activities-and-programs-for-digital-nomads\/#primaryimage\"},\"thumbnailUrl\":\"https:\/\/visitslavoniabaranja.com\/wp-content\/uploads\/2022\/07\/Bez-naslova-150-\u00d7-150-piks.-Objava-na-Facebooku-1048-\u00d7-250-piks.-1048-\u00d7-500-piks.-1000-\u00d7-500-piks.-3-1.png\",\"datePublished\":\"2022-06-17T12:27:00+00:00\",\"dateModified\":\"2024-01-23T09:58:53+00:00\",\"breadcrumb\":{\"@id\":\"https:\/\/visitslavoniabaranja.com\/en\/plan-the-trip\/offer-of-activities-and-programs-for-digital-nomads\/#breadcrumb\"},\"inLanguage\":\"en-US\",\"potentialAction\":[{\"@type\":\"ReadAction\",\"target\":[\"https:\/\/visitslavoniabaranja.com\/en\/plan-the-trip\/offer-of-activities-and-programs-for-digital-nomads\/\"]}]},{\"@type\":\"ImageObject\",\"inLanguage\":\"en-US\",\"@id\":\"https:\/\/visitslavoniabaranja.com\/en\/plan-the-trip\/offer-of-activities-and-programs-for-digital-nomads\/#primaryimage\",\"url\":\"https:\/\/visitslavoniabaranja.com\/wp-content\/uploads\/2022\/07\/Bez-naslova-150-\u00d7-150-piks.-Objava-na-Facebooku-1048-\u00d7-250-piks.-1048-\u00d7-500-piks.-1000-\u00d7-500-piks.-3-1.png\",\"contentUrl\":\"https:\/\/visitslavoniabaranja.com\/wp-content\/uploads\/2022\/07\/Bez-naslova-150-\u00d7-150-piks.-Objava-na-Facebooku-1048-\u00d7-250-piks.-1048-\u00d7-500-piks.-1000-\u00d7-500-piks.-3-1.png\",\"width\":1000,\"height\":500},{\"@type\":\"BreadcrumbList\",\"@id\":\"https:\/\/visitslavoniabaranja.com\/en\/plan-the-trip\/offer-of-activities-and-programs-for-digital-nomads\/#breadcrumb\",\"itemListElement\":[{\"@type\":\"ListItem\",\"position\":1,\"name\":\"Po\u010detna stranica\",\"item\":\"https:\/\/visitslavoniabaranja.com\/en\/\"},{\"@type\":\"ListItem\",\"position\":2,\"name\":\"Plan the trip\",\"item\":\"https:\/\/visitslavoniabaranja.com\/en\/plan-the-trip\/\"},{\"@type\":\"ListItem\",\"position\":3,\"name\":\"Offer of activities and programs for digital nomads\"}]},{\"@type\":\"WebSite\",\"@id\":\"https:\/\/visitslavoniabaranja.com\/#website\",\"url\":\"https:\/\/visitslavoniabaranja.com\/\",\"name\":\"Turisti\u010dka zajednica Osje\u010dko-baranjske \u017eupanije\",\"description\":\"\",\"potentialAction\":[{\"@type\":\"SearchAction\",\"target\":{\"@type\":\"EntryPoint\",\"urlTemplate\":\"https:\/\/visitslavoniabaranja.com\/?s={search_term_string}\"},\"query-input\":{\"@type\":\"PropertyValueSpecification\",\"valueRequired\":true,\"valueName\":\"search_term_string\"}}],\"inLanguage\":\"en-US\"}]}<\/script>\n<!-- \/ Yoast SEO plugin. -->","yoast_head_json":{"title":"Offer of activities and programs for digital nomads - Turisti\u010dka zajednica Osje\u010dko-baranjske \u017eupanije","robots":{"index":"index","follow":"follow","max-snippet":"max-snippet:-1","max-image-preview":"max-image-preview:large","max-video-preview":"max-video-preview:-1"},"canonical":"https:\/\/visitslavoniabaranja.com\/en\/plan-the-trip\/offer-of-activities-and-programs-for-digital-nomads\/","og_locale":"en_US","og_type":"article","og_title":"Offer of activities and programs for digital nomads - Turisti\u010dka zajednica Osje\u010dko-baranjske \u017eupanije","og_description":"Slavonia and Baranja &#8211; enjoyment at your fingertips Are you thinking about an adventure at your fingertips, about an unexpected journey that starts around the corner, about an experience that many search for thousands of kilometers? Allow us to introduce you to the solution to all travel-aholic doubts! You will not turn off the camera. [&hellip;]","og_url":"https:\/\/visitslavoniabaranja.com\/en\/plan-the-trip\/offer-of-activities-and-programs-for-digital-nomads\/","og_site_name":"Turisti\u010dka zajednica Osje\u010dko-baranjske \u017eupanije","article_modified_time":"2024-01-23T09:58:53+00:00","og_image":[{"width":1000,"height":500,"url":"https:\/\/visitslavoniabaranja.com\/wp-content\/uploads\/2022\/07\/Bez-naslova-150-\u00d7-150-piks.-Objava-na-Facebooku-1048-\u00d7-250-piks.-1048-\u00d7-500-piks.-1000-\u00d7-500-piks.-3-1.png","type":"image\/png"}],"twitter_card":"summary_large_image","twitter_misc":{"Est. reading time":"3 minutes"},"schema":{"@context":"https:\/\/schema.org","@graph":[{"@type":"WebPage","@id":"https:\/\/visitslavoniabaranja.com\/en\/plan-the-trip\/offer-of-activities-and-programs-for-digital-nomads\/","url":"https:\/\/visitslavoniabaranja.com\/en\/plan-the-trip\/offer-of-activities-and-programs-for-digital-nomads\/","name":"Offer of activities and programs for digital nomads - Turisti\u010dka zajednica Osje\u010dko-baranjske \u017eupanije","isPartOf":{"@id":"https:\/\/visitslavoniabaranja.com\/#website"},"primaryImageOfPage":{"@id":"https:\/\/visitslavoniabaranja.com\/en\/plan-the-trip\/offer-of-activities-and-programs-for-digital-nomads\/#primaryimage"},"image":{"@id":"https:\/\/visitslavoniabaranja.com\/en\/plan-the-trip\/offer-of-activities-and-programs-for-digital-nomads\/#primaryimage"},"thumbnailUrl":"https:\/\/visitslavoniabaranja.com\/wp-content\/uploads\/2022\/07\/Bez-naslova-150-\u00d7-150-piks.-Objava-na-Facebooku-1048-\u00d7-250-piks.-1048-\u00d7-500-piks.-1000-\u00d7-500-piks.-3-1.png","datePublished":"2022-06-17T12:27:00+00:00","dateModified":"2024-01-23T09:58:53+00:00","breadcrumb":{"@id":"https:\/\/visitslavoniabaranja.com\/en\/plan-the-trip\/offer-of-activities-and-programs-for-digital-nomads\/#breadcrumb"},"inLanguage":"en-US","potentialAction":[{"@type":"ReadAction","target":["https:\/\/visitslavoniabaranja.com\/en\/plan-the-trip\/offer-of-activities-and-programs-for-digital-nomads\/"]}]},{"@type":"ImageObject","inLanguage":"en-US","@id":"https:\/\/visitslavoniabaranja.com\/en\/plan-the-trip\/offer-of-activities-and-programs-for-digital-nomads\/#primaryimage","url":"https:\/\/visitslavoniabaranja.com\/wp-content\/uploads\/2022\/07\/Bez-naslova-150-\u00d7-150-piks.-Objava-na-Facebooku-1048-\u00d7-250-piks.-1048-\u00d7-500-piks.-1000-\u00d7-500-piks.-3-1.png","contentUrl":"https:\/\/visitslavoniabaranja.com\/wp-content\/uploads\/2022\/07\/Bez-naslova-150-\u00d7-150-piks.-Objava-na-Facebooku-1048-\u00d7-250-piks.-1048-\u00d7-500-piks.-1000-\u00d7-500-piks.-3-1.png","width":1000,"height":500},{"@type":"BreadcrumbList","@id":"https:\/\/visitslavoniabaranja.com\/en\/plan-the-trip\/offer-of-activities-and-programs-for-digital-nomads\/#breadcrumb","itemListElement":[{"@type":"ListItem","position":1,"name":"Po\u010detna stranica","item":"https:\/\/visitslavoniabaranja.com\/en\/"},{"@type":"ListItem","position":2,"name":"Plan the trip","item":"https:\/\/visitslavoniabaranja.com\/en\/plan-the-trip\/"},{"@type":"ListItem","position":3,"name":"Offer of activities and programs for digital nomads"}]},{"@type":"WebSite","@id":"https:\/\/visitslavoniabaranja.com\/#website","url":"https:\/\/visitslavoniabaranja.com\/","name":"Turisti\u010dka zajednica Osje\u010dko-baranjske \u017eupanije","description":"","potentialAction":[{"@type":"SearchAction","target":{"@type":"EntryPoint","urlTemplate":"https:\/\/visitslavoniabaranja.com\/?s={search_term_string}"},"query-input":{"@type":"PropertyValueSpecification","valueRequired":true,"valueName":"search_term_string"}}],"inLanguage":"en-US"}]}},"_links":{"self":[{"href":"https:\/\/visitslavoniabaranja.com\/en\/wp-json\/wp\/v2\/pages\/4059","targetHints":{"allow":["GET"]}}],"collection":[{"href":"https:\/\/visitslavoniabaranja.com\/en\/wp-json\/wp\/v2\/pages"}],"about":[{"href":"https:\/\/visitslavoniabaranja.com\/en\/wp-json\/wp\/v2\/types\/page"}],"author":[{"embeddable":true,"href":"https:\/\/visitslavoniabaranja.com\/en\/wp-json\/wp\/v2\/users\/3"}],"replies":[{"embeddable":true,"href":"https:\/\/visitslavoniabaranja.com\/en\/wp-json\/wp\/v2\/comments?post=4059"}],"version-history":[{"count":3,"href":"https:\/\/visitslavoniabaranja.com\/en\/wp-json\/wp\/v2\/pages\/4059\/revisions"}],"predecessor-version":[{"id":8922,"href":"https:\/\/visitslavoniabaranja.com\/en\/wp-json\/wp\/v2\/pages\/4059\/revisions\/8922"}],"up":[{"embeddable":true,"href":"https:\/\/visitslavoniabaranja.com\/en\/wp-json\/wp\/v2\/pages\/1218"}],"wp:featuredmedia":[{"embeddable":true,"href":"https:\/\/visitslavoniabaranja.com\/en\/wp-json\/wp\/v2\/media\/2466"}],"wp:attachment":[{"href":"https:\/\/visitslavoniabaranja.com\/en\/wp-json\/wp\/v2\/media?parent=4059"}],"curies":[{"name":"wp","href":"https:\/\/api.w.org\/{rel}","templated":true}]}}