
{"id":1800,"date":"2022-06-17T15:22:30","date_gmt":"2022-06-17T13:22:30","guid":{"rendered":"https:\/\/visitslavoniabaranja.com\/?page_id=1800"},"modified":"2022-06-17T15:26:26","modified_gmt":"2022-06-17T13:26:26","slug":"nasice","status":"publish","type":"page","link":"https:\/\/visitslavoniabaranja.com\/en\/planiraj-putovanje\/smjestaj\/nasice\/","title":{"rendered":"Na\u0161ice"},"content":{"rendered":"\n<h2 class=\"wp-block-heading\">Hotel Park<\/h2>\n\n\n\n<p><strong>Adresa:<\/strong><br>Peja\u010devi\u0107ev trg 4<br>31500 Na\u0161ice<\/p>\n\n\n\n<p><strong>Kontakt:<\/strong><br>+385 31 613 822<br>info@hotel-park.hr<br>hotel-park.hr<\/p>\n\n\n\n<h2 class=\"wp-block-heading\">Pansion Ribnjak<\/h2>\n\n\n\n<p><strong>Adresa:<\/strong><br>S. Radi\u0107a 1<br>31225 Ribnjak<\/p>\n\n\n\n<p><strong>Kontakt:<\/strong><br>+385 31 607 006<br>info@nasicki-ribnjaci.hr<br>www.nasicki-ribnjaci.hr<\/p>\n\n\n\n<h2 class=\"wp-block-heading\">Preno\u0107i\u0161te EGGHUS<\/h2>\n\n\n\n<p><strong>Adresa:<\/strong><br>Kralja Tomislava 142<br>31500 Na\u0161ice<\/p>\n\n\n\n<p><strong>Kontakt:<\/strong><br>+385 31 617 431<br>egghus@inet.hr<br>www.egghus.com<\/p>\n\n\n\n<h2 class=\"wp-block-heading\">Kr\u010dma \u201ckod Anti\u0161e\u201d<\/h2>\n\n\n\n<p><strong>Adresa:<\/strong><br>Na\u0161icka 58<br>31500 Zoljan<\/p>\n\n\n\n<p><strong>Kontakt:<\/strong><br>+385 98 339 296<br>www.antisa.hr\/kontakt.html<\/p>\n\n\n\n<h2 class=\"wp-block-heading\">Apartmani Mihalj<\/h2>\n\n\n\n<p><strong>Adresa:<\/strong><br>Bra\u0107e Radi\u0107a 141<br>31500 Na\u0161ice<\/p>\n\n\n\n<p><strong>Kontakt:<\/strong><br>+385 31 614 039<br>+385 91 509 9 116<br>www.tznasice.hr\/smjestaj\/apartmani-mihalj<\/p>\n\n\n\n<h2 class=\"wp-block-heading\">Apartman Ivan\u010dica<\/h2>\n\n\n\n<p><strong>Adresa:<\/strong><br>Ul. Josipa Jurja Strossmayera 14<br>31500 Na\u0161ice<\/p>\n\n\n\n<p><strong>Kontakt:<\/strong><br>+385 98 973 6193<br>www.booking.com\/hotel\/hr\/guesthouse-ivancica.hr.html<\/p>\n\n\n\n<h2 class=\"wp-block-heading\">Soba Antea<\/h2>\n\n\n\n<p><strong>Adresa:<\/strong><br>Ul. Matije Gupca 51<br>31500 Martin<\/p>\n\n\n\n<p><strong>Kontakt:<\/strong><br>+385 91 794 4447<br>hr-hr.facebook.com\/sobeantea<\/p>\n\n\n\n<h2 class=\"wp-block-heading\">Sobe Markovac<\/h2>\n\n\n\n<p><strong>Adresa:<\/strong><br>Radni\u010dka ul. 20<br>31500 Markovac Na\u0161i\u010dki<\/p>\n\n\n\n<p><strong>Kontakt:<\/strong><br>+385 92 284 2044<br>info@sobe-markovac.com<br>sobe-markovac.webnode.hr<\/p>\n","protected":false},"excerpt":{"rendered":"<p>Hotel Park Adresa:Peja\u010devi\u0107ev trg 431500 Na\u0161ice Kontakt:+385 31 613 822info@hotel-park.hrhotel-park.hr Pansion Ribnjak Adresa:S. Radi\u0107a 131225 Ribnjak Kontakt:+385 31 607 006info@nasicki-ribnjaci.hrwww.nasicki-ribnjaci.hr Preno\u0107i\u0161te EGGHUS Adresa:Kralja Tomislava 14231500 Na\u0161ice Kontakt:+385 31 617 431egghus@inet.hrwww.egghus.com Kr\u010dma \u201ckod Anti\u0161e\u201d Adresa:Na\u0161icka 5831500 Zoljan Kontakt:+385 98 339 296www.antisa.hr\/kontakt.html Apartmani Mihalj Adresa:Bra\u0107e Radi\u0107a 14131500 Na\u0161ice Kontakt:+385 31 614 039+385 91 509 9 116www.tznasice.hr\/smjestaj\/apartmani-mihalj Apartman [&hellip;]<\/p>\n","protected":false},"author":1,"featured_media":1811,"parent":1780,"menu_order":0,"comment_status":"closed","ping_status":"closed","template":"page-trip-hotels.php","meta":{"footnotes":""},"class_list":["post-1800","page","type-page","status-publish","has-post-thumbnail","hentry"],"acf":[],"yoast_head":"<!-- This site is optimized with the Yoast SEO plugin v25.0 - https:\/\/yoast.com\/wordpress\/plugins\/seo\/ -->\n<title>Na\u0161ice - Turisti\u010dka zajednica Osje\u010dko-baranjske \u017eupanije<\/title>\n<meta name=\"robots\" content=\"index, follow, max-snippet:-1, max-image-preview:large, max-video-preview:-1\" \/>\n<link rel=\"canonical\" href=\"https:\/\/visitslavoniabaranja.com\/planiraj-putovanje\/smjestaj\/nasice\/\" \/>\n<meta property=\"og:locale\" content=\"en_US\" \/>\n<meta property=\"og:type\" content=\"article\" \/>\n<meta property=\"og:title\" content=\"Na\u0161ice - Turisti\u010dka zajednica Osje\u010dko-baranjske \u017eupanije\" \/>\n<meta property=\"og:description\" content=\"Hotel Park Adresa:Peja\u010devi\u0107ev trg 431500 Na\u0161ice Kontakt:+385 31 613 822info@hotel-park.hrhotel-park.hr Pansion Ribnjak Adresa:S. Radi\u0107a 131225 Ribnjak Kontakt:+385 31 607 006info@nasicki-ribnjaci.hrwww.nasicki-ribnjaci.hr Preno\u0107i\u0161te EGGHUS Adresa:Kralja Tomislava 14231500 Na\u0161ice Kontakt:+385 31 617 431egghus@inet.hrwww.egghus.com Kr\u010dma \u201ckod Anti\u0161e\u201d Adresa:Na\u0161icka 5831500 Zoljan Kontakt:+385 98 339 296www.antisa.hr\/kontakt.html Apartmani Mihalj Adresa:Bra\u0107e Radi\u0107a 14131500 Na\u0161ice Kontakt:+385 31 614 039+385 91 509 9 116www.tznasice.hr\/smjestaj\/apartmani-mihalj Apartman [&hellip;]\" \/>\n<meta property=\"og:url\" content=\"https:\/\/visitslavoniabaranja.com\/planiraj-putovanje\/smjestaj\/nasice\/\" \/>\n<meta property=\"og:site_name\" content=\"Turisti\u010dka zajednica Osje\u010dko-baranjske \u017eupanije\" \/>\n<meta property=\"article:modified_time\" content=\"2022-06-17T13:26:26+00:00\" \/>\n<meta property=\"og:image\" content=\"https:\/\/visitslavoniabaranja.com\/wp-content\/uploads\/2022\/06\/Grad-Nasice-Denis-Despot-600x400-1.jpg\" \/>\n\t<meta property=\"og:image:width\" content=\"600\" \/>\n\t<meta property=\"og:image:height\" content=\"400\" \/>\n\t<meta property=\"og:image:type\" content=\"image\/jpeg\" \/>\n<meta name=\"twitter:card\" content=\"summary_large_image\" \/>\n<meta name=\"twitter:label1\" content=\"Est. reading time\" \/>\n\t<meta name=\"twitter:data1\" content=\"1 minute\" \/>\n<script type=\"application\/ld+json\" class=\"yoast-schema-graph\">{\"@context\":\"https:\/\/schema.org\",\"@graph\":[{\"@type\":\"WebPage\",\"@id\":\"https:\/\/visitslavoniabaranja.com\/planiraj-putovanje\/smjestaj\/nasice\/\",\"url\":\"https:\/\/visitslavoniabaranja.com\/planiraj-putovanje\/smjestaj\/nasice\/\",\"name\":\"Na\u0161ice - Turisti\u010dka zajednica Osje\u010dko-baranjske \u017eupanije\",\"isPartOf\":{\"@id\":\"https:\/\/visitslavoniabaranja.com\/#website\"},\"primaryImageOfPage\":{\"@id\":\"https:\/\/visitslavoniabaranja.com\/planiraj-putovanje\/smjestaj\/nasice\/#primaryimage\"},\"image\":{\"@id\":\"https:\/\/visitslavoniabaranja.com\/planiraj-putovanje\/smjestaj\/nasice\/#primaryimage\"},\"thumbnailUrl\":\"https:\/\/visitslavoniabaranja.com\/wp-content\/uploads\/2022\/06\/Grad-Nasice-Denis-Despot-600x400-1.jpg\",\"datePublished\":\"2022-06-17T13:22:30+00:00\",\"dateModified\":\"2022-06-17T13:26:26+00:00\",\"breadcrumb\":{\"@id\":\"https:\/\/visitslavoniabaranja.com\/planiraj-putovanje\/smjestaj\/nasice\/#breadcrumb\"},\"inLanguage\":\"en-US\",\"potentialAction\":[{\"@type\":\"ReadAction\",\"target\":[\"https:\/\/visitslavoniabaranja.com\/planiraj-putovanje\/smjestaj\/nasice\/\"]}]},{\"@type\":\"ImageObject\",\"inLanguage\":\"en-US\",\"@id\":\"https:\/\/visitslavoniabaranja.com\/planiraj-putovanje\/smjestaj\/nasice\/#primaryimage\",\"url\":\"https:\/\/visitslavoniabaranja.com\/wp-content\/uploads\/2022\/06\/Grad-Nasice-Denis-Despot-600x400-1.jpg\",\"contentUrl\":\"https:\/\/visitslavoniabaranja.com\/wp-content\/uploads\/2022\/06\/Grad-Nasice-Denis-Despot-600x400-1.jpg\",\"width\":600,\"height\":400},{\"@type\":\"BreadcrumbList\",\"@id\":\"https:\/\/visitslavoniabaranja.com\/planiraj-putovanje\/smjestaj\/nasice\/#breadcrumb\",\"itemListElement\":[{\"@type\":\"ListItem\",\"position\":1,\"name\":\"Po\u010detna stranica\",\"item\":\"https:\/\/visitslavoniabaranja.com\/en\/\"},{\"@type\":\"ListItem\",\"position\":2,\"name\":\"Planiraj putovanje\",\"item\":\"https:\/\/visitslavoniabaranja.com\/planiraj-putovanje\/\"},{\"@type\":\"ListItem\",\"position\":3,\"name\":\"Smje\u0161taj\",\"item\":\"https:\/\/visitslavoniabaranja.com\/planiraj-putovanje\/smjestaj\/\"},{\"@type\":\"ListItem\",\"position\":4,\"name\":\"Na\u0161ice\"}]},{\"@type\":\"WebSite\",\"@id\":\"https:\/\/visitslavoniabaranja.com\/#website\",\"url\":\"https:\/\/visitslavoniabaranja.com\/\",\"name\":\"Turisti\u010dka zajednica Osje\u010dko-baranjske \u017eupanije\",\"description\":\"\",\"potentialAction\":[{\"@type\":\"SearchAction\",\"target\":{\"@type\":\"EntryPoint\",\"urlTemplate\":\"https:\/\/visitslavoniabaranja.com\/?s={search_term_string}\"},\"query-input\":{\"@type\":\"PropertyValueSpecification\",\"valueRequired\":true,\"valueName\":\"search_term_string\"}}],\"inLanguage\":\"en-US\"}]}<\/script>\n<!-- \/ Yoast SEO plugin. -->","yoast_head_json":{"title":"Na\u0161ice - Turisti\u010dka zajednica Osje\u010dko-baranjske \u017eupanije","robots":{"index":"index","follow":"follow","max-snippet":"max-snippet:-1","max-image-preview":"max-image-preview:large","max-video-preview":"max-video-preview:-1"},"canonical":"https:\/\/visitslavoniabaranja.com\/planiraj-putovanje\/smjestaj\/nasice\/","og_locale":"en_US","og_type":"article","og_title":"Na\u0161ice - Turisti\u010dka zajednica Osje\u010dko-baranjske \u017eupanije","og_description":"Hotel Park Adresa:Peja\u010devi\u0107ev trg 431500 Na\u0161ice Kontakt:+385 31 613 822info@hotel-park.hrhotel-park.hr Pansion Ribnjak Adresa:S. Radi\u0107a 131225 Ribnjak Kontakt:+385 31 607 006info@nasicki-ribnjaci.hrwww.nasicki-ribnjaci.hr Preno\u0107i\u0161te EGGHUS Adresa:Kralja Tomislava 14231500 Na\u0161ice Kontakt:+385 31 617 431egghus@inet.hrwww.egghus.com Kr\u010dma \u201ckod Anti\u0161e\u201d Adresa:Na\u0161icka 5831500 Zoljan Kontakt:+385 98 339 296www.antisa.hr\/kontakt.html Apartmani Mihalj Adresa:Bra\u0107e Radi\u0107a 14131500 Na\u0161ice Kontakt:+385 31 614 039+385 91 509 9 116www.tznasice.hr\/smjestaj\/apartmani-mihalj Apartman [&hellip;]","og_url":"https:\/\/visitslavoniabaranja.com\/planiraj-putovanje\/smjestaj\/nasice\/","og_site_name":"Turisti\u010dka zajednica Osje\u010dko-baranjske \u017eupanije","article_modified_time":"2022-06-17T13:26:26+00:00","og_image":[{"width":600,"height":400,"url":"https:\/\/visitslavoniabaranja.com\/wp-content\/uploads\/2022\/06\/Grad-Nasice-Denis-Despot-600x400-1.jpg","type":"image\/jpeg"}],"twitter_card":"summary_large_image","twitter_misc":{"Est. reading time":"1 minute"},"schema":{"@context":"https:\/\/schema.org","@graph":[{"@type":"WebPage","@id":"https:\/\/visitslavoniabaranja.com\/planiraj-putovanje\/smjestaj\/nasice\/","url":"https:\/\/visitslavoniabaranja.com\/planiraj-putovanje\/smjestaj\/nasice\/","name":"Na\u0161ice - Turisti\u010dka zajednica Osje\u010dko-baranjske \u017eupanije","isPartOf":{"@id":"https:\/\/visitslavoniabaranja.com\/#website"},"primaryImageOfPage":{"@id":"https:\/\/visitslavoniabaranja.com\/planiraj-putovanje\/smjestaj\/nasice\/#primaryimage"},"image":{"@id":"https:\/\/visitslavoniabaranja.com\/planiraj-putovanje\/smjestaj\/nasice\/#primaryimage"},"thumbnailUrl":"https:\/\/visitslavoniabaranja.com\/wp-content\/uploads\/2022\/06\/Grad-Nasice-Denis-Despot-600x400-1.jpg","datePublished":"2022-06-17T13:22:30+00:00","dateModified":"2022-06-17T13:26:26+00:00","breadcrumb":{"@id":"https:\/\/visitslavoniabaranja.com\/planiraj-putovanje\/smjestaj\/nasice\/#breadcrumb"},"inLanguage":"en-US","potentialAction":[{"@type":"ReadAction","target":["https:\/\/visitslavoniabaranja.com\/planiraj-putovanje\/smjestaj\/nasice\/"]}]},{"@type":"ImageObject","inLanguage":"en-US","@id":"https:\/\/visitslavoniabaranja.com\/planiraj-putovanje\/smjestaj\/nasice\/#primaryimage","url":"https:\/\/visitslavoniabaranja.com\/wp-content\/uploads\/2022\/06\/Grad-Nasice-Denis-Despot-600x400-1.jpg","contentUrl":"https:\/\/visitslavoniabaranja.com\/wp-content\/uploads\/2022\/06\/Grad-Nasice-Denis-Despot-600x400-1.jpg","width":600,"height":400},{"@type":"BreadcrumbList","@id":"https:\/\/visitslavoniabaranja.com\/planiraj-putovanje\/smjestaj\/nasice\/#breadcrumb","itemListElement":[{"@type":"ListItem","position":1,"name":"Po\u010detna stranica","item":"https:\/\/visitslavoniabaranja.com\/en\/"},{"@type":"ListItem","position":2,"name":"Planiraj putovanje","item":"https:\/\/visitslavoniabaranja.com\/planiraj-putovanje\/"},{"@type":"ListItem","position":3,"name":"Smje\u0161taj","item":"https:\/\/visitslavoniabaranja.com\/planiraj-putovanje\/smjestaj\/"},{"@type":"ListItem","position":4,"name":"Na\u0161ice"}]},{"@type":"WebSite","@id":"https:\/\/visitslavoniabaranja.com\/#website","url":"https:\/\/visitslavoniabaranja.com\/","name":"Turisti\u010dka zajednica Osje\u010dko-baranjske \u017eupanije","description":"","potentialAction":[{"@type":"SearchAction","target":{"@type":"EntryPoint","urlTemplate":"https:\/\/visitslavoniabaranja.com\/?s={search_term_string}"},"query-input":{"@type":"PropertyValueSpecification","valueRequired":true,"valueName":"search_term_string"}}],"inLanguage":"en-US"}]}},"_links":{"self":[{"href":"https:\/\/visitslavoniabaranja.com\/en\/wp-json\/wp\/v2\/pages\/1800","targetHints":{"allow":["GET"]}}],"collection":[{"href":"https:\/\/visitslavoniabaranja.com\/en\/wp-json\/wp\/v2\/pages"}],"about":[{"href":"https:\/\/visitslavoniabaranja.com\/en\/wp-json\/wp\/v2\/types\/page"}],"author":[{"embeddable":true,"href":"https:\/\/visitslavoniabaranja.com\/en\/wp-json\/wp\/v2\/users\/1"}],"replies":[{"embeddable":true,"href":"https:\/\/visitslavoniabaranja.com\/en\/wp-json\/wp\/v2\/comments?post=1800"}],"version-history":[{"count":2,"href":"https:\/\/visitslavoniabaranja.com\/en\/wp-json\/wp\/v2\/pages\/1800\/revisions"}],"predecessor-version":[{"id":1828,"href":"https:\/\/visitslavoniabaranja.com\/en\/wp-json\/wp\/v2\/pages\/1800\/revisions\/1828"}],"up":[{"embeddable":true,"href":"https:\/\/visitslavoniabaranja.com\/en\/wp-json\/wp\/v2\/pages\/1780"}],"wp:featuredmedia":[{"embeddable":true,"href":"https:\/\/visitslavoniabaranja.com\/en\/wp-json\/wp\/v2\/media\/1811"}],"wp:attachment":[{"href":"https:\/\/visitslavoniabaranja.com\/en\/wp-json\/wp\/v2\/media?parent=1800"}],"curies":[{"name":"wp","href":"https:\/\/api.w.org\/{rel}","templated":true}]}}