
{"id":1799,"date":"2022-06-17T15:21:16","date_gmt":"2022-06-17T13:21:16","guid":{"rendered":"https:\/\/visitslavoniabaranja.com\/?page_id=1799"},"modified":"2022-12-07T15:54:38","modified_gmt":"2022-12-07T14:54:38","slug":"erdut","status":"publish","type":"page","link":"https:\/\/visitslavoniabaranja.com\/en\/planiraj-putovanje\/smjestaj\/erdut\/","title":{"rendered":"Erdut"},"content":{"rendered":"\n<p><strong>Apartman \/ Soba<\/strong><\/p>\n\n\n\n<p><\/p>\n\n\n\n<p><strong>Kr\u010dma \u201eStari Mlin\u201c<\/strong> Dalj,&nbsp; 15 kreveta<\/p>\n\n\n\n<p>Adresa: Bra\u0107e Radi\u0107a 23 Dalj<\/p>\n\n\n\n<p>Telefon: +385921239293<\/p>\n\n\n\n<p>E-mail: <a href=\"mailto:krcmastarimlin@gmail.com\">krcmastarimlin@gmail.com<\/a><\/p>\n\n\n\n<p><\/p>\n\n\n\n<p><strong>Bakina Ku\u0107a<\/strong> Dalj, 12 kreveta<\/p>\n\n\n\n<p>Adresa: Petra Kov\u010dalije Pere 21 Dalj<\/p>\n\n\n\n<p>Telefon: +385913434155<\/p>\n\n\n\n<p>E-mail: <a href=\"mailto:seoska.idila@gmail.com\">seoska.idila@gmail.com<\/a><\/p>\n\n\n\n<p><\/p>\n\n\n\n<p><a><strong>Villa Katarina<\/strong><\/a>, 12 kreveta<\/p>\n\n\n\n<p>Dio komleksa su tri beskona\u010dna bazena, prostori za proslave, vo\u0107njak&#8230;<\/p>\n\n\n\n<p>Adresa: Balinac 33, 31205 Aljma\u0161<\/p>\n\n\n\n<p>Telefon: 0913700000<\/p>\n\n\n\n<p>E-mail: <a href=\"mailto:rezervacije@villakatarina.com.hr\">rezervacije@villakatarina.com.hr<\/a><\/p>\n\n\n\n<p><\/p>\n\n\n\n<p><strong>Villa Edl-Elegant<\/strong>, kapacitet 11 osoba.<\/p>\n\n\n\n<p>U sklopu ville nalazi se wellness kutak sa saunom i grijani zatvoren bazen. U ovom objektu s pogledom na rijeku na raspolaganju je smje\u0161taj s terasom i kuhalom za vodu. Stol za stolni tenis, besplatno privatno parkirali\u0161te i besplatan WiFi. U ovoj vili s 5 zvjezdica gostima su na raspolaganju spa centar i dje\u010dje igrali\u0161te. Gosti tako\u0111er mogu koristiti se opremom za ro\u0161tilj, opu\u0161tati se u vrtu ili u\u017eivati u vo\u017enji bicikla.<\/p>\n\n\n\n<p>Adresa: Buli\u0107ev dol 75, 31205, Aljma\u0161<\/p>\n\n\n\n<p>Facebook: <a href=\"https:\/\/www.facebook.com\/VillaEdlElegant\">https:\/\/www.facebook.com\/VillaEdlElegant<\/a><\/p>\n\n\n\n<p>Telefon: 099 592 1424<\/p>\n\n\n\n<p>E-mail: <a href=\"mailto:info@villa-edl.com\">info@villa-edl.com<\/a><\/p>\n\n\n\n<p><\/p>\n\n\n\n<p><strong>Sini\u0161a Petrijev\u010danin<\/strong>, 2 kreveta.<\/p>\n\n\n\n<p>Adresa: Mladena Palinka\u0161a 20, 31205 Aljma\u0161,<\/p>\n\n\n\n<p>Telefoni: 031 595 260, 091 55 87 771,<\/p>\n\n\n\n<p>E-mail: <a href=\"mailto:sinisa.petrijevcanin@gmail.com\">sinisa.petrijevcanin@gmail.com<\/a>,<\/p>\n\n\n\n<p>Web:&nbsp; <a href=\"http:\/\/sites.google.com\/site\/petrijevcaninfamily\">http:\/\/sites.google.com\/site\/petrijevcaninfamily<\/a><\/p>\n\n\n\n<p><\/p>\n\n\n\n<p><strong>Silvana Gosti\u0107<\/strong>, 2 kreveta<\/p>\n\n\n\n<p>Adresa: Zlatna 50, 31205 Aljma\u0161,<\/p>\n\n\n\n<p>Telefoni: 031 595 172, 091 15 90 326,<\/p>\n\n\n\n<p>E-mail: <a href=\"mailto:gostic@net.hr\">gostic@net.hr<\/a><\/p>\n\n\n\n<p><\/p>\n\n\n\n<p><strong>Jasna Zec<\/strong>, 4 kreveta<\/p>\n\n\n\n<p>Adresa: Trg B. Radi\u0107a 29, 31205, Aljma\u0161<\/p>\n\n\n\n<p>Telefon: 098\/954 52 57,<\/p>\n\n\n\n<p>E-mail: <a href=\"mailto:mail%3Aizletistezeko@net.hr\" target=\"_blank\" rel=\"noreferrer noopener\">izletistezeko@net.hr<\/a>,<\/p>\n\n\n\n<p>Web: <a href=\"http:\/\/www.konoba-zeko.net\">www.konoba-zeko.net<\/a><\/p>\n\n\n\n<p><\/p>\n\n\n\n<p><strong>Apartman Dunav<\/strong><\/p>\n\n\n\n<p>Adresa: Crkvina 64, Aljma\u0161, 2 kreveta.<\/p>\n\n\n\n<p>Kontakti: 095 395 9054; 091 769 3783,<\/p>\n\n\n\n<p>E-mail:&nbsp;<a href=\"mailto:doracec13@gmail.com\" target=\"_blank\" rel=\"noreferrer noopener\">doracec13@gmail.com<\/a>,<\/p>\n\n\n\n<p>Facebook stranica: Apartmani Dunav Aljma\u0161<\/p>\n\n\n\n<p><\/p>\n\n\n\n<p><strong>Erdutski vinogradi d.o.o.<\/strong>, 20 kreveta.<\/p>\n\n\n\n<p>Adresa: Trg Branka Hercega 1, 31206, Erdut,<\/p>\n\n\n\n<p>Telefoni: 031\/596-555, Fax: 031\/596-138,<\/p>\n\n\n\n<p>E-mail: <a href=\"mailto:erdutski-vinogradi@os.t-com.hr\">erdutski-vinogradi@os.t-com.hr<\/a>,<\/p>\n\n\n\n<p>Web adresa: <a href=\"http:\/\/www.erdutski-vinogradi.hr\">www.erdutski-vinogradi.hr<\/a><\/p>\n\n\n\n<p><\/p>\n\n\n\n<p><strong>Zlatica Blagojevi\u0107<\/strong>, 2+2 kreveta<\/p>\n\n\n\n<p>Adresa: Ivana Baki\u0107a 53, 31206 Erdut,<\/p>\n\n\n\n<p>Telefon: 031\/596-056<\/p>\n\n\n\n<p>E-mail:zlatica.blagojevic@gmail.com<\/p>\n\n\n\n<p><\/p>\n\n\n\n<p><strong>Apartman &#8220;Zeleni horizont&#8221;<\/strong>, 2+2 kreveta.<\/p>\n\n\n\n<p>Adresa: Erdutska planina 45<\/p>\n\n\n\n<p>Web: <a href=\"https:\/\/www.facebook.com\/zelenihorizont\">https:\/\/www.facebook.com\/zelenihorizont<\/a><\/p>\n\n\n\n<p><\/p>\n\n\n\n<p><strong>Ku\u0107a za odmor<\/strong><\/p>\n\n\n\n<p><strong>Selja\u010dko doma\u0107instvo \u201eKod Mare Bure\u201c<\/strong>, 2 kreveta.<\/p>\n\n\n\n<p>Vlasnik: Ljiljana Bede,<\/p>\n\n\n\n<p>Kontakt: 031\/595-072; 097\/79-32-006,<\/p>\n\n\n\n<p>E-mail: <a href=\"mailto:opg.bede1@gmail.com\" target=\"_blank\" rel=\"noreferrer noopener\">opg.bede1@gmail.com<\/a>,<\/p>\n\n\n\n<p>Web: <a href=\"http:\/\/www.opg-bede.hr\" target=\"_blank\" rel=\"noreferrer noopener\">www.opg-bede.hr<\/a><\/p>\n\n\n\n<p><\/p>\n\n\n\n<p><strong>Villa Aljma\u0161<\/strong>, 11 kreveta. Bazen.<\/p>\n\n\n\n<p>Adresa: Mladena Palinka\u0161a 21, 31205 Aljma\u0161,<\/p>\n\n\n\n<p>Telefon: 0921105556,<\/p>\n\n\n\n<p>E-mail: <a href=\"mailto:info@villa-aljmas.com\">info@villa-aljmas.com<\/a>,<\/p>\n\n\n\n<p>Web adresa:&nbsp; <a href=\"http:\/\/www.villa-aljmas.com\/\" target=\"_blank\" rel=\"noreferrer noopener\">www.villa-aljmas.com<\/a><\/p>\n\n\n\n<p><\/p>\n\n\n\n<p><strong>Ivica Vasilj<\/strong>, 5 kreveta.<\/p>\n\n\n\n<p>Adresa: Mladena Palinka\u0161a 32, 31205 Aljma\u0161<\/p>\n\n\n\n<p>Telefoni: 098 98 28 300<\/p>\n\n\n\n<p>E-mail: pod.dudom@gmail.com<\/p>\n\n\n\n<p><\/p>\n\n\n\n<p><strong>Ku\u0107a za odmor \u201cDanubio\u201d<\/strong>, 4 kreveta.<\/p>\n\n\n\n<p>Adresa: Stepani\u010devac 8, 31205 Aljma\u0161<\/p>\n\n\n\n<p>Telefon: +385 916315701,<\/p>\n\n\n\n<p>Email: <a href=\"mailto:vino@mtd.hr\">vino@mtd.hr<\/a>,<\/p>\n\n\n\n<p>Web adresa: <a href=\"http:\/\/www.danubio.hr\/\" target=\"_blank\" rel=\"noreferrer noopener\">www.danubio.hr<\/a><\/p>\n\n\n\n<p><\/p>\n\n\n\n<p><strong>Ku\u0107a za odmor \u201eKod \u0160tefa\u201c<\/strong>, 5 kreveta<\/p>\n\n\n\n<p>Adresa: Josipa Kemenji &nbsp;Joce 12, 31226 Dalj ,<\/p>\n\n\n\n<p>Telefoni:&nbsp; <a href=\"tel:%2B385%2091%20532%207712\" target=\"_blank\" rel=\"noreferrer noopener\">+385 91 532 7712<\/a>, <a href=\"tel:%2B385%2098%20167%203088\" target=\"_blank\" rel=\"noreferrer noopener\">+385 98 167 3088<\/a>&nbsp;<\/p>\n\n\n\n<p>E:mail:&nbsp; <a href=\"mailto:kuca.kod.stefa@gmail.com\" target=\"_blank\" rel=\"noreferrer noopener\">kuca.kod.stefa@gmail.com<\/a>,<\/p>\n\n\n\n<p>Web: <a href=\"https:\/\/sites.google.com\/site\/kodstefa\/home\" target=\"_blank\" rel=\"noreferrer noopener\">https:\/\/sites.google.com\/site\/kodstefa\/home<\/a><\/p>\n\n\n\n<p><\/p>\n\n\n\n<p><strong>Ku\u0107a za odmor \u201cPetra\u201d<\/strong>, 4 kreveta. Bazen.<\/p>\n\n\n\n<p>Ora\u0161ki put 15 A, 31206, Erdut<\/p>\n\n\n\n<p>Telefon +385957056343,<\/p>\n\n\n\n<p>E-mail: <a href=\"mailto:petra.teskera@gmail.com\">petra.teskera@gmail.com<\/a><\/p>\n\n\n\n<p><\/p>\n\n\n\n<p><strong>Ruralna ku\u0107a za odmor \u201cBrzica\u201d<\/strong>, 2 kreveta<\/p>\n\n\n\n<p>Erdutska planina 18, Erdut<\/p>\n\n\n\n<p>Telefon: +38592973410,<\/p>\n\n\n\n<p>E-mail: <a href=\"mailto:ivo.brzicahbv9@gmail.com\">ivo.brzicahbv9@gmail.com<\/a><\/p>\n\n\n\n<p><\/p>\n\n\n\n<p><strong>Ku\u0107a za odmor \u201cPeter\u201d<\/strong>, 4 kreveta<\/p>\n\n\n\n<p>Podunavlje 142, Erdut<\/p>\n\n\n\n<p>Telefon: 0998255626,<\/p>\n\n\n\n<p>E-mail: <a href=\"mailto:matej.llazar@gmail.com\">matej.llazar@gmail.com<\/a><\/p>\n\n\n\n<p><\/p>\n\n\n\n<p><strong>Ladanjska ku\u0107a Magistra<\/strong>, 2 kreveta<\/p>\n\n\n\n<p>Adresa: Ulica bra\u0107e Radi\u0107 1, 31206, Erdut<\/p>\n\n\n\n<p>Telefon: +385992091212,<\/p>\n\n\n\n<p>E-mail: <a href=\"mailto:pavichrvoje@gmail.com\">pavichrvoje@gmail.com<\/a><\/p>\n\n\n\n<p><\/p>\n\n\n\n<p><strong>\u201eVilla Edl Elegant\u201c<\/strong>, 4+2 kreveta<\/p>\n\n\n\n<p>Osim smje\u0161taja, u ponudi je i bazen.<\/p>\n\n\n\n<p>Adresa: Rudine Buli\u010dev dol 75, Aljma\u0161<\/p>\n\n\n\n<p>Telefon: +385995921424<\/p>\n\n\n\n<p>E-mail: <a href=\"mailto:edlexpanding@gmail.com\">edlexpanding@gmail.com<\/a><\/p>\n\n\n\n<p>Web: <a href=\"https:\/\/villa-edl.com\/\">https:\/\/villa-edl.com\/<\/a><\/p>\n\n\n\n<p><\/p>\n\n\n\n<p><strong>Apartmani \u201eUdi\u010darski dom U\u0161\u0107e\u201c<\/strong>, 8 kreveta<\/p>\n\n\n\n<p>Apartman \u201eSOM\u201c 2 kreveta, \u201e\u0160ARAN\u201c 2 kreveta, \u201e\u0160TUKA\u201c 2 kreveta, \u201eDEVERIKA\u201c 2 kreveta.<\/p>\n\n\n\n<p>Adresa: U\u0161\u0107e&nbsp; 70, Aljma\u0161<\/p>\n\n\n\n<p>Telefon: +385914540558<\/p>\n\n\n\n<p>Web: https:\/\/ udicarski-dom-usce.com<\/p>\n\n\n\n<p><\/p>\n\n\n\n<p><strong>\u201ePokraj Dunava\u201c<\/strong>, 3+1 kreveta<\/p>\n\n\n\n<p>Adresa: Rudina Sad&nbsp; 27,&nbsp; Aljma\u0161<\/p>\n\n\n\n<p><\/p>\n\n\n\n<p><strong>\u201eLucija\u201c<\/strong>, 2 kreveta<\/p>\n\n\n\n<p>Adresa: Bana J. Jela\u010di\u0107a 18 Erdut&nbsp;<\/p>\n\n\n\n<p>Tel: +385 (0)95 732 11 11<\/p>\n\n\n\n<p>E-mail: <a href=\"mailto:josipa.zoric031@gmail.com\">josipa.zoric031@gmail.com<\/a><\/p>\n\n\n\n<p><\/p>\n\n\n\n<p><strong>Rozika \u0110uri\u0107<\/strong>, 2 kreveta<\/p>\n\n\n\n<p>Adresa: Matije Gupca 12, Aljma\u0161<\/p>\n\n\n\n<p>E-mail: <a href=\"mailto:rozikadurisic@gmail.com\">rozikadurisic@gmail.com<\/a><\/p>\n","protected":false},"excerpt":{"rendered":"<p>Apartman \/ Soba Kr\u010dma \u201eStari Mlin\u201c Dalj,&nbsp; 15 kreveta Adresa: Bra\u0107e Radi\u0107a 23 Dalj Telefon: +385921239293 E-mail: krcmastarimlin@gmail.com Bakina Ku\u0107a Dalj, 12 kreveta Adresa: Petra Kov\u010dalije Pere 21 Dalj Telefon: +385913434155 E-mail: seoska.idila@gmail.com Villa Katarina, 12 kreveta Dio komleksa su tri beskona\u010dna bazena, prostori za proslave, vo\u0107njak&#8230; Adresa: Balinac 33, 31205 Aljma\u0161 Telefon: 0913700000 E-mail: [&hellip;]<\/p>\n","protected":false},"author":1,"featured_media":1808,"parent":1780,"menu_order":0,"comment_status":"closed","ping_status":"closed","template":"page-trip-hotels.php","meta":{"footnotes":""},"class_list":["post-1799","page","type-page","status-publish","has-post-thumbnail","hentry"],"acf":[],"yoast_head":"<!-- This site is optimized with the Yoast SEO plugin v25.0 - https:\/\/yoast.com\/wordpress\/plugins\/seo\/ -->\n<title>Erdut - Turisti\u010dka zajednica Osje\u010dko-baranjske \u017eupanije<\/title>\n<meta name=\"robots\" content=\"index, follow, max-snippet:-1, max-image-preview:large, max-video-preview:-1\" \/>\n<link rel=\"canonical\" href=\"https:\/\/visitslavoniabaranja.com\/planiraj-putovanje\/smjestaj\/erdut\/\" \/>\n<meta property=\"og:locale\" content=\"en_US\" \/>\n<meta property=\"og:type\" content=\"article\" \/>\n<meta property=\"og:title\" content=\"Erdut - Turisti\u010dka zajednica Osje\u010dko-baranjske \u017eupanije\" \/>\n<meta property=\"og:description\" content=\"Apartman \/ Soba Kr\u010dma \u201eStari Mlin\u201c Dalj,&nbsp; 15 kreveta Adresa: Bra\u0107e Radi\u0107a 23 Dalj Telefon: +385921239293 E-mail: krcmastarimlin@gmail.com Bakina Ku\u0107a Dalj, 12 kreveta Adresa: Petra Kov\u010dalije Pere 21 Dalj Telefon: +385913434155 E-mail: seoska.idila@gmail.com Villa Katarina, 12 kreveta Dio komleksa su tri beskona\u010dna bazena, prostori za proslave, vo\u0107njak&#8230; Adresa: Balinac 33, 31205 Aljma\u0161 Telefon: 0913700000 E-mail: [&hellip;]\" \/>\n<meta property=\"og:url\" content=\"https:\/\/visitslavoniabaranja.com\/planiraj-putovanje\/smjestaj\/erdut\/\" \/>\n<meta property=\"og:site_name\" content=\"Turisti\u010dka zajednica Osje\u010dko-baranjske \u017eupanije\" \/>\n<meta property=\"article:modified_time\" content=\"2022-12-07T14:54:38+00:00\" \/>\n<meta property=\"og:image\" content=\"https:\/\/visitslavoniabaranja.com\/wp-content\/uploads\/2022\/06\/44.-Aljmas-na-Dunavu_Denis-Despot-1-600x400-1.jpg\" \/>\n\t<meta property=\"og:image:width\" content=\"600\" \/>\n\t<meta property=\"og:image:height\" content=\"400\" \/>\n\t<meta property=\"og:image:type\" content=\"image\/jpeg\" \/>\n<meta name=\"twitter:card\" content=\"summary_large_image\" \/>\n<meta name=\"twitter:label1\" content=\"Est. reading time\" \/>\n\t<meta name=\"twitter:data1\" content=\"3 minutes\" \/>\n<script type=\"application\/ld+json\" class=\"yoast-schema-graph\">{\"@context\":\"https:\/\/schema.org\",\"@graph\":[{\"@type\":\"WebPage\",\"@id\":\"https:\/\/visitslavoniabaranja.com\/planiraj-putovanje\/smjestaj\/erdut\/\",\"url\":\"https:\/\/visitslavoniabaranja.com\/planiraj-putovanje\/smjestaj\/erdut\/\",\"name\":\"Erdut - Turisti\u010dka zajednica Osje\u010dko-baranjske \u017eupanije\",\"isPartOf\":{\"@id\":\"https:\/\/visitslavoniabaranja.com\/#website\"},\"primaryImageOfPage\":{\"@id\":\"https:\/\/visitslavoniabaranja.com\/planiraj-putovanje\/smjestaj\/erdut\/#primaryimage\"},\"image\":{\"@id\":\"https:\/\/visitslavoniabaranja.com\/planiraj-putovanje\/smjestaj\/erdut\/#primaryimage\"},\"thumbnailUrl\":\"https:\/\/visitslavoniabaranja.com\/wp-content\/uploads\/2022\/06\/44.-Aljmas-na-Dunavu_Denis-Despot-1-600x400-1.jpg\",\"datePublished\":\"2022-06-17T13:21:16+00:00\",\"dateModified\":\"2022-12-07T14:54:38+00:00\",\"breadcrumb\":{\"@id\":\"https:\/\/visitslavoniabaranja.com\/planiraj-putovanje\/smjestaj\/erdut\/#breadcrumb\"},\"inLanguage\":\"en-US\",\"potentialAction\":[{\"@type\":\"ReadAction\",\"target\":[\"https:\/\/visitslavoniabaranja.com\/planiraj-putovanje\/smjestaj\/erdut\/\"]}]},{\"@type\":\"ImageObject\",\"inLanguage\":\"en-US\",\"@id\":\"https:\/\/visitslavoniabaranja.com\/planiraj-putovanje\/smjestaj\/erdut\/#primaryimage\",\"url\":\"https:\/\/visitslavoniabaranja.com\/wp-content\/uploads\/2022\/06\/44.-Aljmas-na-Dunavu_Denis-Despot-1-600x400-1.jpg\",\"contentUrl\":\"https:\/\/visitslavoniabaranja.com\/wp-content\/uploads\/2022\/06\/44.-Aljmas-na-Dunavu_Denis-Despot-1-600x400-1.jpg\",\"width\":600,\"height\":400},{\"@type\":\"BreadcrumbList\",\"@id\":\"https:\/\/visitslavoniabaranja.com\/planiraj-putovanje\/smjestaj\/erdut\/#breadcrumb\",\"itemListElement\":[{\"@type\":\"ListItem\",\"position\":1,\"name\":\"Po\u010detna stranica\",\"item\":\"https:\/\/visitslavoniabaranja.com\/en\/\"},{\"@type\":\"ListItem\",\"position\":2,\"name\":\"Planiraj putovanje\",\"item\":\"https:\/\/visitslavoniabaranja.com\/planiraj-putovanje\/\"},{\"@type\":\"ListItem\",\"position\":3,\"name\":\"Smje\u0161taj\",\"item\":\"https:\/\/visitslavoniabaranja.com\/planiraj-putovanje\/smjestaj\/\"},{\"@type\":\"ListItem\",\"position\":4,\"name\":\"Erdut\"}]},{\"@type\":\"WebSite\",\"@id\":\"https:\/\/visitslavoniabaranja.com\/#website\",\"url\":\"https:\/\/visitslavoniabaranja.com\/\",\"name\":\"Turisti\u010dka zajednica Osje\u010dko-baranjske \u017eupanije\",\"description\":\"\",\"potentialAction\":[{\"@type\":\"SearchAction\",\"target\":{\"@type\":\"EntryPoint\",\"urlTemplate\":\"https:\/\/visitslavoniabaranja.com\/?s={search_term_string}\"},\"query-input\":{\"@type\":\"PropertyValueSpecification\",\"valueRequired\":true,\"valueName\":\"search_term_string\"}}],\"inLanguage\":\"en-US\"}]}<\/script>\n<!-- \/ Yoast SEO plugin. -->","yoast_head_json":{"title":"Erdut - Turisti\u010dka zajednica Osje\u010dko-baranjske \u017eupanije","robots":{"index":"index","follow":"follow","max-snippet":"max-snippet:-1","max-image-preview":"max-image-preview:large","max-video-preview":"max-video-preview:-1"},"canonical":"https:\/\/visitslavoniabaranja.com\/planiraj-putovanje\/smjestaj\/erdut\/","og_locale":"en_US","og_type":"article","og_title":"Erdut - Turisti\u010dka zajednica Osje\u010dko-baranjske \u017eupanije","og_description":"Apartman \/ Soba Kr\u010dma \u201eStari Mlin\u201c Dalj,&nbsp; 15 kreveta Adresa: Bra\u0107e Radi\u0107a 23 Dalj Telefon: +385921239293 E-mail: krcmastarimlin@gmail.com Bakina Ku\u0107a Dalj, 12 kreveta Adresa: Petra Kov\u010dalije Pere 21 Dalj Telefon: +385913434155 E-mail: seoska.idila@gmail.com Villa Katarina, 12 kreveta Dio komleksa su tri beskona\u010dna bazena, prostori za proslave, vo\u0107njak&#8230; Adresa: Balinac 33, 31205 Aljma\u0161 Telefon: 0913700000 E-mail: [&hellip;]","og_url":"https:\/\/visitslavoniabaranja.com\/planiraj-putovanje\/smjestaj\/erdut\/","og_site_name":"Turisti\u010dka zajednica Osje\u010dko-baranjske \u017eupanije","article_modified_time":"2022-12-07T14:54:38+00:00","og_image":[{"width":600,"height":400,"url":"https:\/\/visitslavoniabaranja.com\/wp-content\/uploads\/2022\/06\/44.-Aljmas-na-Dunavu_Denis-Despot-1-600x400-1.jpg","type":"image\/jpeg"}],"twitter_card":"summary_large_image","twitter_misc":{"Est. reading time":"3 minutes"},"schema":{"@context":"https:\/\/schema.org","@graph":[{"@type":"WebPage","@id":"https:\/\/visitslavoniabaranja.com\/planiraj-putovanje\/smjestaj\/erdut\/","url":"https:\/\/visitslavoniabaranja.com\/planiraj-putovanje\/smjestaj\/erdut\/","name":"Erdut - Turisti\u010dka zajednica Osje\u010dko-baranjske \u017eupanije","isPartOf":{"@id":"https:\/\/visitslavoniabaranja.com\/#website"},"primaryImageOfPage":{"@id":"https:\/\/visitslavoniabaranja.com\/planiraj-putovanje\/smjestaj\/erdut\/#primaryimage"},"image":{"@id":"https:\/\/visitslavoniabaranja.com\/planiraj-putovanje\/smjestaj\/erdut\/#primaryimage"},"thumbnailUrl":"https:\/\/visitslavoniabaranja.com\/wp-content\/uploads\/2022\/06\/44.-Aljmas-na-Dunavu_Denis-Despot-1-600x400-1.jpg","datePublished":"2022-06-17T13:21:16+00:00","dateModified":"2022-12-07T14:54:38+00:00","breadcrumb":{"@id":"https:\/\/visitslavoniabaranja.com\/planiraj-putovanje\/smjestaj\/erdut\/#breadcrumb"},"inLanguage":"en-US","potentialAction":[{"@type":"ReadAction","target":["https:\/\/visitslavoniabaranja.com\/planiraj-putovanje\/smjestaj\/erdut\/"]}]},{"@type":"ImageObject","inLanguage":"en-US","@id":"https:\/\/visitslavoniabaranja.com\/planiraj-putovanje\/smjestaj\/erdut\/#primaryimage","url":"https:\/\/visitslavoniabaranja.com\/wp-content\/uploads\/2022\/06\/44.-Aljmas-na-Dunavu_Denis-Despot-1-600x400-1.jpg","contentUrl":"https:\/\/visitslavoniabaranja.com\/wp-content\/uploads\/2022\/06\/44.-Aljmas-na-Dunavu_Denis-Despot-1-600x400-1.jpg","width":600,"height":400},{"@type":"BreadcrumbList","@id":"https:\/\/visitslavoniabaranja.com\/planiraj-putovanje\/smjestaj\/erdut\/#breadcrumb","itemListElement":[{"@type":"ListItem","position":1,"name":"Po\u010detna stranica","item":"https:\/\/visitslavoniabaranja.com\/en\/"},{"@type":"ListItem","position":2,"name":"Planiraj putovanje","item":"https:\/\/visitslavoniabaranja.com\/planiraj-putovanje\/"},{"@type":"ListItem","position":3,"name":"Smje\u0161taj","item":"https:\/\/visitslavoniabaranja.com\/planiraj-putovanje\/smjestaj\/"},{"@type":"ListItem","position":4,"name":"Erdut"}]},{"@type":"WebSite","@id":"https:\/\/visitslavoniabaranja.com\/#website","url":"https:\/\/visitslavoniabaranja.com\/","name":"Turisti\u010dka zajednica Osje\u010dko-baranjske \u017eupanije","description":"","potentialAction":[{"@type":"SearchAction","target":{"@type":"EntryPoint","urlTemplate":"https:\/\/visitslavoniabaranja.com\/?s={search_term_string}"},"query-input":{"@type":"PropertyValueSpecification","valueRequired":true,"valueName":"search_term_string"}}],"inLanguage":"en-US"}]}},"_links":{"self":[{"href":"https:\/\/visitslavoniabaranja.com\/en\/wp-json\/wp\/v2\/pages\/1799","targetHints":{"allow":["GET"]}}],"collection":[{"href":"https:\/\/visitslavoniabaranja.com\/en\/wp-json\/wp\/v2\/pages"}],"about":[{"href":"https:\/\/visitslavoniabaranja.com\/en\/wp-json\/wp\/v2\/types\/page"}],"author":[{"embeddable":true,"href":"https:\/\/visitslavoniabaranja.com\/en\/wp-json\/wp\/v2\/users\/1"}],"replies":[{"embeddable":true,"href":"https:\/\/visitslavoniabaranja.com\/en\/wp-json\/wp\/v2\/comments?post=1799"}],"version-history":[{"count":3,"href":"https:\/\/visitslavoniabaranja.com\/en\/wp-json\/wp\/v2\/pages\/1799\/revisions"}],"predecessor-version":[{"id":4982,"href":"https:\/\/visitslavoniabaranja.com\/en\/wp-json\/wp\/v2\/pages\/1799\/revisions\/4982"}],"up":[{"embeddable":true,"href":"https:\/\/visitslavoniabaranja.com\/en\/wp-json\/wp\/v2\/pages\/1780"}],"wp:featuredmedia":[{"embeddable":true,"href":"https:\/\/visitslavoniabaranja.com\/en\/wp-json\/wp\/v2\/media\/1808"}],"wp:attachment":[{"href":"https:\/\/visitslavoniabaranja.com\/en\/wp-json\/wp\/v2\/media?parent=1799"}],"curies":[{"name":"wp","href":"https:\/\/api.w.org\/{rel}","templated":true}]}}