
{"id":137,"date":"2022-03-21T14:27:36","date_gmt":"2022-03-21T13:27:36","guid":{"rendered":"https:\/\/visitslavoniabaranja.com\/events\/"},"modified":"2022-10-30T23:48:59","modified_gmt":"2022-10-30T22:48:59","slug":"events","status":"publish","type":"page","link":"https:\/\/visitslavoniabaranja.com\/en\/events\/","title":{"rendered":"Events"},"content":{"rendered":"<div class=\"event_listings\" data-location=\"\" data-keywords=\"\" data-show_filters=\"true\" data-show_pagination=\"false\" data-per_page=\"9\" data-orderby=\"meta_value\" data-order=\"ASC\" data-datetimes=\"\" data-categories=\"\" data-event_types=\"\" data-ticket_prices=\"\" data-event_online=\"\" >\n\n\n\n\n\n\n\n\n<div class=\"c-wrapper c-wrapper--event\">\n\n\n\n\t<div class=\"c-hero--secondary\">\n\n\t\t<h2 class=\"widgettitle\">Upcoming Events<\/h2>\n\n\t\t\t<div class=\"event_listings_class\" id=\"event-manager-owl-carousel-slider-widget\">\n\n\t\t\t\t\n\t\t\t\t\t<!-- Events Display Widget-->\n\nconsole.log('Session counter: 1') <div class=\"row u-mb--sml--1 u-mb--lrg--24 js-events-row\">\n\n            <div class=\"col col-sml-12 col-lrg-6\">\n\n                <div class=\"c-section--wrp c-section--wrp--events\">\n\n                    <div class=\"c-wrapper c-wrapper--events\">\n\n                        <div class=\"c-article--secondary--featured\">\n\n\n\n                            &lt;!-- \n\n                                The <img> tag must remain open\n\n                            --&gt;\n\n                            <a href=\"https:\/\/visitslavoniabaranja.com\/en\/event\/antiques-fair-in-osijek\/\">\n\n                                \n                                    &lt;img class=&quot;c-article--secondary--featured__img&quot; src=&quot;<img loading=\"lazy\" decoding=\"async\" width=\"2048\" height=\"1536\" src=\"https:\/\/visitslavoniabaranja.com\/wp-content\/uploads\/2026\/01\/Sajam-antikviteta-u-Osijeku.jpg\" class=\"attachment-post-thumbnail size-post-thumbnail wp-post-image\" alt=\"\" \/>\n                               \n                            <\/a>\n\n                            \n\n                        <section class=\" c-article--secondary--featured__section\">\n\n                                <div>\n\n                                    <div class=\"u-mb--sml--2 u-mb--lrg--4\">\n\n                                        <span class=\"c-article__post__info\">02 May<\/span>\n\n                                        <span class=\"c-article__post__info\">Park kralja Dr\u017eislava<\/span>\n\n                                    <\/div>\n\n                                    <a href=\"https:\/\/visitslavoniabaranja.com\/en\/event\/antiques-fair-in-osijek\/\">\n\n                                        <h4 class=\"featured-title\">Antiques Market in Osijek<\/h4>\n\n                                    <\/a>\n\n\n\n                                <\/div>\n\n                                <a href=\"https:\/\/visitslavoniabaranja.com\/en\/event\/antiques-fair-in-osijek\/\" class=\"c-btn c-btn--icon\">\n\n                                    <span class=\"u-icon u-icon--xlrg u-icon--arrow--big\"><\/span>\n\n                                <\/a>\n\n                        <\/div>\n\n                    <\/div>\n\n                <\/div>\n\n            <\/div>\n\n\n\n            \n\t\t\t\t\n\t\t\t<\/div>\n\n\t\t\n\t<\/div>\n\n\n\n\t\n\n\n<\/div>\n\n\n\n<form role=\"search\" class=\"c-form--special event_filters\" id=\"event_filters\" method=\"GET\" action=\"https:\/\/visitslavoniabaranja.com\">\n\n\t<!-- \/echo substr(get_locale(), 0, 2);\/events -->\n\n\t\n\t<div class=\"c-form--special__container\">\n\n\t\t\n\t\t<div class=\"c-form--special__item\">\n\n\t\t\t<label class=\"c-input--label\" for=\"search_keywords\">\n\n\t\t\tSearch events\n\t\t<\/label>\n\n\t\t\t<input class=\"c-input--med c-input--special\" placeholder=\"Search by event name\" name=\"search_keywords\" id=\"search_keywords\"><\/input>\n\n\t\t<\/div>\n\n\n\n\t\t<div class=\"c-form--special__item\">\n\n\t\t\t\n\n\n\t\t\t<div class=\"wpem-col\">\n\n\t\t\t\t<div class=\"wpem-form-group\">\n\n\t\t\t\t\t<label for=\"search_datetimes\" class=\"c-input--label\">\n\n\t\t\t\t\tSearch by date\n\t\t\t\t\t<\/label>\n\n\t\t\t\t\t<input type=\"text\" name=\"search_datetimes[]\" id=\"search_datetimes\" value='' class=\"c-input--med c-input--special date_range_picker\">\n\n\t\t\t\t<\/div>\n\n\t\t\t<\/div>\n\n\t\t<\/div>\n\n\t\t\t<div class=\"c-form--special__item\">\n\t\t<label for=\"location\" class=\"c-input--label\" for=\"search_location\">\n\t\t\tSearch by location\t\t<\/label>\n\n\t\t<select class=\"c-input c-input--med c-input--select c-input--select--special drop-down event-manager-filter\"\n\t\t\tname=\"location\">\n\t\t\t<option class=\"selected\" hidden value=\"0\">\n\t\t\t\tSearch by location\t\t\t<\/option>\n\t\t\t<!-- <div class=\"options\">\n\t\t\t\t<option class=\"value\" value=\"osijek_i_okolica\">Osijek i okolica<\/option>\n\t\t\t\t<option class=\"value\" value=\"baranja\">Baranja<\/option>\n\t\t\t\t<option class=\"value\" value=\"dakovstina\">\u0110akov\u0161tina<\/option>\n\t\t\t\t<option class=\"value\" value=\"erdut\">Erdut<\/option>\n\t\t\t\t<option class=\"value\" value=\"nasicki_kraj\">Na\u0161i\u010dki kraj<\/option>\n\t\t\t\t<option class=\"value\" value=\"valpovo\">Valpovo<\/option>\n\t\t\t\t<option class=\"value\" value=\"belisce\">Beli\u0161\u0107e<\/option>\n\t\t\t\t<option class=\"value\" value=\"donji_miholjac\">Donji Miholjac<\/option>\n\t\t\t\t<option class=\"value\" value=\"bizovac\">Bizovac<\/option>\n\t\t\t<\/div> -->\n\n\t\t\t<div class=\"options\">\n\t\t\t\t<!-- novo -->\n\t\t\t\t<option class=\"value\" value=\"osijek_i_podunavlje\">Osijek i Podunavlje<\/option>\n\t\t\t\t<option class=\"value\" value=\"baranja\">Baranja<\/option>\n\t\t\t\t<!-- novo -->\n\t\t\t\t<option class=\"value\" value=\"slavonska_podravina\">Slavonska Podravina<\/option>\n\t\t\t\t<option class=\"value\" value=\"dakovstina\">\u0110akov\u0161tina<\/option>\n\t\t\t\t<option class=\"value\" value=\"nasicki_kraj\">Na\u0161i\u010dki kraj<\/option>\n\t\t\t<\/div>\n\t\t<\/select>\n\t<\/div>\n\t\n\n\n\t<\/div>\n\n\t<section class=\"c-events__header\">\n\n\t\t<h5>Incoming events<\/h5>\n\n\t\t\n\t<div class=\"c-events__header__menu search_location\">\n\t\t<select id=\"locationfilter\" class=\"event-manager-filter\" name=\"locationfilter\" style=\"display: none;\">\n\t\t\t<option class=\"js-option\" name=\"0\" value=\"0\">S<\/option>\n\t\t\t<option class=\"js-option\" name=\"slavonija_i_baranja\" value=\"1\">SB<\/option>\n\t\t\t<option class=\"js-option\" name=\"madarska_baranya\" value=\"2\">MB<\/option>\n\t\t<\/select>\n\n\t\t<a class=\"js-item c-btn c-btn--menu js-active\" name=\"0\" value=\"0\">\n\t\t\tAll\t\t<\/a>\n\t\t<a class=\"js-item c-btn c-btn--menu\" name=\"slavonija_i_baranja\" value=\"1\">\n\t\t\tSlavonia & Baranya\t\t<\/a>\n\t\t<a class=\"js-item c-btn c-btn--menu\" name=\"madarska_baranya\" value=\"2\">\n\t\t\tHungary Baranya\t\t<\/a>\n\t<\/div>\n\n\t\t<div class=\"search_event_types\">\n\t\t<!-- Select field -->\n\t\t<select id=\"filterTypes\"\n\t\t\tclass=\"js-festivalType c-input--select c-input--select--secondary drop-down event-manager-filter\"\n\t\t\tname=\"filterTypes\">\n\t\t\t<option value=\"0\">\n\t\t\t\tAll categories\t\t\t<\/option>\n\n\t\t\t<script>console.log('158')<\/script><option value=\"158\">Exhibition<\/option><script>console.log('161')<\/script><option value=\"161\">Fair<\/option><script>console.log('155')<\/script><option value=\"155\">Festival<\/option><script>console.log('157')<\/script><option value=\"157\">Food&amp;Drinks<\/option><script>console.log('159')<\/script><option value=\"159\">Guided tour<\/option><script>console.log('477')<\/script><option value=\"477\">Kazali\u0161te<\/option><script>console.log('156')<\/script><option value=\"156\">Music<\/option><script>console.log('472')<\/script><option value=\"472\">Outdoors<\/option><script>console.log('160')<\/script><option value=\"160\">Recreation<\/option><script>console.log('154')<\/script><option value=\"154\">Tradition<\/option>\t\t<\/select>\n\t<\/div>\n\t<div class=\"showing_applied_filters\"><\/div>\n\t<\/section>\n\n\n\n<\/form>\n\n\n<!-- Event listing view -->\n\n\n\n\n<!-- <div class=\"c-wrapper c-wrapper--incoming\"> -->\n\n<section class=\"c-events\">\n\n    <!-- Title and categories -->\n\n    \n\n\n    <div class=\"row c-container c-container--base\">\n\n\n\n    \n    <\/section>\n\n    <\/div>\n\n\n\n\n<img decoding=\"async\" class=\"c-events__logos--cro\" src=\"https:\/\/visitslavoniabaranja.com\/wp-content\/themes\/tzobztheme\/assets\/public\/images\/hu-cro-cb.svg\">\n\n<img decoding=\"async\" class=\"c-events__logos--interreg\" src=\"https:\/\/visitslavoniabaranja.com\/wp-content\/themes\/tzobztheme\/assets\/public\/images\/interreg.svg\">\n\n\n\n<!-- <\/div> --><div id=\"load_more_events_loader\"><a class=\"load_more_events\" id=\"load_more_events\" href=\"#\"><strong>Load more events<\/strong><\/a><\/div><\/div>\n\n\n\n<p><\/p>\n","protected":false},"excerpt":{"rendered":"<p>CONTENTS<\/p>\n","protected":false},"author":1,"featured_media":0,"parent":0,"menu_order":0,"comment_status":"closed","ping_status":"open","template":"","meta":{"footnotes":""},"class_list":["post-137","page","type-page","status-publish","hentry"],"acf":[],"yoast_head":"<!-- This site is optimized with the Yoast SEO plugin v25.0 - https:\/\/yoast.com\/wordpress\/plugins\/seo\/ -->\n<title>Events - Turisti\u010dka zajednica Osje\u010dko-baranjske \u017eupanije<\/title>\n<meta name=\"robots\" content=\"index, follow, max-snippet:-1, max-image-preview:large, max-video-preview:-1\" \/>\n<link rel=\"canonical\" href=\"https:\/\/visitslavoniabaranja.com\/en\/events\/\" \/>\n<meta property=\"og:locale\" content=\"en_US\" \/>\n<meta property=\"og:type\" content=\"article\" \/>\n<meta property=\"og:title\" content=\"Events - Turisti\u010dka zajednica Osje\u010dko-baranjske \u017eupanije\" \/>\n<meta property=\"og:description\" content=\"CONTENTS\" \/>\n<meta property=\"og:url\" content=\"https:\/\/visitslavoniabaranja.com\/en\/events\/\" \/>\n<meta property=\"og:site_name\" content=\"Turisti\u010dka zajednica Osje\u010dko-baranjske \u017eupanije\" \/>\n<meta property=\"article:modified_time\" content=\"2022-10-30T22:48:59+00:00\" \/>\n<meta name=\"twitter:card\" content=\"summary_large_image\" \/>\n<script type=\"application\/ld+json\" class=\"yoast-schema-graph\">{\"@context\":\"https:\/\/schema.org\",\"@graph\":[{\"@type\":\"WebPage\",\"@id\":\"https:\/\/visitslavoniabaranja.com\/en\/events\/\",\"url\":\"https:\/\/visitslavoniabaranja.com\/en\/events\/\",\"name\":\"Events - Turisti\u010dka zajednica Osje\u010dko-baranjske \u017eupanije\",\"isPartOf\":{\"@id\":\"https:\/\/visitslavoniabaranja.com\/#website\"},\"datePublished\":\"2022-03-21T13:27:36+00:00\",\"dateModified\":\"2022-10-30T22:48:59+00:00\",\"breadcrumb\":{\"@id\":\"https:\/\/visitslavoniabaranja.com\/en\/events\/#breadcrumb\"},\"inLanguage\":\"en-US\",\"potentialAction\":[{\"@type\":\"ReadAction\",\"target\":[\"https:\/\/visitslavoniabaranja.com\/en\/events\/\"]}]},{\"@type\":\"BreadcrumbList\",\"@id\":\"https:\/\/visitslavoniabaranja.com\/en\/events\/#breadcrumb\",\"itemListElement\":[{\"@type\":\"ListItem\",\"position\":1,\"name\":\"Po\u010detna stranica\",\"item\":\"https:\/\/visitslavoniabaranja.com\/en\/\"},{\"@type\":\"ListItem\",\"position\":2,\"name\":\"Events\"}]},{\"@type\":\"WebSite\",\"@id\":\"https:\/\/visitslavoniabaranja.com\/#website\",\"url\":\"https:\/\/visitslavoniabaranja.com\/\",\"name\":\"Turisti\u010dka zajednica Osje\u010dko-baranjske \u017eupanije\",\"description\":\"\",\"potentialAction\":[{\"@type\":\"SearchAction\",\"target\":{\"@type\":\"EntryPoint\",\"urlTemplate\":\"https:\/\/visitslavoniabaranja.com\/?s={search_term_string}\"},\"query-input\":{\"@type\":\"PropertyValueSpecification\",\"valueRequired\":true,\"valueName\":\"search_term_string\"}}],\"inLanguage\":\"en-US\"}]}<\/script>\n<!-- \/ Yoast SEO plugin. -->","yoast_head_json":{"title":"Events - Turisti\u010dka zajednica Osje\u010dko-baranjske \u017eupanije","robots":{"index":"index","follow":"follow","max-snippet":"max-snippet:-1","max-image-preview":"max-image-preview:large","max-video-preview":"max-video-preview:-1"},"canonical":"https:\/\/visitslavoniabaranja.com\/en\/events\/","og_locale":"en_US","og_type":"article","og_title":"Events - Turisti\u010dka zajednica Osje\u010dko-baranjske \u017eupanije","og_description":"CONTENTS","og_url":"https:\/\/visitslavoniabaranja.com\/en\/events\/","og_site_name":"Turisti\u010dka zajednica Osje\u010dko-baranjske \u017eupanije","article_modified_time":"2022-10-30T22:48:59+00:00","twitter_card":"summary_large_image","schema":{"@context":"https:\/\/schema.org","@graph":[{"@type":"WebPage","@id":"https:\/\/visitslavoniabaranja.com\/en\/events\/","url":"https:\/\/visitslavoniabaranja.com\/en\/events\/","name":"Events - Turisti\u010dka zajednica Osje\u010dko-baranjske \u017eupanije","isPartOf":{"@id":"https:\/\/visitslavoniabaranja.com\/#website"},"datePublished":"2022-03-21T13:27:36+00:00","dateModified":"2022-10-30T22:48:59+00:00","breadcrumb":{"@id":"https:\/\/visitslavoniabaranja.com\/en\/events\/#breadcrumb"},"inLanguage":"en-US","potentialAction":[{"@type":"ReadAction","target":["https:\/\/visitslavoniabaranja.com\/en\/events\/"]}]},{"@type":"BreadcrumbList","@id":"https:\/\/visitslavoniabaranja.com\/en\/events\/#breadcrumb","itemListElement":[{"@type":"ListItem","position":1,"name":"Po\u010detna stranica","item":"https:\/\/visitslavoniabaranja.com\/en\/"},{"@type":"ListItem","position":2,"name":"Events"}]},{"@type":"WebSite","@id":"https:\/\/visitslavoniabaranja.com\/#website","url":"https:\/\/visitslavoniabaranja.com\/","name":"Turisti\u010dka zajednica Osje\u010dko-baranjske \u017eupanije","description":"","potentialAction":[{"@type":"SearchAction","target":{"@type":"EntryPoint","urlTemplate":"https:\/\/visitslavoniabaranja.com\/?s={search_term_string}"},"query-input":{"@type":"PropertyValueSpecification","valueRequired":true,"valueName":"search_term_string"}}],"inLanguage":"en-US"}]}},"_links":{"self":[{"href":"https:\/\/visitslavoniabaranja.com\/en\/wp-json\/wp\/v2\/pages\/137","targetHints":{"allow":["GET"]}}],"collection":[{"href":"https:\/\/visitslavoniabaranja.com\/en\/wp-json\/wp\/v2\/pages"}],"about":[{"href":"https:\/\/visitslavoniabaranja.com\/en\/wp-json\/wp\/v2\/types\/page"}],"author":[{"embeddable":true,"href":"https:\/\/visitslavoniabaranja.com\/en\/wp-json\/wp\/v2\/users\/1"}],"replies":[{"embeddable":true,"href":"https:\/\/visitslavoniabaranja.com\/en\/wp-json\/wp\/v2\/comments?post=137"}],"version-history":[{"count":20,"href":"https:\/\/visitslavoniabaranja.com\/en\/wp-json\/wp\/v2\/pages\/137\/revisions"}],"predecessor-version":[{"id":4572,"href":"https:\/\/visitslavoniabaranja.com\/en\/wp-json\/wp\/v2\/pages\/137\/revisions\/4572"}],"wp:attachment":[{"href":"https:\/\/visitslavoniabaranja.com\/en\/wp-json\/wp\/v2\/media?parent=137"}],"curies":[{"name":"wp","href":"https:\/\/api.w.org\/{rel}","templated":true}]}}