
{"id":10761,"date":"2024-06-27T11:31:16","date_gmt":"2024-06-27T09:31:16","guid":{"rendered":"https:\/\/visitslavoniabaranja.com\/magazine-via-slavonia-baranja\/"},"modified":"2025-11-27T10:42:25","modified_gmt":"2025-11-27T09:42:25","slug":"magazine-via-slavonia-baranja","status":"publish","type":"page","link":"https:\/\/visitslavoniabaranja.com\/en\/magazine-via-slavonia-baranja\/","title":{"rendered":"Magazine &#8220;Via Slavonia &amp; Baranja&#8221;"},"content":{"rendered":"\n<p>Flip through our magazine, let it inspire you to visit Osijek-Baranja County, Eastern Slavonia and Baranja.<\/p>\n\n\n\n<figure class=\"wp-block-image size-large\"><a href=\"https:\/\/visitslavoniabaranja.com\/wp-content\/uploads\/2025\/11\/Via-Slavonia-Baranja-November-2025.pdf\" target=\"_blank\" rel=\" noreferrer noopener\"><img loading=\"lazy\" decoding=\"async\" width=\"763\" height=\"1024\" src=\"https:\/\/visitslavoniabaranja.com\/wp-content\/uploads\/2025\/11\/Via-Slavonija-i-Baranja-br-4-studeni-2025-naslovnica-EN-763x1024.jpg\" alt=\"\" class=\"wp-image-17113\" srcset=\"https:\/\/visitslavoniabaranja.com\/wp-content\/uploads\/2025\/11\/Via-Slavonija-i-Baranja-br-4-studeni-2025-naslovnica-EN-763x1024.jpg 763w, https:\/\/visitslavoniabaranja.com\/wp-content\/uploads\/2025\/11\/Via-Slavonija-i-Baranja-br-4-studeni-2025-naslovnica-EN-328x440.jpg 328w, https:\/\/visitslavoniabaranja.com\/wp-content\/uploads\/2025\/11\/Via-Slavonija-i-Baranja-br-4-studeni-2025-naslovnica-EN-768x1031.jpg 768w, https:\/\/visitslavoniabaranja.com\/wp-content\/uploads\/2025\/11\/Via-Slavonija-i-Baranja-br-4-studeni-2025-naslovnica-EN-1145x1536.jpg 1145w, https:\/\/visitslavoniabaranja.com\/wp-content\/uploads\/2025\/11\/Via-Slavonija-i-Baranja-br-4-studeni-2025-naslovnica-EN.jpg 1211w\" sizes=\"auto, (max-width: 763px) 100vw, 763px\" \/><\/a><\/figure>\n\n\n\n<p>Issue 4. <a href=\"https:\/\/visitslavoniabaranja.com\/wp-content\/uploads\/2025\/11\/Via-Slavonia-Baranja-November-2025.pdf\" target=\"_blank\" rel=\"noreferrer noopener\">Via Slavonia &amp; Baranja &#8211; November 2025<\/a><\/p>\n\n\n\n<p>Issue 3. <a href=\"https:\/\/visitslavoniabaranja.com\/wp-content\/uploads\/2025\/05\/Via-Slavonia-Baranja-May-2025.pdf\" target=\"_blank\" rel=\"noreferrer noopener\">Via Slavonia &amp; Baranja &#8211; May 2025<\/a><\/p>\n\n\n\n<p>Issue 2. <a href=\"https:\/\/visitslavoniabaranja.com\/wp-content\/uploads\/2024\/12\/TZOBZ_Via02-EN_web.pdf\" target=\"_blank\" rel=\"noreferrer noopener\">Via Slavonia &amp; Baranja &#8211; December 2024<\/a><\/p>\n\n\n\n<p>Issue 1. <a href=\"https:\/\/visitslavoniabaranja.com\/wp-content\/uploads\/2024\/06\/Via-Slavonia-Baranja-magazine-English-1-edition.pdf\" target=\"_blank\" rel=\"noreferrer noopener\">Via Slavonia &amp; Baranja &#8211; June 2024<\/a><\/p>\n","protected":false},"excerpt":{"rendered":"<p>Flip through our magazine, let it inspire you to visit Osijek-Baranja County, Eastern Slavonia and Baranja. Issue 4. Via Slavonia &amp; Baranja &#8211; November 2025 Issue 3. Via Slavonia &amp; Baranja &#8211; May 2025 Issue 2. Via Slavonia &amp; Baranja &#8211; December 2024 Issue 1. Via Slavonia &amp; Baranja &#8211; June 2024<\/p>\n","protected":false},"author":1,"featured_media":17104,"parent":0,"menu_order":0,"comment_status":"closed","ping_status":"closed","template":"page-additional.php","meta":{"footnotes":""},"class_list":["post-10761","page","type-page","status-publish","has-post-thumbnail","hentry"],"acf":[],"yoast_head":"<!-- This site is optimized with the Yoast SEO plugin v25.0 - https:\/\/yoast.com\/wordpress\/plugins\/seo\/ -->\n<title>Magazine &quot;Via Slavonia &amp; Baranja&quot; - Turisti\u010dka zajednica Osje\u010dko-baranjske \u017eupanije<\/title>\n<meta name=\"robots\" content=\"index, follow, max-snippet:-1, max-image-preview:large, max-video-preview:-1\" \/>\n<link rel=\"canonical\" href=\"https:\/\/visitslavoniabaranja.com\/en\/magazine-via-slavonia-baranja\/\" \/>\n<meta property=\"og:locale\" content=\"en_US\" \/>\n<meta property=\"og:type\" content=\"article\" \/>\n<meta property=\"og:title\" content=\"Magazine &quot;Via Slavonia &amp; Baranja&quot; - Turisti\u010dka zajednica Osje\u010dko-baranjske \u017eupanije\" \/>\n<meta property=\"og:description\" content=\"Flip through our magazine, let it inspire you to visit Osijek-Baranja County, Eastern Slavonia and Baranja. Issue 4. Via Slavonia &amp; Baranja &#8211; November 2025 Issue 3. Via Slavonia &amp; Baranja &#8211; May 2025 Issue 2. Via Slavonia &amp; Baranja &#8211; December 2024 Issue 1. Via Slavonia &amp; Baranja &#8211; June 2024\" \/>\n<meta property=\"og:url\" content=\"https:\/\/visitslavoniabaranja.com\/en\/magazine-via-slavonia-baranja\/\" \/>\n<meta property=\"og:site_name\" content=\"Turisti\u010dka zajednica Osje\u010dko-baranjske \u017eupanije\" \/>\n<meta property=\"article:modified_time\" content=\"2025-11-27T09:42:25+00:00\" \/>\n<meta property=\"og:image\" content=\"https:\/\/visitslavoniabaranja.com\/wp-content\/uploads\/2025\/11\/Via-Slavonija-i-Baranja-br-4-studeni-2025-naslovnica-HR.jpg\" \/>\n\t<meta property=\"og:image:width\" content=\"1211\" \/>\n\t<meta property=\"og:image:height\" content=\"1625\" \/>\n\t<meta property=\"og:image:type\" content=\"image\/jpeg\" \/>\n<meta name=\"twitter:card\" content=\"summary_large_image\" \/>\n<script type=\"application\/ld+json\" class=\"yoast-schema-graph\">{\"@context\":\"https:\/\/schema.org\",\"@graph\":[{\"@type\":\"WebPage\",\"@id\":\"https:\/\/visitslavoniabaranja.com\/en\/magazine-via-slavonia-baranja\/\",\"url\":\"https:\/\/visitslavoniabaranja.com\/en\/magazine-via-slavonia-baranja\/\",\"name\":\"Magazine \\\"Via Slavonia &amp; Baranja\\\" - Turisti\u010dka zajednica Osje\u010dko-baranjske \u017eupanije\",\"isPartOf\":{\"@id\":\"https:\/\/visitslavoniabaranja.com\/#website\"},\"primaryImageOfPage\":{\"@id\":\"https:\/\/visitslavoniabaranja.com\/en\/magazine-via-slavonia-baranja\/#primaryimage\"},\"image\":{\"@id\":\"https:\/\/visitslavoniabaranja.com\/en\/magazine-via-slavonia-baranja\/#primaryimage\"},\"thumbnailUrl\":\"https:\/\/visitslavoniabaranja.com\/wp-content\/uploads\/2025\/11\/Via-Slavonija-i-Baranja-br-4-studeni-2025-naslovnica-HR.jpg\",\"datePublished\":\"2024-06-27T09:31:16+00:00\",\"dateModified\":\"2025-11-27T09:42:25+00:00\",\"breadcrumb\":{\"@id\":\"https:\/\/visitslavoniabaranja.com\/en\/magazine-via-slavonia-baranja\/#breadcrumb\"},\"inLanguage\":\"en-US\",\"potentialAction\":[{\"@type\":\"ReadAction\",\"target\":[\"https:\/\/visitslavoniabaranja.com\/en\/magazine-via-slavonia-baranja\/\"]}]},{\"@type\":\"ImageObject\",\"inLanguage\":\"en-US\",\"@id\":\"https:\/\/visitslavoniabaranja.com\/en\/magazine-via-slavonia-baranja\/#primaryimage\",\"url\":\"https:\/\/visitslavoniabaranja.com\/wp-content\/uploads\/2025\/11\/Via-Slavonija-i-Baranja-br-4-studeni-2025-naslovnica-HR.jpg\",\"contentUrl\":\"https:\/\/visitslavoniabaranja.com\/wp-content\/uploads\/2025\/11\/Via-Slavonija-i-Baranja-br-4-studeni-2025-naslovnica-HR.jpg\",\"width\":1211,\"height\":1625},{\"@type\":\"BreadcrumbList\",\"@id\":\"https:\/\/visitslavoniabaranja.com\/en\/magazine-via-slavonia-baranja\/#breadcrumb\",\"itemListElement\":[{\"@type\":\"ListItem\",\"position\":1,\"name\":\"Po\u010detna stranica\",\"item\":\"https:\/\/visitslavoniabaranja.com\/en\/\"},{\"@type\":\"ListItem\",\"position\":2,\"name\":\"Magazine &#8220;Via Slavonia &amp; Baranja&#8221;\"}]},{\"@type\":\"WebSite\",\"@id\":\"https:\/\/visitslavoniabaranja.com\/#website\",\"url\":\"https:\/\/visitslavoniabaranja.com\/\",\"name\":\"Turisti\u010dka zajednica Osje\u010dko-baranjske \u017eupanije\",\"description\":\"\",\"potentialAction\":[{\"@type\":\"SearchAction\",\"target\":{\"@type\":\"EntryPoint\",\"urlTemplate\":\"https:\/\/visitslavoniabaranja.com\/?s={search_term_string}\"},\"query-input\":{\"@type\":\"PropertyValueSpecification\",\"valueRequired\":true,\"valueName\":\"search_term_string\"}}],\"inLanguage\":\"en-US\"}]}<\/script>\n<!-- \/ Yoast SEO plugin. -->","yoast_head_json":{"title":"Magazine \"Via Slavonia &amp; Baranja\" - Turisti\u010dka zajednica Osje\u010dko-baranjske \u017eupanije","robots":{"index":"index","follow":"follow","max-snippet":"max-snippet:-1","max-image-preview":"max-image-preview:large","max-video-preview":"max-video-preview:-1"},"canonical":"https:\/\/visitslavoniabaranja.com\/en\/magazine-via-slavonia-baranja\/","og_locale":"en_US","og_type":"article","og_title":"Magazine \"Via Slavonia &amp; Baranja\" - Turisti\u010dka zajednica Osje\u010dko-baranjske \u017eupanije","og_description":"Flip through our magazine, let it inspire you to visit Osijek-Baranja County, Eastern Slavonia and Baranja. Issue 4. Via Slavonia &amp; Baranja &#8211; November 2025 Issue 3. Via Slavonia &amp; Baranja &#8211; May 2025 Issue 2. Via Slavonia &amp; Baranja &#8211; December 2024 Issue 1. Via Slavonia &amp; Baranja &#8211; June 2024","og_url":"https:\/\/visitslavoniabaranja.com\/en\/magazine-via-slavonia-baranja\/","og_site_name":"Turisti\u010dka zajednica Osje\u010dko-baranjske \u017eupanije","article_modified_time":"2025-11-27T09:42:25+00:00","og_image":[{"width":1211,"height":1625,"url":"https:\/\/visitslavoniabaranja.com\/wp-content\/uploads\/2025\/11\/Via-Slavonija-i-Baranja-br-4-studeni-2025-naslovnica-HR.jpg","type":"image\/jpeg"}],"twitter_card":"summary_large_image","schema":{"@context":"https:\/\/schema.org","@graph":[{"@type":"WebPage","@id":"https:\/\/visitslavoniabaranja.com\/en\/magazine-via-slavonia-baranja\/","url":"https:\/\/visitslavoniabaranja.com\/en\/magazine-via-slavonia-baranja\/","name":"Magazine \"Via Slavonia &amp; Baranja\" - Turisti\u010dka zajednica Osje\u010dko-baranjske \u017eupanije","isPartOf":{"@id":"https:\/\/visitslavoniabaranja.com\/#website"},"primaryImageOfPage":{"@id":"https:\/\/visitslavoniabaranja.com\/en\/magazine-via-slavonia-baranja\/#primaryimage"},"image":{"@id":"https:\/\/visitslavoniabaranja.com\/en\/magazine-via-slavonia-baranja\/#primaryimage"},"thumbnailUrl":"https:\/\/visitslavoniabaranja.com\/wp-content\/uploads\/2025\/11\/Via-Slavonija-i-Baranja-br-4-studeni-2025-naslovnica-HR.jpg","datePublished":"2024-06-27T09:31:16+00:00","dateModified":"2025-11-27T09:42:25+00:00","breadcrumb":{"@id":"https:\/\/visitslavoniabaranja.com\/en\/magazine-via-slavonia-baranja\/#breadcrumb"},"inLanguage":"en-US","potentialAction":[{"@type":"ReadAction","target":["https:\/\/visitslavoniabaranja.com\/en\/magazine-via-slavonia-baranja\/"]}]},{"@type":"ImageObject","inLanguage":"en-US","@id":"https:\/\/visitslavoniabaranja.com\/en\/magazine-via-slavonia-baranja\/#primaryimage","url":"https:\/\/visitslavoniabaranja.com\/wp-content\/uploads\/2025\/11\/Via-Slavonija-i-Baranja-br-4-studeni-2025-naslovnica-HR.jpg","contentUrl":"https:\/\/visitslavoniabaranja.com\/wp-content\/uploads\/2025\/11\/Via-Slavonija-i-Baranja-br-4-studeni-2025-naslovnica-HR.jpg","width":1211,"height":1625},{"@type":"BreadcrumbList","@id":"https:\/\/visitslavoniabaranja.com\/en\/magazine-via-slavonia-baranja\/#breadcrumb","itemListElement":[{"@type":"ListItem","position":1,"name":"Po\u010detna stranica","item":"https:\/\/visitslavoniabaranja.com\/en\/"},{"@type":"ListItem","position":2,"name":"Magazine &#8220;Via Slavonia &amp; Baranja&#8221;"}]},{"@type":"WebSite","@id":"https:\/\/visitslavoniabaranja.com\/#website","url":"https:\/\/visitslavoniabaranja.com\/","name":"Turisti\u010dka zajednica Osje\u010dko-baranjske \u017eupanije","description":"","potentialAction":[{"@type":"SearchAction","target":{"@type":"EntryPoint","urlTemplate":"https:\/\/visitslavoniabaranja.com\/?s={search_term_string}"},"query-input":{"@type":"PropertyValueSpecification","valueRequired":true,"valueName":"search_term_string"}}],"inLanguage":"en-US"}]}},"_links":{"self":[{"href":"https:\/\/visitslavoniabaranja.com\/en\/wp-json\/wp\/v2\/pages\/10761","targetHints":{"allow":["GET"]}}],"collection":[{"href":"https:\/\/visitslavoniabaranja.com\/en\/wp-json\/wp\/v2\/pages"}],"about":[{"href":"https:\/\/visitslavoniabaranja.com\/en\/wp-json\/wp\/v2\/types\/page"}],"author":[{"embeddable":true,"href":"https:\/\/visitslavoniabaranja.com\/en\/wp-json\/wp\/v2\/users\/1"}],"replies":[{"embeddable":true,"href":"https:\/\/visitslavoniabaranja.com\/en\/wp-json\/wp\/v2\/comments?post=10761"}],"version-history":[{"count":12,"href":"https:\/\/visitslavoniabaranja.com\/en\/wp-json\/wp\/v2\/pages\/10761\/revisions"}],"predecessor-version":[{"id":17117,"href":"https:\/\/visitslavoniabaranja.com\/en\/wp-json\/wp\/v2\/pages\/10761\/revisions\/17117"}],"wp:featuredmedia":[{"embeddable":true,"href":"https:\/\/visitslavoniabaranja.com\/en\/wp-json\/wp\/v2\/media\/17104"}],"wp:attachment":[{"href":"https:\/\/visitslavoniabaranja.com\/en\/wp-json\/wp\/v2\/media?parent=10761"}],"curies":[{"name":"wp","href":"https:\/\/api.w.org\/{rel}","templated":true}]}}