
{"id":8830,"date":"2022-06-17T14:32:00","date_gmt":"2022-06-17T12:32:00","guid":{"rendered":"https:\/\/visitslavoniabaranja.com\/planen-sie-ihre-reise\/wie-kommt-dorthin\/"},"modified":"2024-01-17T12:12:01","modified_gmt":"2024-01-17T11:12:01","slug":"wie-kommt-dorthin","status":"publish","type":"page","link":"https:\/\/visitslavoniabaranja.com\/de\/planen-sie-ihre-reise\/wie-kommt-dorthin\/","title":{"rendered":"Wie kommt dorthin?"},"content":{"rendered":"\n<h2 class=\"wp-block-heading\">Mit dem Flugzeug<\/h2>\n\n<p><strong>Flughafen Osijek<\/strong><\/p>\n\n<p>Der internationale <a href=\"https:\/\/goo.gl\/maps\/StWwrxGQQHeiCWed6\">Flughafen Osijek<\/a> liegt an der staatlichen Stra\u00dfe D2, Osijek &#8211; Vukovar, neben dem Dorf Klisa.<\/p>\n\n<p>Informationen zum Flugplan: <a href=\"http:\/\/www.osijek-airport.hr\">www.osijek-airport.hr<\/a><\/p>\n\n<h2 class=\"wp-block-heading\">Mit dem Bus<\/h2>\n\n<p>Mit den <a href=\"http:\/\/www.arriva.com.hr\/\">Arriva-Buslinien<\/a> erreichen Sie Ziele in der Osje\u010dko-baranjska Gespanschaft sowie Ziele in anderen Teilen Slawoniens und im Rest von Kroatien.<\/p>\n\n<p>Informationen zum Fahrplan: www.arriva.com.hr<\/p>\n\n<h2 class=\"wp-block-heading\">Mit dem Zug<\/h2>\n\n<p>Linientransport von Personen mit der Eisenbahn in der Republik Kroatien sichert das Unternehmen H\u017d &#8211; Putni\u010dki prijevoz d.o.o. (Kroatische Eisenbahnen).<\/p>\n\n<p>Sie k\u00f6nnen mit dem direkten Zug von Osijek zu Reisezielen in den Gespanschaften Osje\u010dko-baranjska, Vukovarsko-Srijemska, Viroviti\u010dko-podravska, Koprivni\u010dko-kri\u017eeva\u010dka und in die Stadt Zagreb reisen, und mit einer kurzen Umsteigezeit zu Zielen in Brodsko-posavska, Vara\u017edinska, Me\u0111imurska und Bjelovarsko-bilogorska Gespanschaften und Reiseziele an der Adria.<\/p>\n\n<p>Internationale Zugreisen sind nach Budapest (Ungarn) mit Umsteigen in Beli Manastir (Kroatien) und P\u00e9cs (Ungarn) und nach Belgrad (Serbien) mit Umsteigen in Vinkovci (Kroatien) m\u00f6glich.<\/p>\n\n<p>Informationen zum Fahrplan: <a href=\"http:\/\/www.hzpp.hr\/\">H\u017dPP &#8211; Kroatische Eisenbahn, Personenbef\u00f6rderung<\/a><\/p>\n\n<h2 class=\"wp-block-heading\">Mit dem Passagierschiff &#8211; Kreuzfahrtschiff<\/h2>\n\n<p>Wenn Sie Passagier eines touristischen Kreuzfahrtschiffes sind, erreichen Sie Osijek \u00fcber die Donau und die Drau aus dem Norden aus Budapest und Mohacs und aus dem Osten aus Richtung des Schwarzen Meeres \u00fcber Belgrad, Novi Sad, Ilok und Vukovar.<\/p>\n\n<p>Sehen Sie hier den Kalender der cruiser, die in Osijek anlegen: Lu\u010dka uprava Osijek (<a href=\"http:\/\/port-osijek.hr\/raspored_dolazaka\">Osijeker Hafenverwaltung<\/a>)<\/p>\n\n<p>Um Ihre Reise von Osijek oder nach Osijek zu buchen, wenden Sie sich an das Reiseb\u00fcro <a href=\"http:\/\/www.arrivatravel.hr\/\">Arriva Travel<\/a> aus Osijek.<\/p>\n\n<h2 class=\"wp-block-heading\">Mit dem Auto<\/h2>\n\n<p>Der einfachste Weg zur Osje\u010dko-baranjska Gespanschaft ist \u00fcber einen der europ\u00e4ischen Stra\u00dfenkorridore:<\/p>\n\n<p>Aus dem Westen und Osten \u00fcber die Autobahn A3 (Ljubljana, SLO &#8211; Zagreb &#8211; Slavonski Brod &#8211; Belgrad, SRB) und dann die A5 (von der Autobahn A3 &#8211; \u0110akovo &#8211; Osijek) oder die Staatsstra\u00dfe D2 (Graz, A &#8211; Maribor, SLO &#8211; Vara\u017edin &#8211; Koprivnica). &#8211; Virovitica \u2013 Na\u0161ice \u2013 Osijek \u2013 Vukovar \u2013 Ilok \u2013 Novi Sad, SRB \u2013 Belgrad, SRB).<\/p>\n\n<p>Von S\u00fcden und Norden \u00fcber die staatliche Stra\u00dfe D7 oder die Autobahn A5 (Bosanski \u0160amac, BiH \u2013 Slavonski \u0160amac \u2013 \u0110akovo \u2013 Osijek \u2013 Beli Manastir \u2013 Pe\u010duh, HU \u2013 Budapest, HU).<\/p>\n\n<p>Informationen zum Stra\u00dfenzustand: <a href=\"https:\/\/www.hak.hr\/\">HAK &#8211; Kroatischer Autoklub<\/a><\/p>\n\n<p>Informationen zu Mautgeb\u00fchren: <a href=\"https:\/\/www.hac.hr\/hr\">HAC &#8211; Kroatische Autobahnen<\/a><\/p>\n","protected":false},"excerpt":{"rendered":"<p>Mit dem Flugzeug Flughafen Osijek Der internationale Flughafen Osijek liegt an der staatlichen Stra\u00dfe D2, Osijek &#8211; Vukovar, neben dem Dorf Klisa. Informationen zum Flugplan: www.osijek-airport.hr Mit dem Bus Mit den Arriva-Buslinien erreichen Sie Ziele in der Osje\u010dko-baranjska Gespanschaft sowie Ziele in anderen Teilen Slawoniens und im Rest von Kroatien. Informationen zum Fahrplan: www.arriva.com.hr Mit [&hellip;]<\/p>\n","protected":false},"author":1,"featured_media":0,"parent":5812,"menu_order":0,"comment_status":"closed","ping_status":"closed","template":"page-trip-arrival.php","meta":{"footnotes":""},"class_list":["post-8830","page","type-page","status-publish","hentry"],"acf":[],"yoast_head":"<!-- This site is optimized with the Yoast SEO plugin v25.0 - https:\/\/yoast.com\/wordpress\/plugins\/seo\/ -->\n<title>Wie kommt dorthin? - Turisti\u010dka zajednica Osje\u010dko-baranjske \u017eupanije<\/title>\n<meta name=\"robots\" content=\"index, follow, max-snippet:-1, max-image-preview:large, max-video-preview:-1\" \/>\n<link rel=\"canonical\" href=\"https:\/\/visitslavoniabaranja.com\/planiraj-putovanje\/kako-stici\/\" \/>\n<meta property=\"og:locale\" content=\"de_DE\" \/>\n<meta property=\"og:type\" content=\"article\" \/>\n<meta property=\"og:title\" content=\"Wie kommt dorthin? - Turisti\u010dka zajednica Osje\u010dko-baranjske \u017eupanije\" \/>\n<meta property=\"og:description\" content=\"Mit dem Flugzeug Flughafen Osijek Der internationale Flughafen Osijek liegt an der staatlichen Stra\u00dfe D2, Osijek &#8211; Vukovar, neben dem Dorf Klisa. Informationen zum Flugplan: www.osijek-airport.hr Mit dem Bus Mit den Arriva-Buslinien erreichen Sie Ziele in der Osje\u010dko-baranjska Gespanschaft sowie Ziele in anderen Teilen Slawoniens und im Rest von Kroatien. Informationen zum Fahrplan: www.arriva.com.hr Mit [&hellip;]\" \/>\n<meta property=\"og:url\" content=\"https:\/\/visitslavoniabaranja.com\/planiraj-putovanje\/kako-stici\/\" \/>\n<meta property=\"og:site_name\" content=\"Turisti\u010dka zajednica Osje\u010dko-baranjske \u017eupanije\" \/>\n<meta property=\"article:modified_time\" content=\"2024-01-17T11:12:01+00:00\" \/>\n<meta name=\"twitter:card\" content=\"summary_large_image\" \/>\n<meta name=\"twitter:label1\" content=\"Gesch\u00e4tzte Lesezeit\" \/>\n\t<meta name=\"twitter:data1\" content=\"2\u00a0Minuten\" \/>\n<script type=\"application\/ld+json\" class=\"yoast-schema-graph\">{\"@context\":\"https:\/\/schema.org\",\"@graph\":[{\"@type\":\"WebPage\",\"@id\":\"https:\/\/visitslavoniabaranja.com\/planiraj-putovanje\/kako-stici\/\",\"url\":\"https:\/\/visitslavoniabaranja.com\/planiraj-putovanje\/kako-stici\/\",\"name\":\"Wie kommt dorthin? - Turisti\u010dka zajednica Osje\u010dko-baranjske \u017eupanije\",\"isPartOf\":{\"@id\":\"https:\/\/visitslavoniabaranja.com\/#website\"},\"datePublished\":\"2022-06-17T12:32:00+00:00\",\"dateModified\":\"2024-01-17T11:12:01+00:00\",\"breadcrumb\":{\"@id\":\"https:\/\/visitslavoniabaranja.com\/planiraj-putovanje\/kako-stici\/#breadcrumb\"},\"inLanguage\":\"de\",\"potentialAction\":[{\"@type\":\"ReadAction\",\"target\":[\"https:\/\/visitslavoniabaranja.com\/planiraj-putovanje\/kako-stici\/\"]}]},{\"@type\":\"BreadcrumbList\",\"@id\":\"https:\/\/visitslavoniabaranja.com\/planiraj-putovanje\/kako-stici\/#breadcrumb\",\"itemListElement\":[{\"@type\":\"ListItem\",\"position\":1,\"name\":\"Po\u010detna stranica\",\"item\":\"https:\/\/visitslavoniabaranja.com\/de\/\"},{\"@type\":\"ListItem\",\"position\":2,\"name\":\"Planen Sie Ihre Reise\",\"item\":\"https:\/\/visitslavoniabaranja.com\/de\/planen-sie-ihre-reise\/\"},{\"@type\":\"ListItem\",\"position\":3,\"name\":\"Wie kommt dorthin?\"}]},{\"@type\":\"WebSite\",\"@id\":\"https:\/\/visitslavoniabaranja.com\/#website\",\"url\":\"https:\/\/visitslavoniabaranja.com\/\",\"name\":\"Turisti\u010dka zajednica Osje\u010dko-baranjske \u017eupanije\",\"description\":\"\",\"potentialAction\":[{\"@type\":\"SearchAction\",\"target\":{\"@type\":\"EntryPoint\",\"urlTemplate\":\"https:\/\/visitslavoniabaranja.com\/?s={search_term_string}\"},\"query-input\":{\"@type\":\"PropertyValueSpecification\",\"valueRequired\":true,\"valueName\":\"search_term_string\"}}],\"inLanguage\":\"de\"}]}<\/script>\n<!-- \/ Yoast SEO plugin. -->","yoast_head_json":{"title":"Wie kommt dorthin? - Turisti\u010dka zajednica Osje\u010dko-baranjske \u017eupanije","robots":{"index":"index","follow":"follow","max-snippet":"max-snippet:-1","max-image-preview":"max-image-preview:large","max-video-preview":"max-video-preview:-1"},"canonical":"https:\/\/visitslavoniabaranja.com\/planiraj-putovanje\/kako-stici\/","og_locale":"de_DE","og_type":"article","og_title":"Wie kommt dorthin? - Turisti\u010dka zajednica Osje\u010dko-baranjske \u017eupanije","og_description":"Mit dem Flugzeug Flughafen Osijek Der internationale Flughafen Osijek liegt an der staatlichen Stra\u00dfe D2, Osijek &#8211; Vukovar, neben dem Dorf Klisa. Informationen zum Flugplan: www.osijek-airport.hr Mit dem Bus Mit den Arriva-Buslinien erreichen Sie Ziele in der Osje\u010dko-baranjska Gespanschaft sowie Ziele in anderen Teilen Slawoniens und im Rest von Kroatien. Informationen zum Fahrplan: www.arriva.com.hr Mit [&hellip;]","og_url":"https:\/\/visitslavoniabaranja.com\/planiraj-putovanje\/kako-stici\/","og_site_name":"Turisti\u010dka zajednica Osje\u010dko-baranjske \u017eupanije","article_modified_time":"2024-01-17T11:12:01+00:00","twitter_card":"summary_large_image","twitter_misc":{"Gesch\u00e4tzte Lesezeit":"2\u00a0Minuten"},"schema":{"@context":"https:\/\/schema.org","@graph":[{"@type":"WebPage","@id":"https:\/\/visitslavoniabaranja.com\/planiraj-putovanje\/kako-stici\/","url":"https:\/\/visitslavoniabaranja.com\/planiraj-putovanje\/kako-stici\/","name":"Wie kommt dorthin? - Turisti\u010dka zajednica Osje\u010dko-baranjske \u017eupanije","isPartOf":{"@id":"https:\/\/visitslavoniabaranja.com\/#website"},"datePublished":"2022-06-17T12:32:00+00:00","dateModified":"2024-01-17T11:12:01+00:00","breadcrumb":{"@id":"https:\/\/visitslavoniabaranja.com\/planiraj-putovanje\/kako-stici\/#breadcrumb"},"inLanguage":"de","potentialAction":[{"@type":"ReadAction","target":["https:\/\/visitslavoniabaranja.com\/planiraj-putovanje\/kako-stici\/"]}]},{"@type":"BreadcrumbList","@id":"https:\/\/visitslavoniabaranja.com\/planiraj-putovanje\/kako-stici\/#breadcrumb","itemListElement":[{"@type":"ListItem","position":1,"name":"Po\u010detna stranica","item":"https:\/\/visitslavoniabaranja.com\/de\/"},{"@type":"ListItem","position":2,"name":"Planen Sie Ihre Reise","item":"https:\/\/visitslavoniabaranja.com\/de\/planen-sie-ihre-reise\/"},{"@type":"ListItem","position":3,"name":"Wie kommt dorthin?"}]},{"@type":"WebSite","@id":"https:\/\/visitslavoniabaranja.com\/#website","url":"https:\/\/visitslavoniabaranja.com\/","name":"Turisti\u010dka zajednica Osje\u010dko-baranjske \u017eupanije","description":"","potentialAction":[{"@type":"SearchAction","target":{"@type":"EntryPoint","urlTemplate":"https:\/\/visitslavoniabaranja.com\/?s={search_term_string}"},"query-input":{"@type":"PropertyValueSpecification","valueRequired":true,"valueName":"search_term_string"}}],"inLanguage":"de"}]}},"_links":{"self":[{"href":"https:\/\/visitslavoniabaranja.com\/de\/wp-json\/wp\/v2\/pages\/8830","targetHints":{"allow":["GET"]}}],"collection":[{"href":"https:\/\/visitslavoniabaranja.com\/de\/wp-json\/wp\/v2\/pages"}],"about":[{"href":"https:\/\/visitslavoniabaranja.com\/de\/wp-json\/wp\/v2\/types\/page"}],"author":[{"embeddable":true,"href":"https:\/\/visitslavoniabaranja.com\/de\/wp-json\/wp\/v2\/users\/1"}],"replies":[{"embeddable":true,"href":"https:\/\/visitslavoniabaranja.com\/de\/wp-json\/wp\/v2\/comments?post=8830"}],"version-history":[{"count":1,"href":"https:\/\/visitslavoniabaranja.com\/de\/wp-json\/wp\/v2\/pages\/8830\/revisions"}],"predecessor-version":[{"id":8831,"href":"https:\/\/visitslavoniabaranja.com\/de\/wp-json\/wp\/v2\/pages\/8830\/revisions\/8831"}],"up":[{"embeddable":true,"href":"https:\/\/visitslavoniabaranja.com\/de\/wp-json\/wp\/v2\/pages\/5812"}],"wp:attachment":[{"href":"https:\/\/visitslavoniabaranja.com\/de\/wp-json\/wp\/v2\/media?parent=8830"}],"curies":[{"name":"wp","href":"https:\/\/api.w.org\/{rel}","templated":true}]}}