
{"id":7386,"date":"2022-06-17T14:27:00","date_gmt":"2022-06-17T12:27:00","guid":{"rendered":"https:\/\/visitslavoniabaranja.com\/?page_id=7386"},"modified":"2023-05-24T11:36:52","modified_gmt":"2023-05-24T09:36:52","slug":"turisticke-smartphone-aplikacije","status":"publish","type":"page","link":"https:\/\/visitslavoniabaranja.com\/de\/planiraj-putovanje\/turisticke-smartphone-aplikacije\/","title":{"rendered":"Turisti\u010dke smartphone aplikacije"},"content":{"rendered":"\n<p>Kako biste jo\u0161 ve\u0107om lako\u0107om istra\u017eivali Slavoniju i Baranju, donosimo vam pregled mobilnih aplikacija koje vam u tome mogu pomo\u0107i:<\/p>\n\n\n\n<figure class=\"wp-block-image size-full logo\"><a href=\"https:\/\/www.goingplaces.earth\/\" target=\"_blank\" rel=\"noreferrer noopener\"><img loading=\"lazy\" decoding=\"async\" width=\"410\" height=\"198\" src=\"https:\/\/visitslavoniabaranja.com\/wp-content\/uploads\/2023\/05\/gp-logo-1.png\" alt=\"\" class=\"wp-image-7413\" \/><\/a><\/figure>\n\n\n\n<p><strong>Go!ng places app<\/strong><\/p>\n\n\n\n<p>Ako \u017eelite upoznati Slavoniju i Baranju o\u010dima lokalnog stanovni\u0161tva,&nbsp;go!ng places&nbsp; aplikacija je sve \u0161to<br>vam treba. Ovaj virtualni vodi\u010d najpopularnija je hrvatska aplikacija za turizam koja vas upoznaje s<br>lokalnim mjestima i pri\u010dama. Mo\u017eete odabrati neku od predlo\u017eenih ruta ili sami kreirati rutu te<br>saznati vi\u0161e o povijesti, kulturi i gastro ponudi Slavonije i Baranje. S&nbsp;go!ng places&nbsp;sami stvarate svoju<br>pri\u010du iz srca Slavonije!&nbsp;<\/p>\n\n\n\n<p>Aplikaciju besplatno mo\u017eete preuzeti putem Google Play i App Store servisa (going places app).<\/p>\n\n\n\n<p>Web: <a href=\"https:\/\/www.goingplaces.earth\/\" target=\"_blank\" rel=\"noreferrer noopener\">www.goingplaces.earth<\/a><\/p>\n","protected":false},"excerpt":{"rendered":"<p>Kako biste jo\u0161 ve\u0107om lako\u0107om istra\u017eivali Slavoniju i Baranju, donosimo vam pregled mobilnih aplikacija koje vam u tome mogu pomo\u0107i: Go!ng places app Ako \u017eelite upoznati Slavoniju i Baranju o\u010dima lokalnog stanovni\u0161tva,&nbsp;go!ng places&nbsp; aplikacija je sve \u0161tovam treba. Ovaj virtualni vodi\u010d najpopularnija je hrvatska aplikacija za turizam koja vas upoznaje slokalnim mjestima i pri\u010dama. Mo\u017eete [&hellip;]<\/p>\n","protected":false},"author":1,"featured_media":0,"parent":1210,"menu_order":0,"comment_status":"closed","ping_status":"closed","template":"page-trip-applications.php","meta":{"footnotes":""},"class_list":["post-7386","page","type-page","status-publish","hentry"],"acf":[],"yoast_head":"<!-- This site is optimized with the Yoast SEO plugin v25.0 - https:\/\/yoast.com\/wordpress\/plugins\/seo\/ -->\n<title>Turisti\u010dke smartphone aplikacije - Turisti\u010dka zajednica Osje\u010dko-baranjske \u017eupanije<\/title>\n<meta name=\"robots\" content=\"index, follow, max-snippet:-1, max-image-preview:large, max-video-preview:-1\" \/>\n<link rel=\"canonical\" href=\"https:\/\/visitslavoniabaranja.com\/planiraj-putovanje\/turisticke-smartphone-aplikacije\/\" \/>\n<meta property=\"og:locale\" content=\"de_DE\" \/>\n<meta property=\"og:type\" content=\"article\" \/>\n<meta property=\"og:title\" content=\"Turisti\u010dke smartphone aplikacije - Turisti\u010dka zajednica Osje\u010dko-baranjske \u017eupanije\" \/>\n<meta property=\"og:description\" content=\"Kako biste jo\u0161 ve\u0107om lako\u0107om istra\u017eivali Slavoniju i Baranju, donosimo vam pregled mobilnih aplikacija koje vam u tome mogu pomo\u0107i: Go!ng places app Ako \u017eelite upoznati Slavoniju i Baranju o\u010dima lokalnog stanovni\u0161tva,&nbsp;go!ng places&nbsp; aplikacija je sve \u0161tovam treba. Ovaj virtualni vodi\u010d najpopularnija je hrvatska aplikacija za turizam koja vas upoznaje slokalnim mjestima i pri\u010dama. Mo\u017eete [&hellip;]\" \/>\n<meta property=\"og:url\" content=\"https:\/\/visitslavoniabaranja.com\/planiraj-putovanje\/turisticke-smartphone-aplikacije\/\" \/>\n<meta property=\"og:site_name\" content=\"Turisti\u010dka zajednica Osje\u010dko-baranjske \u017eupanije\" \/>\n<meta property=\"article:modified_time\" content=\"2023-05-24T09:36:52+00:00\" \/>\n<meta property=\"og:image\" content=\"https:\/\/visitslavoniabaranja.com\/wp-content\/uploads\/2023\/05\/gp-logo-1.png\" \/>\n<meta name=\"twitter:card\" content=\"summary_large_image\" \/>\n<meta name=\"twitter:label1\" content=\"Gesch\u00e4tzte Lesezeit\" \/>\n\t<meta name=\"twitter:data1\" content=\"1\u00a0Minute\" \/>\n<script type=\"application\/ld+json\" class=\"yoast-schema-graph\">{\"@context\":\"https:\/\/schema.org\",\"@graph\":[{\"@type\":\"WebPage\",\"@id\":\"https:\/\/visitslavoniabaranja.com\/planiraj-putovanje\/turisticke-smartphone-aplikacije\/\",\"url\":\"https:\/\/visitslavoniabaranja.com\/planiraj-putovanje\/turisticke-smartphone-aplikacije\/\",\"name\":\"Turisti\u010dke smartphone aplikacije - Turisti\u010dka zajednica Osje\u010dko-baranjske \u017eupanije\",\"isPartOf\":{\"@id\":\"https:\/\/visitslavoniabaranja.com\/#website\"},\"primaryImageOfPage\":{\"@id\":\"https:\/\/visitslavoniabaranja.com\/planiraj-putovanje\/turisticke-smartphone-aplikacije\/#primaryimage\"},\"image\":{\"@id\":\"https:\/\/visitslavoniabaranja.com\/planiraj-putovanje\/turisticke-smartphone-aplikacije\/#primaryimage\"},\"thumbnailUrl\":\"https:\/\/visitslavoniabaranja.com\/wp-content\/uploads\/2023\/05\/gp-logo-1.png\",\"datePublished\":\"2022-06-17T12:27:00+00:00\",\"dateModified\":\"2023-05-24T09:36:52+00:00\",\"breadcrumb\":{\"@id\":\"https:\/\/visitslavoniabaranja.com\/planiraj-putovanje\/turisticke-smartphone-aplikacije\/#breadcrumb\"},\"inLanguage\":\"de\",\"potentialAction\":[{\"@type\":\"ReadAction\",\"target\":[\"https:\/\/visitslavoniabaranja.com\/planiraj-putovanje\/turisticke-smartphone-aplikacije\/\"]}]},{\"@type\":\"ImageObject\",\"inLanguage\":\"de\",\"@id\":\"https:\/\/visitslavoniabaranja.com\/planiraj-putovanje\/turisticke-smartphone-aplikacije\/#primaryimage\",\"url\":\"https:\/\/visitslavoniabaranja.com\/wp-content\/uploads\/2023\/05\/gp-logo-1.png\",\"contentUrl\":\"https:\/\/visitslavoniabaranja.com\/wp-content\/uploads\/2023\/05\/gp-logo-1.png\"},{\"@type\":\"BreadcrumbList\",\"@id\":\"https:\/\/visitslavoniabaranja.com\/planiraj-putovanje\/turisticke-smartphone-aplikacije\/#breadcrumb\",\"itemListElement\":[{\"@type\":\"ListItem\",\"position\":1,\"name\":\"Po\u010detna stranica\",\"item\":\"https:\/\/visitslavoniabaranja.com\/de\/\"},{\"@type\":\"ListItem\",\"position\":2,\"name\":\"Planiraj putovanje\",\"item\":\"https:\/\/visitslavoniabaranja.com\/planiraj-putovanje\/\"},{\"@type\":\"ListItem\",\"position\":3,\"name\":\"Turisti\u010dke smartphone aplikacije\"}]},{\"@type\":\"WebSite\",\"@id\":\"https:\/\/visitslavoniabaranja.com\/#website\",\"url\":\"https:\/\/visitslavoniabaranja.com\/\",\"name\":\"Turisti\u010dka zajednica Osje\u010dko-baranjske \u017eupanije\",\"description\":\"\",\"potentialAction\":[{\"@type\":\"SearchAction\",\"target\":{\"@type\":\"EntryPoint\",\"urlTemplate\":\"https:\/\/visitslavoniabaranja.com\/?s={search_term_string}\"},\"query-input\":{\"@type\":\"PropertyValueSpecification\",\"valueRequired\":true,\"valueName\":\"search_term_string\"}}],\"inLanguage\":\"de\"}]}<\/script>\n<!-- \/ Yoast SEO plugin. -->","yoast_head_json":{"title":"Turisti\u010dke smartphone aplikacije - Turisti\u010dka zajednica Osje\u010dko-baranjske \u017eupanije","robots":{"index":"index","follow":"follow","max-snippet":"max-snippet:-1","max-image-preview":"max-image-preview:large","max-video-preview":"max-video-preview:-1"},"canonical":"https:\/\/visitslavoniabaranja.com\/planiraj-putovanje\/turisticke-smartphone-aplikacije\/","og_locale":"de_DE","og_type":"article","og_title":"Turisti\u010dke smartphone aplikacije - Turisti\u010dka zajednica Osje\u010dko-baranjske \u017eupanije","og_description":"Kako biste jo\u0161 ve\u0107om lako\u0107om istra\u017eivali Slavoniju i Baranju, donosimo vam pregled mobilnih aplikacija koje vam u tome mogu pomo\u0107i: Go!ng places app Ako \u017eelite upoznati Slavoniju i Baranju o\u010dima lokalnog stanovni\u0161tva,&nbsp;go!ng places&nbsp; aplikacija je sve \u0161tovam treba. Ovaj virtualni vodi\u010d najpopularnija je hrvatska aplikacija za turizam koja vas upoznaje slokalnim mjestima i pri\u010dama. Mo\u017eete [&hellip;]","og_url":"https:\/\/visitslavoniabaranja.com\/planiraj-putovanje\/turisticke-smartphone-aplikacije\/","og_site_name":"Turisti\u010dka zajednica Osje\u010dko-baranjske \u017eupanije","article_modified_time":"2023-05-24T09:36:52+00:00","og_image":[{"url":"https:\/\/visitslavoniabaranja.com\/wp-content\/uploads\/2023\/05\/gp-logo-1.png","type":"","width":"","height":""}],"twitter_card":"summary_large_image","twitter_misc":{"Gesch\u00e4tzte Lesezeit":"1\u00a0Minute"},"schema":{"@context":"https:\/\/schema.org","@graph":[{"@type":"WebPage","@id":"https:\/\/visitslavoniabaranja.com\/planiraj-putovanje\/turisticke-smartphone-aplikacije\/","url":"https:\/\/visitslavoniabaranja.com\/planiraj-putovanje\/turisticke-smartphone-aplikacije\/","name":"Turisti\u010dke smartphone aplikacije - Turisti\u010dka zajednica Osje\u010dko-baranjske \u017eupanije","isPartOf":{"@id":"https:\/\/visitslavoniabaranja.com\/#website"},"primaryImageOfPage":{"@id":"https:\/\/visitslavoniabaranja.com\/planiraj-putovanje\/turisticke-smartphone-aplikacije\/#primaryimage"},"image":{"@id":"https:\/\/visitslavoniabaranja.com\/planiraj-putovanje\/turisticke-smartphone-aplikacije\/#primaryimage"},"thumbnailUrl":"https:\/\/visitslavoniabaranja.com\/wp-content\/uploads\/2023\/05\/gp-logo-1.png","datePublished":"2022-06-17T12:27:00+00:00","dateModified":"2023-05-24T09:36:52+00:00","breadcrumb":{"@id":"https:\/\/visitslavoniabaranja.com\/planiraj-putovanje\/turisticke-smartphone-aplikacije\/#breadcrumb"},"inLanguage":"de","potentialAction":[{"@type":"ReadAction","target":["https:\/\/visitslavoniabaranja.com\/planiraj-putovanje\/turisticke-smartphone-aplikacije\/"]}]},{"@type":"ImageObject","inLanguage":"de","@id":"https:\/\/visitslavoniabaranja.com\/planiraj-putovanje\/turisticke-smartphone-aplikacije\/#primaryimage","url":"https:\/\/visitslavoniabaranja.com\/wp-content\/uploads\/2023\/05\/gp-logo-1.png","contentUrl":"https:\/\/visitslavoniabaranja.com\/wp-content\/uploads\/2023\/05\/gp-logo-1.png"},{"@type":"BreadcrumbList","@id":"https:\/\/visitslavoniabaranja.com\/planiraj-putovanje\/turisticke-smartphone-aplikacije\/#breadcrumb","itemListElement":[{"@type":"ListItem","position":1,"name":"Po\u010detna stranica","item":"https:\/\/visitslavoniabaranja.com\/de\/"},{"@type":"ListItem","position":2,"name":"Planiraj putovanje","item":"https:\/\/visitslavoniabaranja.com\/planiraj-putovanje\/"},{"@type":"ListItem","position":3,"name":"Turisti\u010dke smartphone aplikacije"}]},{"@type":"WebSite","@id":"https:\/\/visitslavoniabaranja.com\/#website","url":"https:\/\/visitslavoniabaranja.com\/","name":"Turisti\u010dka zajednica Osje\u010dko-baranjske \u017eupanije","description":"","potentialAction":[{"@type":"SearchAction","target":{"@type":"EntryPoint","urlTemplate":"https:\/\/visitslavoniabaranja.com\/?s={search_term_string}"},"query-input":{"@type":"PropertyValueSpecification","valueRequired":true,"valueName":"search_term_string"}}],"inLanguage":"de"}]}},"_links":{"self":[{"href":"https:\/\/visitslavoniabaranja.com\/de\/wp-json\/wp\/v2\/pages\/7386","targetHints":{"allow":["GET"]}}],"collection":[{"href":"https:\/\/visitslavoniabaranja.com\/de\/wp-json\/wp\/v2\/pages"}],"about":[{"href":"https:\/\/visitslavoniabaranja.com\/de\/wp-json\/wp\/v2\/types\/page"}],"author":[{"embeddable":true,"href":"https:\/\/visitslavoniabaranja.com\/de\/wp-json\/wp\/v2\/users\/1"}],"replies":[{"embeddable":true,"href":"https:\/\/visitslavoniabaranja.com\/de\/wp-json\/wp\/v2\/comments?post=7386"}],"version-history":[{"count":10,"href":"https:\/\/visitslavoniabaranja.com\/de\/wp-json\/wp\/v2\/pages\/7386\/revisions"}],"predecessor-version":[{"id":7420,"href":"https:\/\/visitslavoniabaranja.com\/de\/wp-json\/wp\/v2\/pages\/7386\/revisions\/7420"}],"up":[{"embeddable":true,"href":"https:\/\/visitslavoniabaranja.com\/de\/wp-json\/wp\/v2\/pages\/1210"}],"wp:attachment":[{"href":"https:\/\/visitslavoniabaranja.com\/de\/wp-json\/wp\/v2\/media?parent=7386"}],"curies":[{"name":"wp","href":"https:\/\/api.w.org\/{rel}","templated":true}]}}