
{"id":7296,"date":"2022-06-17T14:27:00","date_gmt":"2022-06-17T12:27:00","guid":{"rendered":"https:\/\/visitslavoniabaranja.com\/?p=7296"},"modified":"2023-12-20T16:20:49","modified_gmt":"2023-12-20T15:20:49","slug":"angebot-der-aktivitaeten-und-programmen-fuer-digitale-nomaden","status":"publish","type":"page","link":"https:\/\/visitslavoniabaranja.com\/de\/planen-sie-ihre-reise\/angebot-der-aktivitaeten-und-programmen-fuer-digitale-nomaden\/","title":{"rendered":"Angebot der Aktivit\u00e4ten und Programmen f\u00fcr digitale Nomaden"},"content":{"rendered":"\n<p><strong>Slawonien und Baranja &#8211; Genuss zum Greifen nahe<\/strong><\/p>\n\n\n\n<p>Sollten &nbsp;Sie an ein zum Greifen nahes Abenteuer denken, an eine unerwartete Reise, die um die Ecke beginnt, an ein Erlebnis, nach dem manche Tausende von Kilometern suchen und es nicht finden? &nbsp;Erlauben Sie uns, Ihnen die L\u00f6sung aller Reiseholikerbedenken vorzustellen!&nbsp; Die Kamera wird nicht ausgeschaltet. Hier befinden sich einige der letzten unber\u00fchrten Sumpfgebiete Europas, unendliche Weizenfelder, \u00fcppige Weinberge und jahrhundertealte Eichenw\u00e4lder.<\/p>\n\n\n\n<p>Die Slawonier und Baranjaer geben ihren G\u00e4sten die kostbarste Geschenke &#8211; ein aufrichtiges L\u00e4cheln und weit ge\u00f6ffnete Arme als Zeichen eines herzlichen Willkommens. Freundlichkeit und Gro\u00dfz\u00fcgigkeit sind in jede Begegnung eingewoben, und die Erlebnisse beginnen mit einer vollst\u00e4ndigen Mahlzeit, Empfehlungen f\u00fcr die Freizeit und allgemeinen Ratschl\u00e4gen, wie man die Region wie ein echter Hedonist bereisen kann. Die Gastgeber hier werden &nbsp;Freunde und bleiben Freunde.&nbsp;<\/p>\n\n\n\n<p><strong>Besuchen Sie Osijek <\/strong>\u2013 die hedonistische Metropole Ostkroatiens! Weitl\u00e4ufig zwischen Weizenfeldern und der Drau, reich an gesellschaftlichen und kulturellen Inhalten, luftig und umgeben von nat\u00fcrlicher Sch\u00f6nheit \u2013 eine auf den Menschen zugeschnittene Stadt. Es ist ein ideales Zentrum f\u00fcr digitale Nomaden und bietet Co-Working-Spaces, farbenfrohe Unterk\u00fcnfte und hervorragende Kommunikationsnetze. In einer Entfernung von etwa zwei Stunden gibt es auch drei gro\u00dfe internationale Flugh\u00e4fen &#8211; in Zagreb, Belgrad und Budapest.<\/p>\n\n\n\n<p>Der Tourismusverband der Osje\u010dko-baranjska Gespanschaft&nbsp; steht Ihnen f\u00fcr alle weiteren Informationen \u00fcber Co-Working Spaces und alle anderen Informationen zum Aufenthalt in der Destination per E-Mail zur Verf\u00fcgung: info@tzosbarzup.hr.<\/p>\n\n\n\n<p>Auch unsere Gesch\u00e4ftspartner vor Ort stellen Ihnen gerne verschiedene touristische Dienstleistungen zur Verf\u00fcgung:<\/p>\n\n\n\n<p><strong>GOLDEN SLAVONIA TRAVEL<\/strong><\/p>\n\n\n\n<p>Stjepana Radi\u0107a 44<\/p>\n\n\n\n<p>31000 Osijek<\/p>\n\n\n\n<p>goldenslavonia@gmail.com<\/p>\n\n\n\n<p>+385 98 474 373<\/p>\n\n\n\n<p>~Wo die Donau den Himmel k\u00fcsst~<\/p>\n\n\n\n<p><strong>MAKSI-TOURS<\/strong><\/p>\n\n\n\n<p>Franjeva\u010dka 12, Osijek<\/p>\n\n\n\n<p>info@maksimilian.hr<\/p>\n\n\n\n<p>Telefon: + 385 91 252 3834<\/p>\n\n\n\n<p>www.whattovisit.in<\/p>\n\n\n\n<p>www.maksimilian.hr<\/p>\n\n\n\n<p><strong>Warum Slawonien und Baranja?<\/strong><\/p>\n\n\n\n<p>Eine digitale Nomadin, die sich f\u00fcr Osijek entschieden hat, sagt, dass sie \u201egerne in Osijek bleiben m\u00f6chte, weil es eine ruhige Stadt ist, in der ich Ruhe und Sicherheit gefunden habe \u2026\u201c. die Stadt verf\u00fcgt \u00fcber eine f\u00fcr Radfahrer geeignete Infrastruktur, man kann sich in der Stadt leicht fortbewegen und sie hat vorz\u00fcglichen \u00f6ffentlichen Transport. Es gibt kein gro\u00dfes Menschengedr\u00e4nge, aber die Stadt ist lebendig, mit einer F\u00fclle von Kultur und Sch\u00f6nheit, Natur, gesundem Essen, Fitnessstudios, niedrigen Lebenskosten und einer guten &nbsp;Stimmung. Das WiFi hier, sagt sie, ist wahrscheinlich das beste, das sie benutzt&nbsp; hat, einschlie\u00dflich&nbsp; USA und die Niederlande.\u201c<\/p>\n\n\n\n<p>Im folgenden Text finden Sie mehr \u00fcber die lokalen Erfahrungen, die Sie in diesem Teil Kroatiens erleben k\u00f6nnen, die von Golden Slavonia Travel und Maksi Tours angeboten werden.<\/p>\n","protected":false},"excerpt":{"rendered":"<p>Slawonien und Baranja &#8211; Genuss zum Greifen nahe Sollten &nbsp;Sie an ein zum Greifen nahes Abenteuer denken, an eine unerwartete Reise, die um die Ecke beginnt, an ein Erlebnis, nach dem manche Tausende von Kilometern suchen und es nicht finden? &nbsp;Erlauben Sie uns, Ihnen die L\u00f6sung aller Reiseholikerbedenken vorzustellen!&nbsp; Die Kamera wird nicht ausgeschaltet. Hier [&hellip;]<\/p>\n","protected":false},"author":3,"featured_media":5360,"parent":5812,"menu_order":0,"comment_status":"open","ping_status":"open","template":"page-trip-nomads-offer.php","meta":{"footnotes":""},"class_list":["post-7296","page","type-page","status-publish","has-post-thumbnail","hentry"],"acf":[],"yoast_head":"<!-- This site is optimized with the Yoast SEO plugin v25.0 - https:\/\/yoast.com\/wordpress\/plugins\/seo\/ -->\n<title>Angebot der Aktivit\u00e4ten und Programmen f\u00fcr digitale Nomaden - Turisti\u010dka zajednica Osje\u010dko-baranjske \u017eupanije<\/title>\n<meta name=\"robots\" content=\"index, follow, max-snippet:-1, max-image-preview:large, max-video-preview:-1\" \/>\n<link rel=\"canonical\" href=\"https:\/\/visitslavoniabaranja.com\/planiraj-putovanje\/ponuda-aktivnosti-i-programa-za-digitalne-nomade\/\" \/>\n<meta property=\"og:locale\" content=\"de_DE\" \/>\n<meta property=\"og:type\" content=\"article\" \/>\n<meta property=\"og:title\" content=\"Angebot der Aktivit\u00e4ten und Programmen f\u00fcr digitale Nomaden - Turisti\u010dka zajednica Osje\u010dko-baranjske \u017eupanije\" \/>\n<meta property=\"og:description\" content=\"Slawonien und Baranja &#8211; Genuss zum Greifen nahe Sollten &nbsp;Sie an ein zum Greifen nahes Abenteuer denken, an eine unerwartete Reise, die um die Ecke beginnt, an ein Erlebnis, nach dem manche Tausende von Kilometern suchen und es nicht finden? &nbsp;Erlauben Sie uns, Ihnen die L\u00f6sung aller Reiseholikerbedenken vorzustellen!&nbsp; Die Kamera wird nicht ausgeschaltet. Hier [&hellip;]\" \/>\n<meta property=\"og:url\" content=\"https:\/\/visitslavoniabaranja.com\/planiraj-putovanje\/ponuda-aktivnosti-i-programa-za-digitalne-nomade\/\" \/>\n<meta property=\"og:site_name\" content=\"Turisti\u010dka zajednica Osje\u010dko-baranjske \u017eupanije\" \/>\n<meta property=\"article:modified_time\" content=\"2023-12-20T15:20:49+00:00\" \/>\n<meta property=\"og:image\" content=\"https:\/\/visitslavoniabaranja.com\/wp-content\/uploads\/2022\/07\/Bez-naslova-150-\u00d7-150-piks.-Objava-na-Facebooku-1048-\u00d7-250-piks.-1048-\u00d7-500-piks.-1000-\u00d7-500-piks.-3-1.png\" \/>\n\t<meta property=\"og:image:width\" content=\"1000\" \/>\n\t<meta property=\"og:image:height\" content=\"500\" \/>\n\t<meta property=\"og:image:type\" content=\"image\/png\" \/>\n<meta name=\"twitter:card\" content=\"summary_large_image\" \/>\n<meta name=\"twitter:label1\" content=\"Gesch\u00e4tzte Lesezeit\" \/>\n\t<meta name=\"twitter:data1\" content=\"2\u00a0Minuten\" \/>\n<script type=\"application\/ld+json\" class=\"yoast-schema-graph\">{\"@context\":\"https:\/\/schema.org\",\"@graph\":[{\"@type\":\"WebPage\",\"@id\":\"https:\/\/visitslavoniabaranja.com\/planiraj-putovanje\/ponuda-aktivnosti-i-programa-za-digitalne-nomade\/\",\"url\":\"https:\/\/visitslavoniabaranja.com\/planiraj-putovanje\/ponuda-aktivnosti-i-programa-za-digitalne-nomade\/\",\"name\":\"Angebot der Aktivit\u00e4ten und Programmen f\u00fcr digitale Nomaden - Turisti\u010dka zajednica Osje\u010dko-baranjske \u017eupanije\",\"isPartOf\":{\"@id\":\"https:\/\/visitslavoniabaranja.com\/#website\"},\"primaryImageOfPage\":{\"@id\":\"https:\/\/visitslavoniabaranja.com\/planiraj-putovanje\/ponuda-aktivnosti-i-programa-za-digitalne-nomade\/#primaryimage\"},\"image\":{\"@id\":\"https:\/\/visitslavoniabaranja.com\/planiraj-putovanje\/ponuda-aktivnosti-i-programa-za-digitalne-nomade\/#primaryimage\"},\"thumbnailUrl\":\"https:\/\/visitslavoniabaranja.com\/wp-content\/uploads\/2022\/07\/Bez-naslova-150-\u00d7-150-piks.-Objava-na-Facebooku-1048-\u00d7-250-piks.-1048-\u00d7-500-piks.-1000-\u00d7-500-piks.-3-1.png\",\"datePublished\":\"2022-06-17T12:27:00+00:00\",\"dateModified\":\"2023-12-20T15:20:49+00:00\",\"breadcrumb\":{\"@id\":\"https:\/\/visitslavoniabaranja.com\/planiraj-putovanje\/ponuda-aktivnosti-i-programa-za-digitalne-nomade\/#breadcrumb\"},\"inLanguage\":\"de\",\"potentialAction\":[{\"@type\":\"ReadAction\",\"target\":[\"https:\/\/visitslavoniabaranja.com\/planiraj-putovanje\/ponuda-aktivnosti-i-programa-za-digitalne-nomade\/\"]}]},{\"@type\":\"ImageObject\",\"inLanguage\":\"de\",\"@id\":\"https:\/\/visitslavoniabaranja.com\/planiraj-putovanje\/ponuda-aktivnosti-i-programa-za-digitalne-nomade\/#primaryimage\",\"url\":\"https:\/\/visitslavoniabaranja.com\/wp-content\/uploads\/2022\/07\/Bez-naslova-150-\u00d7-150-piks.-Objava-na-Facebooku-1048-\u00d7-250-piks.-1048-\u00d7-500-piks.-1000-\u00d7-500-piks.-3-1.png\",\"contentUrl\":\"https:\/\/visitslavoniabaranja.com\/wp-content\/uploads\/2022\/07\/Bez-naslova-150-\u00d7-150-piks.-Objava-na-Facebooku-1048-\u00d7-250-piks.-1048-\u00d7-500-piks.-1000-\u00d7-500-piks.-3-1.png\",\"width\":1000,\"height\":500},{\"@type\":\"BreadcrumbList\",\"@id\":\"https:\/\/visitslavoniabaranja.com\/planiraj-putovanje\/ponuda-aktivnosti-i-programa-za-digitalne-nomade\/#breadcrumb\",\"itemListElement\":[{\"@type\":\"ListItem\",\"position\":1,\"name\":\"Po\u010detna stranica\",\"item\":\"https:\/\/visitslavoniabaranja.com\/de\/\"},{\"@type\":\"ListItem\",\"position\":2,\"name\":\"Planen Sie Ihre Reise\",\"item\":\"https:\/\/visitslavoniabaranja.com\/de\/planen-sie-ihre-reise\/\"},{\"@type\":\"ListItem\",\"position\":3,\"name\":\"Angebot der Aktivit\u00e4ten und Programmen f\u00fcr digitale Nomaden\"}]},{\"@type\":\"WebSite\",\"@id\":\"https:\/\/visitslavoniabaranja.com\/#website\",\"url\":\"https:\/\/visitslavoniabaranja.com\/\",\"name\":\"Turisti\u010dka zajednica Osje\u010dko-baranjske \u017eupanije\",\"description\":\"\",\"potentialAction\":[{\"@type\":\"SearchAction\",\"target\":{\"@type\":\"EntryPoint\",\"urlTemplate\":\"https:\/\/visitslavoniabaranja.com\/?s={search_term_string}\"},\"query-input\":{\"@type\":\"PropertyValueSpecification\",\"valueRequired\":true,\"valueName\":\"search_term_string\"}}],\"inLanguage\":\"de\"}]}<\/script>\n<!-- \/ Yoast SEO plugin. -->","yoast_head_json":{"title":"Angebot der Aktivit\u00e4ten und Programmen f\u00fcr digitale Nomaden - Turisti\u010dka zajednica Osje\u010dko-baranjske \u017eupanije","robots":{"index":"index","follow":"follow","max-snippet":"max-snippet:-1","max-image-preview":"max-image-preview:large","max-video-preview":"max-video-preview:-1"},"canonical":"https:\/\/visitslavoniabaranja.com\/planiraj-putovanje\/ponuda-aktivnosti-i-programa-za-digitalne-nomade\/","og_locale":"de_DE","og_type":"article","og_title":"Angebot der Aktivit\u00e4ten und Programmen f\u00fcr digitale Nomaden - Turisti\u010dka zajednica Osje\u010dko-baranjske \u017eupanije","og_description":"Slawonien und Baranja &#8211; Genuss zum Greifen nahe Sollten &nbsp;Sie an ein zum Greifen nahes Abenteuer denken, an eine unerwartete Reise, die um die Ecke beginnt, an ein Erlebnis, nach dem manche Tausende von Kilometern suchen und es nicht finden? &nbsp;Erlauben Sie uns, Ihnen die L\u00f6sung aller Reiseholikerbedenken vorzustellen!&nbsp; Die Kamera wird nicht ausgeschaltet. Hier [&hellip;]","og_url":"https:\/\/visitslavoniabaranja.com\/planiraj-putovanje\/ponuda-aktivnosti-i-programa-za-digitalne-nomade\/","og_site_name":"Turisti\u010dka zajednica Osje\u010dko-baranjske \u017eupanije","article_modified_time":"2023-12-20T15:20:49+00:00","og_image":[{"width":1000,"height":500,"url":"https:\/\/visitslavoniabaranja.com\/wp-content\/uploads\/2022\/07\/Bez-naslova-150-\u00d7-150-piks.-Objava-na-Facebooku-1048-\u00d7-250-piks.-1048-\u00d7-500-piks.-1000-\u00d7-500-piks.-3-1.png","type":"image\/png"}],"twitter_card":"summary_large_image","twitter_misc":{"Gesch\u00e4tzte Lesezeit":"2\u00a0Minuten"},"schema":{"@context":"https:\/\/schema.org","@graph":[{"@type":"WebPage","@id":"https:\/\/visitslavoniabaranja.com\/planiraj-putovanje\/ponuda-aktivnosti-i-programa-za-digitalne-nomade\/","url":"https:\/\/visitslavoniabaranja.com\/planiraj-putovanje\/ponuda-aktivnosti-i-programa-za-digitalne-nomade\/","name":"Angebot der Aktivit\u00e4ten und Programmen f\u00fcr digitale Nomaden - Turisti\u010dka zajednica Osje\u010dko-baranjske \u017eupanije","isPartOf":{"@id":"https:\/\/visitslavoniabaranja.com\/#website"},"primaryImageOfPage":{"@id":"https:\/\/visitslavoniabaranja.com\/planiraj-putovanje\/ponuda-aktivnosti-i-programa-za-digitalne-nomade\/#primaryimage"},"image":{"@id":"https:\/\/visitslavoniabaranja.com\/planiraj-putovanje\/ponuda-aktivnosti-i-programa-za-digitalne-nomade\/#primaryimage"},"thumbnailUrl":"https:\/\/visitslavoniabaranja.com\/wp-content\/uploads\/2022\/07\/Bez-naslova-150-\u00d7-150-piks.-Objava-na-Facebooku-1048-\u00d7-250-piks.-1048-\u00d7-500-piks.-1000-\u00d7-500-piks.-3-1.png","datePublished":"2022-06-17T12:27:00+00:00","dateModified":"2023-12-20T15:20:49+00:00","breadcrumb":{"@id":"https:\/\/visitslavoniabaranja.com\/planiraj-putovanje\/ponuda-aktivnosti-i-programa-za-digitalne-nomade\/#breadcrumb"},"inLanguage":"de","potentialAction":[{"@type":"ReadAction","target":["https:\/\/visitslavoniabaranja.com\/planiraj-putovanje\/ponuda-aktivnosti-i-programa-za-digitalne-nomade\/"]}]},{"@type":"ImageObject","inLanguage":"de","@id":"https:\/\/visitslavoniabaranja.com\/planiraj-putovanje\/ponuda-aktivnosti-i-programa-za-digitalne-nomade\/#primaryimage","url":"https:\/\/visitslavoniabaranja.com\/wp-content\/uploads\/2022\/07\/Bez-naslova-150-\u00d7-150-piks.-Objava-na-Facebooku-1048-\u00d7-250-piks.-1048-\u00d7-500-piks.-1000-\u00d7-500-piks.-3-1.png","contentUrl":"https:\/\/visitslavoniabaranja.com\/wp-content\/uploads\/2022\/07\/Bez-naslova-150-\u00d7-150-piks.-Objava-na-Facebooku-1048-\u00d7-250-piks.-1048-\u00d7-500-piks.-1000-\u00d7-500-piks.-3-1.png","width":1000,"height":500},{"@type":"BreadcrumbList","@id":"https:\/\/visitslavoniabaranja.com\/planiraj-putovanje\/ponuda-aktivnosti-i-programa-za-digitalne-nomade\/#breadcrumb","itemListElement":[{"@type":"ListItem","position":1,"name":"Po\u010detna stranica","item":"https:\/\/visitslavoniabaranja.com\/de\/"},{"@type":"ListItem","position":2,"name":"Planen Sie Ihre Reise","item":"https:\/\/visitslavoniabaranja.com\/de\/planen-sie-ihre-reise\/"},{"@type":"ListItem","position":3,"name":"Angebot der Aktivit\u00e4ten und Programmen f\u00fcr digitale Nomaden"}]},{"@type":"WebSite","@id":"https:\/\/visitslavoniabaranja.com\/#website","url":"https:\/\/visitslavoniabaranja.com\/","name":"Turisti\u010dka zajednica Osje\u010dko-baranjske \u017eupanije","description":"","potentialAction":[{"@type":"SearchAction","target":{"@type":"EntryPoint","urlTemplate":"https:\/\/visitslavoniabaranja.com\/?s={search_term_string}"},"query-input":{"@type":"PropertyValueSpecification","valueRequired":true,"valueName":"search_term_string"}}],"inLanguage":"de"}]}},"_links":{"self":[{"href":"https:\/\/visitslavoniabaranja.com\/de\/wp-json\/wp\/v2\/pages\/7296","targetHints":{"allow":["GET"]}}],"collection":[{"href":"https:\/\/visitslavoniabaranja.com\/de\/wp-json\/wp\/v2\/pages"}],"about":[{"href":"https:\/\/visitslavoniabaranja.com\/de\/wp-json\/wp\/v2\/types\/page"}],"author":[{"embeddable":true,"href":"https:\/\/visitslavoniabaranja.com\/de\/wp-json\/wp\/v2\/users\/3"}],"replies":[{"embeddable":true,"href":"https:\/\/visitslavoniabaranja.com\/de\/wp-json\/wp\/v2\/comments?post=7296"}],"version-history":[{"count":1,"href":"https:\/\/visitslavoniabaranja.com\/de\/wp-json\/wp\/v2\/pages\/7296\/revisions"}],"predecessor-version":[{"id":7297,"href":"https:\/\/visitslavoniabaranja.com\/de\/wp-json\/wp\/v2\/pages\/7296\/revisions\/7297"}],"up":[{"embeddable":true,"href":"https:\/\/visitslavoniabaranja.com\/de\/wp-json\/wp\/v2\/pages\/5812"}],"wp:featuredmedia":[{"embeddable":true,"href":"https:\/\/visitslavoniabaranja.com\/de\/wp-json\/wp\/v2\/media\/5360"}],"wp:attachment":[{"href":"https:\/\/visitslavoniabaranja.com\/de\/wp-json\/wp\/v2\/media?parent=7296"}],"curies":[{"name":"wp","href":"https:\/\/api.w.org\/{rel}","templated":true}]}}