
{"id":5808,"date":"2022-05-04T18:52:10","date_gmt":"2022-05-04T16:52:10","guid":{"rendered":"https:\/\/visitslavoniabaranja.com\/?page_id=5808"},"modified":"2022-12-13T12:49:23","modified_gmt":"2022-12-13T11:49:23","slug":"schmecken-sie-das-ziel","status":"publish","type":"page","link":"https:\/\/visitslavoniabaranja.com\/de\/schmecken-sie-das-ziel\/","title":{"rendered":"Schmecken Sie das Ziel"},"content":{"rendered":"","protected":false},"excerpt":{"rendered":"<p>Die Aromen des Reiseziels leben in den Menschen, die f\u00fcr sie kochen, zubereiten, produzieren und atmen. Von traditionellen Restaurants, moderner K\u00fcche, Spitzenweinen bis hin zu echten lokalen Produkten, Slavonija und Baranja finden f\u00fcr jeden einen Weg zu seinem Herzen.<\/p>\n","protected":false},"author":1,"featured_media":0,"parent":0,"menu_order":0,"comment_status":"closed","ping_status":"closed","template":"page-posts-categories.php","meta":{"footnotes":""},"class_list":["post-5808","page","type-page","status-publish","hentry"],"acf":[],"yoast_head":"<!-- This site is optimized with the Yoast SEO plugin v25.0 - https:\/\/yoast.com\/wordpress\/plugins\/seo\/ -->\n<title>Schmecken Sie das Ziel - Turisti\u010dka zajednica Osje\u010dko-baranjske \u017eupanije<\/title>\n<meta name=\"robots\" content=\"index, follow, max-snippet:-1, max-image-preview:large, max-video-preview:-1\" \/>\n<link rel=\"canonical\" href=\"https:\/\/visitslavoniabaranja.com\/okusi-destinaciju\/\" \/>\n<meta property=\"og:locale\" content=\"de_DE\" \/>\n<meta property=\"og:type\" content=\"article\" \/>\n<meta property=\"og:title\" content=\"Schmecken Sie das Ziel - Turisti\u010dka zajednica Osje\u010dko-baranjske \u017eupanije\" \/>\n<meta property=\"og:description\" content=\"Die Aromen des Reiseziels leben in den Menschen, die f\u00fcr sie kochen, zubereiten, produzieren und atmen. Von traditionellen Restaurants, moderner K\u00fcche, Spitzenweinen bis hin zu echten lokalen Produkten, Slavonija und Baranja finden f\u00fcr jeden einen Weg zu seinem Herzen.\" \/>\n<meta property=\"og:url\" content=\"https:\/\/visitslavoniabaranja.com\/okusi-destinaciju\/\" \/>\n<meta property=\"og:site_name\" content=\"Turisti\u010dka zajednica Osje\u010dko-baranjske \u017eupanije\" \/>\n<meta property=\"article:modified_time\" content=\"2022-12-13T11:49:23+00:00\" \/>\n<meta name=\"twitter:card\" content=\"summary_large_image\" \/>\n<script type=\"application\/ld+json\" class=\"yoast-schema-graph\">{\"@context\":\"https:\/\/schema.org\",\"@graph\":[{\"@type\":\"WebPage\",\"@id\":\"https:\/\/visitslavoniabaranja.com\/okusi-destinaciju\/\",\"url\":\"https:\/\/visitslavoniabaranja.com\/okusi-destinaciju\/\",\"name\":\"Schmecken Sie das Ziel - Turisti\u010dka zajednica Osje\u010dko-baranjske \u017eupanije\",\"isPartOf\":{\"@id\":\"https:\/\/visitslavoniabaranja.com\/#website\"},\"datePublished\":\"2022-05-04T16:52:10+00:00\",\"dateModified\":\"2022-12-13T11:49:23+00:00\",\"breadcrumb\":{\"@id\":\"https:\/\/visitslavoniabaranja.com\/okusi-destinaciju\/#breadcrumb\"},\"inLanguage\":\"de\",\"potentialAction\":[{\"@type\":\"ReadAction\",\"target\":[\"https:\/\/visitslavoniabaranja.com\/okusi-destinaciju\/\"]}]},{\"@type\":\"BreadcrumbList\",\"@id\":\"https:\/\/visitslavoniabaranja.com\/okusi-destinaciju\/#breadcrumb\",\"itemListElement\":[{\"@type\":\"ListItem\",\"position\":1,\"name\":\"Po\u010detna stranica\",\"item\":\"https:\/\/visitslavoniabaranja.com\/de\/\"},{\"@type\":\"ListItem\",\"position\":2,\"name\":\"Schmecken Sie das Ziel\"}]},{\"@type\":\"WebSite\",\"@id\":\"https:\/\/visitslavoniabaranja.com\/#website\",\"url\":\"https:\/\/visitslavoniabaranja.com\/\",\"name\":\"Turisti\u010dka zajednica Osje\u010dko-baranjske \u017eupanije\",\"description\":\"\",\"potentialAction\":[{\"@type\":\"SearchAction\",\"target\":{\"@type\":\"EntryPoint\",\"urlTemplate\":\"https:\/\/visitslavoniabaranja.com\/?s={search_term_string}\"},\"query-input\":{\"@type\":\"PropertyValueSpecification\",\"valueRequired\":true,\"valueName\":\"search_term_string\"}}],\"inLanguage\":\"de\"}]}<\/script>\n<!-- \/ Yoast SEO plugin. -->","yoast_head_json":{"title":"Schmecken Sie das Ziel - Turisti\u010dka zajednica Osje\u010dko-baranjske \u017eupanije","robots":{"index":"index","follow":"follow","max-snippet":"max-snippet:-1","max-image-preview":"max-image-preview:large","max-video-preview":"max-video-preview:-1"},"canonical":"https:\/\/visitslavoniabaranja.com\/okusi-destinaciju\/","og_locale":"de_DE","og_type":"article","og_title":"Schmecken Sie das Ziel - Turisti\u010dka zajednica Osje\u010dko-baranjske \u017eupanije","og_description":"Die Aromen des Reiseziels leben in den Menschen, die f\u00fcr sie kochen, zubereiten, produzieren und atmen. Von traditionellen Restaurants, moderner K\u00fcche, Spitzenweinen bis hin zu echten lokalen Produkten, Slavonija und Baranja finden f\u00fcr jeden einen Weg zu seinem Herzen.","og_url":"https:\/\/visitslavoniabaranja.com\/okusi-destinaciju\/","og_site_name":"Turisti\u010dka zajednica Osje\u010dko-baranjske \u017eupanije","article_modified_time":"2022-12-13T11:49:23+00:00","twitter_card":"summary_large_image","schema":{"@context":"https:\/\/schema.org","@graph":[{"@type":"WebPage","@id":"https:\/\/visitslavoniabaranja.com\/okusi-destinaciju\/","url":"https:\/\/visitslavoniabaranja.com\/okusi-destinaciju\/","name":"Schmecken Sie das Ziel - Turisti\u010dka zajednica Osje\u010dko-baranjske \u017eupanije","isPartOf":{"@id":"https:\/\/visitslavoniabaranja.com\/#website"},"datePublished":"2022-05-04T16:52:10+00:00","dateModified":"2022-12-13T11:49:23+00:00","breadcrumb":{"@id":"https:\/\/visitslavoniabaranja.com\/okusi-destinaciju\/#breadcrumb"},"inLanguage":"de","potentialAction":[{"@type":"ReadAction","target":["https:\/\/visitslavoniabaranja.com\/okusi-destinaciju\/"]}]},{"@type":"BreadcrumbList","@id":"https:\/\/visitslavoniabaranja.com\/okusi-destinaciju\/#breadcrumb","itemListElement":[{"@type":"ListItem","position":1,"name":"Po\u010detna stranica","item":"https:\/\/visitslavoniabaranja.com\/de\/"},{"@type":"ListItem","position":2,"name":"Schmecken Sie das Ziel"}]},{"@type":"WebSite","@id":"https:\/\/visitslavoniabaranja.com\/#website","url":"https:\/\/visitslavoniabaranja.com\/","name":"Turisti\u010dka zajednica Osje\u010dko-baranjske \u017eupanije","description":"","potentialAction":[{"@type":"SearchAction","target":{"@type":"EntryPoint","urlTemplate":"https:\/\/visitslavoniabaranja.com\/?s={search_term_string}"},"query-input":{"@type":"PropertyValueSpecification","valueRequired":true,"valueName":"search_term_string"}}],"inLanguage":"de"}]}},"_links":{"self":[{"href":"https:\/\/visitslavoniabaranja.com\/de\/wp-json\/wp\/v2\/pages\/5808","targetHints":{"allow":["GET"]}}],"collection":[{"href":"https:\/\/visitslavoniabaranja.com\/de\/wp-json\/wp\/v2\/pages"}],"about":[{"href":"https:\/\/visitslavoniabaranja.com\/de\/wp-json\/wp\/v2\/types\/page"}],"author":[{"embeddable":true,"href":"https:\/\/visitslavoniabaranja.com\/de\/wp-json\/wp\/v2\/users\/1"}],"replies":[{"embeddable":true,"href":"https:\/\/visitslavoniabaranja.com\/de\/wp-json\/wp\/v2\/comments?post=5808"}],"version-history":[{"count":2,"href":"https:\/\/visitslavoniabaranja.com\/de\/wp-json\/wp\/v2\/pages\/5808\/revisions"}],"predecessor-version":[{"id":5826,"href":"https:\/\/visitslavoniabaranja.com\/de\/wp-json\/wp\/v2\/pages\/5808\/revisions\/5826"}],"wp:attachment":[{"href":"https:\/\/visitslavoniabaranja.com\/de\/wp-json\/wp\/v2\/media?parent=5808"}],"curies":[{"name":"wp","href":"https:\/\/api.w.org\/{rel}","templated":true}]}}