
{"id":2922,"date":"2022-07-08T08:40:01","date_gmt":"2022-07-08T06:40:01","guid":{"rendered":"https:\/\/visitslavoniabaranja.com\/?page_id=2922"},"modified":"2022-07-08T08:52:12","modified_gmt":"2022-07-08T06:52:12","slug":"covid-info","status":"publish","type":"page","link":"https:\/\/visitslavoniabaranja.com\/de\/covid-info\/","title":{"rendered":"COVID info"},"content":{"rendered":"\n<h2 class=\"wp-block-heading\">Safe stay in Croatia \u2013 nacionalna oznaka sigurnosti \/ national label of safety<\/h2>\n\n\n\n<iframe loading=\"lazy\" width=\"100%\" height=\"624\" src=\"https:\/\/www.youtube.com\/embed\/yQ_1pn_JOTU\" title=\"YouTube video player\" frameborder=\"0\" allow=\"accelerometer; autoplay; clipboard-write; encrypted-media; gyroscope; picture-in-picture\" allowfullscreen style=\"margin-top:40px;\"><\/iframe>\n\n\n\n<p><a href=\"http:\/\/www.safestayincroatia.hr\/\" target=\"_blank\" rel=\"noreferrer noopener\">http:\/\/www.safestayincroatia.hr\/<\/a><\/p>\n\n\n\n<p><strong>KONTAKT U SLU\u010cAJU SUMNJE NA ZARAZU \/\u00a0CONTACT IN CASE OF SUSPICION OF SARS-CoV-2 INFECTION:<\/strong><\/p>\n\n\n\n<p>Nastavni zavod za javno zdravstvo Osje\u010dko-baranjske \u017eupanije \/ Public Health Institute of Osijek-Baranja County:<\/p>\n\n\n\n<p>+385 31 225 717<\/p>\n\n\n\n<p><strong>MJESTA ZA TESTIRANJE ZA TURISTE \/&nbsp;COVID TESTING FOR TOURISTS:<\/strong><\/p>\n\n\n\n<p><em>*Popis zdravstvenih ustanova i laboratorija koji obavljaju COVID testiranja i upisuju ih u Centralni registar COVID-19 testiranja koji se koristi kao referentni sustav za izdavanje EU digitalnih COVID potvrda preuzet je 9. studenog 2021. godine sa\u00a0<a href=\"http:\/\/web.archive.org\/web\/20220219171449\/https:\/\/www.koronavirus.hr\/svi-testni-centri-u-republici-hrvatskoj\/763\" target=\"_blank\" rel=\"noreferrer noopener\">Slu\u017ebene stranice Vlade za pravodobne i to\u010dne informacije o koronavirusu<\/a><\/em><\/p>\n\n\n\n<p><strong>NASTAVNI ZAVOD ZA JAVNO ZDRAVSTVO OSIJE\u010cKO-BARANJSKE \u017dUPANIJE<\/strong><\/p>\n\n\n\n<p>Adresa: Franje Kre\u017eme 1, Osijek<\/p>\n\n\n\n<p>Kontakt: 031 225 717<\/p>\n\n\n\n<p>Cijena testiranja: Brzi antigenski test 120, 00 kn (nalaz isti dan), PCR metoda 700,00 kn (nalaz isti dan) ili 400,00 kn (nalaz u roku od 48 sati)<\/p>\n\n\n\n<p>Uzimanje uzoraka: Svaki dan osim nedjelje i blagdana od 7.30 do 10.00 h, bez naru\u010divanja.<\/p>\n\n\n\n<p><strong>DOM ZDRAVLJA OSJE\u010cKO-BARANJSKE \u017dUPANIJE<\/strong><\/p>\n\n\n\n<p>Adresa: Zdravstvena stanica Retfala, Ljudevita Posavskog 2. ( 1 kat)<\/p>\n\n\n\n<p>Kontakt: 031 225 491, covidtest.osijekzobz.hr<\/p>\n\n\n\n<p>Cijena testiranja: Brzi antigenski test 80,00 kn (nalaz u roku od 20 min)<\/p>\n\n\n\n<p>Uzimanje uzoraka: radnim danom od 7.00 do 14.30 h, bez naru\u010divanja.<\/p>\n\n\n\n<p><strong>KLINI\u010cKI BOLNI\u010cKI CENTAR OSIJEK<\/strong><\/p>\n\n\n\n<p>Adresa: J. Huttlera 4, Osijek<\/p>\n\n\n\n<p>Kontakt: 031 511 050<\/p>\n\n\n\n<p>Cijena testiranja: Brzi antigenski test 103,74 kn (nalaz isti dan), PCR metoda 698,21 kn (nalaz isti dan)<\/p>\n\n\n\n<p>Uzimanje uzoraka: svaki dan od 7.30 \u2013 10.30 h, osim nedjelje. Potrebno prethodno naru\u010divanje na kontakt telefon 031 511 050, od 8.00 do 15.00 h.<\/p>\n\n\n\n<p><strong>MEDICINSKI CENTAR MURSA D.O.O. MEDICINSKA KLINIKA<\/strong><\/p>\n\n\n\n<p>Adresa: Cara Hadrijana 10\/ E, Osijek<\/p>\n\n\n\n<p>Kontakt: 031 399 623<\/p>\n\n\n\n<p>Cijena testiranja: Brzi antigenski test 150,00 kn, cijena za studente 75,00 kn (nalaz u roku od 10 min)<\/p>\n\n\n\n<p>Uzimanje uzoraka: svaki dan od 8.00 do 16.00 h i subotom od 8.00 do 13.00 h, bez naru\u010divanja<\/p>\n\n\n\n<p><strong>POLIKLINIKA ZA FIZIKALNU MEDICINU, REHABILITACIJU I FIZIKALNU TERAPIJU NOVOSELEC<\/strong><\/p>\n\n\n\n<p>Adresa: I. Tijardovi\u0107a 4, Osijek<\/p>\n\n\n\n<p>Kontakt: 031 657 888<\/p>\n\n\n\n<p>Cijena testiranja: Brzi antigenski test 90,00 kn (nalaz isti dan)<\/p>\n\n\n\n<p>Uzimanje uzoraka: uz najavu na kontakt telefon 031 657 888<\/p>\n\n\n\n<p><strong>MEDICINSKO BIOKEMIJSKI LABORATORIJ BRANKICA BOJ\u010cI\u0106<\/strong><\/p>\n\n\n\n<p>Adresa: Park K. P. Kre\u0161imira IV\/6, Osijek<\/p>\n\n\n\n<p>Kontakt: 031 213 594<\/p>\n\n\n\n<p>Cijena testiranja: Brzi antigenski test 110,00 kn (nalaz u roku od 30 min)<\/p>\n\n\n\n<p>Uzimanje uzoraka: svaki dan od 8.00 do 18.00 h i subotom od 8.00 do 13.00 h, bez naru\u010divanja<\/p>\n\n\n\n<p><strong>USTANOVA ZA ZDRAVSTVENU SKRB MEDROS ZA DJELATNOST MEDICINE RADA I SPORTA<\/strong><\/p>\n\n\n\n<p>Adresa: A. K. Mio\u0161\u0107a 13, Osijek<\/p>\n\n\n\n<p>Kontakt: 095 3100 011<\/p>\n\n\n\n<p>Cijena testiranja: Brzi antigenski test 125,00 kn (nalaz u roku 15 min)<\/p>\n\n\n\n<p>Uzimanje uzoraka: uz najavu na kontakt telefon 095 310 0011<\/p>\n\n\n\n<p>Ponedjeljak, 07.30 \u2013 15.30 h<\/p>\n\n\n\n<p>Utorak, 12.00 \u2013 19.30 h<\/p>\n\n\n\n<p>Srijeda, 07.30 \u2013 15.30 h<\/p>\n\n\n\n<p>\u010cetvrtak, 07.30 \u2013 19.30 h<\/p>\n\n\n\n<p>Petak, 07.30 \u2013 12.00 h<\/p>\n\n\n\n<p><strong>USTANOVA ZA ZDRAVSTVENU SKRB DR. \u0160PIRANOVI\u0106 ZA MEDICINU RADA I SPORTA<\/strong><\/p>\n\n\n\n<p>Adresa: Stjepana Radi\u0107a 54, Osijek<\/p>\n\n\n\n<p>Kontakt: 031 213 322<\/p>\n\n\n\n<p>Cijena testiranja: 100,00 kn (nalaz u roku 15 min)<\/p>\n\n\n\n<p>Uzimanje uzoraka:<\/p>\n\n\n\n<p>Ponedjeljak, 06.30 \u2013 16.00 h<\/p>\n\n\n\n<p>Utorak, 06.30 \u2013 17.00 h<\/p>\n\n\n\n<p>Srijeda, 06.30 \u2013 16.00 h<\/p>\n\n\n\n<p>\u010cetvrtak, 06.30 \u2013 16.00 h<\/p>\n\n\n\n<p>Petak, 06.30 \u2013 15.00 h<\/p>\n\n\n\n<p>Subota, 08.00 \u2013 12.00 h<\/p>\n\n\n\n<p>Nedjelja, 17.00 \u2013 20.00 h<\/p>\n\n\n\n<p><strong>ORDINACIJA DENTALNE MEDICINE MIRELA VESELINOVI\u0106 FINGLER<\/strong><\/p>\n\n\n\n<p>Adresa: Bartula Ka\u0161i\u0107a 78, Osijek<\/p>\n\n\n\n<p>Kontakt: 091 750 3580<\/p>\n\n\n\n<p>Cijena testiranja: Brzi antigenski test 120,00 kn (nalaz u roku 15 min)<\/p>\n\n\n\n<p>Uzimanje uzoraka: od ponedjeljka do petka u vremenu od 07.00 do 20.00 h, uz najavu na&nbsp; kontakt telefon 091 7503 580<\/p>\n\n\n\n<p><strong>SPECIJALISTI\u010cKA ORDINACIJA ZA ORTODONCIJU ANA PETROVI\u0106<\/strong><\/p>\n\n\n\n<p>Adresa: Pavla Peja\u010devi\u0107a 11 A, Osijek<\/p>\n\n\n\n<p>Kontakt: 031 328 432<\/p>\n\n\n\n<p>Cijena testiranja: Brzi antigenski test 100,00 kn (nalaz u roku 15 min)<\/p>\n\n\n\n<p>Uzimanje uzoraka: ponedjeljak i utorak od 13.00 do 21.00 h, srijeda, \u010detvrtak i petak od 7.00 do 15.00 h, uz najavu na kontakt telefon 031 328 432<\/p>\n\n\n\n<p><strong>PRIVATNA ORDINACIJA DENTALNE MEDICINE JOSIP \u010cES<\/strong><\/p>\n\n\n\n<p>Adresa: Stjepana Radi\u0107a 50, Osijek<\/p>\n\n\n\n<p>Kontakt: 099 2892 355<\/p>\n\n\n\n<p>Cijena testiranja: Brzi antigenski test 100,00 kn (nalaz u roku 15 min)<\/p>\n\n\n\n<p>Uzimanje uzoraka: od ponedjeljka do \u010detvrtka u vremenu od 07.30 do 19.30 h, petkom od 07.30 do 13.30 h, uz najavu na kontakt telefon 099 289 2355<\/p>\n\n\n\n<p><strong>OP\u0106A \u017dUPANIJSKA BOLNICA NA\u0160ICE<\/strong><\/p>\n\n\n\n<p>Adresa: Bana Jela\u010di\u0107a 10, Na\u0161ice<\/p>\n\n\n\n<p>Kontakt: 031 488 880<\/p>\n\n\n\n<p>Cijena testiranja: Brzi antigenski test 110,00 kn (nalaz isti dan), PCR metoda 650,00 kn (nalaz isti dan)<\/p>\n\n\n\n<p>Uzimanje uzoraka: svaki dan od 8.00 do 15.00 h, osim nedjelje. Potrebno prethodno naru\u010divanje na kontakt telefon 031 488 880, od 8.00 do 15.00 h<\/p>\n\n\n\n<p><strong>MEDICINSKO BIOKEMIJSKI LABORATORIJ SILVA DERI\u0160<\/strong><\/p>\n\n\n\n<p>Adresa: Trg A. Star\u010devi\u0107a 23, Donji Miholjac<\/p>\n\n\n\n<p>Kontakt: 031 630 503<\/p>\n\n\n\n<p>Cijena testiranja: Brzi antigenski test 100,00 kn (nalaz u roku 30 min)&nbsp;&nbsp;<\/p>\n\n\n\n<p>Uzimanje uzoraka: od ponedjeljka do petka od 07.00 do 15.00 h, uz najavu na kontakt telefon 031 630 503<\/p>\n\n\n\n<p><strong>ORDINACIJA DENTALNE MEDICINE ADRIANA NA\u0110 BADOVINAC<\/strong><\/p>\n\n\n\n<p>Adresa: Ante Star\u010devi\u0107a 26 A, Darda<\/p>\n\n\n\n<p>Kontakt: 031 740 776<\/p>\n\n\n\n<p>Cijena testiranja: Brzi antigenski test 100,00 kn (nalaz u roku 1h)<\/p>\n\n\n\n<p>Uzimanje uzoraka: parni datumi od 13. 00 do 19.00 h, neparni datumi od 07.30 do 13.00 h, uz najavu na kontakt telefon 031 740 776<\/p>\n\n\n\n<p><strong>ORDINACIJA DENTALNE MEDICINE SONJA GR\u010cI\u0106<\/strong><\/p>\n\n\n\n<p>Adresa: \u0160kolska 5, Beli Manastir<\/p>\n\n\n\n<p>Kontakt: 031 791 140<\/p>\n\n\n\n<p>Cijena testiranja: Brzi antigenski test 110,00 kn (nalaz u roku 1h)<\/p>\n\n\n\n<p>Uzimanje uzoraka: parni datumi od 13.00 do 20.30 h, neparni datumi od 07.00 do 14.30 h, uz najavu na kontakt telefon 031 791 140&nbsp;&nbsp;&nbsp;&nbsp;&nbsp;&nbsp;&nbsp;&nbsp;&nbsp;&nbsp;&nbsp;&nbsp;&nbsp;&nbsp;&nbsp;&nbsp;&nbsp;<\/p>\n","protected":false},"excerpt":{"rendered":"<p>Safe stay in Croatia \u2013 nacionalna oznaka sigurnosti \/ national label of safety http:\/\/www.safestayincroatia.hr\/ KONTAKT U SLU\u010cAJU SUMNJE NA ZARAZU \/\u00a0CONTACT IN CASE OF SUSPICION OF SARS-CoV-2 INFECTION: Nastavni zavod za javno zdravstvo Osje\u010dko-baranjske \u017eupanije \/ Public Health Institute of Osijek-Baranja County: +385 31 225 717 MJESTA ZA TESTIRANJE ZA TURISTE \/&nbsp;COVID TESTING FOR TOURISTS: [&hellip;]<\/p>\n","protected":false},"author":1,"featured_media":0,"parent":0,"menu_order":0,"comment_status":"closed","ping_status":"closed","template":"page-additional.php","meta":{"footnotes":""},"class_list":["post-2922","page","type-page","status-publish","hentry"],"acf":[],"yoast_head":"<!-- This site is optimized with the Yoast SEO plugin v25.0 - https:\/\/yoast.com\/wordpress\/plugins\/seo\/ -->\n<title>COVID info - Turisti\u010dka zajednica Osje\u010dko-baranjske \u017eupanije<\/title>\n<meta name=\"robots\" content=\"index, follow, max-snippet:-1, max-image-preview:large, max-video-preview:-1\" \/>\n<link rel=\"canonical\" href=\"https:\/\/visitslavoniabaranja.com\/covid-info\/\" \/>\n<meta property=\"og:locale\" content=\"de_DE\" \/>\n<meta property=\"og:type\" content=\"article\" \/>\n<meta property=\"og:title\" content=\"COVID info - Turisti\u010dka zajednica Osje\u010dko-baranjske \u017eupanije\" \/>\n<meta property=\"og:description\" content=\"Safe stay in Croatia \u2013 nacionalna oznaka sigurnosti \/ national label of safety http:\/\/www.safestayincroatia.hr\/ KONTAKT U SLU\u010cAJU SUMNJE NA ZARAZU \/\u00a0CONTACT IN CASE OF SUSPICION OF SARS-CoV-2 INFECTION: Nastavni zavod za javno zdravstvo Osje\u010dko-baranjske \u017eupanije \/ Public Health Institute of Osijek-Baranja County: +385 31 225 717 MJESTA ZA TESTIRANJE ZA TURISTE \/&nbsp;COVID TESTING FOR TOURISTS: [&hellip;]\" \/>\n<meta property=\"og:url\" content=\"https:\/\/visitslavoniabaranja.com\/covid-info\/\" \/>\n<meta property=\"og:site_name\" content=\"Turisti\u010dka zajednica Osje\u010dko-baranjske \u017eupanije\" \/>\n<meta property=\"article:modified_time\" content=\"2022-07-08T06:52:12+00:00\" \/>\n<meta name=\"twitter:card\" content=\"summary_large_image\" \/>\n<meta name=\"twitter:label1\" content=\"Gesch\u00e4tzte Lesezeit\" \/>\n\t<meta name=\"twitter:data1\" content=\"5\u00a0Minuten\" \/>\n<script type=\"application\/ld+json\" class=\"yoast-schema-graph\">{\"@context\":\"https:\/\/schema.org\",\"@graph\":[{\"@type\":\"WebPage\",\"@id\":\"https:\/\/visitslavoniabaranja.com\/covid-info\/\",\"url\":\"https:\/\/visitslavoniabaranja.com\/covid-info\/\",\"name\":\"COVID info - Turisti\u010dka zajednica Osje\u010dko-baranjske \u017eupanije\",\"isPartOf\":{\"@id\":\"https:\/\/visitslavoniabaranja.com\/#website\"},\"datePublished\":\"2022-07-08T06:40:01+00:00\",\"dateModified\":\"2022-07-08T06:52:12+00:00\",\"breadcrumb\":{\"@id\":\"https:\/\/visitslavoniabaranja.com\/covid-info\/#breadcrumb\"},\"inLanguage\":\"de\",\"potentialAction\":[{\"@type\":\"ReadAction\",\"target\":[\"https:\/\/visitslavoniabaranja.com\/covid-info\/\"]}]},{\"@type\":\"BreadcrumbList\",\"@id\":\"https:\/\/visitslavoniabaranja.com\/covid-info\/#breadcrumb\",\"itemListElement\":[{\"@type\":\"ListItem\",\"position\":1,\"name\":\"Po\u010detna stranica\",\"item\":\"https:\/\/visitslavoniabaranja.com\/de\/\"},{\"@type\":\"ListItem\",\"position\":2,\"name\":\"COVID info\"}]},{\"@type\":\"WebSite\",\"@id\":\"https:\/\/visitslavoniabaranja.com\/#website\",\"url\":\"https:\/\/visitslavoniabaranja.com\/\",\"name\":\"Turisti\u010dka zajednica Osje\u010dko-baranjske \u017eupanije\",\"description\":\"\",\"potentialAction\":[{\"@type\":\"SearchAction\",\"target\":{\"@type\":\"EntryPoint\",\"urlTemplate\":\"https:\/\/visitslavoniabaranja.com\/?s={search_term_string}\"},\"query-input\":{\"@type\":\"PropertyValueSpecification\",\"valueRequired\":true,\"valueName\":\"search_term_string\"}}],\"inLanguage\":\"de\"}]}<\/script>\n<!-- \/ Yoast SEO plugin. -->","yoast_head_json":{"title":"COVID info - Turisti\u010dka zajednica Osje\u010dko-baranjske \u017eupanije","robots":{"index":"index","follow":"follow","max-snippet":"max-snippet:-1","max-image-preview":"max-image-preview:large","max-video-preview":"max-video-preview:-1"},"canonical":"https:\/\/visitslavoniabaranja.com\/covid-info\/","og_locale":"de_DE","og_type":"article","og_title":"COVID info - Turisti\u010dka zajednica Osje\u010dko-baranjske \u017eupanije","og_description":"Safe stay in Croatia \u2013 nacionalna oznaka sigurnosti \/ national label of safety http:\/\/www.safestayincroatia.hr\/ KONTAKT U SLU\u010cAJU SUMNJE NA ZARAZU \/\u00a0CONTACT IN CASE OF SUSPICION OF SARS-CoV-2 INFECTION: Nastavni zavod za javno zdravstvo Osje\u010dko-baranjske \u017eupanije \/ Public Health Institute of Osijek-Baranja County: +385 31 225 717 MJESTA ZA TESTIRANJE ZA TURISTE \/&nbsp;COVID TESTING FOR TOURISTS: [&hellip;]","og_url":"https:\/\/visitslavoniabaranja.com\/covid-info\/","og_site_name":"Turisti\u010dka zajednica Osje\u010dko-baranjske \u017eupanije","article_modified_time":"2022-07-08T06:52:12+00:00","twitter_card":"summary_large_image","twitter_misc":{"Gesch\u00e4tzte Lesezeit":"5\u00a0Minuten"},"schema":{"@context":"https:\/\/schema.org","@graph":[{"@type":"WebPage","@id":"https:\/\/visitslavoniabaranja.com\/covid-info\/","url":"https:\/\/visitslavoniabaranja.com\/covid-info\/","name":"COVID info - Turisti\u010dka zajednica Osje\u010dko-baranjske \u017eupanije","isPartOf":{"@id":"https:\/\/visitslavoniabaranja.com\/#website"},"datePublished":"2022-07-08T06:40:01+00:00","dateModified":"2022-07-08T06:52:12+00:00","breadcrumb":{"@id":"https:\/\/visitslavoniabaranja.com\/covid-info\/#breadcrumb"},"inLanguage":"de","potentialAction":[{"@type":"ReadAction","target":["https:\/\/visitslavoniabaranja.com\/covid-info\/"]}]},{"@type":"BreadcrumbList","@id":"https:\/\/visitslavoniabaranja.com\/covid-info\/#breadcrumb","itemListElement":[{"@type":"ListItem","position":1,"name":"Po\u010detna stranica","item":"https:\/\/visitslavoniabaranja.com\/de\/"},{"@type":"ListItem","position":2,"name":"COVID info"}]},{"@type":"WebSite","@id":"https:\/\/visitslavoniabaranja.com\/#website","url":"https:\/\/visitslavoniabaranja.com\/","name":"Turisti\u010dka zajednica Osje\u010dko-baranjske \u017eupanije","description":"","potentialAction":[{"@type":"SearchAction","target":{"@type":"EntryPoint","urlTemplate":"https:\/\/visitslavoniabaranja.com\/?s={search_term_string}"},"query-input":{"@type":"PropertyValueSpecification","valueRequired":true,"valueName":"search_term_string"}}],"inLanguage":"de"}]}},"_links":{"self":[{"href":"https:\/\/visitslavoniabaranja.com\/de\/wp-json\/wp\/v2\/pages\/2922","targetHints":{"allow":["GET"]}}],"collection":[{"href":"https:\/\/visitslavoniabaranja.com\/de\/wp-json\/wp\/v2\/pages"}],"about":[{"href":"https:\/\/visitslavoniabaranja.com\/de\/wp-json\/wp\/v2\/types\/page"}],"author":[{"embeddable":true,"href":"https:\/\/visitslavoniabaranja.com\/de\/wp-json\/wp\/v2\/users\/1"}],"replies":[{"embeddable":true,"href":"https:\/\/visitslavoniabaranja.com\/de\/wp-json\/wp\/v2\/comments?post=2922"}],"version-history":[{"count":5,"href":"https:\/\/visitslavoniabaranja.com\/de\/wp-json\/wp\/v2\/pages\/2922\/revisions"}],"predecessor-version":[{"id":2932,"href":"https:\/\/visitslavoniabaranja.com\/de\/wp-json\/wp\/v2\/pages\/2922\/revisions\/2932"}],"wp:attachment":[{"href":"https:\/\/visitslavoniabaranja.com\/de\/wp-json\/wp\/v2\/media?parent=2922"}],"curies":[{"name":"wp","href":"https:\/\/api.w.org\/{rel}","templated":true}]}}