
{"id":1802,"date":"2022-06-17T15:23:05","date_gmt":"2022-06-17T13:23:05","guid":{"rendered":"https:\/\/visitslavoniabaranja.com\/?page_id=1802"},"modified":"2022-06-17T15:28:32","modified_gmt":"2022-06-17T13:28:32","slug":"podravlje","status":"publish","type":"page","link":"https:\/\/visitslavoniabaranja.com\/de\/planiraj-putovanje\/smjestaj\/podravlje\/","title":{"rendered":"Podravlje"},"content":{"rendered":"\n<h2 class=\"wp-block-heading\">Hotel Villa Valpovo<\/h2>\n\n\n\n<p><strong>Adresa:<\/strong><br>Bana Josipa Jela\u010di\u0107a 1<br>31550 Valpovo<\/p>\n\n\n\n<p><strong>Kontakt:<\/strong><br>+385 31 651 960<br>+385 31 654 600<br>hotel.villa.valpovo@gmail.com<br>www.villa-valpovo.hr<\/p>\n\n\n\n<h2 class=\"wp-block-heading\">Valpova\u010dki dvori<\/h2>\n\n\n\n<p><strong>Adresa:<\/strong><br>Matije Gupca 95<br>31550 Valpovo<\/p>\n\n\n\n<p><strong>Kontakt:<\/strong><br>+385 98 722 234<br>valpovacki.dvori@gmail.com<br>sobe-valpovo.com<\/p>\n\n\n\n<h2 class=\"wp-block-heading\">Guest House Business Club<\/h2>\n\n\n\n<p><strong>Adresa:<\/strong><br>Sun\u010dana 26<br>31550 Valpovo<\/p>\n\n\n\n<p><strong>Kontakt:<\/strong><br>+385 98 722 234<br>www.booking.com\/hotel\/hr\/apartman-sobe-business.hr.html<br>msvalpovo.wixsite.com\/ms-valpovo<\/p>\n\n\n\n<h2 class=\"wp-block-heading\">M&amp;S preno\u0107i\u0161te Valpovo<\/h2>\n\n\n\n<p><strong>Adresa:<\/strong><br>Trg kralja Tomislava 6<br>31550 Valpovo<\/p>\n\n\n\n<p><strong>Kontakt:<\/strong><br>+385 31 652 066<br>+385 99 7437 449<br>prenociste.ms@gmail.com<br>msvalpovo.wixsite.com\/ms-valpovo<\/p>\n\n\n\n<h2 class=\"wp-block-heading\">Sobe za iznajmljivanje \u201c\u010cI\u010cAK\u201d<\/h2>\n\n\n\n<p><strong>Adresa:<\/strong><br>Ul. bana Josipa Jela\u010di\u0107a 10<br>31550 Valpovo<\/p>\n\n\n\n<p><strong>Kontakt:<\/strong><br>+385 95 900 1307<br>dcicak987@gmail.com<br>tz.valpovo.hr\/sobe-za-iznajmljivanje-cicak<\/p>\n\n\n\n<h2 class=\"wp-block-heading\"><strong>Preno\u0107i\u0161te Setnik<\/strong><\/h2>\n\n\n\n<p><strong>Adresa:<\/strong><br>Osje\u010dka 48<br>31550 Valpovo<\/p>\n\n\n\n<p><strong>Kontakt:<\/strong><br>+385 31 652 719<br>+385 91 946 1577<br>evicasetnik@gmail.com<br>tz.valpovo.hr\/prenociste-setnik<\/p>\n\n\n\n<h2 class=\"wp-block-heading\">Privatni smje\u0161taj Toli\u0107<\/h2>\n\n\n\n<p><strong>Adresa:<\/strong><br>Ul. Vladimira Nazora 2<br>31550 Ladimirevci<\/p>\n\n\n\n<p><strong>Kontakt:<\/strong><br>+385 97 730 5708<br>stolic7@gmail.com<br>www.booking.com\/hotel\/hr\/privatni-smjestaj-tolic.hr.html<\/p>\n\n\n\n<h2 class=\"wp-block-heading\">Jureta<\/h2>\n\n\n\n<p><strong>Adresa:<\/strong><br>Sun\u010dana 68<br>31222 Bizovac<\/p>\n\n\n\n<p><strong>Kontakt:<\/strong><br>+385 31 67 54 40<br>+385 91 307 6933<br>+385 91 390 0863<br>ruzica.jureta@gmail.com<br>www.tzosbarzup.hr\/hr\/smjestaj\/privatni-smjestaj\/privatni-smjestaj-jureta,3654.html<\/p>\n\n\n\n<h2 class=\"wp-block-heading\">Majeti\u0107<\/h2>\n\n\n\n<p><strong>Adresa:<\/strong><br>Sun\u010dana 52<br>31222 Bizovac<\/p>\n\n\n\n<p><strong>Kontakt:<\/strong><br>+385 98 198 6776<br>adraskovic86@gmail.com<br>www.booking.com\/hotel\/hr\/sobe-majetic.hr.html<\/p>\n\n\n\n<h2 class=\"wp-block-heading\">Mihi\u0107<\/h2>\n\n\n\n<p><strong>Adresa:<\/strong><br>B. Radi\u0107a 10<br>31222 Samatovci<\/p>\n\n\n\n<p><strong>Kontakt:<\/strong><br>+385 31 392 108<br>+385 31 561 276<br>+385 91 894 4511<br>kmihic@pfos.hr<br>www.booking.com\/hotel\/hr\/guesthouse-mihic.hr.html<\/p>\n\n\n\n<h2 class=\"wp-block-heading\">Sudar<\/h2>\n\n\n\n<p><strong>Adresa:<\/strong><br>K. Tomislava 146<br>31222 Bizovac<\/p>\n\n\n\n<p><strong>Kontakt:<\/strong><br>+385 98 1343 323<br>+385 99 7550 355<br>sudar@gmail.com<br>www.booking.com\/hotel\/hr\/privatni-smjestaj-i-seoski-turizam-quot-sudar-quot.hr.html<\/p>\n\n\n\n<h2 class=\"wp-block-heading\">Vukovi\u0107<\/h2>\n\n\n\n<p><strong>Adresa:<\/strong><br>Kralja Tomislava 72<br>31222 Bizovac<\/p>\n\n\n\n<p><strong>Kontakt:<\/strong><br>+385 31 675 461<br>+385 99 874 8014<br>denis.vukovic9@gmail.com<br>www.booking.com\/hotel\/hr\/apartman-quot-vukovic-quot.hr.html<\/p>\n\n\n\n<h2 class=\"wp-block-heading\">\u0160okica<\/h2>\n\n\n\n<p><strong>Adresa:<\/strong><br>K. Tomislava 72<br>31222 Bizovac<\/p>\n\n\n\n<p><strong>Kontakt:<\/strong><br>+385 31 675 114<br>+385 91 560 8120<br>romana.zuzic.hr@gmail.com<br>www.booking.com\/hotel\/hr\/apartman-sokica.hr.html<\/p>\n\n\n\n<h2 class=\"wp-block-heading\">Iznajmljivanje soba Anica<\/h2>\n\n\n\n<p><strong>Adresa:<\/strong><br>Ljudevita Gaja 17<br>31551 Beli\u0161\u0107e<\/p>\n\n\n\n<p><strong>Kontakt:<\/strong><br>+385 31 663 568,<br>+385 98 928 0496<br>www.tzbelisce.net\/smjestaj\/iznajmljivanje-soba-anica<\/p>\n\n\n\n<h2 class=\"wp-block-heading\">Iznajmljivanje soba Ga\u0161o<\/h2>\n\n\n\n<p><strong>Adresa:<\/strong><br>Bana Josipa Jela\u010di\u0107a 50<br>31551 Beli\u0161\u0107e<\/p>\n\n\n\n<p><strong>Kontakt:<\/strong><br>+385 31 663 622<br>+385 91 7262 506<\/p>\n\n\n\n<h2 class=\"wp-block-heading\">Seoski turizam Novosel<\/h2>\n\n\n\n<p><strong>Adresa:<\/strong><br>Ul. kralja Zvonimira 31<br>31554 Gat<\/p>\n\n\n\n<p><strong>Kontakt:<\/strong><br>+385 99 511 1697<br>+385 98 334 759<br>seoski@turizam-novosel.com<br>www.turizam-novosel.com\/<\/p>\n\n\n\n<h2 class=\"wp-block-heading\">Villa Iva \u2013 OPG Smiljana Vinceti\u0107<\/h2>\n\n\n\n<p><strong>Adresa:<\/strong><br>Kralja Dmitra Zvonimira 76<br>31551 Beli\u0161\u0107e<\/p>\n\n\n\n<p><strong>Kontakt:<\/strong><br>+385 98 896 262<br>+385 91 899 4867<br>smiljana.vincetic@gmail.com<br>www.facebook.com\/pages\/category\/Local-Business\/Apartmani-VILLA-IVA-Belisce-1654427981456167<\/p>\n\n\n\n<h2 class=\"wp-block-heading\">Apartman i sobe Gutmann<\/h2>\n\n\n\n<p><strong>Adresa:<\/strong><br>K. Stepinca 29a<br>31551 Beli\u0161\u0107e<\/p>\n\n\n\n<p><strong>Kontakt:<\/strong><br>+385 98 953 6482<br>sobe.gutmann@gmail.com<br>www.tzbelisce.net\/smjestaj\/apartman-i-sobe-gutmann<\/p>\n\n\n\n<h2 class=\"wp-block-heading\">Apartman Lili<\/h2>\n\n\n\n<p><strong>Adresa:<\/strong><br>Trg Ante Star\u010devi\u0107a 8<br>31551 Beli\u0161\u0107e<\/p>\n\n\n\n<p><strong>Kontakt:<\/strong><br>+385 99 255 0078<br>www.booking.com\/hotel\/hr\/apartman-lili-belisce.hr.html<\/p>\n\n\n\n<h2 class=\"wp-block-heading\">Studio apartman \u201cRu\u017ea\u201d<\/h2>\n\n\n\n<p><strong>Adresa:<\/strong><br>Augusta \u0160enoe 10<br>31540 Donji Miholjac<\/p>\n\n\n\n<p><strong>Kontakt:<\/strong><br>+385 98 910 5657<br>+385 91 951 1877<br>barica.dm@gmail.com<br>www.facebook.com\/pg\/Studio-apartman-Ru%C5%BEa-1498325756894168\/about<\/p>\n\n\n\n<h2 class=\"wp-block-heading\">Sodarova ku\u0107a<\/h2>\n\n\n\n<p><strong>Adresa:<\/strong><br>Vladimira Nazora 114<br>31552 Podgajci Podravski<\/p>\n\n\n\n<p><strong>Kontakt:<\/strong><br>+385 99 247 6696<br>sodarovakuca@gmail.com<br>www.facebook.com\/sodarovakuca\/<\/p>\n\n\n\n<h2 class=\"wp-block-heading\">Apartman \u201cCentar\u201d<\/h2>\n\n\n\n<p><strong>Adresa:<\/strong><br>Kolodvorska ul. 14<br>31540 Donji Miholjac<\/p>\n\n\n\n<p><strong>Kontakt:<\/strong><br>+385 91 951 1877<br>apartmancentar.dm@gmail.com<br>www.facebook.com\/pages\/category\/Hotel\u2014Lodging\/Apartman-Centar-Donji-Miholjac-2474032219371707<\/p>\n\n\n\n<h2 class=\"wp-block-heading\">Apartmani \u0160kari\u0107<\/h2>\n\n\n\n<p><strong>Adresa:<\/strong><br>Vukovarska ul. 15<br>31540 Donji Miholjac<\/p>\n\n\n\n<p><strong>Kontakt:<\/strong><br>+385 91 631 9961<br>skaricsnezana1@gmail.com<br>www.tz-donjimiholjac.hr\/smjestaj<\/p>\n\n\n\n<h2 class=\"wp-block-heading\">Sobe \u201cDORIS\u201d<\/h2>\n\n\n\n<p><strong>Adresa:<\/strong><br>Matije Gupca 81<br>31550 Bocanjevci<\/p>\n\n\n\n<p><strong>Kontakt:<\/strong><br>+385 92 196 14 68<br>apartmancentar.dm@gmail.com<br>zelene-staze-dunava-drave.hr\/smjestaj<\/p>\n\n\n\n<h2 class=\"wp-block-heading\">Nada<\/h2>\n\n\n\n<p><strong>Adresa:<\/strong><br>A. G. Mato\u0161a 2\/A<br>31551 Beli\u0161\u0107e<\/p>\n\n\n\n<p><strong>Kontakt:<\/strong><br>+385 99 294 65 91<br>www.booking.com\/hotel\/hr\/apartment-nada-belisce.hr.html<\/p>\n\n\n\n<h2 class=\"wp-block-heading\">IVANKA<\/h2>\n\n\n\n<p><strong>Adresa:<\/strong><br>Ljudevita Gaja 5<br>31551 Beli\u0161\u0107e<\/p>\n\n\n\n<p><strong>Kontakt:<\/strong><br>+385 99 294 65 91<br>www.booking.com\/hotel\/hr\/ivanka-belisce.hr.html<br>zelene-staze-dunava-drave.hr\/smjestaj<\/p>\n","protected":false},"excerpt":{"rendered":"<p>Hotel Villa Valpovo Adresa:Bana Josipa Jela\u010di\u0107a 131550 Valpovo Kontakt:+385 31 651 960+385 31 654 600hotel.villa.valpovo@gmail.comwww.villa-valpovo.hr Valpova\u010dki dvori Adresa:Matije Gupca 9531550 Valpovo Kontakt:+385 98 722 234valpovacki.dvori@gmail.comsobe-valpovo.com Guest House Business Club Adresa:Sun\u010dana 2631550 Valpovo Kontakt:+385 98 722 234www.booking.com\/hotel\/hr\/apartman-sobe-business.hr.htmlmsvalpovo.wixsite.com\/ms-valpovo M&amp;S preno\u0107i\u0161te Valpovo Adresa:Trg kralja Tomislava 631550 Valpovo Kontakt:+385 31 652 066+385 99 7437 449prenociste.ms@gmail.commsvalpovo.wixsite.com\/ms-valpovo Sobe za iznajmljivanje \u201c\u010cI\u010cAK\u201d [&hellip;]<\/p>\n","protected":false},"author":1,"featured_media":1815,"parent":1780,"menu_order":0,"comment_status":"closed","ping_status":"closed","template":"page-trip-hotels.php","meta":{"footnotes":""},"class_list":["post-1802","page","type-page","status-publish","has-post-thumbnail","hentry"],"acf":[],"yoast_head":"<!-- This site is optimized with the Yoast SEO plugin v25.0 - https:\/\/yoast.com\/wordpress\/plugins\/seo\/ -->\n<title>Podravlje - Turisti\u010dka zajednica Osje\u010dko-baranjske \u017eupanije<\/title>\n<meta name=\"robots\" content=\"index, follow, max-snippet:-1, max-image-preview:large, max-video-preview:-1\" \/>\n<link rel=\"canonical\" href=\"https:\/\/visitslavoniabaranja.com\/planiraj-putovanje\/smjestaj\/podravlje\/\" \/>\n<meta property=\"og:locale\" content=\"de_DE\" \/>\n<meta property=\"og:type\" content=\"article\" \/>\n<meta property=\"og:title\" content=\"Podravlje - Turisti\u010dka zajednica Osje\u010dko-baranjske \u017eupanije\" \/>\n<meta property=\"og:description\" content=\"Hotel Villa Valpovo Adresa:Bana Josipa Jela\u010di\u0107a 131550 Valpovo Kontakt:+385 31 651 960+385 31 654 600hotel.villa.valpovo@gmail.comwww.villa-valpovo.hr Valpova\u010dki dvori Adresa:Matije Gupca 9531550 Valpovo Kontakt:+385 98 722 234valpovacki.dvori@gmail.comsobe-valpovo.com Guest House Business Club Adresa:Sun\u010dana 2631550 Valpovo Kontakt:+385 98 722 234www.booking.com\/hotel\/hr\/apartman-sobe-business.hr.htmlmsvalpovo.wixsite.com\/ms-valpovo M&amp;S preno\u0107i\u0161te Valpovo Adresa:Trg kralja Tomislava 631550 Valpovo Kontakt:+385 31 652 066+385 99 7437 449prenociste.ms@gmail.commsvalpovo.wixsite.com\/ms-valpovo Sobe za iznajmljivanje \u201c\u010cI\u010cAK\u201d [&hellip;]\" \/>\n<meta property=\"og:url\" content=\"https:\/\/visitslavoniabaranja.com\/planiraj-putovanje\/smjestaj\/podravlje\/\" \/>\n<meta property=\"og:site_name\" content=\"Turisti\u010dka zajednica Osje\u010dko-baranjske \u017eupanije\" \/>\n<meta property=\"article:modified_time\" content=\"2022-06-17T13:28:32+00:00\" \/>\n<meta property=\"og:image\" content=\"https:\/\/visitslavoniabaranja.com\/wp-content\/uploads\/2022\/06\/Palaca-Gutmann-Marko-Banic-600x400-1.jpg\" \/>\n\t<meta property=\"og:image:width\" content=\"600\" \/>\n\t<meta property=\"og:image:height\" content=\"400\" \/>\n\t<meta property=\"og:image:type\" content=\"image\/jpeg\" \/>\n<meta name=\"twitter:card\" content=\"summary_large_image\" \/>\n<meta name=\"twitter:label1\" content=\"Gesch\u00e4tzte Lesezeit\" \/>\n\t<meta name=\"twitter:data1\" content=\"2\u00a0Minuten\" \/>\n<script type=\"application\/ld+json\" class=\"yoast-schema-graph\">{\"@context\":\"https:\/\/schema.org\",\"@graph\":[{\"@type\":\"WebPage\",\"@id\":\"https:\/\/visitslavoniabaranja.com\/planiraj-putovanje\/smjestaj\/podravlje\/\",\"url\":\"https:\/\/visitslavoniabaranja.com\/planiraj-putovanje\/smjestaj\/podravlje\/\",\"name\":\"Podravlje - Turisti\u010dka zajednica Osje\u010dko-baranjske \u017eupanije\",\"isPartOf\":{\"@id\":\"https:\/\/visitslavoniabaranja.com\/#website\"},\"primaryImageOfPage\":{\"@id\":\"https:\/\/visitslavoniabaranja.com\/planiraj-putovanje\/smjestaj\/podravlje\/#primaryimage\"},\"image\":{\"@id\":\"https:\/\/visitslavoniabaranja.com\/planiraj-putovanje\/smjestaj\/podravlje\/#primaryimage\"},\"thumbnailUrl\":\"https:\/\/visitslavoniabaranja.com\/wp-content\/uploads\/2022\/06\/Palaca-Gutmann-Marko-Banic-600x400-1.jpg\",\"datePublished\":\"2022-06-17T13:23:05+00:00\",\"dateModified\":\"2022-06-17T13:28:32+00:00\",\"breadcrumb\":{\"@id\":\"https:\/\/visitslavoniabaranja.com\/planiraj-putovanje\/smjestaj\/podravlje\/#breadcrumb\"},\"inLanguage\":\"de\",\"potentialAction\":[{\"@type\":\"ReadAction\",\"target\":[\"https:\/\/visitslavoniabaranja.com\/planiraj-putovanje\/smjestaj\/podravlje\/\"]}]},{\"@type\":\"ImageObject\",\"inLanguage\":\"de\",\"@id\":\"https:\/\/visitslavoniabaranja.com\/planiraj-putovanje\/smjestaj\/podravlje\/#primaryimage\",\"url\":\"https:\/\/visitslavoniabaranja.com\/wp-content\/uploads\/2022\/06\/Palaca-Gutmann-Marko-Banic-600x400-1.jpg\",\"contentUrl\":\"https:\/\/visitslavoniabaranja.com\/wp-content\/uploads\/2022\/06\/Palaca-Gutmann-Marko-Banic-600x400-1.jpg\",\"width\":600,\"height\":400},{\"@type\":\"BreadcrumbList\",\"@id\":\"https:\/\/visitslavoniabaranja.com\/planiraj-putovanje\/smjestaj\/podravlje\/#breadcrumb\",\"itemListElement\":[{\"@type\":\"ListItem\",\"position\":1,\"name\":\"Po\u010detna stranica\",\"item\":\"https:\/\/visitslavoniabaranja.com\/de\/\"},{\"@type\":\"ListItem\",\"position\":2,\"name\":\"Planiraj putovanje\",\"item\":\"https:\/\/visitslavoniabaranja.com\/planiraj-putovanje\/\"},{\"@type\":\"ListItem\",\"position\":3,\"name\":\"Smje\u0161taj\",\"item\":\"https:\/\/visitslavoniabaranja.com\/planiraj-putovanje\/smjestaj\/\"},{\"@type\":\"ListItem\",\"position\":4,\"name\":\"Podravlje\"}]},{\"@type\":\"WebSite\",\"@id\":\"https:\/\/visitslavoniabaranja.com\/#website\",\"url\":\"https:\/\/visitslavoniabaranja.com\/\",\"name\":\"Turisti\u010dka zajednica Osje\u010dko-baranjske \u017eupanije\",\"description\":\"\",\"potentialAction\":[{\"@type\":\"SearchAction\",\"target\":{\"@type\":\"EntryPoint\",\"urlTemplate\":\"https:\/\/visitslavoniabaranja.com\/?s={search_term_string}\"},\"query-input\":{\"@type\":\"PropertyValueSpecification\",\"valueRequired\":true,\"valueName\":\"search_term_string\"}}],\"inLanguage\":\"de\"}]}<\/script>\n<!-- \/ Yoast SEO plugin. -->","yoast_head_json":{"title":"Podravlje - Turisti\u010dka zajednica Osje\u010dko-baranjske \u017eupanije","robots":{"index":"index","follow":"follow","max-snippet":"max-snippet:-1","max-image-preview":"max-image-preview:large","max-video-preview":"max-video-preview:-1"},"canonical":"https:\/\/visitslavoniabaranja.com\/planiraj-putovanje\/smjestaj\/podravlje\/","og_locale":"de_DE","og_type":"article","og_title":"Podravlje - Turisti\u010dka zajednica Osje\u010dko-baranjske \u017eupanije","og_description":"Hotel Villa Valpovo Adresa:Bana Josipa Jela\u010di\u0107a 131550 Valpovo Kontakt:+385 31 651 960+385 31 654 600hotel.villa.valpovo@gmail.comwww.villa-valpovo.hr Valpova\u010dki dvori Adresa:Matije Gupca 9531550 Valpovo Kontakt:+385 98 722 234valpovacki.dvori@gmail.comsobe-valpovo.com Guest House Business Club Adresa:Sun\u010dana 2631550 Valpovo Kontakt:+385 98 722 234www.booking.com\/hotel\/hr\/apartman-sobe-business.hr.htmlmsvalpovo.wixsite.com\/ms-valpovo M&amp;S preno\u0107i\u0161te Valpovo Adresa:Trg kralja Tomislava 631550 Valpovo Kontakt:+385 31 652 066+385 99 7437 449prenociste.ms@gmail.commsvalpovo.wixsite.com\/ms-valpovo Sobe za iznajmljivanje \u201c\u010cI\u010cAK\u201d [&hellip;]","og_url":"https:\/\/visitslavoniabaranja.com\/planiraj-putovanje\/smjestaj\/podravlje\/","og_site_name":"Turisti\u010dka zajednica Osje\u010dko-baranjske \u017eupanije","article_modified_time":"2022-06-17T13:28:32+00:00","og_image":[{"width":600,"height":400,"url":"https:\/\/visitslavoniabaranja.com\/wp-content\/uploads\/2022\/06\/Palaca-Gutmann-Marko-Banic-600x400-1.jpg","type":"image\/jpeg"}],"twitter_card":"summary_large_image","twitter_misc":{"Gesch\u00e4tzte Lesezeit":"2\u00a0Minuten"},"schema":{"@context":"https:\/\/schema.org","@graph":[{"@type":"WebPage","@id":"https:\/\/visitslavoniabaranja.com\/planiraj-putovanje\/smjestaj\/podravlje\/","url":"https:\/\/visitslavoniabaranja.com\/planiraj-putovanje\/smjestaj\/podravlje\/","name":"Podravlje - Turisti\u010dka zajednica Osje\u010dko-baranjske \u017eupanije","isPartOf":{"@id":"https:\/\/visitslavoniabaranja.com\/#website"},"primaryImageOfPage":{"@id":"https:\/\/visitslavoniabaranja.com\/planiraj-putovanje\/smjestaj\/podravlje\/#primaryimage"},"image":{"@id":"https:\/\/visitslavoniabaranja.com\/planiraj-putovanje\/smjestaj\/podravlje\/#primaryimage"},"thumbnailUrl":"https:\/\/visitslavoniabaranja.com\/wp-content\/uploads\/2022\/06\/Palaca-Gutmann-Marko-Banic-600x400-1.jpg","datePublished":"2022-06-17T13:23:05+00:00","dateModified":"2022-06-17T13:28:32+00:00","breadcrumb":{"@id":"https:\/\/visitslavoniabaranja.com\/planiraj-putovanje\/smjestaj\/podravlje\/#breadcrumb"},"inLanguage":"de","potentialAction":[{"@type":"ReadAction","target":["https:\/\/visitslavoniabaranja.com\/planiraj-putovanje\/smjestaj\/podravlje\/"]}]},{"@type":"ImageObject","inLanguage":"de","@id":"https:\/\/visitslavoniabaranja.com\/planiraj-putovanje\/smjestaj\/podravlje\/#primaryimage","url":"https:\/\/visitslavoniabaranja.com\/wp-content\/uploads\/2022\/06\/Palaca-Gutmann-Marko-Banic-600x400-1.jpg","contentUrl":"https:\/\/visitslavoniabaranja.com\/wp-content\/uploads\/2022\/06\/Palaca-Gutmann-Marko-Banic-600x400-1.jpg","width":600,"height":400},{"@type":"BreadcrumbList","@id":"https:\/\/visitslavoniabaranja.com\/planiraj-putovanje\/smjestaj\/podravlje\/#breadcrumb","itemListElement":[{"@type":"ListItem","position":1,"name":"Po\u010detna stranica","item":"https:\/\/visitslavoniabaranja.com\/de\/"},{"@type":"ListItem","position":2,"name":"Planiraj putovanje","item":"https:\/\/visitslavoniabaranja.com\/planiraj-putovanje\/"},{"@type":"ListItem","position":3,"name":"Smje\u0161taj","item":"https:\/\/visitslavoniabaranja.com\/planiraj-putovanje\/smjestaj\/"},{"@type":"ListItem","position":4,"name":"Podravlje"}]},{"@type":"WebSite","@id":"https:\/\/visitslavoniabaranja.com\/#website","url":"https:\/\/visitslavoniabaranja.com\/","name":"Turisti\u010dka zajednica Osje\u010dko-baranjske \u017eupanije","description":"","potentialAction":[{"@type":"SearchAction","target":{"@type":"EntryPoint","urlTemplate":"https:\/\/visitslavoniabaranja.com\/?s={search_term_string}"},"query-input":{"@type":"PropertyValueSpecification","valueRequired":true,"valueName":"search_term_string"}}],"inLanguage":"de"}]}},"_links":{"self":[{"href":"https:\/\/visitslavoniabaranja.com\/de\/wp-json\/wp\/v2\/pages\/1802","targetHints":{"allow":["GET"]}}],"collection":[{"href":"https:\/\/visitslavoniabaranja.com\/de\/wp-json\/wp\/v2\/pages"}],"about":[{"href":"https:\/\/visitslavoniabaranja.com\/de\/wp-json\/wp\/v2\/types\/page"}],"author":[{"embeddable":true,"href":"https:\/\/visitslavoniabaranja.com\/de\/wp-json\/wp\/v2\/users\/1"}],"replies":[{"embeddable":true,"href":"https:\/\/visitslavoniabaranja.com\/de\/wp-json\/wp\/v2\/comments?post=1802"}],"version-history":[{"count":2,"href":"https:\/\/visitslavoniabaranja.com\/de\/wp-json\/wp\/v2\/pages\/1802\/revisions"}],"predecessor-version":[{"id":1831,"href":"https:\/\/visitslavoniabaranja.com\/de\/wp-json\/wp\/v2\/pages\/1802\/revisions\/1831"}],"up":[{"embeddable":true,"href":"https:\/\/visitslavoniabaranja.com\/de\/wp-json\/wp\/v2\/pages\/1780"}],"wp:featuredmedia":[{"embeddable":true,"href":"https:\/\/visitslavoniabaranja.com\/de\/wp-json\/wp\/v2\/media\/1815"}],"wp:attachment":[{"href":"https:\/\/visitslavoniabaranja.com\/de\/wp-json\/wp\/v2\/media?parent=1802"}],"curies":[{"name":"wp","href":"https:\/\/api.w.org\/{rel}","templated":true}]}}