
{"id":10769,"date":"2024-06-27T11:31:16","date_gmt":"2024-06-27T09:31:16","guid":{"rendered":"https:\/\/visitslavoniabaranja.com\/magazin-via-slawonien-und-baranja\/"},"modified":"2025-11-27T10:45:00","modified_gmt":"2025-11-27T09:45:00","slug":"magazin-via-slawonien-und-baranja","status":"publish","type":"page","link":"https:\/\/visitslavoniabaranja.com\/de\/magazin-via-slawonien-und-baranja\/","title":{"rendered":"Magazin &#8222;Via Slawonien und Baranja&#8220;"},"content":{"rendered":"\n<p>Bl\u00e4ttern Sie durch unser Magazin und lassen Sie sich inspirieren, die Gespanschaft Osijek-Baranja, Ostslawonien und die Baranja zu besuchen.<\/p>\n\n\n\n<figure class=\"wp-block-image size-large\"><a href=\"https:\/\/visitslavoniabaranja.com\/wp-content\/uploads\/2025\/11\/Via-Slavonia-Baranja-November-2025.pdf\" target=\"_blank\" rel=\" noreferrer noopener\"><img loading=\"lazy\" decoding=\"async\" width=\"763\" height=\"1024\" src=\"https:\/\/visitslavoniabaranja.com\/wp-content\/uploads\/2025\/11\/Via-Slavonija-i-Baranja-br-4-studeni-2025-naslovnica-EN-763x1024.jpg\" alt=\"\" class=\"wp-image-17115\" srcset=\"https:\/\/visitslavoniabaranja.com\/wp-content\/uploads\/2025\/11\/Via-Slavonija-i-Baranja-br-4-studeni-2025-naslovnica-EN-763x1024.jpg 763w, https:\/\/visitslavoniabaranja.com\/wp-content\/uploads\/2025\/11\/Via-Slavonija-i-Baranja-br-4-studeni-2025-naslovnica-EN-328x440.jpg 328w, https:\/\/visitslavoniabaranja.com\/wp-content\/uploads\/2025\/11\/Via-Slavonija-i-Baranja-br-4-studeni-2025-naslovnica-EN-768x1031.jpg 768w, https:\/\/visitslavoniabaranja.com\/wp-content\/uploads\/2025\/11\/Via-Slavonija-i-Baranja-br-4-studeni-2025-naslovnica-EN-1145x1536.jpg 1145w, https:\/\/visitslavoniabaranja.com\/wp-content\/uploads\/2025\/11\/Via-Slavonija-i-Baranja-br-4-studeni-2025-naslovnica-EN.jpg 1211w\" sizes=\"auto, (max-width: 763px) 100vw, 763px\" \/><\/a><\/figure>\n\n\n\n<p>Nummer 4. <a href=\"https:\/\/visitslavoniabaranja.com\/wp-content\/uploads\/2025\/11\/Via-Slavonia-Baranja-November-2025.pdf\" target=\"_blank\" rel=\"noreferrer noopener\">Via Slawonien und Baranja &#8211; November 2025<\/a><\/p>\n\n\n\n<p>Nummer 3. <a href=\"https:\/\/visitslavoniabaranja.com\/wp-content\/uploads\/2025\/05\/Via-Slavonia-Baranja-May-2025.pdf\" target=\"_blank\" rel=\"noreferrer noopener\">Via Slawonien und Baranja &#8211; Mai 2025<\/a><\/p>\n\n\n\n<p>Nummer 2. <a href=\"https:\/\/visitslavoniabaranja.com\/wp-content\/uploads\/2024\/12\/TZOBZ_Via02-EN_web.pdf\" target=\"_blank\" rel=\"noreferrer noopener\">Via Slawonien und Baranja &#8211; Dezember 2024<\/a><a href=\"https:\/\/visitslavoniabaranja.com\/wp-content\/uploads\/2024\/06\/Via-Slavonija-i-Baranja-casopis-Hrvatski-1-broj.pdf\" target=\"_blank\" rel=\"noreferrer noopener\"><\/a><\/p>\n\n\n\n<p>Nummer 1. <a href=\"https:\/\/visitslavoniabaranja.com\/wp-content\/uploads\/2024\/06\/Via-Slavonia-Baranja-magazine-English-1-edition.pdf\" target=\"_blank\" rel=\"noreferrer noopener\">Via Slawonien und Baranja &#8211; Juni 2024<\/a><\/p>\n","protected":false},"excerpt":{"rendered":"<p>Bl\u00e4ttern Sie durch unser Magazin und lassen Sie sich inspirieren, die Gespanschaft Osijek-Baranja, Ostslawonien und die Baranja zu besuchen. Nummer 4. Via Slawonien und Baranja &#8211; November 2025 Nummer 3. Via Slawonien und Baranja &#8211; Mai 2025 Nummer 2. Via Slawonien und Baranja &#8211; Dezember 2024 Nummer 1. Via Slawonien und Baranja &#8211; Juni 2024<\/p>\n","protected":false},"author":1,"featured_media":17105,"parent":0,"menu_order":0,"comment_status":"closed","ping_status":"closed","template":"page-additional.php","meta":{"footnotes":""},"class_list":["post-10769","page","type-page","status-publish","has-post-thumbnail","hentry"],"acf":[],"yoast_head":"<!-- This site is optimized with the Yoast SEO plugin v25.0 - https:\/\/yoast.com\/wordpress\/plugins\/seo\/ -->\n<title>Magazin &quot;Via Slawonien und Baranja&quot; - Turisti\u010dka zajednica Osje\u010dko-baranjske \u017eupanije<\/title>\n<meta name=\"robots\" content=\"index, follow, max-snippet:-1, max-image-preview:large, max-video-preview:-1\" \/>\n<link rel=\"canonical\" href=\"https:\/\/visitslavoniabaranja.com\/de\/magazin-via-slawonien-und-baranja\/\" \/>\n<meta property=\"og:locale\" content=\"de_DE\" \/>\n<meta property=\"og:type\" content=\"article\" \/>\n<meta property=\"og:title\" content=\"Magazin &quot;Via Slawonien und Baranja&quot; - Turisti\u010dka zajednica Osje\u010dko-baranjske \u017eupanije\" \/>\n<meta property=\"og:description\" content=\"Bl\u00e4ttern Sie durch unser Magazin und lassen Sie sich inspirieren, die Gespanschaft Osijek-Baranja, Ostslawonien und die Baranja zu besuchen. Nummer 4. Via Slawonien und Baranja &#8211; November 2025 Nummer 3. Via Slawonien und Baranja &#8211; Mai 2025 Nummer 2. Via Slawonien und Baranja &#8211; Dezember 2024 Nummer 1. Via Slawonien und Baranja &#8211; Juni 2024\" \/>\n<meta property=\"og:url\" content=\"https:\/\/visitslavoniabaranja.com\/de\/magazin-via-slawonien-und-baranja\/\" \/>\n<meta property=\"og:site_name\" content=\"Turisti\u010dka zajednica Osje\u010dko-baranjske \u017eupanije\" \/>\n<meta property=\"article:modified_time\" content=\"2025-11-27T09:45:00+00:00\" \/>\n<meta property=\"og:image\" content=\"https:\/\/visitslavoniabaranja.com\/wp-content\/uploads\/2025\/11\/Via-Slavonija-i-Baranja-br-4-studeni-2025-naslovnica-HR.jpg\" \/>\n\t<meta property=\"og:image:width\" content=\"1211\" \/>\n\t<meta property=\"og:image:height\" content=\"1625\" \/>\n\t<meta property=\"og:image:type\" content=\"image\/jpeg\" \/>\n<meta name=\"twitter:card\" content=\"summary_large_image\" \/>\n<script type=\"application\/ld+json\" class=\"yoast-schema-graph\">{\"@context\":\"https:\/\/schema.org\",\"@graph\":[{\"@type\":\"WebPage\",\"@id\":\"https:\/\/visitslavoniabaranja.com\/de\/magazin-via-slawonien-und-baranja\/\",\"url\":\"https:\/\/visitslavoniabaranja.com\/de\/magazin-via-slawonien-und-baranja\/\",\"name\":\"Magazin \\\"Via Slawonien und Baranja\\\" - Turisti\u010dka zajednica Osje\u010dko-baranjske \u017eupanije\",\"isPartOf\":{\"@id\":\"https:\/\/visitslavoniabaranja.com\/#website\"},\"primaryImageOfPage\":{\"@id\":\"https:\/\/visitslavoniabaranja.com\/de\/magazin-via-slawonien-und-baranja\/#primaryimage\"},\"image\":{\"@id\":\"https:\/\/visitslavoniabaranja.com\/de\/magazin-via-slawonien-und-baranja\/#primaryimage\"},\"thumbnailUrl\":\"https:\/\/visitslavoniabaranja.com\/wp-content\/uploads\/2025\/11\/Via-Slavonija-i-Baranja-br-4-studeni-2025-naslovnica-HR.jpg\",\"datePublished\":\"2024-06-27T09:31:16+00:00\",\"dateModified\":\"2025-11-27T09:45:00+00:00\",\"breadcrumb\":{\"@id\":\"https:\/\/visitslavoniabaranja.com\/de\/magazin-via-slawonien-und-baranja\/#breadcrumb\"},\"inLanguage\":\"de\",\"potentialAction\":[{\"@type\":\"ReadAction\",\"target\":[\"https:\/\/visitslavoniabaranja.com\/de\/magazin-via-slawonien-und-baranja\/\"]}]},{\"@type\":\"ImageObject\",\"inLanguage\":\"de\",\"@id\":\"https:\/\/visitslavoniabaranja.com\/de\/magazin-via-slawonien-und-baranja\/#primaryimage\",\"url\":\"https:\/\/visitslavoniabaranja.com\/wp-content\/uploads\/2025\/11\/Via-Slavonija-i-Baranja-br-4-studeni-2025-naslovnica-HR.jpg\",\"contentUrl\":\"https:\/\/visitslavoniabaranja.com\/wp-content\/uploads\/2025\/11\/Via-Slavonija-i-Baranja-br-4-studeni-2025-naslovnica-HR.jpg\",\"width\":1211,\"height\":1625},{\"@type\":\"BreadcrumbList\",\"@id\":\"https:\/\/visitslavoniabaranja.com\/de\/magazin-via-slawonien-und-baranja\/#breadcrumb\",\"itemListElement\":[{\"@type\":\"ListItem\",\"position\":1,\"name\":\"Po\u010detna stranica\",\"item\":\"https:\/\/visitslavoniabaranja.com\/de\/\"},{\"@type\":\"ListItem\",\"position\":2,\"name\":\"Magazin &#8220;Via Slawonien und Baranja&#8221;\"}]},{\"@type\":\"WebSite\",\"@id\":\"https:\/\/visitslavoniabaranja.com\/#website\",\"url\":\"https:\/\/visitslavoniabaranja.com\/\",\"name\":\"Turisti\u010dka zajednica Osje\u010dko-baranjske \u017eupanije\",\"description\":\"\",\"potentialAction\":[{\"@type\":\"SearchAction\",\"target\":{\"@type\":\"EntryPoint\",\"urlTemplate\":\"https:\/\/visitslavoniabaranja.com\/?s={search_term_string}\"},\"query-input\":{\"@type\":\"PropertyValueSpecification\",\"valueRequired\":true,\"valueName\":\"search_term_string\"}}],\"inLanguage\":\"de\"}]}<\/script>\n<!-- \/ Yoast SEO plugin. -->","yoast_head_json":{"title":"Magazin \"Via Slawonien und Baranja\" - Turisti\u010dka zajednica Osje\u010dko-baranjske \u017eupanije","robots":{"index":"index","follow":"follow","max-snippet":"max-snippet:-1","max-image-preview":"max-image-preview:large","max-video-preview":"max-video-preview:-1"},"canonical":"https:\/\/visitslavoniabaranja.com\/de\/magazin-via-slawonien-und-baranja\/","og_locale":"de_DE","og_type":"article","og_title":"Magazin \"Via Slawonien und Baranja\" - Turisti\u010dka zajednica Osje\u010dko-baranjske \u017eupanije","og_description":"Bl\u00e4ttern Sie durch unser Magazin und lassen Sie sich inspirieren, die Gespanschaft Osijek-Baranja, Ostslawonien und die Baranja zu besuchen. Nummer 4. Via Slawonien und Baranja &#8211; November 2025 Nummer 3. Via Slawonien und Baranja &#8211; Mai 2025 Nummer 2. Via Slawonien und Baranja &#8211; Dezember 2024 Nummer 1. Via Slawonien und Baranja &#8211; Juni 2024","og_url":"https:\/\/visitslavoniabaranja.com\/de\/magazin-via-slawonien-und-baranja\/","og_site_name":"Turisti\u010dka zajednica Osje\u010dko-baranjske \u017eupanije","article_modified_time":"2025-11-27T09:45:00+00:00","og_image":[{"width":1211,"height":1625,"url":"https:\/\/visitslavoniabaranja.com\/wp-content\/uploads\/2025\/11\/Via-Slavonija-i-Baranja-br-4-studeni-2025-naslovnica-HR.jpg","type":"image\/jpeg"}],"twitter_card":"summary_large_image","schema":{"@context":"https:\/\/schema.org","@graph":[{"@type":"WebPage","@id":"https:\/\/visitslavoniabaranja.com\/de\/magazin-via-slawonien-und-baranja\/","url":"https:\/\/visitslavoniabaranja.com\/de\/magazin-via-slawonien-und-baranja\/","name":"Magazin \"Via Slawonien und Baranja\" - Turisti\u010dka zajednica Osje\u010dko-baranjske \u017eupanije","isPartOf":{"@id":"https:\/\/visitslavoniabaranja.com\/#website"},"primaryImageOfPage":{"@id":"https:\/\/visitslavoniabaranja.com\/de\/magazin-via-slawonien-und-baranja\/#primaryimage"},"image":{"@id":"https:\/\/visitslavoniabaranja.com\/de\/magazin-via-slawonien-und-baranja\/#primaryimage"},"thumbnailUrl":"https:\/\/visitslavoniabaranja.com\/wp-content\/uploads\/2025\/11\/Via-Slavonija-i-Baranja-br-4-studeni-2025-naslovnica-HR.jpg","datePublished":"2024-06-27T09:31:16+00:00","dateModified":"2025-11-27T09:45:00+00:00","breadcrumb":{"@id":"https:\/\/visitslavoniabaranja.com\/de\/magazin-via-slawonien-und-baranja\/#breadcrumb"},"inLanguage":"de","potentialAction":[{"@type":"ReadAction","target":["https:\/\/visitslavoniabaranja.com\/de\/magazin-via-slawonien-und-baranja\/"]}]},{"@type":"ImageObject","inLanguage":"de","@id":"https:\/\/visitslavoniabaranja.com\/de\/magazin-via-slawonien-und-baranja\/#primaryimage","url":"https:\/\/visitslavoniabaranja.com\/wp-content\/uploads\/2025\/11\/Via-Slavonija-i-Baranja-br-4-studeni-2025-naslovnica-HR.jpg","contentUrl":"https:\/\/visitslavoniabaranja.com\/wp-content\/uploads\/2025\/11\/Via-Slavonija-i-Baranja-br-4-studeni-2025-naslovnica-HR.jpg","width":1211,"height":1625},{"@type":"BreadcrumbList","@id":"https:\/\/visitslavoniabaranja.com\/de\/magazin-via-slawonien-und-baranja\/#breadcrumb","itemListElement":[{"@type":"ListItem","position":1,"name":"Po\u010detna stranica","item":"https:\/\/visitslavoniabaranja.com\/de\/"},{"@type":"ListItem","position":2,"name":"Magazin &#8220;Via Slawonien und Baranja&#8221;"}]},{"@type":"WebSite","@id":"https:\/\/visitslavoniabaranja.com\/#website","url":"https:\/\/visitslavoniabaranja.com\/","name":"Turisti\u010dka zajednica Osje\u010dko-baranjske \u017eupanije","description":"","potentialAction":[{"@type":"SearchAction","target":{"@type":"EntryPoint","urlTemplate":"https:\/\/visitslavoniabaranja.com\/?s={search_term_string}"},"query-input":{"@type":"PropertyValueSpecification","valueRequired":true,"valueName":"search_term_string"}}],"inLanguage":"de"}]}},"_links":{"self":[{"href":"https:\/\/visitslavoniabaranja.com\/de\/wp-json\/wp\/v2\/pages\/10769","targetHints":{"allow":["GET"]}}],"collection":[{"href":"https:\/\/visitslavoniabaranja.com\/de\/wp-json\/wp\/v2\/pages"}],"about":[{"href":"https:\/\/visitslavoniabaranja.com\/de\/wp-json\/wp\/v2\/types\/page"}],"author":[{"embeddable":true,"href":"https:\/\/visitslavoniabaranja.com\/de\/wp-json\/wp\/v2\/users\/1"}],"replies":[{"embeddable":true,"href":"https:\/\/visitslavoniabaranja.com\/de\/wp-json\/wp\/v2\/comments?post=10769"}],"version-history":[{"count":8,"href":"https:\/\/visitslavoniabaranja.com\/de\/wp-json\/wp\/v2\/pages\/10769\/revisions"}],"predecessor-version":[{"id":17119,"href":"https:\/\/visitslavoniabaranja.com\/de\/wp-json\/wp\/v2\/pages\/10769\/revisions\/17119"}],"wp:featuredmedia":[{"embeddable":true,"href":"https:\/\/visitslavoniabaranja.com\/de\/wp-json\/wp\/v2\/media\/17105"}],"wp:attachment":[{"href":"https:\/\/visitslavoniabaranja.com\/de\/wp-json\/wp\/v2\/media?parent=10769"}],"curies":[{"name":"wp","href":"https:\/\/api.w.org\/{rel}","templated":true}]}}